{"id":593,"date":"2023-07-18T16:30:09","date_gmt":"2023-07-18T19:30:09","guid":{"rendered":"https:\/\/portal.uern.br\/patu\/matematica\/?page_id=593"},"modified":"2025-04-29T14:43:22","modified_gmt":"2025-04-29T17:43:22","slug":"monografia","status":"publish","type":"page","link":"https:\/\/portal.uern.br\/patu\/matematica\/monografia\/","title":{"rendered":"Monografia"},"content":{"rendered":"<p>O discente, no \u00faltimo per\u00edodo, dever\u00e1 apresentar um Trabalho de Conclus\u00e3o de Curso (TCC) de car\u00e1ter obrigat\u00f3rio. O discente poder\u00e1 optar por uma das duas modalidades, a saber: Monografia ou Artigo Cient\u00edfico.<\/p>\n<p>Para ambos os casos, este Projeto Pedag\u00f3gico, prev\u00ea a elabora\u00e7\u00e3o de um pr\u00e9-projeto no componente curricular Pesquisa Aplicada \u00e0 Matem\u00e1tica, ofertado no oitavo per\u00edodo do curso, com o objetivo de introduzir o trabalho final a ser apresentado no componente curricular de Trabalho de Conclus\u00e3o de Curso.<\/p>\n<p>&nbsp;<\/p>\n","protected":false},"excerpt":{"rendered":"<p>O discente, no \u00faltimo per\u00edodo, dever\u00e1 apresentar um Trabalho de Conclus\u00e3o de Curso (TCC) de car\u00e1ter obrigat\u00f3rio. O discente poder\u00e1 optar por uma das duas modalidades, a saber: Monografia ou Artigo Cient\u00edfico. Para ambos os casos, este Projeto Pedag\u00f3gico, prev\u00ea a elabora\u00e7\u00e3o de um pr\u00e9-projeto no componente curricular Pesquisa Aplicada \u00e0 Matem\u00e1tica, ofertado no oitavo [&hellip;]<\/p>\n","protected":false},"author":1,"featured_media":0,"parent":0,"menu_order":0,"comment_status":"closed","ping_status":"closed","template":"","meta":{"footnotes":""},"class_list":["post-593","page","type-page","status-publish","hentry"],"_links":{"self":[{"href":"https:\/\/portal.uern.br\/patu\/matematica\/wp-json\/wp\/v2\/pages\/593","targetHints":{"allow":["GET"]}}],"collection":[{"href":"https:\/\/portal.uern.br\/patu\/matematica\/wp-json\/wp\/v2\/pages"}],"about":[{"href":"https:\/\/portal.uern.br\/patu\/matematica\/wp-json\/wp\/v2\/types\/page"}],"author":[{"embeddable":true,"href":"https:\/\/portal.uern.br\/patu\/matematica\/wp-json\/wp\/v2\/users\/1"}],"replies":[{"embeddable":true,"href":"https:\/\/portal.uern.br\/patu\/matematica\/wp-json\/wp\/v2\/comments?post=593"}],"version-history":[{"count":4,"href":"https:\/\/portal.uern.br\/patu\/matematica\/wp-json\/wp\/v2\/pages\/593\/revisions"}],"predecessor-version":[{"id":959,"href":"https:\/\/portal.uern.br\/patu\/matematica\/wp-json\/wp\/v2\/pages\/593\/revisions\/959"}],"wp:attachment":[{"href":"https:\/\/portal.uern.br\/patu\/matematica\/wp-json\/wp\/v2\/media?parent=593"}],"curies":[{"name":"wp","href":"https:\/\/api.w.org\/{rel}","templated":true}]}}