{"id":589,"date":"2023-07-18T16:28:43","date_gmt":"2023-07-18T19:28:43","guid":{"rendered":"https:\/\/portal.uern.br\/patu\/matematica\/?page_id=589"},"modified":"2023-07-18T16:28:43","modified_gmt":"2023-07-18T19:28:43","slug":"atividades-complementares","status":"publish","type":"page","link":"https:\/\/portal.uern.br\/patu\/matematica\/atividades-complementares\/","title":{"rendered":"Atividades Complementares"},"content":{"rendered":"<p>Algumas a\u00e7\u00f5es ser\u00e3o desenvolvidas como atividades complementares \u00e0 forma\u00e7\u00e3o do licenciado em matem\u00e1tica, incentivando a postura de estudioso e pesquisador. Com 200 (duzentas) horas destinadas \u00e0s atividades complementares, as mesmas ser\u00e3o computadas para fins de integraliza\u00e7\u00e3o curricular. O aproveitamento das atividades complementares ser\u00e1 feito pela Plen\u00e1ria Departamental do Curso de Matem\u00e1tica, mediante a devida comprova\u00e7\u00e3o.<\/p>\n<p>Estas atividades e suas respectivas pontua\u00e7\u00f5es est\u00e3o relacionadas no quadro abaixo:<\/p>\n<p>Pontua\u00e7\u00e3o de Atividades de doc\u00eancia<\/p>\n<table cellspacing=\"0\" cellpadding=\"7\">\n<tbody>\n<tr>\n<td><strong>I \u2013 Atividade de doc\u00eancia<\/strong><\/td>\n<\/tr>\n<tr>\n<td><strong>Natureza<\/strong><\/td>\n<td><strong>Carga hor\u00e1ria<\/strong><\/td>\n<td><strong>Requisito para a atribui\u00e7\u00e3o da carga hor\u00e1ria<\/strong><\/td>\n<\/tr>\n<tr>\n<td>Participa\u00e7\u00e3o do aluno no Programa Institucional de Monitoria (PIM) como bolsista ou volunt\u00e1rio.<\/td>\n<td>At\u00e9 60h (20h por projeto)<\/td>\n<td>Declara\u00e7\u00e3o ou certificado<\/td>\n<\/tr>\n<tr>\n<td>Participa\u00e7\u00e3o do aluno no Programa de Institucional de Bolsa de Inicia\u00e7\u00e3o \u00e0 Doc\u00eancia (PIBID) como bolsista ou volunt\u00e1rio.<\/td>\n<td>At\u00e9 60h (20h por projeto)<\/td>\n<td>Declara\u00e7\u00e3o ou certificado<\/td>\n<\/tr>\n<tr>\n<td>Participa\u00e7\u00e3o do aluno em Projetos de Ensino.<\/td>\n<td>At\u00e9 60h (20h por projeto)<\/td>\n<td>Declara\u00e7\u00e3o ou certificado<\/td>\n<\/tr>\n<tr>\n<td>Est\u00e1gio profissional em institui\u00e7\u00f5es p\u00fablicas, privadas e n\u00e3o-governamentais.<\/td>\n<td>&#8211; Na \u00e1rea de matem\u00e1tica, at\u00e9 120h (60h por semestre);<\/p>\n<p>&#8211; Em outras \u00e1reas do ensino, at\u00e9 60h (30 por semestre.<\/td>\n<td>Declara\u00e7\u00e3o ou Certificado<\/td>\n<\/tr>\n<tr>\n<td>Est\u00e1gio n\u00e3o obrigat\u00f3rio em escolas p\u00fablicas ou privadas<\/td>\n<td>Na \u00e1rea de Matem\u00e1tica at\u00e9 120h.<\/td>\n<td>Declara\u00e7\u00e3o ou Certificado<\/td>\n<\/tr>\n<\/tbody>\n<\/table>\n<p>Pontua\u00e7\u00e3o de atividades de pesquisa<\/p>\n<table cellspacing=\"0\" cellpadding=\"7\">\n<colgroup>\n<col width=\"189\" \/>\n<col width=\"190\" \/>\n<col width=\"189\" \/><\/colgroup>\n<tbody>\n<tr>\n<td><strong>II &#8211; Atividade de pesquisa<\/strong><\/td>\n<\/tr>\n<tr>\n<td><strong>Natureza<\/strong><\/td>\n<td><strong>Carga hor\u00e1ria<\/strong><\/td>\n<td><strong>Requisito para a atribui\u00e7\u00e3o da carga hor\u00e1ria<\/strong><\/td>\n<\/tr>\n<tr>\n<td>Participa\u00e7\u00e3o em projetos de pesquisa como bolsista ou volunt\u00e1rio.<\/td>\n<td>At\u00e9 60h (20h por projeto).<\/td>\n<td>Declara\u00e7\u00e3o ou Certificado<\/td>\n<\/tr>\n<tr>\n<td>Participa\u00e7\u00e3o de atividades de Grupo de Pesquisa.<\/td>\n<td>At\u00e9 2 grupos (10 horas)<\/td>\n<td>Certificado ou declara\u00e7\u00e3o<\/td>\n<\/tr>\n<tr>\n<td>Publica\u00e7\u00e3o de artigos em peri\u00f3dicos ou cap\u00edtulo de livros.<\/td>\n<td>At\u00e9 02 publica\u00e7\u00f5es por categoria:<\/p>\n<p>Revista cient\u00edfica: 30h<\/p>\n<p>Cap\u00edtulo de livro: 50h<\/td>\n<td>C\u00f3pia da primeira p\u00e1gina do artigo ou cap\u00edtulo de livro<\/td>\n<\/tr>\n<\/tbody>\n<\/table>\n<p>Pontua\u00e7\u00e3o de atividades de extens\u00e3o<\/p>\n<table cellspacing=\"0\" cellpadding=\"7\">\n<colgroup>\n<col width=\"189\" \/>\n<col width=\"190\" \/>\n<col width=\"189\" \/><\/colgroup>\n<tbody>\n<tr>\n<td><strong>III &#8211; Atividade de Extens\u00e3o<\/strong><\/td>\n<\/tr>\n<tr>\n<td><strong>Natureza<\/strong><\/td>\n<td><strong>Carga hor\u00e1ria<\/strong><\/td>\n<td><strong>Requisito para a atribui\u00e7\u00e3o da carga hor\u00e1ria<\/strong><\/td>\n<\/tr>\n<tr>\n<td>Participa\u00e7\u00e3o em projetos de extens\u00e3o como bolsista ou volunt\u00e1rio.<\/td>\n<td>At\u00e9 60h (20h por projeto).<\/td>\n<td>Declara\u00e7\u00e3o ou Certificado<\/td>\n<\/tr>\n<\/tbody>\n<\/table>\n<p>Pontua\u00e7\u00e3o da produ\u00e7\u00e3o t\u00e9cnica e cient\u00edfica<\/p>\n<table cellspacing=\"0\" cellpadding=\"7\">\n<colgroup>\n<col width=\"189\" \/>\n<col width=\"190\" \/>\n<col width=\"189\" \/><\/colgroup>\n<tbody>\n<tr>\n<td><strong>IV &#8211; Produ\u00e7\u00e3o t\u00e9cnica e cient\u00edfica<\/strong><\/td>\n<\/tr>\n<tr>\n<td>Natureza<\/td>\n<td>Carga hor\u00e1ria<\/td>\n<td>Requisito para a atribui\u00e7\u00e3o da carga hor\u00e1ria<\/td>\n<\/tr>\n<tr>\n<td>Apresenta\u00e7\u00e3o de trabalho em evento cient\u00edfico (regional, nacional e internacional).<\/td>\n<td>Cada categoria de eventos.<\/p>\n<p>Regional: 20h<\/p>\n<p>Nacional: 40h<\/p>\n<p>Internacional: 60h<\/td>\n<td>Anais do evento<\/td>\n<\/tr>\n<tr>\n<td>Participa\u00e7\u00e3o em evento cient\u00edfico como ouvinte (local, regional, nacional e internacional).<\/td>\n<td>At\u00e9 05 eventos.<\/p>\n<p>Local: 4h<\/p>\n<p>Regional: 5h<\/p>\n<p>Nacional: 10h<\/p>\n<p>Internacional 15h<\/td>\n<td>Certificado de participa\u00e7\u00e3o<\/td>\n<\/tr>\n<\/tbody>\n<\/table>\n<p>Pontua\u00e7\u00e3o de outras atividades<\/p>\n<table cellspacing=\"0\" cellpadding=\"7\">\n<colgroup>\n<col width=\"189\" \/>\n<col width=\"190\" \/>\n<col width=\"189\" \/><\/colgroup>\n<tbody>\n<tr>\n<td><strong>V &#8211; Outras atividades<\/strong><\/td>\n<\/tr>\n<tr>\n<td><strong>Natureza<\/strong><\/td>\n<td><strong>Carga hor\u00e1ria<\/strong><\/td>\n<td><strong>Requisito para a atribui\u00e7\u00e3o da carga hor\u00e1ria<\/strong><\/td>\n<\/tr>\n<tr>\n<td>Participa\u00e7\u00e3o em palestras na \u00e1rea de Educa\u00e7\u00e3o e\/ou Educa\u00e7\u00e3o Matem\u00e1tica ou Matem\u00e1tica.<\/td>\n<td>At\u00e9 08 palestras (3h por palestra).<\/td>\n<td>Certificado de participa\u00e7\u00e3o.<\/td>\n<\/tr>\n<tr>\n<td>Participa\u00e7\u00e3o em cursos e\/ou minicursos na \u00e1rea de Educa\u00e7\u00e3o, Educa\u00e7\u00e3o Matem\u00e1tica ou Matem\u00e1tica.<\/td>\n<td>At\u00e9 05 minicursos.<\/p>\n<p>At\u00e9 10h (5h por curso);<\/p>\n<p>De 10h a 20h (8h por curso);<\/p>\n<p>Acima de 20h (10h por curso).<\/td>\n<td>Certificado ou declara\u00e7\u00e3o.<\/td>\n<\/tr>\n<tr>\n<td>Representa\u00e7\u00e3o em \u00f3rg\u00e3o colegiado.<\/td>\n<td>At\u00e9 02 participa\u00e7\u00f5es (10h por semestre).<\/td>\n<td>Declara\u00e7\u00e3o<\/td>\n<\/tr>\n<tr>\n<td>Participa\u00e7\u00e3o na organiza\u00e7\u00e3o, coordena\u00e7\u00e3o e\/ou execu\u00e7\u00e3o de eventos.<\/td>\n<td>At\u00e9 02 eventos (10h por evento).<\/td>\n<td>Declara\u00e7\u00e3o ou certificado.<\/td>\n<\/tr>\n<tr>\n<td>Participa\u00e7\u00e3o em cursos de forma\u00e7\u00e3o pessoal e profissional (l\u00ednguas, computa\u00e7\u00e3o, artes, m\u00fasica, etc.), cursados no \u00e2mbito da UERN e em outras Institui\u00e7\u00f5es credenciadas junto ao MEC.<\/td>\n<td>M\u00e1ximo de 30h.<\/td>\n<td>Declara\u00e7\u00e3o ou Certificado<\/td>\n<\/tr>\n<\/tbody>\n<\/table>\n","protected":false},"excerpt":{"rendered":"<p>Algumas a\u00e7\u00f5es ser\u00e3o desenvolvidas como atividades complementares \u00e0 forma\u00e7\u00e3o do licenciado em matem\u00e1tica, incentivando a postura de estudioso e pesquisador. Com 200 (duzentas) horas destinadas \u00e0s atividades complementares, as mesmas ser\u00e3o computadas para fins de integraliza\u00e7\u00e3o curricular. O aproveitamento das atividades complementares ser\u00e1 feito pela Plen\u00e1ria Departamental do Curso de Matem\u00e1tica, mediante a devida comprova\u00e7\u00e3o. [&hellip;]<\/p>\n","protected":false},"author":1,"featured_media":0,"parent":0,"menu_order":0,"comment_status":"closed","ping_status":"closed","template":"","meta":{"footnotes":""},"class_list":["post-589","page","type-page","status-publish","hentry"],"_links":{"self":[{"href":"https:\/\/portal.uern.br\/patu\/matematica\/wp-json\/wp\/v2\/pages\/589","targetHints":{"allow":["GET"]}}],"collection":[{"href":"https:\/\/portal.uern.br\/patu\/matematica\/wp-json\/wp\/v2\/pages"}],"about":[{"href":"https:\/\/portal.uern.br\/patu\/matematica\/wp-json\/wp\/v2\/types\/page"}],"author":[{"embeddable":true,"href":"https:\/\/portal.uern.br\/patu\/matematica\/wp-json\/wp\/v2\/users\/1"}],"replies":[{"embeddable":true,"href":"https:\/\/portal.uern.br\/patu\/matematica\/wp-json\/wp\/v2\/comments?post=589"}],"version-history":[{"count":1,"href":"https:\/\/portal.uern.br\/patu\/matematica\/wp-json\/wp\/v2\/pages\/589\/revisions"}],"predecessor-version":[{"id":590,"href":"https:\/\/portal.uern.br\/patu\/matematica\/wp-json\/wp\/v2\/pages\/589\/revisions\/590"}],"wp:attachment":[{"href":"https:\/\/portal.uern.br\/patu\/matematica\/wp-json\/wp\/v2\/media?parent=589"}],"curies":[{"name":"wp","href":"https:\/\/api.w.org\/{rel}","templated":true}]}}