{"id":354,"date":"2023-02-05T20:06:02","date_gmt":"2023-02-05T23:06:02","guid":{"rendered":"http:\/\/beta.apps.uern.br\/wordpress\/patu\/matematica\/?page_id=354"},"modified":"2025-05-08T18:59:54","modified_gmt":"2025-05-08T21:59:54","slug":"apresentacao","status":"publish","type":"page","link":"https:\/\/portal.uern.br\/patu\/matematica\/","title":{"rendered":"Apresenta\u00e7\u00e3o"},"content":{"rendered":"<p><strong>PERFIL DO CURSO<\/strong><\/p>\n<p><strong>IDENTIFICA\u00c7\u00c3O DO CURSO DE GRADUA\u00c7\u00c3O<\/strong><br \/>\nDenomina\u00e7\u00e3o: Licenciatura em Matem\u00e1tica<br \/>\nGrau acad\u00eamico: Licenciatura<br \/>\nModalidade: Presencial<br \/>\n\u00c1rea de Conhecimento: Ci\u00eancias Exatas e da Terra<\/p>\n<p><strong>DADOS SOBRE O CURSO<\/strong><br \/>\nCarga hor\u00e1ria total: 3965 horas<br \/>\nCarga hor\u00e1ria de componentes curriculares obrigat\u00f3rios: 3845h<br \/>\nCarga hor\u00e1ria de componentes curriculares optativos: 120h<br \/>\nTempo m\u00e9dio de integraliza\u00e7\u00e3o curricular: 4,5 anos; 9 semestres.<br \/>\nTempo m\u00e1ximo de integraliza\u00e7\u00e3o curricular: 7 anos; 14 semestres.<br \/>\nN\u00famero de vagas por semestre\/ano: 30 por semestre.<br \/>\nTurnos de funcionamento: Noturno.<\/p>\n<p><strong>CHEFE DO DEPARTAMENTO DE MATEM\u00c1TICA E ESTAT\u00cdSTICA<\/strong><\/p>\n<p>Roberto Mariano de Ara\u00fajo filho<\/p>\n<p><strong>E-mail do Departamento: <\/strong>dme_patu@uern.br<\/p>\n<p><a href=\"https:\/\/portal.uern.br\/patu\/dme\/\">P\u00e1gina do Departamento de Matem\u00e1tica e Estat\u00edstica.<\/a><\/p>\n<p><a href=\"https:\/\/portal.uern.br\/patu\/dme\/laboratorio-de-pratica-do-ensino-da-matematica-lpem\/\">P\u00e1gina do Laborat\u00f3rio de Pr\u00e1tica do Ensino da Matem\u00e1tica-LPEM.<\/a><\/p>\n<p><strong>Hist\u00f3rico do Curso de Ci\u00eancias &#8211; Habilita\u00e7\u00e3o Matem\u00e1tica<\/strong><\/p>\n<p>Na \u00e9poca da cria\u00e7\u00e3o do Campus Avan\u00e7ado de Patu, o munic\u00edpio contava com um n\u00famero reduzido de profissionais na \u00e1rea de Ci\u00eancias \u2013 Habita\u00e7\u00e3o Plena em Matem\u00e1tica. Essa car\u00eancia de profissionais qualificados na referida \u00e1rea de conhecimento, motivou a sociedade local e Munic\u00edpios vizinhos para cria\u00e7\u00e3o de um curso de Licenciatura em Ci\u00eancias \u2013 Habilita\u00e7\u00e3o Plena em Matem\u00e1tica com o intuito de suprir as necessidades locais e das adjac\u00eancias.<\/p>\n<p>O Curso de Licenciatura em Ci\u00eancias com Habilita\u00e7\u00e3o Plena em Matem\u00e1tica do Campus Avan\u00e7ado de Patu, foi criado pelo Decreto Municipal n\u00ba 178\/80 de 04\/09\/80, e seu funcionamento ocorreu a partir de 1981.<\/p>\n<p>Concretizado o projeto, em 1984, com a conclus\u00e3o da primeira turma do curso de Licenciatura em Ci\u00eancias \u2013 Habilita\u00e7\u00e3o em Matem\u00e1tica, o Campus entrega \u00e0 comunidade 17 profissionais habilitados a lecionar as mat\u00e9rias de ci\u00eancias no ensino de 1\u00b0. grau (hoje ensino fundamental) e matem\u00e1tica no 2\u00b0 grau (hoje ensino m\u00e9dio).<\/p>\n<p>O Instituto de Ci\u00eancias Exatas e Naturais \u2013 ICEM, (atual FANAT) do Campus Central sediado em Mossor\u00f3-RN, desenvolveu uma avalia\u00e7\u00e3o do Curso de Licenciatura\u00a0 em Ci\u00eancias habilita\u00e7\u00e3o Plena em Matem\u00e1tica, na regi\u00e3o de Mossor\u00f3, com o Projeto \u201cCurso de Ci\u00eancias da UERN \u2013 Realidade no Contexto Regional,\u201d cujos resultados alcan\u00e7ados permitiram \u00e0 Congrega\u00e7\u00e3o iniciar o processo de Reformula\u00e7\u00e3o Curricular do Curso, atingindo necessariamente o\u00a0 Curso do Campus Avan\u00e7ado de Patu.<\/p>\n<p>No ano letivo de 1992, foram criadas as Habilita\u00e7\u00f5es Plenas: Qu\u00edmica, F\u00edsica e Biologia para o Curso de Licenciatura em Ci\u00eancias do Campus Central, atrav\u00e9s da Portaria n\u00ba 348\/92 \u2013 GR de 27\/11\/1992, cujo funcionamento\u00a0 ocorreu no ano letivo de 1993. Com o reconhecimento da UERN, houve a transforma\u00e7\u00e3o da habilita\u00e7\u00f5es do Curso de Licenciatura em Ci\u00eancias habilita\u00e7\u00e3o Plena em Matem\u00e1tica do Campus Central, para os Cursos de Licenciatura em Matem\u00e1tica, F\u00edsica, Qu\u00edmica e Ci\u00eancias Biol\u00f3gicas, de acordo com a Resolu\u00e7\u00e3o n\u00ba14\/93- CONSEPE de 22 de julho de 1993.<\/p>\n<p>A fragmenta\u00e7\u00e3o das habilita\u00e7\u00f5es do Curso de Licenciatura em Ci\u00eancias Habilita\u00e7\u00e3o Plena em matem\u00e1tica para Cursos de Licenciaturas nas \u00e1reas espec\u00edficas do Campus Central, resultou no recesso do Curso de Licenciatura em Ci\u00eancias no Campus Central mantendo o seu funcionamento no Campus de Patu, conforme Resolu\u00e7\u00e3o n. 13\/93-CONSEPE\u00a0 de 22 de julho de 1993 com a devida Reforma Curricular.<\/p>\n<p>Todavia, apesar do curso de Ci\u00eancias \u2013 Habilita\u00e7\u00e3o em Matem\u00e1tica ter sido reconhecido de acordo com a Portaria Ministerial n\u00b0. 406\/87 de 29\/06\/1987 e publicado no DOU de 01\/07\/1987 e de ser regulamentado pela Resolu\u00e7\u00e3o n\u00b0. 30\/07\/1974 alterada pela Resolu\u00e7\u00e3o n\u00b0 50\/98-CONSEPE, a inexist\u00eancia\u00a0 de Diretrizes Curriculares Nacionais para o curso de Ci\u00eancias \u2013 Habilita\u00e7\u00e3o em Matem\u00e1tica, fez com que o departamento de Ci\u00eancias do CAP em sua reuni\u00e3o do dia 05\/01\/2006 decidisse pela mudan\u00e7a do Edital n\u00ba 019\/2005-COMPERVE \u2013 Transformado as vagas iniciais do Curso de Ci\u00eancias Habilita\u00e7\u00e3o em Matem\u00e1tica, para Licenciatura Plena em Matem\u00e1tica. A Resolu\u00e7\u00e3o n\u00ba 003\/2006-CONSEPE de 11 de janeiro de 2006, extingue a oferta do Curso de Ci\u00eancias e cria o Curso de Matem\u00e1tica, Licenciatura Plena, no Campus Avan\u00e7ado de Patu, muda o nome do Departamento que deixava de ser o Departamento de Ci\u00eancias e passando a ser Departamento de Matem\u00e1tica, como tamb\u00e9m pela cria\u00e7\u00e3o do Curso de Matem\u00e1tica modalidade de Licenciatura,\u00a0 conforme Parecer CNE\/CES n\u00b0 1302\/2001 e Resolu\u00e7\u00e3o CNE\/CES n\u00b0. 3 de 18 de fevereiro de 2003. Assim, o curso disp\u00f5e do Departamento de Matem\u00e1tica que vincula os docentes da \u00e1rea especifica de Matem\u00e1tica e as disciplinas\/atividades aglutinadoras afins do curso.<\/p>\n<p><strong>Hist\u00f3rico do Curso de Licenciatura Plena em Matem\u00e1tica<\/strong><\/p>\n<p>A Resolu\u00e7\u00e3o n\u00ba 003\/2006- CONSEPE de 11 de janeiro de 2006, extingue a oferta do Curso de Ci\u00eancias com Habilita\u00e7\u00e3o em Matem\u00e1tica e cria o curso de Gradua\u00e7\u00e3o em Matem\u00e1tica na modalidade de Licenciatura Plena, no Campus Avan\u00e7ado de Patu, mudando o nome do Departamento que deixou de ser Departamento de Ci\u00eancias, passando a denominarse Departamento de Matem\u00e1tica. O curso integra o Departamento de Matem\u00e1tica que vincula os Docentes da \u00e1rea espec\u00edfica de Matem\u00e1tica e as Disciplinas\/Atividades aglutinadoras afins do curso. Congrega-se ao referido departamento: 09 Docentes do quadro efetivo os quais apresentam as seguintes titula\u00e7\u00f5es: 02 doutores, 04 mestres, 02 especialistas e 01 em processo de doutoramento. O presente Projeto Pedag\u00f3gico do Curso de Gradua\u00e7\u00e3o em Matem\u00e1tica na modalidade de Licenciatura Plena do CAP, refere-se ao Curso implantado a partir de 2006, estando o mesmo em pleno funcionamento, atendendo uma clientela oriunda de 21 cidades dos munic\u00edpios circunvizinhos do RN e da Para\u00edba.<\/p>\n","protected":false},"excerpt":{"rendered":"<p>PERFIL DO CURSO IDENTIFICA\u00c7\u00c3O DO CURSO DE GRADUA\u00c7\u00c3O Denomina\u00e7\u00e3o: Licenciatura em Matem\u00e1tica Grau acad\u00eamico: Licenciatura Modalidade: Presencial \u00c1rea de Conhecimento: Ci\u00eancias Exatas e da Terra DADOS SOBRE O CURSO Carga hor\u00e1ria total: 3965 horas Carga hor\u00e1ria de componentes curriculares obrigat\u00f3rios: 3845h Carga hor\u00e1ria de componentes curriculares optativos: 120h Tempo m\u00e9dio de integraliza\u00e7\u00e3o curricular: 4,5 anos; [&hellip;]<\/p>\n","protected":false},"author":1,"featured_media":0,"parent":0,"menu_order":0,"comment_status":"closed","ping_status":"closed","template":"","meta":{"footnotes":""},"class_list":["post-354","page","type-page","status-publish","hentry"],"_links":{"self":[{"href":"https:\/\/portal.uern.br\/patu\/matematica\/wp-json\/wp\/v2\/pages\/354","targetHints":{"allow":["GET"]}}],"collection":[{"href":"https:\/\/portal.uern.br\/patu\/matematica\/wp-json\/wp\/v2\/pages"}],"about":[{"href":"https:\/\/portal.uern.br\/patu\/matematica\/wp-json\/wp\/v2\/types\/page"}],"author":[{"embeddable":true,"href":"https:\/\/portal.uern.br\/patu\/matematica\/wp-json\/wp\/v2\/users\/1"}],"replies":[{"embeddable":true,"href":"https:\/\/portal.uern.br\/patu\/matematica\/wp-json\/wp\/v2\/comments?post=354"}],"version-history":[{"count":12,"href":"https:\/\/portal.uern.br\/patu\/matematica\/wp-json\/wp\/v2\/pages\/354\/revisions"}],"predecessor-version":[{"id":1136,"href":"https:\/\/portal.uern.br\/patu\/matematica\/wp-json\/wp\/v2\/pages\/354\/revisions\/1136"}],"wp:attachment":[{"href":"https:\/\/portal.uern.br\/patu\/matematica\/wp-json\/wp\/v2\/media?parent=354"}],"curies":[{"name":"wp","href":"https:\/\/api.w.org\/{rel}","templated":true}]}}