{"id":744,"date":"2023-09-13T11:23:33","date_gmt":"2023-09-13T14:23:33","guid":{"rendered":"https:\/\/portal.uern.br\/patu\/letraslinguaportuguesa\/?page_id=744"},"modified":"2023-09-13T11:23:33","modified_gmt":"2023-09-13T14:23:33","slug":"pesquisa","status":"publish","type":"page","link":"https:\/\/portal.uern.br\/patu\/letraslinguaportuguesa\/pesquisa\/","title":{"rendered":"Pesquisa"},"content":{"rendered":"<h3>Projetos de pesquisa<strong>\u00a0<\/strong>PIBICs<\/h3>\n<table class=\"table table-striped mceItemTable\" style=\"width: 72.4776%;height: 2206px\" cellspacing=\"0\" cellpadding=\"0\">\n<tbody>\n<tr style=\"height: 62px\">\n<td style=\"height: 62px\"><strong>PROJETOS DE PESQUISA \u2013 PIBICs<\/strong><\/p>\n<hr \/>\n<\/td>\n<\/tr>\n<tr style=\"height: 49px\">\n<td style=\"height: 49px\">\n<h4><strong>Edi\u00e7\u00e3o 2020\/2021<\/strong><\/h4>\n<\/td>\n<td style=\"height: 49px\"><strong>\u00a0<\/strong><\/td>\n<\/tr>\n<tr style=\"height: 156px\">\n<td style=\"height: 156px\"><strong>Professora coordenadora:<\/strong>\u00a0Annie Tarsis Morais Figueiredo<\/p>\n<p><strong>T\u00edtulo do Projeto:<\/strong>\u00a0\u201cO QUE VALE A VIDA AQUI?\u201d A NECROPOL\u00cdTICA TECIDA NA PROSA CONTEMPOR\u00c2NEA PORTUGUESA<\/p>\n<p><strong>Discentes:<\/strong>\u00a0T\u00e1lia Cristiane Elias Brito e Thanara da Silva Am\u00e9rico<\/td>\n<\/tr>\n<tr style=\"height: 156px\">\n<td style=\"height: 156px\"><strong>Professora coordenadora:<\/strong>\u00a0Beatriz Pazini Ferreira<\/p>\n<p><strong>T\u00edtulo do Projeto:<\/strong>\u00a0O TEATRO POPULAR NORDESTINO: TRADI\u00c7\u00c3O, MEM\u00d3RIA E MODERNIZA\u00c7\u00c3O<\/p>\n<p><strong>Discentes:<\/strong>\u00a0Antonio Welden da Silva Vieira e Naiara Sandi da Silva Gomes Saraiva<\/td>\n<\/tr>\n<tr style=\"height: 156px\">\n<td style=\"height: 156px\"><strong>Professora coordenadora:<\/strong>\u00a0Claudia Maria Felicio Ferreira Tom\u00e9<\/p>\n<p><strong>T\u00edtulo do Projeto:<\/strong>\u00a0A BNCC e o DCRN &#8211; produ\u00e7\u00f5es e significa\u00e7\u00f5es curriculares em torno do ensino de literatura<\/p>\n<p><strong>Discentes:<\/strong>\u00a0Ant\u00f4nia Neta dos Santos e Mar\u00edlia Ferreira do Nascimento Moura.<\/td>\n<\/tr>\n<tr style=\"height: 166px\">\n<td style=\"height: 166px\"><strong>Professora coordenadora:<\/strong>\u00a0Francisca Lailsa Ribeiro Pinto<\/p>\n<p><strong>T\u00edtulo do Projeto:<\/strong>\u00a0COME\u00c7AR DE NOVO: O ESPA\u00c7O AFETIVO DE CELINA EM\u00a0<em>RAKUSHISHA<\/em>, DE ADRIANA LISBOA<\/p>\n<p><strong>Discente:<\/strong>\u00a0Everlandia de Azevedo Silva<\/p>\n<hr \/>\n<\/td>\n<\/tr>\n<tr style=\"height: 49px\">\n<td style=\"height: 49px\">\n<h4><strong>Edi\u00e7\u00e3o 2019\/2020<\/strong><\/h4>\n<\/td>\n<td style=\"height: 49px\"><\/td>\n<\/tr>\n<tr style=\"height: 156px\">\n<td style=\"height: 156px\"><strong>Professora coordenadora:<\/strong>\u00a0Annie T\u00e1rsis Morais Figueiredo<\/p>\n<p><strong>T\u00edtulo do Projeto:<\/strong>\u00a0LITERATURA E BIOPOL\u00cdTICA NA PROSA CONTEMPOR\u00c2NEA PORTUGUESA: UM DI\u00c1LOGO POSS\u00cdVEL<\/p>\n<p><strong>Discentes:<\/strong>\u00a0Jonnas Azevedo da Silva e Sabrina de Paiva Bento<\/td>\n<\/tr>\n<tr style=\"height: 156px\">\n<td style=\"height: 156px\"><strong>Professora coordenadora:<\/strong>\u00a0Beatriz Pazini Ferreira<\/p>\n<p><strong>T\u00edtulo do Projeto:<\/strong>\u00a0A LITERATURA POPULAR: VEIA MEMORIAL\u00cdSTICA, TRADI\u00c7\u00c3O VIVA E RESIST\u00caNCIA<\/p>\n<p><strong>Discentes:<\/strong>\u00a0 Antonio Welden da Silva Vieira e Naiara Sandi da Silva Gomes Saraiva<\/td>\n<\/tr>\n<tr style=\"height: 156px\">\n<td style=\"height: 156px\"><strong>Professora coordenadora:<\/strong>\u00a0Claudia Maria Fel\u00edcio Ferreira Tom\u00e9<\/p>\n<p><strong>T\u00edtulo do Projeto:<\/strong>\u00a0TORNAR-SE PROFESSOR NA ITINER\u00c2NCIA: PROJETOS FORMATIVOS E ATRIBUI\u00c7\u00c3O DE SENTIDOS \u00c0 FORMA\u00c7\u00c3O<\/p>\n<p><strong>Discentes:<\/strong>\u00a0Ant\u00f4nio Alves de Oliveira Neto e Luciana Carla da Silva<\/td>\n<\/tr>\n<tr style=\"height: 180px\">\n<td style=\"height: 180px\"><strong>Professora coordenadora:<\/strong>\u00a0Francisca Lailsa Ribeiro Pinto<\/p>\n<p><strong>T\u00edtulo do Projeto:<\/strong>\u00a0UM ESPA\u00c7O CONTESTADO: AS VOZES S\u00c3O OUTRAS NA LITERATURA CONTEMPOR\u00c2NEA<\/p>\n<p><strong>Discentes:<\/strong>\u00a0Eliane Maria Da Silva, Jos\u00e9 Nilton Pereira de Moura J\u00fanior, Sebastiana Braga Ferreira<\/td>\n<\/tr>\n<tr style=\"height: 214px\">\n<td style=\"height: 214px\"><strong>Professora coordenadora:<\/strong>\u00a0Aline Almeida Inhoti e Ant\u00f4nia Sueli da Silva Gomes Tem\u00f3teo<\/p>\n<p><strong>T\u00edtulo do Projeto:<\/strong>\u00a0PROFESSORES E(M) FORMA\u00c7\u00c3O: PR\u00c1TICAS DE LETRAMENTO ACAD\u00caMICO EM UM CURSO DE LETRAS<\/p>\n<p><strong>Discentes:<\/strong>\u00a0Thauan de Paiva Costa, Ana Cristina Alves da Silva, Ros\u00e2ngela Felix de Oliveira, Ewerton Felipe Melo Lopes e Roberta Bezerra Marinho.<\/p>\n<hr \/>\n<\/td>\n<\/tr>\n<tr style=\"height: 48px\">\n<td style=\"height: 48px\">\n<h4><strong>Edi\u00e7\u00e3o 2018\/2019<\/strong><\/h4>\n<\/td>\n<td style=\"height: 48px\"><strong>\u00a0<\/strong><\/td>\n<\/tr>\n<tr style=\"height: 230px\">\n<td style=\"height: 230px\"><strong>Professora coordenadora:<\/strong>\u00a0Claudia Maria Fel\u00edcio Ferreira Tom\u00e9<\/p>\n<p><strong>T\u00edtulo do Projeto:<\/strong>\u00a0A INVEN\u00c7\u00c3O PROFESSOR: DAS EXPERI\u00caNCIAS CURRICULARES NO ESPA\u00c7O-TEMPO DE PROGRAMAS E PROJETOS FORMATIVOS<\/p>\n<p><strong>Discentes:<\/strong>\u00a0Maria Clara Fernandes de Andrade, S\u00edria Dantas de Moura e Fel\u00edcia Pinheiro Gomes<\/p>\n<p><strong>Financiador(es):<\/strong>\u00a0Universidade do Estado do Rio Grande do Norte &#8211; Bolsa.<\/p>\n<hr \/>\n<\/td>\n<\/tr>\n<tr style=\"height: 42px\">\n<td style=\"height: 42px\">\n<h4><strong>Edi\u00e7\u00e3o 2017\/2018<\/strong><\/h4>\n<\/td>\n<td style=\"height: 42px\"><strong>\u00a0<\/strong><\/td>\n<\/tr>\n<tr style=\"height: 230px\">\n<td style=\"height: 230px\"><strong>Professora coordenadora:<\/strong>\u00a0Claudia Maria Fel\u00edcio Ferreira Tom\u00e9<\/p>\n<p><strong>T\u00edtulo do Projeto:<\/strong>\u00a0PRODU\u00c7\u00c3O CURRICULAR EM PR\u00c1TICAS DE LETRAMENTO DIGITAL: SIGNIFICA\u00c7\u00d5ES NA INICIA\u00c7\u00c3O \u00c0 DOC\u00caNCIA<\/p>\n<p><strong>Discentes:<\/strong>\u00a0Maria Lara Alves Rocha, Noemia de Sousa Silva Neta e Wellerson Batista de Lima<\/p>\n<p><strong>Financiador(es):<\/strong> Universidade do Estado do Rio Grande do Norte &#8211; Bolsa.<\/td>\n<\/tr>\n<\/tbody>\n<\/table>\n<p><strong>Fonte:<\/strong>\u00a0Elaborado pelo NDE\/DLV\/UERN.<\/p>\n<p>&nbsp;<\/p>\n<h3>Projetos de pesquisa institucionalizados pela UERN<\/h3>\n<table class=\"table table-striped mceItemTable\" style=\"width: 72.4776%;height: 554px\" cellspacing=\"0\" cellpadding=\"0\">\n<tbody>\n<tr style=\"height: 52px\">\n<td style=\"height: 52px;width: 99.6933%\"><strong>PROJETOS DE PESQUISA INSTITUCIONALIZADOS PELA UERN<\/strong><\/td>\n<\/tr>\n<tr style=\"height: 54px\">\n<td style=\"height: 54px;width: 99.6933%\"><strong>Edi\u00e7\u00e3o 2020\/2021<\/strong><\/td>\n<\/tr>\n<tr style=\"height: 196px\">\n<td style=\"height: 196px;width: 99.6933%\"><strong>Professora coordenadora:<\/strong>\u00a0Annie Tarsis Morais Figueiredo<\/p>\n<p><strong>Professora colaboradora<\/strong>: Francisca Zuleide Duarte de Souza<\/p>\n<p><strong>T\u00edtulo do Projeto:<\/strong>\u00a0\u201cO SONHO \u00c9 O OLHO DA VIDA\u201d: ENCANTAMENTO &amp; POL\u00cdTICA DE VIDA NA PROSA CONTEMPOR\u00c2NEA AFRICANA<\/p>\n<p><strong>Discentes:\u00a0<\/strong>Ingrid Miranda de Morais Medeiros e Th\u00e1ssio de Paiva Costa<\/td>\n<\/tr>\n<tr style=\"height: 252px\">\n<td style=\"height: 252px;width: 99.6933%\"><strong>Professora coordenadora:<\/strong>\u00a0Francisca Lailsa Ribeiro Pinto<\/p>\n<p><strong>T\u00edtulo do Projeto:<\/strong>\u00a0CALEIDOSC\u00d3PIO TE\u00d3RICO DO PENSAMENTO FEMINISTA NA LITERATURA DE AUTORIA FEMININA<\/p>\n<p><strong>Discente:\u00a0<\/strong>Eliane Maria da Silva, Erica Nunes dos Santos, Everlandia de Azevedo Silva, Jos\u00e9 Nilton Pereira de Moura J\u00fanior, Maria Helo\u00edsa Alves Lins, Micharlane de Oliveira Dutra (egresso), Michelle Jard\u00eania Ara\u00fajo Rodrigues (egresso), Sebastiana Braga Ferreira (egresso), Severino Lopes dos Reis Filho, W\u00eania Batista de Lima.<\/td>\n<\/tr>\n<\/tbody>\n<\/table>\n<p><strong>Fonte:<\/strong>\u00a0Elaborado pelo NDE\/DLV\/UERN.<\/p>\n","protected":false},"excerpt":{"rendered":"<p>Projetos de pesquisa\u00a0PIBICs PROJETOS DE PESQUISA \u2013 PIBICs Edi\u00e7\u00e3o 2020\/2021 \u00a0 Professora coordenadora:\u00a0Annie Tarsis Morais Figueiredo T\u00edtulo do Projeto:\u00a0\u201cO QUE VALE A VIDA AQUI?\u201d A NECROPOL\u00cdTICA TECIDA NA PROSA CONTEMPOR\u00c2NEA PORTUGUESA Discentes:\u00a0T\u00e1lia Cristiane Elias Brito e Thanara da Silva Am\u00e9rico Professora coordenadora:\u00a0Beatriz Pazini Ferreira T\u00edtulo do Projeto:\u00a0O TEATRO POPULAR NORDESTINO: TRADI\u00c7\u00c3O, MEM\u00d3RIA E MODERNIZA\u00c7\u00c3O Discentes:\u00a0Antonio [&hellip;]<\/p>\n","protected":false},"author":10,"featured_media":0,"parent":0,"menu_order":0,"comment_status":"closed","ping_status":"closed","template":"","meta":{"footnotes":""},"class_list":["post-744","page","type-page","status-publish","hentry"],"_links":{"self":[{"href":"https:\/\/portal.uern.br\/patu\/letraslinguaportuguesa\/wp-json\/wp\/v2\/pages\/744","targetHints":{"allow":["GET"]}}],"collection":[{"href":"https:\/\/portal.uern.br\/patu\/letraslinguaportuguesa\/wp-json\/wp\/v2\/pages"}],"about":[{"href":"https:\/\/portal.uern.br\/patu\/letraslinguaportuguesa\/wp-json\/wp\/v2\/types\/page"}],"author":[{"embeddable":true,"href":"https:\/\/portal.uern.br\/patu\/letraslinguaportuguesa\/wp-json\/wp\/v2\/users\/10"}],"replies":[{"embeddable":true,"href":"https:\/\/portal.uern.br\/patu\/letraslinguaportuguesa\/wp-json\/wp\/v2\/comments?post=744"}],"version-history":[{"count":1,"href":"https:\/\/portal.uern.br\/patu\/letraslinguaportuguesa\/wp-json\/wp\/v2\/pages\/744\/revisions"}],"predecessor-version":[{"id":745,"href":"https:\/\/portal.uern.br\/patu\/letraslinguaportuguesa\/wp-json\/wp\/v2\/pages\/744\/revisions\/745"}],"wp:attachment":[{"href":"https:\/\/portal.uern.br\/patu\/letraslinguaportuguesa\/wp-json\/wp\/v2\/media?parent=744"}],"curies":[{"name":"wp","href":"https:\/\/api.w.org\/{rel}","templated":true}]}}