{"id":742,"date":"2023-09-13T11:21:57","date_gmt":"2023-09-13T14:21:57","guid":{"rendered":"https:\/\/portal.uern.br\/patu\/letraslinguaportuguesa\/?page_id=742"},"modified":"2023-09-13T11:21:57","modified_gmt":"2023-09-13T14:21:57","slug":"graduacao","status":"publish","type":"page","link":"https:\/\/portal.uern.br\/patu\/letraslinguaportuguesa\/graduacao\/","title":{"rendered":"Gradua\u00e7\u00e3o"},"content":{"rendered":"<p style=\"text-align: justify\"><span style=\"font-size: 14pt\"><strong>Sobre a Gradua\u00e7\u00e3o:<\/strong><\/span><\/p>\n<p style=\"text-align: justify\">Um curso de Gradua\u00e7\u00e3o \u00e9 constitu\u00eddo por conjuntos de componentes curriculares organizados em \u00e1reas de conhecimento, voltados para a forma\u00e7\u00e3o de profissionais de n\u00edvel superior, e que conferem grau acad\u00eamico comprovado por meio de diploma. No que diz respeito ao nosso Curso de Letras, ele \u00e9 ofertado no turno matutino (das 7h \u00e0s 12:30).<\/p>\n<p><img decoding=\"async\" class=\"alignleft size-medium wp-image-726\" src=\"https:\/\/portal.uern.br\/patu\/dlv\/wp-content\/uploads\/sites\/4\/2023\/08\/graduacao-300x146.png\" alt=\"\" width=\"300\" height=\"146\" \/><\/p>\n<p><span style=\"font-size: 14pt\"><strong>&#8220;O curso \u00e9 de licenciatura&#8221;.<\/strong><\/span><br \/>\n<span style=\"font-size: 14pt\"><strong>O que significa?<\/strong><\/span><\/p>\n<p style=\"text-align: justify\">Licenciado \u00e9 o grau acad\u00eamico conferido ao diplomado que adquirir\u00e1 habilidades e compet\u00eancias para o exerc\u00edcio da profiss\u00e3o docente, em sua \u00e1rea espec\u00edfica de forma\u00e7\u00e3o, no \u00e2mbito da Educa\u00e7\u00e3o B\u00e1sica e Profissional.<\/p>\n<p>&nbsp;<\/p>\n<p><img fetchpriority=\"high\" decoding=\"async\" class=\"wp-image-729 aligncenter\" src=\"https:\/\/portal.uern.br\/patu\/dlv\/wp-content\/uploads\/sites\/4\/2023\/08\/letras-imag-300x140.png\" alt=\"\" width=\"690\" height=\"322\" \/><\/p>\n","protected":false},"excerpt":{"rendered":"<p>Sobre a Gradua\u00e7\u00e3o: Um curso de Gradua\u00e7\u00e3o \u00e9 constitu\u00eddo por conjuntos de componentes curriculares organizados em \u00e1reas de conhecimento, voltados para a forma\u00e7\u00e3o de profissionais de n\u00edvel superior, e que conferem grau acad\u00eamico comprovado por meio de diploma. No que diz respeito ao nosso Curso de Letras, ele \u00e9 ofertado no turno matutino (das 7h [&hellip;]<\/p>\n","protected":false},"author":10,"featured_media":0,"parent":0,"menu_order":0,"comment_status":"closed","ping_status":"closed","template":"","meta":{"footnotes":""},"class_list":["post-742","page","type-page","status-publish","hentry"],"_links":{"self":[{"href":"https:\/\/portal.uern.br\/patu\/letraslinguaportuguesa\/wp-json\/wp\/v2\/pages\/742","targetHints":{"allow":["GET"]}}],"collection":[{"href":"https:\/\/portal.uern.br\/patu\/letraslinguaportuguesa\/wp-json\/wp\/v2\/pages"}],"about":[{"href":"https:\/\/portal.uern.br\/patu\/letraslinguaportuguesa\/wp-json\/wp\/v2\/types\/page"}],"author":[{"embeddable":true,"href":"https:\/\/portal.uern.br\/patu\/letraslinguaportuguesa\/wp-json\/wp\/v2\/users\/10"}],"replies":[{"embeddable":true,"href":"https:\/\/portal.uern.br\/patu\/letraslinguaportuguesa\/wp-json\/wp\/v2\/comments?post=742"}],"version-history":[{"count":1,"href":"https:\/\/portal.uern.br\/patu\/letraslinguaportuguesa\/wp-json\/wp\/v2\/pages\/742\/revisions"}],"predecessor-version":[{"id":743,"href":"https:\/\/portal.uern.br\/patu\/letraslinguaportuguesa\/wp-json\/wp\/v2\/pages\/742\/revisions\/743"}],"wp:attachment":[{"href":"https:\/\/portal.uern.br\/patu\/letraslinguaportuguesa\/wp-json\/wp\/v2\/media?parent=742"}],"curies":[{"name":"wp","href":"https:\/\/api.w.org\/{rel}","templated":true}]}}