{"id":740,"date":"2023-09-13T11:21:14","date_gmt":"2023-09-13T14:21:14","guid":{"rendered":"https:\/\/portal.uern.br\/patu\/letraslinguaportuguesa\/?page_id=740"},"modified":"2023-09-13T11:21:14","modified_gmt":"2023-09-13T14:21:14","slug":"extensao","status":"publish","type":"page","link":"https:\/\/portal.uern.br\/patu\/letraslinguaportuguesa\/extensao\/","title":{"rendered":"Extens\u00e3o"},"content":{"rendered":"<p><strong>ATIVIDADES CURRICULARES DE EXTENS\u00c3O<\/strong><\/p>\n<p style=\"text-align: justify\">As Unidades Curriculares de Extens\u00e3o \u2013 UCE, conforme Resolu\u00e7\u00e3o 25\/2017\/CONSEPE, constitui-se instrumento de complementa\u00e7\u00e3o da forma\u00e7\u00e3o dos discentes com o objetivo de formar o conhecimento estabelecendo uma rela\u00e7\u00e3o de reciprocidade, na promo\u00e7\u00e3o \u00e0 extens\u00e3o aberta \u00e0 participa\u00e7\u00e3o da popula\u00e7\u00e3o para o enriquecimento acad\u00eamico al\u00e9m da sala de aula. Tais a\u00e7\u00f5es aprimoram o relacionamento humano e desenvolvem percep\u00e7\u00f5es de fun\u00e7\u00f5es e de valores entre os envolvidos para que compreendam que a sociedade \u00e9 plural e diversa.<\/p>\n<p style=\"text-align: justify\">O curso de Letras do CAP\/UERN articula o ensino e a extens\u00e3o viabilizando assim a rela\u00e7\u00e3o entre universidade e sociedade. Esse fluxo estabelece que a troca de saberes ter\u00e1 como consequ\u00eancias a produ\u00e7\u00e3o do conhecimento resultante do confronto com a realidade brasileira e regional, a democratiza\u00e7\u00e3o do conhecimento acad\u00eamico e a participa\u00e7\u00e3o efetiva da comunidade na atua\u00e7\u00e3o da universidade (FORPROEX, 2006).<\/p>\n<p>O Curso conta com os seguintes projetos de extens\u00e3o:<\/p>\n<table style=\"border-collapse: collapse;width: 100%\">\n<tbody>\n<tr>\n<td style=\"width: 100%;background-color: #ebeac3\"><strong>T\u00edtulo do Projeto<\/strong>: CINEATRO nem s\u00f3 de bancos se faz uma pra\u00e7a: aprendizagens e pr\u00e1ticas do saber-fazer cinema e teatro.<\/p>\n<p><img fetchpriority=\"high\" decoding=\"async\" class=\"size-medium wp-image-652 aligncenter\" src=\"https:\/\/portal.uern.br\/patu\/dlv\/wp-content\/uploads\/sites\/4\/2023\/08\/Stories-\u2022-Instagram-Google-Chrome-01_08_2023-11_00_18-300x300.png\" alt=\"\" width=\"300\" height=\"300\" \/><\/p>\n<p><strong>Objetivo<\/strong>:<\/p>\n<p>\u2022 Promover performance teatral e discuss\u00e3o do g\u00eanero dram\u00e1tico para a universidade e a comunidade<br \/>\nexterna por meio de v\u00e1rios espa\u00e7os, inclusive os digitais;<br \/>\n\u2022 Incentivar a an\u00e1lise do cinema a partir de discuss\u00f5es para a universidade e a comunidade externa<br \/>\nmediante v\u00e1rios espa\u00e7os, inclusive os digitais;<br \/>\n\u2022 Estimular eventos, inclusive os virtuais, por meio da a\u00e7\u00e3o de extens\u00e3o, com a participa\u00e7\u00e3o de escolas<br \/>\np\u00fablicas e privadas e tamb\u00e9m a comunidade externa.<\/p>\n<p><strong>Professora coordenadora<\/strong>: Beatriz Pazini Ferreira<\/p>\n<p>Site: <a href=\"https:\/\/www.instagram.com\/cineatro\/?hl=pt-br\">https:\/\/www.instagram.com\/cineatro\/?hl=pt-br<\/a><\/td>\n<\/tr>\n<tr>\n<td style=\"width: 100%\"><strong>T\u00edtulo do Projeto<\/strong>: N\u00facleo de Pr\u00e1ticas Integrativas e Complementares em Sa\u00fade\/Patu &#8211; NUPICS\/Patu<\/p>\n<p><img decoding=\"async\" class=\"size-medium wp-image-654 aligncenter\" src=\"https:\/\/portal.uern.br\/patu\/dlv\/wp-content\/uploads\/sites\/4\/2023\/08\/Stories-\u2022-Instagram-Google-Chrome-01_08_2023-11_16_31-300x300.png\" alt=\"\" width=\"300\" height=\"300\" \/><\/p>\n<p><strong>Objetivo<\/strong>:<\/p>\n<ul>\n<li>Intensificar a indissociabilidade entre Ensino, Pesquisa e Extens\u00e3o em torno dos campos da sa\u00fade e das Letras;<\/li>\n<li>Manter e fortalecer NUPICS no CAP, atuando junto a sa\u00fade dos trabalhadores da institui\u00e7\u00e3o, dos discentes e da comunidade externa a partir de ambientes saud\u00e1veis e mais humanescentes no trabalho;<\/li>\n<li>Fortalecer o ambulat\u00f3rio integrativo no CAP para oferta das PICS gratuitamente para comunidade acad\u00eamica e externa;<\/li>\n<li>Executar oficinas de autocuidado, de escrita terap\u00eautica, de comunica\u00e7\u00e3o n\u00e3o-violenta;<\/li>\n<li>Criar o c\u00edrculo de leitura tendo em vista a Biblioterapia;<\/li>\n<li>Criar o Jardim Terap\u00eautico no campus;<\/li>\n<li>Fortalecer o cultivo de plantas medicinais do campus;<\/li>\n<li>Dialogar com o NUPICS\/Mossor\u00f3 e dos demais campi, tendo em vista os melhoramentos poss\u00edveis e necess\u00e1rios;<\/li>\n<li>Desenvolver a aten\u00e7\u00e3o e forma\u00e7\u00e3o baseada nas PICS;<\/li>\n<li>Divulgar e informar os conhecimentos b\u00e1sicos das PICS;<\/li>\n<li>Ampliar os estudos e articula\u00e7\u00e3o transdisciplinares;<\/li>\n<li>Promover uma outra cultura do cuidado.<\/li>\n<\/ul>\n<p><strong>Professora coordenadora<\/strong>:\u00a0Annie Tarsis Morais Figueiredo<\/p>\n<p><strong>Site:\u00a0<span style=\"font-size: 10pt\"><a href=\"https:\/\/www.instagram.com\/nupics_patu\/?hl=pt-br\">https:\/\/www.instagram.com\/nupics_patu\/?hl=pt-br<\/a><\/span><\/strong><\/td>\n<\/tr>\n<\/tbody>\n<\/table>\n<p>&nbsp;<\/p>\n<p><strong>Outros Projetos de Extens\u00e3o:\u00a0<\/strong><\/p>\n<table style=\"border-collapse: collapse;width: 100%\">\n<tbody>\n<tr>\n<td style=\"width: 100%;background-color: #ebeac3\">\u00a0<strong style=\"font-family: inherit;font-size: inherit\">T\u00edtulo do Projeto<\/strong><span style=\"font-family: inherit;font-size: inherit\">: <\/span><span style=\"font-family: inherit;font-size: inherit\">CIRANDA CIRANDINHA VAMOS TODOS CIRANDAR: O CAP-UERN COMO ESPA\u00c7O DE DEMOCRATIZA\u00c7\u00c3O DE ACESSO E PERMAN\u00caNCIA AO ENSINO SUPERIOR.<\/span><\/p>\n<p><strong>Objetivos<\/strong>:<\/p>\n<p><strong>Geral:<\/strong><\/p>\n<ul>\n<li>Democratizar o acesso e perman\u00eancia dos estudantes e as melhores condi\u00e7\u00f5es de trabalho aos servidores do CAP-UERN que n\u00e3o t\u00eam rede de apoio quanto a maternidade e paternidade.<\/li>\n<\/ul>\n<p><strong>Espec\u00edficos:<\/strong><\/p>\n<ul>\n<li>Propiciar as condi\u00e7\u00f5es necess\u00e1rias para que pais possam estudar enquanto seus filhos desenvolver\u00e3o atividades pr\u00f3prias \u00e0 inf\u00e2ncia;<\/li>\n<li>Tornar o Campus avan\u00e7ado de Patu um local de hospitalidade e acolhimento a servidores, alunos e filhos dos alunos e servidores;<\/li>\n<li>Desenvolver um trabalho de forma\u00e7\u00e3o, coordena\u00e7\u00e3o, supervis\u00e3o e orienta\u00e7\u00e3o a alunos de extens\u00e3o e est\u00e1gios n\u00e3o-obrigat\u00f3rios com alunos de letras e pedagogia;<\/li>\n<li>Desenvolver um trabalho em que a produ\u00e7\u00e3o de brincadeiras infantis seja um ato inventivo e, portanto, rico para produ\u00e7\u00e3o de um laborat\u00f3rio de linguagens;<\/li>\n<li>Valorizar a literatura como um vir a ser que questiona essencialidades relacionadas ao sujeito;<\/li>\n<li>Democratizar a universidade pela produ\u00e7\u00e3o de uma ciranda popular em que todos t\u00eam direito a roda livre da pol\u00edtica como instrumento de liberdade.<\/li>\n<li>Realizar oficinas de estudos e capacita\u00e7\u00e3o aos alunos envolvidos no projeto no que toca a ludicidade, literatura e a<br \/>\ninf\u00e2ncia;<\/li>\n<li>Atender \u00e0 comunidade infantil com conta\u00e7\u00e3o de hist\u00f3rias, produ\u00e7\u00e3o de artes pl\u00e1sticas, brincadeiras, parlendas, produ\u00e7\u00e3o de livro, sarau e diversas outras atividades que envolvam a literatura;<\/li>\n<li>Ampliar espa\u00e7os para ensino, pesquisa e extens\u00e3o atrav\u00e9s do trabalho desenvolvido na brinquedoteca.<\/li>\n<\/ul>\n<\/td>\n<\/tr>\n<\/tbody>\n<\/table>\n","protected":false},"excerpt":{"rendered":"<p>ATIVIDADES CURRICULARES DE EXTENS\u00c3O As Unidades Curriculares de Extens\u00e3o \u2013 UCE, conforme Resolu\u00e7\u00e3o 25\/2017\/CONSEPE, constitui-se instrumento de complementa\u00e7\u00e3o da forma\u00e7\u00e3o dos discentes com o objetivo de formar o conhecimento estabelecendo uma rela\u00e7\u00e3o de reciprocidade, na promo\u00e7\u00e3o \u00e0 extens\u00e3o aberta \u00e0 participa\u00e7\u00e3o da popula\u00e7\u00e3o para o enriquecimento acad\u00eamico al\u00e9m da sala de aula. Tais a\u00e7\u00f5es aprimoram [&hellip;]<\/p>\n","protected":false},"author":10,"featured_media":0,"parent":0,"menu_order":0,"comment_status":"closed","ping_status":"closed","template":"","meta":{"footnotes":""},"class_list":["post-740","page","type-page","status-publish","hentry"],"_links":{"self":[{"href":"https:\/\/portal.uern.br\/patu\/letraslinguaportuguesa\/wp-json\/wp\/v2\/pages\/740","targetHints":{"allow":["GET"]}}],"collection":[{"href":"https:\/\/portal.uern.br\/patu\/letraslinguaportuguesa\/wp-json\/wp\/v2\/pages"}],"about":[{"href":"https:\/\/portal.uern.br\/patu\/letraslinguaportuguesa\/wp-json\/wp\/v2\/types\/page"}],"author":[{"embeddable":true,"href":"https:\/\/portal.uern.br\/patu\/letraslinguaportuguesa\/wp-json\/wp\/v2\/users\/10"}],"replies":[{"embeddable":true,"href":"https:\/\/portal.uern.br\/patu\/letraslinguaportuguesa\/wp-json\/wp\/v2\/comments?post=740"}],"version-history":[{"count":1,"href":"https:\/\/portal.uern.br\/patu\/letraslinguaportuguesa\/wp-json\/wp\/v2\/pages\/740\/revisions"}],"predecessor-version":[{"id":741,"href":"https:\/\/portal.uern.br\/patu\/letraslinguaportuguesa\/wp-json\/wp\/v2\/pages\/740\/revisions\/741"}],"wp:attachment":[{"href":"https:\/\/portal.uern.br\/patu\/letraslinguaportuguesa\/wp-json\/wp\/v2\/media?parent=740"}],"curies":[{"name":"wp","href":"https:\/\/api.w.org\/{rel}","templated":true}]}}