{"id":733,"date":"2023-09-13T11:18:54","date_gmt":"2023-09-13T14:18:54","guid":{"rendered":"https:\/\/portal.uern.br\/patu\/letraslinguaportuguesa\/?page_id=733"},"modified":"2023-09-13T11:18:54","modified_gmt":"2023-09-13T14:18:54","slug":"lapli","status":"publish","type":"page","link":"https:\/\/portal.uern.br\/patu\/letraslinguaportuguesa\/lapli\/","title":{"rendered":"LAPLI"},"content":{"rendered":"<p>LABORAT\u00d3RIO DE PESQUISA EM ENSINO DE L\u00cdNGUA PORTUGUESA E LITERATURA \u2013 LAPLI<\/p>\n<p>&nbsp;<\/p>\n<p style=\"text-align: justify\">O LAPLI visa atender \u00e0 comunidade universit\u00e1ria do CAP\/UERN e\/ou a comunidade no entorno do Campus, servindo, prioritariamente, como espa\u00e7o de apoio para a realiza\u00e7\u00e3o de projetos de pesquisa, projetos de extens\u00e3o, aulas, atividades de car\u00e1ter pr\u00e1tico de disciplinas curriculares, suas monitorias, est\u00e1gios Supervisionados, assim como eventos acad\u00eamicos, que tratem de estudos na \u00e1rea da Lingu\u00edstica Aplicada e da Literatura e Interfaces.<\/p>\n<p>&nbsp;<\/p>\n<p>O LAPLI funciona de modo a contemplar:<\/p>\n<p style=\"text-align: justify\">\u25cf Projetos de Estudos e Pesquisa em torno de problematiza\u00e7\u00f5es da rela\u00e7\u00e3o entre linguagem e pr\u00e1ticas culturais.<br \/>\n\u25cf Projetos em torno da interface entre o letramento liter\u00e1rio e a forma\u00e7\u00e3o de professores; da produ\u00e7\u00e3o e atualiza\u00e7\u00e3o de material did\u00e1tico para trabalhar o ensino de l\u00edngua portuguesa e a literatura.<br \/>\n\u25cf Projetos de Estudos e Pesquisas que considerem a diversidade de seus campos de investiga\u00e7\u00e3o pelo pressuposto do papel constitutivo da linguagem sobre as formas de se conceber a subjetividade, as pr\u00e1ticas culturais, as atividades humanas, a forma\u00e7\u00e3o de professores, podendo incluir hist\u00f3rias de vida, narrativas de forma\u00e7\u00e3o e constru\u00e7\u00e3o de identidades dos alunos e profissionais de Letras e de institui\u00e7\u00f5es de ensino b\u00e1sico.<\/p>\n<p><img fetchpriority=\"high\" decoding=\"async\" class=\"aligncenter wp-image-918 size-full\" src=\"https:\/\/portal.uern.br\/patu\/dlv\/wp-content\/uploads\/sites\/4\/2023\/09\/LAPLI.png\" alt=\" \" width=\"338\" height=\"211\" \/><\/p>\n","protected":false},"excerpt":{"rendered":"<p>LABORAT\u00d3RIO DE PESQUISA EM ENSINO DE L\u00cdNGUA PORTUGUESA E LITERATURA \u2013 LAPLI &nbsp; O LAPLI visa atender \u00e0 comunidade universit\u00e1ria do CAP\/UERN e\/ou a comunidade no entorno do Campus, servindo, prioritariamente, como espa\u00e7o de apoio para a realiza\u00e7\u00e3o de projetos de pesquisa, projetos de extens\u00e3o, aulas, atividades de car\u00e1ter pr\u00e1tico de disciplinas curriculares, suas monitorias, [&hellip;]<\/p>\n","protected":false},"author":10,"featured_media":0,"parent":0,"menu_order":0,"comment_status":"closed","ping_status":"closed","template":"","meta":{"footnotes":""},"class_list":["post-733","page","type-page","status-publish","hentry"],"_links":{"self":[{"href":"https:\/\/portal.uern.br\/patu\/letraslinguaportuguesa\/wp-json\/wp\/v2\/pages\/733","targetHints":{"allow":["GET"]}}],"collection":[{"href":"https:\/\/portal.uern.br\/patu\/letraslinguaportuguesa\/wp-json\/wp\/v2\/pages"}],"about":[{"href":"https:\/\/portal.uern.br\/patu\/letraslinguaportuguesa\/wp-json\/wp\/v2\/types\/page"}],"author":[{"embeddable":true,"href":"https:\/\/portal.uern.br\/patu\/letraslinguaportuguesa\/wp-json\/wp\/v2\/users\/10"}],"replies":[{"embeddable":true,"href":"https:\/\/portal.uern.br\/patu\/letraslinguaportuguesa\/wp-json\/wp\/v2\/comments?post=733"}],"version-history":[{"count":1,"href":"https:\/\/portal.uern.br\/patu\/letraslinguaportuguesa\/wp-json\/wp\/v2\/pages\/733\/revisions"}],"predecessor-version":[{"id":734,"href":"https:\/\/portal.uern.br\/patu\/letraslinguaportuguesa\/wp-json\/wp\/v2\/pages\/733\/revisions\/734"}],"wp:attachment":[{"href":"https:\/\/portal.uern.br\/patu\/letraslinguaportuguesa\/wp-json\/wp\/v2\/media?parent=733"}],"curies":[{"name":"wp","href":"https:\/\/api.w.org\/{rel}","templated":true}]}}