{"id":724,"date":"2023-09-13T11:10:47","date_gmt":"2023-09-13T14:10:47","guid":{"rendered":"https:\/\/portal.uern.br\/patu\/letraslinguaportuguesa\/?page_id=724"},"modified":"2023-09-13T11:15:12","modified_gmt":"2023-09-13T14:15:12","slug":"download","status":"publish","type":"page","link":"https:\/\/portal.uern.br\/patu\/letraslinguaportuguesa\/download\/","title":{"rendered":"Download"},"content":{"rendered":"<ul>\n<li><a href=\"https:\/\/portal.uern.br\/patu\/dlv\/wp-content\/uploads\/sites\/4\/2023\/08\/requerimento_2_chamada.pdf\">Requerimento de 2\u00aa chamada de avalia\u00e7\u00e3o<\/a><\/li>\n<li><a href=\"https:\/\/www.uern.br\/controledepaginas\/patu-pedagogia-downloads\/arquivos\/7144alteraa%E2%80%A1a%C6%92o_de_nome.pdf\">Requerimento de altera\u00e7\u00e3o de nome<\/a><\/li>\n<li><a href=\"https:\/\/www.uern.br\/controledepaginas\/patu-pedagogia-downloads\/arquivos\/7144colaa%E2%80%A1a%C6%92o_de_grau_extraordinaria.pdf\">Requerimento de Cola\u00e7\u00e3o de Grau Extraordin\u00e1ria<\/a><\/li>\n<li><a href=\"http:\/\/www.uern.br\/controledepaginas\/patu-pedagogia-downloads\/arquivos\/7144exercicio_domiciliar.pdf\">Requerimento de Regime Domiciliar<\/a><\/li>\n<li><a href=\"http:\/\/www.uern.br\/controledepaginas\/patu-pedagogia-downloads\/arquivos\/7144inclusa%C6%92o_nome_social.pdf\">Requerimento de Inclus\u00e3o do Nome Social<\/a><\/li>\n<li><a href=\"http:\/\/www.uern.br\/controledepaginas\/patu-pedagogia-downloads\/arquivos\/7144requerimento_aproveitamento_sae.pdf\">Aproveitamento de estudo realizado na UERN \u2013 autom\u00e1tico (equival\u00eancia cadastrada no SAE)<\/a><\/li>\n<li><a href=\"http:\/\/www.uern.br\/controledepaginas\/patu-pedagogia-downloads\/arquivos\/7144requerimento_aproveitamento_uern.pdf\">Aproveitamento de estudo realizado na UERN \u2013 com aprecia\u00e7\u00e3o departamental<\/a><\/li>\n<li><a href=\"http:\/\/www.uern.br\/controledepaginas\/patu-pedagogia-downloads\/arquivos\/7144requerimento_aproveitamento_outra_ies.pdf\">Aproveitamento de estudo realizado em outra IES<\/a><\/li>\n<\/ul>\n<p>&nbsp;<\/p>\n","protected":false},"excerpt":{"rendered":"<p>Requerimento de 2\u00aa chamada de avalia\u00e7\u00e3o Requerimento de altera\u00e7\u00e3o de nome Requerimento de Cola\u00e7\u00e3o de Grau Extraordin\u00e1ria Requerimento de Regime Domiciliar Requerimento de Inclus\u00e3o do Nome Social Aproveitamento de estudo realizado na UERN \u2013 autom\u00e1tico (equival\u00eancia cadastrada no SAE) Aproveitamento de estudo realizado na UERN \u2013 com aprecia\u00e7\u00e3o departamental Aproveitamento de estudo realizado em outra [&hellip;]<\/p>\n","protected":false},"author":10,"featured_media":0,"parent":0,"menu_order":0,"comment_status":"closed","ping_status":"closed","template":"","meta":{"footnotes":""},"class_list":["post-724","page","type-page","status-publish","hentry"],"_links":{"self":[{"href":"https:\/\/portal.uern.br\/patu\/letraslinguaportuguesa\/wp-json\/wp\/v2\/pages\/724","targetHints":{"allow":["GET"]}}],"collection":[{"href":"https:\/\/portal.uern.br\/patu\/letraslinguaportuguesa\/wp-json\/wp\/v2\/pages"}],"about":[{"href":"https:\/\/portal.uern.br\/patu\/letraslinguaportuguesa\/wp-json\/wp\/v2\/types\/page"}],"author":[{"embeddable":true,"href":"https:\/\/portal.uern.br\/patu\/letraslinguaportuguesa\/wp-json\/wp\/v2\/users\/10"}],"replies":[{"embeddable":true,"href":"https:\/\/portal.uern.br\/patu\/letraslinguaportuguesa\/wp-json\/wp\/v2\/comments?post=724"}],"version-history":[{"count":1,"href":"https:\/\/portal.uern.br\/patu\/letraslinguaportuguesa\/wp-json\/wp\/v2\/pages\/724\/revisions"}],"predecessor-version":[{"id":725,"href":"https:\/\/portal.uern.br\/patu\/letraslinguaportuguesa\/wp-json\/wp\/v2\/pages\/724\/revisions\/725"}],"wp:attachment":[{"href":"https:\/\/portal.uern.br\/patu\/letraslinguaportuguesa\/wp-json\/wp\/v2\/media?parent=724"}],"curies":[{"name":"wp","href":"https:\/\/api.w.org\/{rel}","templated":true}]}}