{"id":883,"date":"2023-08-09T21:10:29","date_gmt":"2023-08-10T00:10:29","guid":{"rendered":"https:\/\/portal.uern.br\/patu\/dme\/?page_id=883"},"modified":"2023-08-09T21:33:59","modified_gmt":"2023-08-10T00:33:59","slug":"programa-dos-componentes-curriculares","status":"publish","type":"page","link":"https:\/\/portal.uern.br\/patu\/dme\/programa-dos-componentes-curriculares\/","title":{"rendered":"Programas dos Componentes Curriculares"},"content":{"rendered":"<h2><span style=\"font-size: 12pt\">MATRIZ 2022.1<\/span><\/h2>\n<h2><span style=\"font-size: 12pt\">Disciplinas\u00a0do 1\u00ba Per\u00edodo<\/span><\/h2>\n<p><span style=\"font-size: 12pt\"><a href=\"http:\/\/www.uern.br\/controledepaginas\/patu-matematica-programa-disciplinas\/arquivos\/1518pgcc_leitura_e_produa%E2%80%A1a%C6%92o.pdf\">Leitura e Produ\u00e7\u00e3o<\/a><\/span><\/p>\n<p><span style=\"font-size: 12pt\"><a href=\"http:\/\/www.uern.br\/controledepaginas\/patu-matematica-programa-disciplinas\/arquivos\/1518la%E2%80%9Cgica.pdf\">L\u00f3gica<\/a><\/span><\/p>\n<p><span style=\"font-size: 12pt\"><a href=\"http:\/\/www.uern.br\/controledepaginas\/patu-matematica-programa-disciplinas\/arquivos\/1518matematica_i.pdf\">Matem\u00e1tica I<\/a><\/span><\/p>\n<p><span style=\"font-size: 12pt\"><a href=\"http:\/\/www.uern.br\/controledepaginas\/patu-matematica-programa-disciplinas\/arquivos\/1518matematica_ii.pdf\">Matem\u00e1tica II<\/a><\/span><\/p>\n<p><span style=\"font-size: 12pt\"><a href=\"http:\/\/www.uern.br\/controledepaginas\/patu-matematica-programa-disciplinas\/arquivos\/1518metodologia_do_trabalho_cientifico.pdf\">Metodologia do Trabalho Cient\u00edfico<\/a><\/span><\/p>\n<p>&nbsp;<\/p>\n<h2><span style=\"font-size: 12pt\">Disciplinas\u00a0do 2\u00ba Per\u00edodo<\/span><\/h2>\n<p><span style=\"font-size: 12pt\"><a href=\"http:\/\/www.uern.br\/controledepaginas\/patu-matematica-programa-disciplinas\/arquivos\/1518calculo_diferencial.pdf\">C\u00e1lculo Diferencial<\/a><\/span><\/p>\n<p><span style=\"font-size: 12pt\"><a href=\"http:\/\/www.uern.br\/controledepaginas\/patu-matematica-programa-disciplinas\/arquivos\/1518geometria_plana.pdf\">Geometria Plana<\/a><\/span><\/p>\n<p><span style=\"font-size: 12pt\"><a href=\"http:\/\/www.uern.br\/controledepaginas\/patu-matematica-programa-disciplinas\/arquivos\/1518pratica_de_ensino_de_matematica.pdf\">Pr\u00e1tica de Ensino da Matem\u00e1tica<\/a><\/span><\/p>\n<p><span style=\"font-size: 12pt\"><a href=\"http:\/\/www.uern.br\/controledepaginas\/patu-matematica-programa-disciplinas\/arquivos\/1518sociologia_da_educaa%E2%80%A1a%C6%92o.pdf\">Sociologia da Educa\u00e7\u00e3o<\/a><\/span><\/p>\n<p><span style=\"font-size: 12pt\"><a href=\"http:\/\/www.uern.br\/controledepaginas\/patu-matematica-programa-disciplinas\/arquivos\/1518uce.pdf\">Unidade Curricular de Extens\u00e3o &#8211; UCE VI<\/a><\/span><\/p>\n<p><span style=\"font-size: 12pt\"><a href=\"http:\/\/www.uern.br\/controledepaginas\/patu-matematica-programa-disciplinas\/arquivos\/1518vetores_e_geometria_analitica.pdf\">Vetores e Geometria Anal\u00edtica<\/a><\/span><\/p>\n<h2><span style=\"font-size: 12pt\">MATRIZ 2006.1<\/span><\/h2>\n<h2><span style=\"font-size: 12pt\">Disciplinas\u00a0do 1\u00ba Per\u00edodo<\/span><\/h2>\n<p>&nbsp;<\/p>\n<p><span style=\"font-size: 12pt\"><a href=\"https:\/\/www.uern.br\/controledepaginas\/patu-matematica-programa-disciplinas\/arquivos\/1518filosofia_da_educaa%C2%A7a%C2%A3o_matema%C2%A1tica.pdf\">Filosofia da Educa\u00e7\u00e3o Matematica<\/a><\/span><\/p>\n<p><span style=\"font-size: 12pt\"><a href=\"https:\/\/www.uern.br\/controledepaginas\/patu-matematica-programa-disciplinas\/arquivos\/1518fundamentos_da_matema%C2%A1tica.pdf\">Fundamentos da Matem\u00e1tica<\/a><\/span><\/p>\n<p><span style=\"font-size: 12pt\"><a href=\"https:\/\/www.uern.br\/controledepaginas\/patu-matematica-programa-disciplinas\/arquivos\/1518geometria_euclidiana_no_plano.pdf\">Geometria Euclidiana no Plano<\/a><\/span><\/p>\n<p><span style=\"font-size: 12pt\"><a href=\"https:\/\/www.uern.br\/controledepaginas\/patu-matematica-programa-disciplinas\/arquivos\/1518produa%C2%A7a%C2%A3o_textual.pdf\">Produ\u00e7\u00e3o Textual<\/a><\/span><\/p>\n<p><span style=\"font-size: 12pt\"><a href=\"https:\/\/www.uern.br\/controledepaginas\/patu-matematica-programa-disciplinas\/arquivos\/1518sociologia_da_educaa%C2%A7a%C2%A3o.pdf\">Sociologia da Educa\u00e7\u00e3o<\/a><\/span><\/p>\n<p>&nbsp;<\/p>\n<h2><span style=\"font-size: 12pt\">Disciplinas\u00a0do 2\u00ba Per\u00edodo<\/span><\/h2>\n<p>&nbsp;<\/p>\n<p><span style=\"font-size: 12pt\"><a href=\"https:\/\/www.uern.br\/controledepaginas\/patu-matematica-programa-disciplinas\/arquivos\/1518estudo_das_funa%C2%A7a%C2%B5es.pdf\">Estudo das Fun\u00e7\u00f5es<\/a><\/span><\/p>\n<p><span style=\"font-size: 12pt\"><a href=\"https:\/\/www.uern.br\/controledepaginas\/patu-matematica-programa-disciplinas\/arquivos\/1518estrutura_e_funcionamento_do_ensino_ba%C2%A1sico.pdf\">Estrutura e Funcionamento do Ensino B\u00e1sico<\/a><\/span><\/p>\n<p><span style=\"font-size: 12pt\"><a href=\"https:\/\/www.uern.br\/controledepaginas\/patu-matematica-programa-disciplinas\/arquivos\/1518geometria_euclidiana_no_espaa%C2%A7o.pdf\">Geometria Euclidiana no Espa\u00e7o<\/a><\/span><\/p>\n<p><span style=\"font-size: 12pt\"><a href=\"https:\/\/www.uern.br\/controledepaginas\/patu-matematica-programa-disciplinas\/arquivos\/1518psicologia_da_educaa%C2%A7a%C2%A3o.pdf\">Psicologia da Educa\u00e7\u00e3o<\/a><\/span><\/p>\n<p><span style=\"font-size: 12pt\"><a href=\"https:\/\/www.uern.br\/controledepaginas\/patu-matematica-programa-disciplinas\/arquivos\/1518estudo_da_trigonometria_e_dos_nameros_complexos.pdf\">Estudo da Trigonometria e dos N\u00fameros Complexos<\/a><\/span><\/p>\n<p>&nbsp;<\/p>\n<h2><span style=\"font-size: 12pt\">Disciplinas\u00a0do 3\u00ba Per\u00edodo<\/span><\/h2>\n<p>&nbsp;<\/p>\n<p><span style=\"font-size: 12pt\"><a href=\"https:\/\/www.uern.br\/controledepaginas\/patu-matematica-programa-disciplinas\/arquivos\/1518estudo_das_matrizes_e_equaa%C2%A7a%C2%B5es_polinomiais.pdf\">Estudo das Matrizes e Equa\u00e7\u00f5es Polinominais<\/a><\/span><\/p>\n<p><span style=\"font-size: 12pt\"><a href=\"https:\/\/www.uern.br\/controledepaginas\/patu-matematica-programa-disciplinas\/arquivos\/1518informa%C2%A1tica_ba%C2%A1sica.pdf\">Inform\u00e1tica B\u00e1sica<\/a><\/span><\/p>\n<p><span style=\"font-size: 12pt\"><a href=\"https:\/\/www.uern.br\/controledepaginas\/patu-matematica-programa-disciplinas\/arquivos\/1518laborata%C2%B3rio_de_pra%C2%A1tica_de_ensino_aprendizagem_em_matema%C2%A1tica_i.pdf\">Laborat\u00f3rio de Pr\u00e1tica de Ensino-Aprendizagem em matem\u00e1tica I<\/a><\/span><\/p>\n<p><span style=\"font-size: 12pt\"><a href=\"https:\/\/www.uern.br\/controledepaginas\/patu-matematica-programa-disciplinas\/arquivos\/1518la%C2%B3gica_e_matema%C2%A1tica_discreta.pdf\">L\u00f3gica e Matem\u00e1tica Discreta<\/a><\/span><\/p>\n<p><span style=\"font-size: 12pt\"><a href=\"https:\/\/www.uern.br\/controledepaginas\/patu-matematica-programa-disciplinas\/arquivos\/1518princa%C2%ADpio_da_contagem.pdf\">Princ\u00edpios da Contagem<\/a><\/span><\/p>\n<p>&nbsp;<\/p>\n<h2><span style=\"font-size: 12pt\">Disciplinas\u00a0do 4\u00ba Per\u00edodo<\/span><\/h2>\n<p>&nbsp;<\/p>\n<p><span style=\"font-size: 12pt\"><a href=\"https:\/\/www.uern.br\/controledepaginas\/patu-matematica-programa-disciplinas\/arquivos\/1518dida%C2%A1tica_da_matema%C2%A1tica.pdf\">Did\u00e1tica da Matem\u00e1tica<\/a><\/span><\/p>\n<p><span style=\"font-size: 12pt\"><a href=\"https:\/\/www.uern.br\/controledepaginas\/patu-matematica-programa-disciplinas\/arquivos\/1518ca%C2%A1lculo_diferencial_e_integral_a.pdf\">C\u00e1lculo Diferencial e Integral A<\/a><\/span><\/p>\n<p><span style=\"font-size: 12pt\"><a href=\"https:\/\/www.uern.br\/controledepaginas\/patu-matematica-programa-disciplinas\/arquivos\/1518algebra_vetorial_e_geometria_anala%C2%ADtica.pdf\">\u00c1lgebra Vetorial e Geometria Anal\u00edtica<\/a><\/span><\/p>\n<p><span style=\"font-size: 12pt\"><a href=\"https:\/\/www.uern.br\/controledepaginas\/patu-matematica-programa-disciplinas\/arquivos\/1518estata%C2%ADstica_descritiva.pdf\">Estat\u00edstica Descritiva<\/a><\/span><\/p>\n<p><span style=\"font-size: 12pt\"><a href=\"https:\/\/www.uern.br\/controledepaginas\/patu-matematica-programa-disciplinas\/arquivos\/1518teoria_dos_conjuntos.pdf\">Teoria dos Conjuntos<\/a><\/span><\/p>\n<p>&nbsp;<\/p>\n<h2><span style=\"font-size: 12pt\">Disciplinas\u00a0do 5\u00ba Per\u00edodo<\/span><\/h2>\n<p>&nbsp;<\/p>\n<p><span style=\"font-size: 12pt\"><a href=\"https:\/\/www.uern.br\/controledepaginas\/patu-matematica-programa-disciplinas\/arquivos\/1518algebra_linear_a.pdf\">Algebra Linear A<\/a><\/span><\/p>\n<p><span style=\"font-size: 12pt\"><a href=\"https:\/\/www.uern.br\/controledepaginas\/patu-matematica-programa-disciplinas\/arquivos\/1518ca%C2%A1lculo_diferencial_e_integral_b.pdf\">C\u00e1lculo Diferencial e Integral B<\/a><\/span><\/p>\n<p><span style=\"font-size: 12pt\"><a href=\"https:\/\/www.uern.br\/controledepaginas\/patu-matematica-programa-disciplinas\/arquivos\/1518laborata%C2%B3rio_de_pra%C2%A1tica_de_ensino_aprendizagem_em_matema%C2%A1tica_ii.pdf\">Laborat\u00f3rio de Pr\u00e1tica de Ensino-Aprendizagem em Matem\u00e1tica II<\/a><\/span><\/p>\n<p><span style=\"font-size: 12pt\"><a href=\"https:\/\/www.uern.br\/controledepaginas\/patu-matematica-programa-disciplinas\/arquivos\/1518orientaa%C2%A7a%C2%A3o_e_esta%C2%A1gio_supervisionado_em_ensino_de_matema%C2%A1tica_i.pdf\">Orienta\u00e7\u00e3o e Est\u00e1gio Supervisionado em Ensino de Matem\u00e1tica I<\/a><\/span><\/p>\n<p><span style=\"font-size: 12pt\"><a href=\"https:\/\/www.uern.br\/controledepaginas\/patu-matematica-programa-disciplinas\/arquivos\/1518produa%C2%A7a%C2%A3o_de_trabalhos_acadamicos_cienta%C2%ADficos.pdf\">Produ\u00e7\u00e3o de Trabalhos Acad\u00eamicos Cient\u00edficos<\/a><\/span><\/p>\n<p><span style=\"font-size: 12pt\"><a href=\"https:\/\/www.uern.br\/controledepaginas\/patu-matematica-programa-disciplinas\/arquivos\/1518teoria_elementar_dos_nameros.pdf\">Teoria Elementar dos N\u00fameros<\/a><\/span><\/p>\n<p>&nbsp;<\/p>\n<h2><span style=\"font-size: 12pt\">Disciplinas\u00a0do 6\u00ba Per\u00edodo<\/span><\/h2>\n<p>&nbsp;<\/p>\n<p><span style=\"font-size: 12pt\"><a href=\"https:\/\/www.uern.br\/controledepaginas\/patu-matematica-programa-disciplinas\/arquivos\/1518ca%C2%A1lculo_diferencial_e_integral_c.pdf\">C\u00e1lculo Diferencial e Integral C<\/a><\/span><\/p>\n<p><span style=\"font-size: 12pt\"><a href=\"https:\/\/www.uern.br\/controledepaginas\/patu-matematica-programa-disciplinas\/arquivos\/1518laborata%C2%B3rio_de_pra%C2%A1tica_de_ensino_aprendizagem_em_matema%C2%A1tica_iii.pdf\">Laborat\u00f3rio de Pr\u00e1tica de Ensino-Aprendizagem em Matem\u00e1tica III<\/a><\/span><\/p>\n<p><span style=\"font-size: 12pt\"><a href=\"https:\/\/www.uern.br\/controledepaginas\/patu-matematica-programa-disciplinas\/arquivos\/1518algebra_linear_b.pdf\">\u00c1lgebra Linear B<\/a><\/span><\/p>\n<p><span style=\"font-size: 12pt\"><a href=\"https:\/\/www.uern.br\/controledepaginas\/patu-matematica-programa-disciplinas\/arquivos\/1518estata%C2%ADstica_probabila%C2%ADstica.pdf\">Estat\u00edstica Probabil\u00edstica<\/a><\/span><\/p>\n<p><span style=\"font-size: 12pt\"><a href=\"https:\/\/www.uern.br\/controledepaginas\/patu-matematica-programa-disciplinas\/arquivos\/1518libras.pdf\">L\u00edngua\u00a0Brasileira de Sinais &#8211; LIBRAS<\/a><\/span><\/p>\n<p><span style=\"font-size: 12pt\"><a href=\"https:\/\/www.uern.br\/controledepaginas\/patu-matematica-programa-disciplinas\/arquivos\/1518orientaa%C2%A7a%C2%A3o_e_esta%C2%A1gio_supervisionado_em_ensino_de_matema%C2%A1tica_ii.pdf\">Orienta\u00e7\u00e3o e Est\u00e1gio Supervisionado em Ensino de Matem\u00e1tica II<\/a><\/span><\/p>\n<p>&nbsp;<\/p>\n<h2><span style=\"font-size: 12pt\">Disciplinas\u00a0do 7\u00ba Per\u00edodo<\/span><\/h2>\n<p>&nbsp;<\/p>\n<p><span style=\"font-size: 12pt\"><a href=\"https:\/\/www.uern.br\/controledepaginas\/patu-matematica-programa-disciplinas\/arquivos\/1518desenvolvimento_do_conhecimento_matema%C2%A1tico.pdf\">Desenvolvimento do Conhecimento Matem\u00e1tico<\/a><\/span><\/p>\n<p><span style=\"font-size: 12pt\"><a href=\"https:\/\/www.uern.br\/controledepaginas\/patu-matematica-programa-disciplinas\/arquivos\/1518elementos_da_meca%C2%A2nica_cla%C2%A1ssica_e_termodina%C2%A2mica.pdf\">Elementos de Mec\u00e2nica Cl\u00e1ssica e Termodin\u00e2mica<\/a><\/span><\/p>\n<p><span style=\"font-size: 12pt\"><a href=\"https:\/\/www.uern.br\/controledepaginas\/patu-matematica-programa-disciplinas\/arquivos\/1518equaa%C2%A7a%C2%B5es_diferenciais_ordina%C2%A1rias.pdf\">Equa\u00e7\u00f5es Diferenciais Ordin\u00e1rias<\/a><\/span><\/p>\n<p><span style=\"font-size: 12pt\"><a href=\"https:\/\/www.uern.br\/controledepaginas\/patu-matematica-programa-disciplinas\/arquivos\/1518introdua%C2%A7a%C2%A3o_a_algebra_abstrata.pdf\">Introdu\u00e7\u00e3o a Algebra Abstrata<\/a><\/span><\/p>\n<p><span style=\"font-size: 12pt\"><a href=\"https:\/\/www.uern.br\/controledepaginas\/patu-matematica-programa-disciplinas\/arquivos\/1518laborata%C2%B3rio_de_pra%C2%A1tica_de_ensino_aprendizagem_em_matema%C2%A1tica_iv.pdf\">Laborat\u00f3rio de Pr\u00e1tica de Ensino-Aprendizagem em Matem\u00e1tica IV<\/a><\/span><\/p>\n<p><span style=\"font-size: 12pt\"><a href=\"https:\/\/www.uern.br\/controledepaginas\/patu-matematica-programa-disciplinas\/arquivos\/1518orientaa%C2%A7a%C2%A3o_e_esta%C2%A1gio_supervisionado_em_ensino_de_matema%C2%A1tica_iii.pdf\">Orienta\u00e7\u00e3o e Est\u00e1gio Supervisionado em Matem\u00e1tica III<\/a><\/span><\/p>\n<p><span style=\"font-size: 12pt\"><a href=\"https:\/\/www.uern.br\/controledepaginas\/patu-matematica-programa-disciplinas\/arquivos\/1518tcc_i.pdf\">Trabalho de Conclus\u00e3o de Curso I<\/a><\/span><\/p>\n<p>&nbsp;<\/p>\n<h2><span style=\"font-size: 12pt\">Disciplinas\u00a0do 8\u00ba Per\u00edodo<\/span><\/h2>\n<p>&nbsp;<\/p>\n<p><span style=\"font-size: 12pt\"><a href=\"https:\/\/www.uern.br\/controledepaginas\/patu-matematica-programa-disciplinas\/arquivos\/1518matema%C2%A1tica_financeira.pdf\">Matem\u00e1tica Financeira<\/a><\/span><\/p>\n<p><span style=\"font-size: 12pt\"><a href=\"https:\/\/www.uern.br\/controledepaginas\/patu-matematica-programa-disciplinas\/arquivos\/1518ca%C2%A1lculo_numa%C2%A9rico.pdf\">C\u00e1lculo Num\u00e9rico<\/a><\/span><\/p>\n<p><span style=\"font-size: 12pt\"><a href=\"https:\/\/www.uern.br\/controledepaginas\/patu-matematica-programa-disciplinas\/arquivos\/1518introdua%C2%A7a%C2%A3o_a_analise_matema%C2%A1tica.pdf\">Introdu\u00e7\u00e3o \u00e0 An\u00e1lise Matem\u00e1tica<\/a><\/span><\/p>\n<p><span style=\"font-size: 12pt\"><a href=\"https:\/\/www.uern.br\/controledepaginas\/patu-matematica-programa-disciplinas\/arquivos\/1518orientaa%C2%A7a%C2%A3o_e_esta%C2%A1gio_supervisionado_em_ensino_de_matema%C2%A1tica_iv.pdf\">Orienta\u00e7\u00e3o e Est\u00e1gio Supervisionado em Ensino de Matem\u00e1tica IV<\/a><\/span><\/p>\n<p><span style=\"font-size: 12pt\"><a href=\"https:\/\/www.uern.br\/controledepaginas\/patu-matematica-programa-disciplinas\/arquivos\/1518tcc_ii.pdf\">Trabalho de Conclus\u00e3o de Curso II<\/a><\/span><\/p>\n","protected":false},"excerpt":{"rendered":"<p>MATRIZ 2022.1 Disciplinas\u00a0do 1\u00ba Per\u00edodo Leitura e Produ\u00e7\u00e3o L\u00f3gica Matem\u00e1tica I Matem\u00e1tica II Metodologia do Trabalho Cient\u00edfico &nbsp; Disciplinas\u00a0do 2\u00ba Per\u00edodo C\u00e1lculo Diferencial Geometria Plana Pr\u00e1tica de Ensino da Matem\u00e1tica Sociologia da Educa\u00e7\u00e3o Unidade Curricular de Extens\u00e3o &#8211; UCE VI Vetores e Geometria Anal\u00edtica MATRIZ 2006.1 Disciplinas\u00a0do 1\u00ba Per\u00edodo &nbsp; Filosofia da Educa\u00e7\u00e3o Matematica Fundamentos [&hellip;]<\/p>\n","protected":false},"author":12,"featured_media":0,"parent":0,"menu_order":0,"comment_status":"closed","ping_status":"closed","template":"","meta":{"footnotes":""},"class_list":["post-883","page","type-page","status-publish","hentry"],"_links":{"self":[{"href":"https:\/\/portal.uern.br\/patu\/dme\/wp-json\/wp\/v2\/pages\/883","targetHints":{"allow":["GET"]}}],"collection":[{"href":"https:\/\/portal.uern.br\/patu\/dme\/wp-json\/wp\/v2\/pages"}],"about":[{"href":"https:\/\/portal.uern.br\/patu\/dme\/wp-json\/wp\/v2\/types\/page"}],"author":[{"embeddable":true,"href":"https:\/\/portal.uern.br\/patu\/dme\/wp-json\/wp\/v2\/users\/12"}],"replies":[{"embeddable":true,"href":"https:\/\/portal.uern.br\/patu\/dme\/wp-json\/wp\/v2\/comments?post=883"}],"version-history":[{"count":6,"href":"https:\/\/portal.uern.br\/patu\/dme\/wp-json\/wp\/v2\/pages\/883\/revisions"}],"predecessor-version":[{"id":895,"href":"https:\/\/portal.uern.br\/patu\/dme\/wp-json\/wp\/v2\/pages\/883\/revisions\/895"}],"wp:attachment":[{"href":"https:\/\/portal.uern.br\/patu\/dme\/wp-json\/wp\/v2\/media?parent=883"}],"curies":[{"name":"wp","href":"https:\/\/api.w.org\/{rel}","templated":true}]}}