{"id":681,"date":"2023-07-07T18:38:42","date_gmt":"2023-07-07T21:38:42","guid":{"rendered":"https:\/\/portal.uern.br\/patu\/dme\/?page_id=681"},"modified":"2023-07-07T18:38:42","modified_gmt":"2023-07-07T21:38:42","slug":"eventos","status":"publish","type":"page","link":"https:\/\/portal.uern.br\/patu\/dme\/eventos\/","title":{"rendered":"Eventos"},"content":{"rendered":"<h3><strong>Eventos Internos:<\/strong><\/h3>\n<p>O Departamento de Matem\u00e1tica realiza a Semana da Matem\u00e1tica, envolvendo professores do Departamento e Professores convidados de outras Universidades, na qual aborda temas relevantes para a Educa\u00e7\u00e3o Matem\u00e1tica, atrav\u00e9s de palestras.<\/p>\n<p>&nbsp;<\/p>\n","protected":false},"excerpt":{"rendered":"<p>Eventos Internos: O Departamento de Matem\u00e1tica realiza a Semana da Matem\u00e1tica, envolvendo professores do Departamento e Professores convidados de outras Universidades, na qual aborda temas relevantes para a Educa\u00e7\u00e3o Matem\u00e1tica, atrav\u00e9s de palestras. &nbsp;<\/p>\n","protected":false},"author":12,"featured_media":0,"parent":0,"menu_order":0,"comment_status":"closed","ping_status":"closed","template":"","meta":{"footnotes":""},"class_list":["post-681","page","type-page","status-publish","hentry"],"_links":{"self":[{"href":"https:\/\/portal.uern.br\/patu\/dme\/wp-json\/wp\/v2\/pages\/681","targetHints":{"allow":["GET"]}}],"collection":[{"href":"https:\/\/portal.uern.br\/patu\/dme\/wp-json\/wp\/v2\/pages"}],"about":[{"href":"https:\/\/portal.uern.br\/patu\/dme\/wp-json\/wp\/v2\/types\/page"}],"author":[{"embeddable":true,"href":"https:\/\/portal.uern.br\/patu\/dme\/wp-json\/wp\/v2\/users\/12"}],"replies":[{"embeddable":true,"href":"https:\/\/portal.uern.br\/patu\/dme\/wp-json\/wp\/v2\/comments?post=681"}],"version-history":[{"count":1,"href":"https:\/\/portal.uern.br\/patu\/dme\/wp-json\/wp\/v2\/pages\/681\/revisions"}],"predecessor-version":[{"id":682,"href":"https:\/\/portal.uern.br\/patu\/dme\/wp-json\/wp\/v2\/pages\/681\/revisions\/682"}],"wp:attachment":[{"href":"https:\/\/portal.uern.br\/patu\/dme\/wp-json\/wp\/v2\/media?parent=681"}],"curies":[{"name":"wp","href":"https:\/\/api.w.org\/{rel}","templated":true}]}}