{"id":668,"date":"2023-07-07T18:31:52","date_gmt":"2023-07-07T21:31:52","guid":{"rendered":"https:\/\/portal.uern.br\/patu\/dme\/?page_id=668"},"modified":"2023-07-07T18:45:35","modified_gmt":"2023-07-07T21:45:35","slug":"campo-de-estagio","status":"publish","type":"page","link":"https:\/\/portal.uern.br\/patu\/dme\/campo-de-estagio\/","title":{"rendered":"Campo de Est\u00e1gio"},"content":{"rendered":"<p>Como se trata de um Curso de Licenciatura, o est\u00e1gio do aluno de Matem\u00e1tica ser\u00e1 realizado em institui\u00e7\u00f5es p\u00fablicas de Educa\u00e7\u00e3o B\u00e1sica, mas admite-se, dentro da Proposta Pedag\u00f3gica do Curso, a possibilidade de realiza\u00e7\u00e3o do Est\u00e1gio Supervisionado em Institui\u00e7\u00f5es Privadas.<\/p>\n<p>O Campo de Est\u00e1gio para os alunos do Curso de Licenciatura em Matem\u00e1tica do Campus Avan\u00e7ado de Patu-CAP, ser\u00e1 realizado nas escolas elencadas abaixo:<\/p>\n<p>1. Gin\u00e1sio Comercial de Patu<\/p>\n<p>2. Escola Municipal Francisco Francelino de Moura<\/p>\n<p>3. Escola Estadual Jo\u00e3o Godeiro<\/p>\n<p>4. Escola Estadual Dr. Xavier Fernandes<\/p>\n<p>5. Escola Municipal Raimundo Rocha<\/p>\n<p>6. Escola Municipal Raimundo Nonato da Silva<\/p>\n<p>7. Educand\u00e1rio Santa Terezinha<\/p>\n<p>8. Escola Estadual Dr. Edino Jales<\/p>\n<p>&nbsp;<\/p>\n<ul>\n<li>Umarizal, Martins e Rafael Godeiro s\u00e3o as cidades escolhidas como P\u00f3lo Aglutinador.<\/li>\n<\/ul>\n","protected":false},"excerpt":{"rendered":"<p>Como se trata de um Curso de Licenciatura, o est\u00e1gio do aluno de Matem\u00e1tica ser\u00e1 realizado em institui\u00e7\u00f5es p\u00fablicas de Educa\u00e7\u00e3o B\u00e1sica, mas admite-se, dentro da Proposta Pedag\u00f3gica do Curso, a possibilidade de realiza\u00e7\u00e3o do Est\u00e1gio Supervisionado em Institui\u00e7\u00f5es Privadas. O Campo de Est\u00e1gio para os alunos do Curso de Licenciatura em Matem\u00e1tica do Campus [&hellip;]<\/p>\n","protected":false},"author":12,"featured_media":0,"parent":0,"menu_order":0,"comment_status":"closed","ping_status":"closed","template":"","meta":{"footnotes":""},"class_list":["post-668","page","type-page","status-publish","hentry"],"_links":{"self":[{"href":"https:\/\/portal.uern.br\/patu\/dme\/wp-json\/wp\/v2\/pages\/668","targetHints":{"allow":["GET"]}}],"collection":[{"href":"https:\/\/portal.uern.br\/patu\/dme\/wp-json\/wp\/v2\/pages"}],"about":[{"href":"https:\/\/portal.uern.br\/patu\/dme\/wp-json\/wp\/v2\/types\/page"}],"author":[{"embeddable":true,"href":"https:\/\/portal.uern.br\/patu\/dme\/wp-json\/wp\/v2\/users\/12"}],"replies":[{"embeddable":true,"href":"https:\/\/portal.uern.br\/patu\/dme\/wp-json\/wp\/v2\/comments?post=668"}],"version-history":[{"count":2,"href":"https:\/\/portal.uern.br\/patu\/dme\/wp-json\/wp\/v2\/pages\/668\/revisions"}],"predecessor-version":[{"id":693,"href":"https:\/\/portal.uern.br\/patu\/dme\/wp-json\/wp\/v2\/pages\/668\/revisions\/693"}],"wp:attachment":[{"href":"https:\/\/portal.uern.br\/patu\/dme\/wp-json\/wp\/v2\/media?parent=668"}],"curies":[{"name":"wp","href":"https:\/\/api.w.org\/{rel}","templated":true}]}}