{"id":638,"date":"2023-07-06T21:21:11","date_gmt":"2023-07-07T00:21:11","guid":{"rendered":"https:\/\/portal.uern.br\/patu\/dme\/?page_id=638"},"modified":"2023-07-06T21:21:37","modified_gmt":"2023-07-07T00:21:37","slug":"producao-docente","status":"publish","type":"page","link":"https:\/\/portal.uern.br\/patu\/dme\/producao-docente\/","title":{"rendered":"Produ\u00e7\u00e3o Docente"},"content":{"rendered":"<p>O departamento conclui o livro volume 1 contendo algumas monografias dos alunos de matem\u00e1tica do CAP-UERN em 2017, com o t\u00edtulo: \u201cprodu\u00e7\u00e3o cient\u00edfica do departamento de matem\u00e1tica CAP-UERN: o uso de jogos no processo de ensino e aprendizagem nas aulas de matem\u00e1tica,&#8221; para ter acesso a tal obra basta acessar a p\u00e1gina <a href=\"https:\/\/issuu.com\/eduern\/docs\/produ____es_cient__ficas_do_departa\">https:\/\/issuu.com\/eduern\/docs\/produ____es_cient__ficas_do_departa<\/a>.<\/p>\n","protected":false},"excerpt":{"rendered":"<p>O departamento conclui o livro volume 1 contendo algumas monografias dos alunos de matem\u00e1tica do CAP-UERN em 2017, com o t\u00edtulo: \u201cprodu\u00e7\u00e3o cient\u00edfica do departamento de matem\u00e1tica CAP-UERN: o uso de jogos no processo de ensino e aprendizagem nas aulas de matem\u00e1tica,&#8221; para ter acesso a tal obra basta acessar a p\u00e1gina https:\/\/issuu.com\/eduern\/docs\/produ____es_cient__ficas_do_departa.<\/p>\n","protected":false},"author":11,"featured_media":0,"parent":0,"menu_order":0,"comment_status":"closed","ping_status":"closed","template":"","meta":{"footnotes":""},"class_list":["post-638","page","type-page","status-publish","hentry"],"_links":{"self":[{"href":"https:\/\/portal.uern.br\/patu\/dme\/wp-json\/wp\/v2\/pages\/638","targetHints":{"allow":["GET"]}}],"collection":[{"href":"https:\/\/portal.uern.br\/patu\/dme\/wp-json\/wp\/v2\/pages"}],"about":[{"href":"https:\/\/portal.uern.br\/patu\/dme\/wp-json\/wp\/v2\/types\/page"}],"author":[{"embeddable":true,"href":"https:\/\/portal.uern.br\/patu\/dme\/wp-json\/wp\/v2\/users\/11"}],"replies":[{"embeddable":true,"href":"https:\/\/portal.uern.br\/patu\/dme\/wp-json\/wp\/v2\/comments?post=638"}],"version-history":[{"count":2,"href":"https:\/\/portal.uern.br\/patu\/dme\/wp-json\/wp\/v2\/pages\/638\/revisions"}],"predecessor-version":[{"id":640,"href":"https:\/\/portal.uern.br\/patu\/dme\/wp-json\/wp\/v2\/pages\/638\/revisions\/640"}],"wp:attachment":[{"href":"https:\/\/portal.uern.br\/patu\/dme\/wp-json\/wp\/v2\/media?parent=638"}],"curies":[{"name":"wp","href":"https:\/\/api.w.org\/{rel}","templated":true}]}}