{"id":624,"date":"2023-07-06T21:06:25","date_gmt":"2023-07-07T00:06:25","guid":{"rendered":"https:\/\/portal.uern.br\/patu\/dme\/?page_id=624"},"modified":"2023-07-06T21:06:33","modified_gmt":"2023-07-07T00:06:33","slug":"graduacao","status":"publish","type":"page","link":"https:\/\/portal.uern.br\/patu\/dme\/graduacao\/","title":{"rendered":"Gradua\u00e7\u00e3o"},"content":{"rendered":"<p>O Departamento de Matem\u00e1tica \u00e9 respons\u00e1vel pela\u00a0<a title=\"Curso de Matem\u00e1tica - Campus de Patu\" href=\"http:\/\/patu.uern.br\/matematica\/default.asp?item=patu-matematica-matriz-curricular\">Licenciatura em Matem\u00e1tica<\/a>.<\/p>\n","protected":false},"excerpt":{"rendered":"<p>O Departamento de Matem\u00e1tica \u00e9 respons\u00e1vel pela\u00a0Licenciatura em Matem\u00e1tica.<\/p>\n","protected":false},"author":11,"featured_media":0,"parent":0,"menu_order":0,"comment_status":"closed","ping_status":"closed","template":"","meta":{"footnotes":""},"class_list":["post-624","page","type-page","status-publish","hentry"],"_links":{"self":[{"href":"https:\/\/portal.uern.br\/patu\/dme\/wp-json\/wp\/v2\/pages\/624","targetHints":{"allow":["GET"]}}],"collection":[{"href":"https:\/\/portal.uern.br\/patu\/dme\/wp-json\/wp\/v2\/pages"}],"about":[{"href":"https:\/\/portal.uern.br\/patu\/dme\/wp-json\/wp\/v2\/types\/page"}],"author":[{"embeddable":true,"href":"https:\/\/portal.uern.br\/patu\/dme\/wp-json\/wp\/v2\/users\/11"}],"replies":[{"embeddable":true,"href":"https:\/\/portal.uern.br\/patu\/dme\/wp-json\/wp\/v2\/comments?post=624"}],"version-history":[{"count":1,"href":"https:\/\/portal.uern.br\/patu\/dme\/wp-json\/wp\/v2\/pages\/624\/revisions"}],"predecessor-version":[{"id":625,"href":"https:\/\/portal.uern.br\/patu\/dme\/wp-json\/wp\/v2\/pages\/624\/revisions\/625"}],"wp:attachment":[{"href":"https:\/\/portal.uern.br\/patu\/dme\/wp-json\/wp\/v2\/media?parent=624"}],"curies":[{"name":"wp","href":"https:\/\/api.w.org\/{rel}","templated":true}]}}