{"id":619,"date":"2023-07-06T20:48:43","date_gmt":"2023-07-06T23:48:43","guid":{"rendered":"https:\/\/portal.uern.br\/patu\/dme\/?page_id=619"},"modified":"2023-07-06T20:48:43","modified_gmt":"2023-07-06T23:48:43","slug":"quadro-tecnico-administrativo","status":"publish","type":"page","link":"https:\/\/portal.uern.br\/patu\/dme\/quadro-tecnico-administrativo\/","title":{"rendered":"Quadro T\u00e9cnico-Administrativo"},"content":{"rendered":"<table cellspacing=\"5\">\n<tbody>\n<tr>\n<td><strong>Nome<\/strong><\/td>\n<td><strong>Qualifica\u00e7\u00e3o<\/strong><\/p>\n<p><strong>Profissional<\/strong><\/td>\n<td>\u00a0<strong>Titula\u00e7\u00e3o<\/strong><\/td>\n<td><strong>Regime\u00a0<\/strong><\/p>\n<p><strong>de<\/strong><\/p>\n<p><strong>trabalho<\/strong><\/td>\n<td><strong>E-mail<\/strong><\/td>\n<\/tr>\n<tr>\n<td>Adriana Andrade Lira<\/td>\n<td>Bacharel em Ci\u00eancias Cont\u00e1beis<\/td>\n<td>Especialista<\/td>\n<td>40<\/td>\n<td><a href=\"mailto:adrianalira@uern.br\">adrianalira@uern.br<\/a><\/td>\n<\/tr>\n<tr>\n<td>Maria K\u00edlvia da Silva Ferreira<\/td>\n<td>Lic. em\u00a0Geografia<\/td>\n<td>Especialista<\/td>\n<td>40<\/td>\n<td><a href=\"mailto:mariakilvia@uern.br\">mariakilvia@uern.br<\/a><\/td>\n<\/tr>\n<\/tbody>\n<\/table>\n","protected":false},"excerpt":{"rendered":"<p>Nome Qualifica\u00e7\u00e3o Profissional \u00a0Titula\u00e7\u00e3o Regime\u00a0 de trabalho E-mail Adriana Andrade Lira Bacharel em Ci\u00eancias Cont\u00e1beis Especialista 40 adrianalira@uern.br Maria K\u00edlvia da Silva Ferreira Lic. em\u00a0Geografia Especialista 40 mariakilvia@uern.br<\/p>\n","protected":false},"author":12,"featured_media":0,"parent":0,"menu_order":0,"comment_status":"closed","ping_status":"closed","template":"","meta":{"footnotes":""},"class_list":["post-619","page","type-page","status-publish","hentry"],"_links":{"self":[{"href":"https:\/\/portal.uern.br\/patu\/dme\/wp-json\/wp\/v2\/pages\/619","targetHints":{"allow":["GET"]}}],"collection":[{"href":"https:\/\/portal.uern.br\/patu\/dme\/wp-json\/wp\/v2\/pages"}],"about":[{"href":"https:\/\/portal.uern.br\/patu\/dme\/wp-json\/wp\/v2\/types\/page"}],"author":[{"embeddable":true,"href":"https:\/\/portal.uern.br\/patu\/dme\/wp-json\/wp\/v2\/users\/12"}],"replies":[{"embeddable":true,"href":"https:\/\/portal.uern.br\/patu\/dme\/wp-json\/wp\/v2\/comments?post=619"}],"version-history":[{"count":1,"href":"https:\/\/portal.uern.br\/patu\/dme\/wp-json\/wp\/v2\/pages\/619\/revisions"}],"predecessor-version":[{"id":620,"href":"https:\/\/portal.uern.br\/patu\/dme\/wp-json\/wp\/v2\/pages\/619\/revisions\/620"}],"wp:attachment":[{"href":"https:\/\/portal.uern.br\/patu\/dme\/wp-json\/wp\/v2\/media?parent=619"}],"curies":[{"name":"wp","href":"https:\/\/api.w.org\/{rel}","templated":true}]}}