{"id":597,"date":"2023-07-05T21:26:24","date_gmt":"2023-07-06T00:26:24","guid":{"rendered":"https:\/\/portal.uern.br\/patu\/dme\/?page_id=597"},"modified":"2025-10-21T15:18:27","modified_gmt":"2025-10-21T18:18:27","slug":"docentes","status":"publish","type":"page","link":"https:\/\/portal.uern.br\/patu\/dme\/apresentacao\/docentes\/","title":{"rendered":"Corpo Docente"},"content":{"rendered":"<p>O quadro docente do Departamento de Matem\u00e1tica e Estat\u00edstica, respons\u00e1vel pelo desenvolvimento did\u00e1tico pedag\u00f3gico das disciplinas aglutinadoras afins do Curso de Gradua\u00e7\u00e3o em Matem\u00e1tica na Modalidade de Licenciatura, apresenta a seguinte forma\u00e7\u00e3o:<\/p>\n<table style=\"border-collapse: collapse;width: 100%;height: 408px\">\n<tbody>\n<tr style=\"height: 24px\">\n<td style=\"width: 20%;height: 24px\"><span style=\"font-size: 8pt\"><strong>Nome<\/strong><\/span><\/td>\n<td style=\"width: 20.1311%;height: 24px\"><span style=\"font-size: 8pt\"><strong>Forma\u00e7\u00e3o profissional<\/strong><\/span><\/td>\n<td style=\"width: 19.8689%;height: 24px\"><span style=\"font-size: 8pt\"><strong>Titula\u00e7\u00e3o\u00a0<\/strong><\/span><\/td>\n<td style=\"width: 5%;height: 24px\"><span style=\"font-size: 8pt\"><strong>Regime de Trabalho<\/strong><\/span><\/td>\n<td style=\"width: 10%;height: 24px\"><span style=\"font-size: 8pt\"><strong>E-mail<\/strong><\/span><\/td>\n<td style=\"width: 10%;height: 24px\"><span style=\"font-size: 8pt\"><strong>Lattes<\/strong><\/span><\/td>\n<\/tr>\n<tr style=\"height: 48px\">\n<td style=\"width: 20%;height: 48px\"><a href=\"https:\/\/sigaa.uern.br\/sigaa\/public\/docente\/portal.jsf?siape=3319\">Antonio Josim\u00e1rio Soares de Oliveira<\/a><\/td>\n<td style=\"width: 20.1311%;height: 48px\">Lic. em Matem\u00e1tica<\/td>\n<td style=\"width: 19.8689%;height: 48px\">Mestre<\/td>\n<td style=\"width: 5%;height: 48px\">40<\/td>\n<td class=\"tdemail\" style=\"width: 10%;height: 48px\"><a href=\"mailto:josimariooliveira@uern.br\">josimariooliveira@uern.br<\/a><\/td>\n<td style=\"width: 10%;height: 48px\"><a href=\"http:\/\/buscatextual.cnpq.br\/buscatextual\/visualizacv.do?id=K4291591U1\" target=\"_blank\" rel=\"noopener\"><img decoding=\"async\" title=\"Curriculum LATTES\" src=\"https:\/\/www.uern.br\/img\/icones_lattes.png\" width=\"30\" height=\"30\" \/><\/a><\/td>\n<\/tr>\n<tr style=\"height: 48px\">\n<td style=\"width: 20%;height: 48px\"><a href=\"https:\/\/sigaa.uern.br\/sigaa\/public\/docente\/portal.jsf?siape=8096\">Aurenildo Bezerra dos Santos<\/a><\/td>\n<td style=\"width: 20.1311%;height: 48px\">Lic. em Matem\u00e1tica<\/td>\n<td style=\"width: 19.8689%;height: 48px\">Mestre<\/td>\n<td style=\"width: 5%;height: 48px\">DE<\/td>\n<td class=\"tdemail\" style=\"width: 10%;height: 48px\"><a href=\"mailto:aurenildosantos@uern.br\">aurenildosantos@uern.br<\/a><\/td>\n<td style=\"width: 10%;height: 48px\"><a href=\"http:\/\/buscatextual.cnpq.br\/buscatextual\/visualizacv.do?id=K4473058Y5\" target=\"_blank\" rel=\"noopener\"><img decoding=\"async\" title=\"Curriculum LATTES\" src=\"https:\/\/www.uern.br\/img\/icones_lattes.png\" width=\"30\" height=\"30\" \/><\/a><\/td>\n<\/tr>\n<tr style=\"height: 48px\">\n<td style=\"width: 20%;height: 48px\"><a href=\"https:\/\/sigaa.uern.br\/sigaa\/public\/docente\/portal.jsf?siape=7983\">Brunno de Castro Trajano<\/a><\/td>\n<td style=\"width: 20.1311%;height: 48px\">Lic. em Matem\u00e1tica<\/td>\n<td style=\"width: 19.8689%;height: 48px\">Mestre<\/td>\n<td style=\"width: 5%;height: 48px\">40<\/td>\n<td class=\"tdemail\" style=\"width: 10%;height: 48px\"><a href=\"mailto:brunnotrajano@uern.br\">brunnotrajano@uern.br<\/a><\/td>\n<td style=\"width: 10%;height: 48px\"><a href=\"http:\/\/buscatextual.cnpq.br\/buscatextual\/visualizacv.do?id=K4238262D9\" target=\"_blank\" rel=\"noopener\"><img decoding=\"async\" title=\"Curriculum LATTES\" src=\"https:\/\/www.uern.br\/img\/icones_lattes.png\" width=\"30\" height=\"30\" \/><\/a><\/td>\n<\/tr>\n<tr style=\"height: 48px\">\n<td style=\"width: 20%;height: 48px\"><a href=\"https:\/\/sigaa.uern.br\/sigaa\/public\/docente\/portal.jsf?siape=7995\">Francin\u00e1rio Oliveira de Ara\u00fajo<\/a><\/td>\n<td style=\"width: 20.1311%;height: 48px\">Lic. em Matem\u00e1tica<\/td>\n<td style=\"width: 19.8689%;height: 48px\">Mestre<\/td>\n<td style=\"width: 5%;height: 48px\">DE<\/td>\n<td class=\"tdemail\" style=\"width: 10%;height: 48px\"><a href=\"mailto:francinariooliveira@uern.br\">francinariooliveira@uern.br<\/a><\/td>\n<td style=\"width: 10%;height: 48px\"><a href=\"http:\/\/buscatextual.cnpq.br\/buscatextual\/visualizacv.do?id=K4439747A3\" target=\"_blank\" rel=\"noopener\"><img decoding=\"async\" title=\"Curriculum LATTES\" src=\"https:\/\/www.uern.br\/img\/icones_lattes.png\" width=\"30\" height=\"30\" \/><\/a><\/td>\n<\/tr>\n<tr style=\"height: 48px\">\n<td style=\"width: 20%;height: 48px\"><a href=\"https:\/\/sigaa.uern.br\/sigaa\/public\/docente\/portal.jsf?siape=5344\">Manasses Pereira N\u00f3brega<\/a><\/td>\n<td style=\"width: 20.1311%;height: 48px\">Lic. em Matem\u00e1tica<\/td>\n<td style=\"width: 19.8689%;height: 48px\">Doutor<\/td>\n<td style=\"width: 5%;height: 48px\">DE<\/td>\n<td class=\"tdemail\" style=\"width: 10%;height: 48px\"><a href=\"mailto:manassespereira@uern.br\">manassespereira@uern.br<\/a><\/td>\n<td style=\"width: 10%;height: 48px\"><a href=\"http:\/\/buscatextual.cnpq.br\/buscatextual\/visualizacv.do?id=K4501208J6\" target=\"_blank\" rel=\"noopener\"><img decoding=\"async\" title=\"Curriculum LATTES\" src=\"https:\/\/www.uern.br\/img\/icones_lattes.png\" width=\"30\" height=\"30\" \/><\/a><\/td>\n<\/tr>\n<tr style=\"height: 48px\">\n<td style=\"width: 20%;height: 48px\"><a href=\"https:\/\/sigaa.uern.br\/sigaa\/public\/docente\/portal.jsf?siape=12273\">Roberto Mariano de Ara\u00fajo Filho<\/a><\/td>\n<td style=\"width: 20.1311%;height: 48px\">Lic. em Matem\u00e1tica<\/td>\n<td style=\"width: 19.8689%;height: 48px\">Doutor<\/td>\n<td style=\"width: 5%;height: 48px\">DE<\/td>\n<td class=\"tdemail\" style=\"width: 10%;height: 48px\"><a href=\"mailto:robertomariano@uern.br\">robertomariano@uern.br<\/a><\/td>\n<td style=\"width: 10%;height: 48px\"><a href=\"http:\/\/buscatextual.cnpq.br\/buscatextual\/visualizacv.do?id=K4201166H6\" target=\"_blank\" rel=\"noopener\"><img decoding=\"async\" title=\"Curriculum LATTES\" src=\"https:\/\/www.uern.br\/img\/icones_lattes.png\" width=\"30\" height=\"30\" \/><\/a><\/td>\n<\/tr>\n<tr style=\"height: 48px\">\n<td style=\"width: 20%;height: 48px\"><a href=\"https:\/\/sigaa.uern.br\/sigaa\/public\/docente\/portal.jsf?siape=12514\">Samilly Alexandre de Souza<\/a><\/td>\n<td style=\"width: 20.1311%;height: 48px\">Lic. em Materm\u00e1tica<\/td>\n<td style=\"width: 19.8689%;height: 48px\">Doutora<\/td>\n<td style=\"width: 5%;height: 48px\">DE<\/td>\n<td class=\"tdemail\" style=\"width: 10%;height: 48px\"><a href=\"mailto:samillysouza@uern.br\">samillysouza@uern.br<\/a><\/td>\n<td style=\"width: 10%;height: 48px\"><a href=\"http:\/\/buscatextual.cnpq.br\/buscatextual\/visualizacv.do?id=K4439427T6\" target=\"_blank\" rel=\"noopener\"><img decoding=\"async\" title=\"Curriculum LATTES\" src=\"https:\/\/www.uern.br\/img\/icones_lattes.png\" width=\"30\" height=\"30\" \/><\/a><\/td>\n<\/tr>\n<\/tbody>\n<\/table>\n","protected":false},"excerpt":{"rendered":"<p>O quadro docente do Departamento de Matem\u00e1tica e Estat\u00edstica, respons\u00e1vel pelo desenvolvimento did\u00e1tico pedag\u00f3gico das disciplinas aglutinadoras afins do Curso de Gradua\u00e7\u00e3o em Matem\u00e1tica na Modalidade de Licenciatura, apresenta a seguinte forma\u00e7\u00e3o: Nome Forma\u00e7\u00e3o profissional Titula\u00e7\u00e3o\u00a0 Regime de Trabalho E-mail Lattes Antonio Josim\u00e1rio Soares de Oliveira Lic. em Matem\u00e1tica Mestre 40 josimariooliveira@uern.br Aurenildo Bezerra dos [&hellip;]<\/p>\n","protected":false},"author":12,"featured_media":0,"parent":354,"menu_order":0,"comment_status":"closed","ping_status":"closed","template":"","meta":{"footnotes":""},"class_list":["post-597","page","type-page","status-publish","hentry"],"_links":{"self":[{"href":"https:\/\/portal.uern.br\/patu\/dme\/wp-json\/wp\/v2\/pages\/597","targetHints":{"allow":["GET"]}}],"collection":[{"href":"https:\/\/portal.uern.br\/patu\/dme\/wp-json\/wp\/v2\/pages"}],"about":[{"href":"https:\/\/portal.uern.br\/patu\/dme\/wp-json\/wp\/v2\/types\/page"}],"author":[{"embeddable":true,"href":"https:\/\/portal.uern.br\/patu\/dme\/wp-json\/wp\/v2\/users\/12"}],"replies":[{"embeddable":true,"href":"https:\/\/portal.uern.br\/patu\/dme\/wp-json\/wp\/v2\/comments?post=597"}],"version-history":[{"count":8,"href":"https:\/\/portal.uern.br\/patu\/dme\/wp-json\/wp\/v2\/pages\/597\/revisions"}],"predecessor-version":[{"id":1189,"href":"https:\/\/portal.uern.br\/patu\/dme\/wp-json\/wp\/v2\/pages\/597\/revisions\/1189"}],"up":[{"embeddable":true,"href":"https:\/\/portal.uern.br\/patu\/dme\/wp-json\/wp\/v2\/pages\/354"}],"wp:attachment":[{"href":"https:\/\/portal.uern.br\/patu\/dme\/wp-json\/wp\/v2\/media?parent=597"}],"curies":[{"name":"wp","href":"https:\/\/api.w.org\/{rel}","templated":true}]}}