{"id":1174,"date":"2025-05-08T18:32:10","date_gmt":"2025-05-08T21:32:10","guid":{"rendered":"https:\/\/portal.uern.br\/patu\/dme\/?page_id=1174"},"modified":"2025-10-21T15:31:29","modified_gmt":"2025-10-21T18:31:29","slug":"regimento-interno-do-laboratorio-de-pratica-do-ensino-de-matematica-lpem","status":"publish","type":"page","link":"https:\/\/portal.uern.br\/patu\/dme\/laboratorio-de-pratica-do-ensino-da-matematica-lpem\/regimento-interno-do-laboratorio-de-pratica-do-ensino-de-matematica-lpem\/","title":{"rendered":"Regimento Interno do Laborat\u00f3rio de Pr\u00e1tica do Ensino de Matem\u00e1tica &#8211; LPEM"},"content":{"rendered":"<p><a href=\"https:\/\/portal.uern.br\/patu\/dme\/wp-content\/uploads\/sites\/6\/2025\/05\/Regimento-Interno-do-Laboratorio-de-Pratica-do-Ensino-de-Matematica-LPEM.pdf\">Regimento Interno do Laborat\u00f3rio de Pr\u00e1tica do Ensino de Matem\u00e1tica &#8211; LPEM<\/a>.<\/p>\n","protected":false},"excerpt":{"rendered":"<p>Regimento Interno do Laborat\u00f3rio de Pr\u00e1tica do Ensino de Matem\u00e1tica &#8211; LPEM.<\/p>\n","protected":false},"author":12,"featured_media":0,"parent":1169,"menu_order":1,"comment_status":"closed","ping_status":"closed","template":"","meta":{"footnotes":""},"class_list":["post-1174","page","type-page","status-publish","hentry"],"_links":{"self":[{"href":"https:\/\/portal.uern.br\/patu\/dme\/wp-json\/wp\/v2\/pages\/1174","targetHints":{"allow":["GET"]}}],"collection":[{"href":"https:\/\/portal.uern.br\/patu\/dme\/wp-json\/wp\/v2\/pages"}],"about":[{"href":"https:\/\/portal.uern.br\/patu\/dme\/wp-json\/wp\/v2\/types\/page"}],"author":[{"embeddable":true,"href":"https:\/\/portal.uern.br\/patu\/dme\/wp-json\/wp\/v2\/users\/12"}],"replies":[{"embeddable":true,"href":"https:\/\/portal.uern.br\/patu\/dme\/wp-json\/wp\/v2\/comments?post=1174"}],"version-history":[{"count":2,"href":"https:\/\/portal.uern.br\/patu\/dme\/wp-json\/wp\/v2\/pages\/1174\/revisions"}],"predecessor-version":[{"id":1179,"href":"https:\/\/portal.uern.br\/patu\/dme\/wp-json\/wp\/v2\/pages\/1174\/revisions\/1179"}],"up":[{"embeddable":true,"href":"https:\/\/portal.uern.br\/patu\/dme\/wp-json\/wp\/v2\/pages\/1169"}],"wp:attachment":[{"href":"https:\/\/portal.uern.br\/patu\/dme\/wp-json\/wp\/v2\/media?parent=1174"}],"curies":[{"name":"wp","href":"https:\/\/api.w.org\/{rel}","templated":true}]}}