{"id":917,"date":"2023-09-01T08:54:48","date_gmt":"2023-09-01T11:54:48","guid":{"rendered":"https:\/\/portal.uern.br\/patu\/dlv\/?page_id=917"},"modified":"2025-05-26T11:03:58","modified_gmt":"2025-05-26T14:03:58","slug":"lapli","status":"publish","type":"page","link":"https:\/\/portal.uern.br\/patu\/dlv\/lapli\/","title":{"rendered":"Laborat\u00f3rio &#8211; LAPLI"},"content":{"rendered":"<p><img fetchpriority=\"high\" decoding=\"async\" class=\"size-medium wp-image-979 aligncenter\" src=\"https:\/\/portal.uern.br\/patu\/dlv\/wp-content\/uploads\/sites\/4\/2023\/10\/Logo-LAPLI-300x300.jpeg\" alt=\"\" width=\"300\" height=\"300\" srcset=\"https:\/\/portal.uern.br\/patu\/dlv\/wp-content\/uploads\/sites\/4\/2023\/10\/Logo-LAPLI-300x300.jpeg 300w, https:\/\/portal.uern.br\/patu\/dlv\/wp-content\/uploads\/sites\/4\/2023\/10\/Logo-LAPLI-1024x1024.jpeg 1024w, https:\/\/portal.uern.br\/patu\/dlv\/wp-content\/uploads\/sites\/4\/2023\/10\/Logo-LAPLI-150x150.jpeg 150w, https:\/\/portal.uern.br\/patu\/dlv\/wp-content\/uploads\/sites\/4\/2023\/10\/Logo-LAPLI-768x768.jpeg 768w, https:\/\/portal.uern.br\/patu\/dlv\/wp-content\/uploads\/sites\/4\/2023\/10\/Logo-LAPLI.jpeg 1300w\" sizes=\"(max-width: 300px) 100vw, 300px\" \/><\/p>\n<p style=\"text-align: center\">LABORAT\u00d3RIO DE PESQUISA EM ENSINO DE L\u00cdNGUA PORTUGUESA E LITERATURA \u2013 LAPLI<\/p>\n<p>&nbsp;<\/p>\n<p style=\"text-align: justify\">O LAPLI, institucionalizado atrav\u00e9s da Resolu\u00e7\u00e3o No 015\/2021 \u2013 CONSEPE\/UERN, visa atender \u00e0 comunidade universit\u00e1ria do CAP\/UERN e\/ou a comunidade no entorno do Campus, servindo, prioritariamente, como espa\u00e7o de apoio para a realiza\u00e7\u00e3o de projetos de pesquisa, projetos de extens\u00e3o, aulas, atividades de car\u00e1ter pr\u00e1tico de disciplinas curriculares, suas monitorias, est\u00e1gios Supervisionados, assim como eventos acad\u00eamicos, que tratem de estudos na \u00e1rea da Lingu\u00edstica Aplicada e da Literatura e Interfaces.<\/p>\n<p>&nbsp;<\/p>\n<p>O LAPLI funciona de modo a contemplar:<\/p>\n<p style=\"text-align: justify\">\u25cf Projetos de Estudos e Pesquisa em torno de problematiza\u00e7\u00f5es da rela\u00e7\u00e3o entre linguagem e pr\u00e1ticas culturais.<br \/>\n\u25cf Projetos em torno da interface entre o letramento liter\u00e1rio e a forma\u00e7\u00e3o de professores; da produ\u00e7\u00e3o e atualiza\u00e7\u00e3o de material did\u00e1tico para trabalhar o ensino de l\u00edngua portuguesa e a literatura.<br \/>\n\u25cf Projetos de Estudos e Pesquisas que considerem a diversidade de seus campos de investiga\u00e7\u00e3o pelo pressuposto do papel constitutivo da linguagem sobre as formas de se conceber a subjetividade, as pr\u00e1ticas culturais, as atividades humanas, a forma\u00e7\u00e3o de professores, podendo incluir hist\u00f3rias de vida, narrativas de forma\u00e7\u00e3o e constru\u00e7\u00e3o de identidades dos alunos e profissionais de Letras e de institui\u00e7\u00f5es de ensino b\u00e1sico.<\/p>\n<p><img decoding=\"async\" class=\"aligncenter wp-image-918 size-full\" src=\"https:\/\/portal.uern.br\/patu\/dlv\/wp-content\/uploads\/sites\/4\/2023\/09\/LAPLI.png\" alt=\" \" width=\"338\" height=\"211\" srcset=\"https:\/\/portal.uern.br\/patu\/dlv\/wp-content\/uploads\/sites\/4\/2023\/09\/LAPLI.png 338w, https:\/\/portal.uern.br\/patu\/dlv\/wp-content\/uploads\/sites\/4\/2023\/09\/LAPLI-300x187.png 300w\" sizes=\"(max-width: 338px) 100vw, 338px\" \/><\/p>\n<p>&nbsp;<\/p>\n<p>A coordena\u00e7\u00e3o do &#8220;Laborat\u00f3rio de Pesquisa em Ensino de L\u00edngua Portuguesa e Literatura &#8211; LAPLI&#8221; \u00e9 da docente FRANCISCA LAILSA RIBEIRO PINTO.<\/p>\n<p>&nbsp;<\/p>\n<p>Rede Social:<\/p>\n<p><a href=\"https:\/\/www.instagram.com\/lapli2023?igsh=Y2FlendudDlicms5\"><img decoding=\"async\" class=\"alignleft wp-image-741\" src=\"https:\/\/portal.uern.br\/patu\/dlv\/wp-content\/uploads\/sites\/4\/2023\/08\/insta.png\" alt=\"\" width=\"66\" height=\"66\" srcset=\"https:\/\/portal.uern.br\/patu\/dlv\/wp-content\/uploads\/sites\/4\/2023\/08\/insta.png 240w, https:\/\/portal.uern.br\/patu\/dlv\/wp-content\/uploads\/sites\/4\/2023\/08\/insta-150x150.png 150w\" sizes=\"(max-width: 66px) 100vw, 66px\" \/><\/a><\/p>\n","protected":false},"excerpt":{"rendered":"<p>LABORAT\u00d3RIO DE PESQUISA EM ENSINO DE L\u00cdNGUA PORTUGUESA E LITERATURA \u2013 LAPLI &nbsp; O LAPLI, institucionalizado atrav\u00e9s da Resolu\u00e7\u00e3o No 015\/2021 \u2013 CONSEPE\/UERN, visa atender \u00e0 comunidade universit\u00e1ria do CAP\/UERN e\/ou a comunidade no entorno do Campus, servindo, prioritariamente, como espa\u00e7o de apoio para a realiza\u00e7\u00e3o de projetos de pesquisa, projetos de extens\u00e3o, aulas, atividades [&hellip;]<\/p>\n","protected":false},"author":9,"featured_media":0,"parent":0,"menu_order":0,"comment_status":"closed","ping_status":"closed","template":"","meta":{"footnotes":""},"class_list":["post-917","page","type-page","status-publish","hentry"],"_links":{"self":[{"href":"https:\/\/portal.uern.br\/patu\/dlv\/wp-json\/wp\/v2\/pages\/917","targetHints":{"allow":["GET"]}}],"collection":[{"href":"https:\/\/portal.uern.br\/patu\/dlv\/wp-json\/wp\/v2\/pages"}],"about":[{"href":"https:\/\/portal.uern.br\/patu\/dlv\/wp-json\/wp\/v2\/types\/page"}],"author":[{"embeddable":true,"href":"https:\/\/portal.uern.br\/patu\/dlv\/wp-json\/wp\/v2\/users\/9"}],"replies":[{"embeddable":true,"href":"https:\/\/portal.uern.br\/patu\/dlv\/wp-json\/wp\/v2\/comments?post=917"}],"version-history":[{"count":10,"href":"https:\/\/portal.uern.br\/patu\/dlv\/wp-json\/wp\/v2\/pages\/917\/revisions"}],"predecessor-version":[{"id":1833,"href":"https:\/\/portal.uern.br\/patu\/dlv\/wp-json\/wp\/v2\/pages\/917\/revisions\/1833"}],"wp:attachment":[{"href":"https:\/\/portal.uern.br\/patu\/dlv\/wp-json\/wp\/v2\/media?parent=917"}],"curies":[{"name":"wp","href":"https:\/\/api.w.org\/{rel}","templated":true}]}}