{"id":692,"date":"2023-08-14T10:02:13","date_gmt":"2023-08-14T13:02:13","guid":{"rendered":"https:\/\/portal.uern.br\/patu\/dlv\/?page_id=692"},"modified":"2025-08-25T11:48:54","modified_gmt":"2025-08-25T14:48:54","slug":"horario-do-semestre","status":"publish","type":"page","link":"https:\/\/portal.uern.br\/patu\/dlv\/horario-do-semestre\/","title":{"rendered":"Hor\u00e1rio do Semestre"},"content":{"rendered":"<p><a href=\"https:\/\/portal.uern.br\/patu\/dlv\/wp-content\/uploads\/sites\/4\/2023\/08\/Horario-2023.1.pdf\">Hor\u00e1rio do Semestre 2023.1<\/a><\/p>\n<p><a href=\"https:\/\/portal.uern.br\/patu\/dlv\/wp-content\/uploads\/sites\/4\/2024\/04\/Horario-2023.2-correto-correto.docx.pdf\">Hor\u00e1rio do Semestre 2023.2<\/a><\/p>\n<p><a href=\"https:\/\/portal.uern.br\/patu\/dlv\/wp-content\/uploads\/sites\/4\/2024\/04\/HORARIO-2024.1.docx.pdf\">Hor\u00e1rio do Semestre 2024.1<\/a><\/p>\n<p><a href=\"https:\/\/portal.uern.br\/patu\/dlv\/wp-content\/uploads\/sites\/4\/2024\/08\/Horario-2024.2-1.pdf\">Hor\u00e1rio do Semestre 2024.2<\/a><\/p>\n<p><a href=\"https:\/\/portal.uern.br\/patu\/dlv\/wp-content\/uploads\/sites\/4\/2025\/05\/Horario-2025.1-Atual.docx.pdf\">Hor\u00e1rio do Semestre 2025.1<\/a><\/p>\n<p><a href=\"https:\/\/portal.uern.br\/patu\/dlv\/wp-content\/uploads\/sites\/4\/2025\/08\/Horario-2025.2.pdf\">Hor\u00e1rio do Semestre 2025.2<\/a><\/p>\n","protected":false},"excerpt":{"rendered":"<p>Hor\u00e1rio do Semestre 2023.1 Hor\u00e1rio do Semestre 2023.2 Hor\u00e1rio do Semestre 2024.1 Hor\u00e1rio do Semestre 2024.2 Hor\u00e1rio do Semestre 2025.1 Hor\u00e1rio do Semestre 2025.2<\/p>\n","protected":false},"author":10,"featured_media":0,"parent":0,"menu_order":0,"comment_status":"closed","ping_status":"closed","template":"","meta":{"footnotes":""},"class_list":["post-692","page","type-page","status-publish","hentry"],"_links":{"self":[{"href":"https:\/\/portal.uern.br\/patu\/dlv\/wp-json\/wp\/v2\/pages\/692","targetHints":{"allow":["GET"]}}],"collection":[{"href":"https:\/\/portal.uern.br\/patu\/dlv\/wp-json\/wp\/v2\/pages"}],"about":[{"href":"https:\/\/portal.uern.br\/patu\/dlv\/wp-json\/wp\/v2\/types\/page"}],"author":[{"embeddable":true,"href":"https:\/\/portal.uern.br\/patu\/dlv\/wp-json\/wp\/v2\/users\/10"}],"replies":[{"embeddable":true,"href":"https:\/\/portal.uern.br\/patu\/dlv\/wp-json\/wp\/v2\/comments?post=692"}],"version-history":[{"count":8,"href":"https:\/\/portal.uern.br\/patu\/dlv\/wp-json\/wp\/v2\/pages\/692\/revisions"}],"predecessor-version":[{"id":2408,"href":"https:\/\/portal.uern.br\/patu\/dlv\/wp-json\/wp\/v2\/pages\/692\/revisions\/2408"}],"wp:attachment":[{"href":"https:\/\/portal.uern.br\/patu\/dlv\/wp-json\/wp\/v2\/media?parent=692"}],"curies":[{"name":"wp","href":"https:\/\/api.w.org\/{rel}","templated":true}]}}