{"id":672,"date":"2023-08-14T09:37:11","date_gmt":"2023-08-14T12:37:11","guid":{"rendered":"https:\/\/portal.uern.br\/patu\/dlv\/?page_id=672"},"modified":"2024-04-30T09:37:34","modified_gmt":"2024-04-30T12:37:34","slug":"downloads","status":"publish","type":"page","link":"https:\/\/portal.uern.br\/patu\/dlv\/downloads\/","title":{"rendered":"Downloads"},"content":{"rendered":"<p>A seguir est\u00e3o disponibilizados diversos\u00a0requerimentos\u00a0necess\u00e1rios a procedimentos administrativos da vida estudantil, os quais poder\u00e3o ser\u00a0solicitados pelos discentes dos cursos de gradua\u00e7\u00e3o da UERN, junto as suas respectivas\u00a0<strong>Unidades Acad\u00eamicas<\/strong>\u00a0por meio de suas\u00a0<strong>Secretarias<\/strong>, ou ent\u00e3o, diretamente \u00e0\u00a0<strong>Diretoria de Admiss\u00e3o, Registro e Controle Acad\u00eamico (DIRCA)<\/strong>, quando for o caso.<\/p>\n<ul>\n<li><a href=\"https:\/\/portal.uern.br\/patu\/dlv\/wp-content\/uploads\/sites\/4\/2023\/08\/requerimento_2_chamada.pdf\">Requerimento de 2\u00aa chamada de avalia\u00e7\u00e3o<\/a><\/li>\n<li><a href=\"https:\/\/www.uern.br\/controledepaginas\/patu-pedagogia-downloads\/arquivos\/7144alteraa%E2%80%A1a%C6%92o_de_nome.pdf\">Requerimento de altera\u00e7\u00e3o de nome<\/a><\/li>\n<li><a href=\"https:\/\/www.uern.br\/controledepaginas\/patu-pedagogia-downloads\/arquivos\/7144colaa%E2%80%A1a%C6%92o_de_grau_extraordinaria.pdf\">Requerimento de Cola\u00e7\u00e3o de Grau Extraordin\u00e1ria<\/a><\/li>\n<li><a href=\"http:\/\/www.uern.br\/controledepaginas\/patu-pedagogia-downloads\/arquivos\/7144exercicio_domiciliar.pdf\">Requerimento de Regime Domiciliar<\/a><\/li>\n<li><a href=\"http:\/\/www.uern.br\/controledepaginas\/patu-pedagogia-downloads\/arquivos\/7144inclusa%C6%92o_nome_social.pdf\">Requerimento de Inclus\u00e3o do Nome Social<\/a><\/li>\n<li><a href=\"http:\/\/www.uern.br\/controledepaginas\/patu-pedagogia-downloads\/arquivos\/7144requerimento_aproveitamento_sae.pdf\">Aproveitamento de estudo realizado na UERN \u2013 autom\u00e1tico (equival\u00eancia cadastrada no SAE)<\/a><\/li>\n<li><a href=\"http:\/\/www.uern.br\/controledepaginas\/patu-pedagogia-downloads\/arquivos\/7144requerimento_aproveitamento_uern.pdf\">Aproveitamento de estudo realizado na UERN \u2013 com aprecia\u00e7\u00e3o departamental<\/a><\/li>\n<li><a href=\"http:\/\/www.uern.br\/controledepaginas\/patu-pedagogia-downloads\/arquivos\/7144requerimento_aproveitamento_outra_ies.pdf\">Aproveitamento de estudo realizado em outra IES<\/a><\/li>\n<\/ul>\n<p>&nbsp;<\/p>\n","protected":false},"excerpt":{"rendered":"<p>A seguir est\u00e3o disponibilizados diversos\u00a0requerimentos\u00a0necess\u00e1rios a procedimentos administrativos da vida estudantil, os quais poder\u00e3o ser\u00a0solicitados pelos discentes dos cursos de gradua\u00e7\u00e3o da UERN, junto as suas respectivas\u00a0Unidades Acad\u00eamicas\u00a0por meio de suas\u00a0Secretarias, ou ent\u00e3o, diretamente \u00e0\u00a0Diretoria de Admiss\u00e3o, Registro e Controle Acad\u00eamico (DIRCA), quando for o caso. Requerimento de 2\u00aa chamada de avalia\u00e7\u00e3o Requerimento de altera\u00e7\u00e3o [&hellip;]<\/p>\n","protected":false},"author":10,"featured_media":0,"parent":0,"menu_order":0,"comment_status":"closed","ping_status":"closed","template":"","meta":{"footnotes":""},"class_list":["post-672","page","type-page","status-publish","hentry"],"_links":{"self":[{"href":"https:\/\/portal.uern.br\/patu\/dlv\/wp-json\/wp\/v2\/pages\/672","targetHints":{"allow":["GET"]}}],"collection":[{"href":"https:\/\/portal.uern.br\/patu\/dlv\/wp-json\/wp\/v2\/pages"}],"about":[{"href":"https:\/\/portal.uern.br\/patu\/dlv\/wp-json\/wp\/v2\/types\/page"}],"author":[{"embeddable":true,"href":"https:\/\/portal.uern.br\/patu\/dlv\/wp-json\/wp\/v2\/users\/10"}],"replies":[{"embeddable":true,"href":"https:\/\/portal.uern.br\/patu\/dlv\/wp-json\/wp\/v2\/comments?post=672"}],"version-history":[{"count":6,"href":"https:\/\/portal.uern.br\/patu\/dlv\/wp-json\/wp\/v2\/pages\/672\/revisions"}],"predecessor-version":[{"id":1360,"href":"https:\/\/portal.uern.br\/patu\/dlv\/wp-json\/wp\/v2\/pages\/672\/revisions\/1360"}],"wp:attachment":[{"href":"https:\/\/portal.uern.br\/patu\/dlv\/wp-json\/wp\/v2\/media?parent=672"}],"curies":[{"name":"wp","href":"https:\/\/api.w.org\/{rel}","templated":true}]}}