{"id":666,"date":"2023-08-01T12:18:43","date_gmt":"2023-08-01T15:18:43","guid":{"rendered":"https:\/\/portal.uern.br\/patu\/dlv\/?page_id=666"},"modified":"2025-09-03T08:50:45","modified_gmt":"2025-09-03T11:50:45","slug":"orientacao-academica","status":"publish","type":"page","link":"https:\/\/portal.uern.br\/patu\/dlv\/orientacao-academica\/","title":{"rendered":"Orienta\u00e7\u00e3o Acad\u00eamica"},"content":{"rendered":"<p><img decoding=\"async\" class=\"size-medium wp-image-669 aligncenter\" src=\"https:\/\/portal.uern.br\/patu\/dlv\/wp-content\/uploads\/sites\/4\/2023\/08\/WhatsApp-Image-2023-08-01-at-12.25.181-300x152.jpeg\" alt=\"\" width=\"300\" height=\"152\" srcset=\"https:\/\/portal.uern.br\/patu\/dlv\/wp-content\/uploads\/sites\/4\/2023\/08\/WhatsApp-Image-2023-08-01-at-12.25.181-300x152.jpeg 300w, https:\/\/portal.uern.br\/patu\/dlv\/wp-content\/uploads\/sites\/4\/2023\/08\/WhatsApp-Image-2023-08-01-at-12.25.181-1024x517.jpeg 1024w, https:\/\/portal.uern.br\/patu\/dlv\/wp-content\/uploads\/sites\/4\/2023\/08\/WhatsApp-Image-2023-08-01-at-12.25.181-768x388.jpeg 768w, https:\/\/portal.uern.br\/patu\/dlv\/wp-content\/uploads\/sites\/4\/2023\/08\/WhatsApp-Image-2023-08-01-at-12.25.181.jpeg 1213w\" sizes=\"(max-width: 300px) 100vw, 300px\" \/><\/p>\n<p>&nbsp;<\/p>\n<p>&nbsp;<\/p>\n<p style=\"text-align: center\"><strong><span style=\"font-size: 14pt\">ORIENTADORA ACAD\u00caMICA<\/span><\/strong><\/p>\n<figure id=\"attachment_622\" aria-describedby=\"caption-attachment-622\" style=\"width: 150px\" class=\"wp-caption aligncenter\"><img decoding=\"async\" class=\"wp-image-622 size-thumbnail\" src=\"https:\/\/portal.uern.br\/patu\/dlv\/wp-content\/uploads\/sites\/4\/2023\/08\/WhatsApp-Image-2023-08-01-at-09.44.48-150x150.jpeg\" alt=\"\" width=\"150\" height=\"150\" srcset=\"https:\/\/portal.uern.br\/patu\/dlv\/wp-content\/uploads\/sites\/4\/2023\/08\/WhatsApp-Image-2023-08-01-at-09.44.48-150x150.jpeg 150w, https:\/\/portal.uern.br\/patu\/dlv\/wp-content\/uploads\/sites\/4\/2023\/08\/WhatsApp-Image-2023-08-01-at-09.44.48-300x300.jpeg 300w, https:\/\/portal.uern.br\/patu\/dlv\/wp-content\/uploads\/sites\/4\/2023\/08\/WhatsApp-Image-2023-08-01-at-09.44.48-1019x1024.jpeg 1019w, https:\/\/portal.uern.br\/patu\/dlv\/wp-content\/uploads\/sites\/4\/2023\/08\/WhatsApp-Image-2023-08-01-at-09.44.48-768x772.jpeg 768w, https:\/\/portal.uern.br\/patu\/dlv\/wp-content\/uploads\/sites\/4\/2023\/08\/WhatsApp-Image-2023-08-01-at-09.44.48.jpeg 1080w\" sizes=\"(max-width: 150px) 100vw, 150px\" \/><figcaption id=\"caption-attachment-622\" class=\"wp-caption-text\">Aline Inhoti<\/figcaption><\/figure>\n<p>&nbsp;<\/p>\n<p style=\"text-align: justify\">A Orienta\u00e7\u00e3o Acad\u00eamica tem como objetivo orientar e acompanhar o aluno em sua forma\u00e7\u00e3o acad\u00eamico-profissional. No geral, compete ao orientador acad\u00eamico: planejar, junto aos alunos, considerando a programa\u00e7\u00e3o acad\u00eamica do curso, fluxo curricular compat\u00edvel com seus interesses e possibilidades de desempenho acad\u00eamico; orientar a tomada de decis\u00f5es relativas \u00e0 matr\u00edcula, trancamentos e outros atos de interesse acad\u00eamico; apresentar aos alunos o PPC e a estrutura universit\u00e1ria; acompanhar, junto ao aluno, o desenvolvimento das atividades complementares por meio de controle e registro no sistema eletr\u00f4nico.<\/p>\n<p style=\"text-align: center\"><strong>HOR\u00c1RIOS DE ATENDIMENTO <\/strong><em>(com agendamento pr\u00e9vio)<\/em><\/p>\n<table style=\"height: 48px;width: 100%;border-collapse: collapse;background-color: #f7eb3e\">\n<caption><strong>Local de atendimento: Departamento de Letras<\/strong><\/caption>\n<tbody>\n<tr style=\"height: 24px\">\n<td style=\"width: 31.4614%;height: 24px\">Aline Almeida Inhoti<\/td>\n<td style=\"width: 68.5386%;text-align: center;height: 24px\">Toda quarta-feira das 08:30h \u00e0s 10:30h<\/td>\n<\/tr>\n<\/tbody>\n<\/table>\n<p>OBS: Para atendimento em hor\u00e1rios distintos entrar em contato pelo e-mail:<\/p>\n<ul>\n<li>alineinhoti@uern.br<\/li>\n<\/ul>\n<p>&nbsp;<\/p>\n<p>Quer saber mais?<\/p>\n<p><a href=\"https:\/\/portal.uern.br\/patu\/dlv\/wp-content\/uploads\/sites\/4\/2023\/08\/ORIENTACOES-ACADEMICAS.pdf\">Orienta\u00e7\u00f5es Acad\u00eamicas<\/a><\/p>\n<p><a href=\"https:\/\/portal.uern.br\/patu\/dlv\/wp-content\/uploads\/sites\/4\/2023\/08\/Guia-do-Estudante.indd-Guia-do-Estudante-2.pdf\">Guia do Estudante<\/a><\/p>\n<p><img decoding=\"async\" class=\"wp-image-703 alignnone\" src=\"https:\/\/portal.uern.br\/patu\/dlv\/wp-content\/uploads\/sites\/4\/2023\/08\/cliquea.png\" alt=\"\" width=\"44\" height=\"60\" \/><\/p>\n","protected":false},"excerpt":{"rendered":"<p>&nbsp; &nbsp; ORIENTADORA ACAD\u00caMICA &nbsp; A Orienta\u00e7\u00e3o Acad\u00eamica tem como objetivo orientar e acompanhar o aluno em sua forma\u00e7\u00e3o acad\u00eamico-profissional. No geral, compete ao orientador acad\u00eamico: planejar, junto aos alunos, considerando a programa\u00e7\u00e3o acad\u00eamica do curso, fluxo curricular compat\u00edvel com seus interesses e possibilidades de desempenho acad\u00eamico; orientar a tomada de decis\u00f5es relativas \u00e0 matr\u00edcula, [&hellip;]<\/p>\n","protected":false},"author":10,"featured_media":0,"parent":0,"menu_order":0,"comment_status":"closed","ping_status":"closed","template":"","meta":{"footnotes":""},"class_list":["post-666","page","type-page","status-publish","hentry"],"_links":{"self":[{"href":"https:\/\/portal.uern.br\/patu\/dlv\/wp-json\/wp\/v2\/pages\/666","targetHints":{"allow":["GET"]}}],"collection":[{"href":"https:\/\/portal.uern.br\/patu\/dlv\/wp-json\/wp\/v2\/pages"}],"about":[{"href":"https:\/\/portal.uern.br\/patu\/dlv\/wp-json\/wp\/v2\/types\/page"}],"author":[{"embeddable":true,"href":"https:\/\/portal.uern.br\/patu\/dlv\/wp-json\/wp\/v2\/users\/10"}],"replies":[{"embeddable":true,"href":"https:\/\/portal.uern.br\/patu\/dlv\/wp-json\/wp\/v2\/comments?post=666"}],"version-history":[{"count":12,"href":"https:\/\/portal.uern.br\/patu\/dlv\/wp-json\/wp\/v2\/pages\/666\/revisions"}],"predecessor-version":[{"id":2570,"href":"https:\/\/portal.uern.br\/patu\/dlv\/wp-json\/wp\/v2\/pages\/666\/revisions\/2570"}],"wp:attachment":[{"href":"https:\/\/portal.uern.br\/patu\/dlv\/wp-json\/wp\/v2\/media?parent=666"}],"curies":[{"name":"wp","href":"https:\/\/api.w.org\/{rel}","templated":true}]}}