{"id":2487,"date":"2025-08-27T12:09:05","date_gmt":"2025-08-27T15:09:05","guid":{"rendered":"https:\/\/portal.uern.br\/patu\/dlv\/?page_id=2487"},"modified":"2025-08-28T10:15:56","modified_gmt":"2025-08-28T13:15:56","slug":"2025-1","status":"publish","type":"page","link":"https:\/\/portal.uern.br\/patu\/dlv\/2025-1\/","title":{"rendered":"2025.1"},"content":{"rendered":"<p style=\"text-align: center\"><strong>1\u00b0 per\u00edodo<\/strong><\/p>\n<p><a href=\"https:\/\/portal.uern.br\/patu\/dlv\/wp-content\/uploads\/sites\/4\/2025\/08\/PGCC_-_CRONOGRAMA-METODOLOGIA-DO-TRABALHO-CIENT.pdf\">METODOLOGIA DO TRABALHO CIENT\u00cdFICO<\/a><\/p>\n<p><a href=\"https:\/\/portal.uern.br\/patu\/dlv\/wp-content\/uploads\/sites\/4\/2025\/08\/PGCC_Ingles_Instrumental.docx.pdf\">L\u00edngua Inglesa Instrumental<\/a><\/p>\n<p><a href=\"https:\/\/portal.uern.br\/patu\/dlv\/wp-content\/uploads\/sites\/4\/2025\/08\/PGCC-Lingua-Latina-Anikele.pdf\">L\u00edngua Latina<\/a><\/p>\n<p><a href=\"https:\/\/portal.uern.br\/patu\/dlv\/wp-content\/uploads\/sites\/4\/2025\/08\/Plano_de_Curso_CAP0047_2025.1_01_.pdf\">Leitura e produ\u00e7\u00e3o textual I<\/a><\/p>\n<p><a href=\"https:\/\/portal.uern.br\/patu\/dlv\/wp-content\/uploads\/sites\/4\/2025\/08\/PGCC-Linguistica-I.docx-1.pdf\">Lingu\u00edstica I<\/a><\/p>\n<p><a href=\"https:\/\/portal.uern.br\/patu\/dlv\/wp-content\/uploads\/sites\/4\/2025\/08\/PGCC-Teoria-da-Literatura-I-2025.1-Francisca-Lailsa-Ribeiro-Pinto.docx.pdf\">Teoria da Literatura I\u00a0<\/a><\/p>\n<p><a href=\"https:\/\/portal.uern.br\/patu\/dlv\/wp-content\/uploads\/sites\/4\/2025\/08\/PGCC_-_CRONOGRAMA-TOPICOS-FOLOSOFICOS.pdf\">TOPICOS FILOSOFICOS<\/a><\/p>\n<p><a href=\"https:\/\/portal.uern.br\/patu\/dlv\/wp-content\/uploads\/sites\/4\/2025\/08\/Unidade-Curricular-de-Extensao-NUPICS-Luciana.docx.pdf\">Unidade Curricular de Extens\u00e3o-NUPICS\u00a0<\/a><\/p>\n<p>&nbsp;<\/p>\n<p style=\"text-align: center\"><strong>3\u00b0 per\u00edodo<\/strong><\/p>\n<p>&nbsp;<\/p>\n<p><a href=\"https:\/\/portal.uern.br\/patu\/dlv\/wp-content\/uploads\/sites\/4\/2025\/08\/PGCC_-_CRONOGRAMA-LIT-PORT.pdf\">LITERATURA PORTUGUESA I<\/a><\/p>\n<p><a href=\"https:\/\/portal.uern.br\/patu\/dlv\/wp-content\/uploads\/sites\/4\/2025\/08\/PGCC-MORFOSSINTAXE-I-PATU-2.pdf\">MORFOSSINTAXE I\u00a0<\/a><\/p>\n<p><a href=\"https:\/\/portal.uern.br\/patu\/dlv\/wp-content\/uploads\/sites\/4\/2025\/08\/Plano_de_Curso_PLP0318_2025.1_01_.pdf\">LITERATURA BRASILEIRA I\u00a0<\/a><\/p>\n<p><a href=\"https:\/\/portal.uern.br\/patu\/dlv\/wp-content\/uploads\/sites\/4\/2025\/08\/PGCC-LETRAMENTOS-DIVERSIDADE-E-MULTICULTURALISMO.docx.pdf\">LETRAMENTOS, DIVERSIDADE E MULTICULTURALISMO<\/a><\/p>\n<p><a href=\"https:\/\/portal.uern.br\/patu\/dlv\/wp-content\/uploads\/sites\/4\/2025\/08\/PGCC_Curriculo_Escola.docx.pdf\">Curriculo E Escola<\/a><\/p>\n<p><a href=\"https:\/\/portal.uern.br\/patu\/dlv\/wp-content\/uploads\/sites\/4\/2025\/08\/PGCC-Sociolinguistica-2025.pdf\">Sociolingu\u00edstica<\/a><\/p>\n<p><a href=\"https:\/\/portal.uern.br\/patu\/dlv\/wp-content\/uploads\/sites\/4\/2025\/08\/Plano_de_Curso_PPE0084_2025.1_01_.pdf\">Psicologia da Educa\u00e7\u00e3o<\/a><\/p>\n<p><a href=\"https:\/\/portal.uern.br\/patu\/dlv\/wp-content\/uploads\/sites\/4\/2025\/08\/Unidade-Curricular-de-Extensao-2025.1-Francisca-Lailsa-Ribeiro-Pinto.docx.pdf\">Unidade Curricular de Extens\u00e3o <\/a><\/p>\n<p>&nbsp;<\/p>\n<p style=\"text-align: center\"><strong>5\u00b0 per\u00edodo<\/strong><\/p>\n<p><a href=\"https:\/\/portal.uern.br\/patu\/dlv\/wp-content\/uploads\/sites\/4\/2025\/08\/PGCC-e-cronograma-de-Diacronia-do-Portugues.docx.pdf\">Diacronia do Portugu\u00eas<\/a><\/p>\n<p><a href=\"https:\/\/portal.uern.br\/patu\/dlv\/wp-content\/uploads\/sites\/4\/2025\/08\/PGCC_-_CRONOGRAMA-PROSA-BR.pdf\">PROSA BRASILEIRA CONTEMPOR\u00c2NEA<\/a><\/p>\n<p><a href=\"https:\/\/portal.uern.br\/patu\/dlv\/wp-content\/uploads\/sites\/4\/2025\/08\/PGCC-Estagio-I.docx-1.pdf\">Est\u00e1gio Supervisionado I<\/a><\/p>\n<p><a href=\"https:\/\/portal.uern.br\/patu\/dlv\/wp-content\/uploads\/sites\/4\/2025\/08\/Literatura-Portuguesa-III-Profa.-Annie-Figueiredo-2025.1.docx.pdf\">Literatura Portuguesa III<\/a><\/p>\n<p><a href=\"https:\/\/portal.uern.br\/patu\/dlv\/wp-content\/uploads\/sites\/4\/2025\/08\/PGCC-Literatura-Brasileira-III-2025.1-Francisca-Lailsa-Ribeiro-Pinto.docx.pdf\">Literatura Brasileira III <\/a><\/p>\n<p><a href=\"https:\/\/portal.uern.br\/patu\/dlv\/wp-content\/uploads\/sites\/4\/2025\/08\/PGCC-MOrfo-III-ANikele.docx.pdf\">Morfossintaxe III<\/a><\/p>\n<p><a href=\"https:\/\/portal.uern.br\/patu\/dlv\/wp-content\/uploads\/sites\/4\/2025\/08\/PGCC_Semantica_Pragmatica.docx.pdf\">Sem\u00e2ntica e Pragmatica<\/a><\/p>\n<p><a href=\"https:\/\/portal.uern.br\/patu\/dlv\/wp-content\/uploads\/sites\/4\/2025\/08\/Unidade-Curricular-de-Extensao-NUPICS-Annie-Figueiredo-2025.1.docx.pdf\">Unidade Curricular de Extens\u00e3o-NUPICS<\/a><\/p>\n<p>&nbsp;<\/p>\n<p style=\"text-align: center\"><strong>7\u00b0 per\u00edodo<\/strong><\/p>\n<p>&nbsp;<\/p>\n<p><a href=\"https:\/\/portal.uern.br\/patu\/dlv\/wp-content\/uploads\/sites\/4\/2025\/08\/Plano_de_Curso_CAP0060_2025.1_01_.pdf\">Argumenta\u00e7\u00e3o<\/a><\/p>\n<p><a href=\"https:\/\/portal.uern.br\/patu\/dlv\/wp-content\/uploads\/sites\/4\/2025\/08\/PGCC-politica-linguistica-PATU-anikele.pdf\">Pol\u00edtica lingu\u00edstica\u00a0<\/a><\/p>\n<p><a href=\"https:\/\/portal.uern.br\/patu\/dlv\/wp-content\/uploads\/sites\/4\/2025\/08\/PGCC_-_CRONOGRAMA-LIT-POTIGUAR.pdf\">LITERATURA POTIGUAR<\/a><\/p>\n<p><a href=\"https:\/\/portal.uern.br\/patu\/dlv\/wp-content\/uploads\/sites\/4\/2025\/08\/PGCC-TCC-I.docx.pdf\">TCC I<\/a><\/p>\n","protected":false},"excerpt":{"rendered":"<p>1\u00b0 per\u00edodo METODOLOGIA DO TRABALHO CIENT\u00cdFICO L\u00edngua Inglesa Instrumental L\u00edngua Latina Leitura e produ\u00e7\u00e3o textual I Lingu\u00edstica I Teoria da Literatura I\u00a0 TOPICOS FILOSOFICOS Unidade Curricular de Extens\u00e3o-NUPICS\u00a0 &nbsp; 3\u00b0 per\u00edodo &nbsp; LITERATURA PORTUGUESA I MORFOSSINTAXE I\u00a0 LITERATURA BRASILEIRA I\u00a0 LETRAMENTOS, DIVERSIDADE E MULTICULTURALISMO Curriculo E Escola Sociolingu\u00edstica Psicologia da Educa\u00e7\u00e3o Unidade Curricular de Extens\u00e3o [&hellip;]<\/p>\n","protected":false},"author":9,"featured_media":0,"parent":0,"menu_order":0,"comment_status":"closed","ping_status":"closed","template":"","meta":{"footnotes":""},"class_list":["post-2487","page","type-page","status-publish","hentry"],"_links":{"self":[{"href":"https:\/\/portal.uern.br\/patu\/dlv\/wp-json\/wp\/v2\/pages\/2487","targetHints":{"allow":["GET"]}}],"collection":[{"href":"https:\/\/portal.uern.br\/patu\/dlv\/wp-json\/wp\/v2\/pages"}],"about":[{"href":"https:\/\/portal.uern.br\/patu\/dlv\/wp-json\/wp\/v2\/types\/page"}],"author":[{"embeddable":true,"href":"https:\/\/portal.uern.br\/patu\/dlv\/wp-json\/wp\/v2\/users\/9"}],"replies":[{"embeddable":true,"href":"https:\/\/portal.uern.br\/patu\/dlv\/wp-json\/wp\/v2\/comments?post=2487"}],"version-history":[{"count":3,"href":"https:\/\/portal.uern.br\/patu\/dlv\/wp-json\/wp\/v2\/pages\/2487\/revisions"}],"predecessor-version":[{"id":2520,"href":"https:\/\/portal.uern.br\/patu\/dlv\/wp-json\/wp\/v2\/pages\/2487\/revisions\/2520"}],"wp:attachment":[{"href":"https:\/\/portal.uern.br\/patu\/dlv\/wp-json\/wp\/v2\/media?parent=2487"}],"curies":[{"name":"wp","href":"https:\/\/api.w.org\/{rel}","templated":true}]}}