{"id":2461,"date":"2025-08-27T10:22:46","date_gmt":"2025-08-27T13:22:46","guid":{"rendered":"https:\/\/portal.uern.br\/patu\/dlv\/?page_id=2461"},"modified":"2025-08-27T10:25:28","modified_gmt":"2025-08-27T13:25:28","slug":"2024-2","status":"publish","type":"page","link":"https:\/\/portal.uern.br\/patu\/dlv\/2024-2\/","title":{"rendered":"2024.2"},"content":{"rendered":"<p style=\"text-align: center\"><strong>2\u00b0 per\u00edodo<\/strong><\/p>\n<p>&nbsp;<\/p>\n<p><a href=\"https:\/\/portal.uern.br\/patu\/dlv\/wp-content\/uploads\/sites\/4\/2025\/08\/Plano_de_Curso_PPE0017_2024.2_01_.pdf\">Did\u00e1tica\u00a0<\/a><\/p>\n<p><a href=\"https:\/\/portal.uern.br\/patu\/dlv\/wp-content\/uploads\/sites\/4\/2025\/08\/PGCC-Topicos-de-gramatica-2024.2.docx.pdf\">T\u00f3picos de gram\u00e1tica do Portugu\u00eas<\/a><\/p>\n<p><a href=\"https:\/\/portal.uern.br\/patu\/dlv\/wp-content\/uploads\/sites\/4\/2025\/08\/PGCC-Linguistica-II.docx-1.pdf\">Lingu\u00edstica II<\/a><\/p>\n<p><a href=\"https:\/\/portal.uern.br\/patu\/dlv\/wp-content\/uploads\/sites\/4\/2025\/08\/PGCC-Letras-2024.2.docx.pdf\">Libras<\/a><\/p>\n<p><a href=\"https:\/\/portal.uern.br\/patu\/dlv\/wp-content\/uploads\/sites\/4\/2025\/08\/Literatura-e-cinema.pdf\">Literatura e cinema<\/a><\/p>\n<p><a href=\"https:\/\/portal.uern.br\/patu\/dlv\/wp-content\/uploads\/sites\/4\/2025\/08\/PGCC-Teoria-da-Literatura-II-2024.2-Francisca-Lailsa-Ribeiro-Pinto.docx.pdf\">Teoria da Literatura II<\/a><\/p>\n<p><a href=\"https:\/\/portal.uern.br\/patu\/dlv\/wp-content\/uploads\/sites\/4\/2025\/08\/Fonetica-e-Fonologia-PGCC-e-cronograma.docx.pdf\">Fon\u00e9tica e Fonologia\u00a0<\/a><\/p>\n<p><a href=\"https:\/\/portal.uern.br\/patu\/dlv\/wp-content\/uploads\/sites\/4\/2025\/08\/Plano_de_Curso_PLP0311_2024.2_01_.pdf\">Leitura e Produ\u00e7\u00e3o Textual II<\/a><\/p>\n<p>&nbsp;<\/p>\n<p style=\"text-align: center\"><strong>4\u00b0 per\u00edodo<\/strong><\/p>\n<p>&nbsp;<\/p>\n<p><a href=\"https:\/\/portal.uern.br\/patu\/dlv\/wp-content\/uploads\/sites\/4\/2025\/08\/PGCC-Psicolinguistica.docx.pdf\">Psicolingu\u00edstica<\/a><\/p>\n<p><a href=\"https:\/\/portal.uern.br\/patu\/dlv\/wp-content\/uploads\/sites\/4\/2025\/08\/PGCC-Morfossintaxe-II.docx.pdf\">Morfossintaxe II<\/a><\/p>\n<p><a href=\"https:\/\/portal.uern.br\/patu\/dlv\/wp-content\/uploads\/sites\/4\/2025\/08\/Plano_de_Curso_PLP0326_2024.2_01_.pdf\">Literatura Brasileira II<\/a><\/p>\n<p><a href=\"https:\/\/portal.uern.br\/patu\/dlv\/wp-content\/uploads\/sites\/4\/2025\/08\/PGCC-Didatica-da-Lingua-Portuguesa.docx.pdf\">Did\u00e1tica da L\u00edngua Portuguesa<\/a><\/p>\n<p><a href=\"https:\/\/portal.uern.br\/patu\/dlv\/wp-content\/uploads\/sites\/4\/2025\/08\/Literatura-Portuguesa-II-6.pdf\">Literatura Portuguesa II<\/a><\/p>\n<p><a href=\"https:\/\/portal.uern.br\/patu\/dlv\/wp-content\/uploads\/sites\/4\/2025\/08\/Plano_de_Curso_PPE0102_2024.2_01_.pdf\">Estrutura e funcionamento da educa\u00e7\u00e3o b\u00e1sica<\/a><\/p>\n<p><a href=\"https:\/\/portal.uern.br\/patu\/dlv\/wp-content\/uploads\/sites\/4\/2025\/08\/PGCC-Literatura-Infanto-Juvenil.docx.pdf\">Literatura Infanto-Juvenil<\/a><\/p>\n<p>&nbsp;<\/p>\n<p style=\"text-align: center\"><strong>6\u00b0 per\u00edodo<\/strong><\/p>\n<p>&nbsp;<\/p>\n<p><a href=\"https:\/\/portal.uern.br\/patu\/dlv\/wp-content\/uploads\/sites\/4\/2025\/08\/PGCC-Linguagem-e-cidadania.docx.pdf\">Linguagem e cidadania<\/a><\/p>\n<p><a href=\"https:\/\/portal.uern.br\/patu\/dlv\/wp-content\/uploads\/sites\/4\/2025\/08\/PGCC_Estagio-II.docx.pdf\">Est\u00e1gio Supervisionado II<\/a><\/p>\n<p><a href=\"https:\/\/portal.uern.br\/patu\/dlv\/wp-content\/uploads\/sites\/4\/2025\/08\/Multiletramentos-PGCC-e-cronograma.docx.pdf\">Multiletramentos e novas tecnologias<\/a><\/p>\n<p><a href=\"https:\/\/portal.uern.br\/patu\/dlv\/wp-content\/uploads\/sites\/4\/2025\/08\/PGCC-Analise-do-Discurso.docx.pdf\">Estudos do Discurso<\/a><\/p>\n<p><a href=\"https:\/\/portal.uern.br\/patu\/dlv\/wp-content\/uploads\/sites\/4\/2025\/08\/Plano-de-curso-Literaturas-afro-brasileira-e-indigena-Annie-Tarsis-Morais-Figueiredo.docx.pdf\">Literaturas afro-brasileira e ind\u00edgena<\/a><\/p>\n<p><a href=\"https:\/\/portal.uern.br\/patu\/dlv\/wp-content\/uploads\/sites\/4\/2025\/08\/Plano_de_Curso_PLP0334_2024.2_01_.pdf\">Literatura Brasileira IV<\/a><\/p>\n<p>&nbsp;<\/p>\n<p style=\"text-align: center\"><strong>8\u00b0 per\u00edodo<\/strong><\/p>\n<p>&nbsp;<\/p>\n<p><a href=\"https:\/\/portal.uern.br\/patu\/dlv\/wp-content\/uploads\/sites\/4\/2025\/08\/PGCC-SEMINARIO-DE-Monografia-2024.2.docx.pdf\">Semin\u00e1rio de Monografia<\/a><\/p>\n<p><a href=\"https:\/\/portal.uern.br\/patu\/dlv\/wp-content\/uploads\/sites\/4\/2025\/08\/Plano_de_Curso_PLP0380_2024.2_01_.pdf\">Fundamentos da L\u00edngua Espanhola<\/a><\/p>\n","protected":false},"excerpt":{"rendered":"<p>2\u00b0 per\u00edodo &nbsp; Did\u00e1tica\u00a0 T\u00f3picos de gram\u00e1tica do Portugu\u00eas Lingu\u00edstica II Libras Literatura e cinema Teoria da Literatura II Fon\u00e9tica e Fonologia\u00a0 Leitura e Produ\u00e7\u00e3o Textual II &nbsp; 4\u00b0 per\u00edodo &nbsp; Psicolingu\u00edstica Morfossintaxe II Literatura Brasileira II Did\u00e1tica da L\u00edngua Portuguesa Literatura Portuguesa II Estrutura e funcionamento da educa\u00e7\u00e3o b\u00e1sica Literatura Infanto-Juvenil &nbsp; 6\u00b0 per\u00edodo [&hellip;]<\/p>\n","protected":false},"author":9,"featured_media":0,"parent":0,"menu_order":0,"comment_status":"closed","ping_status":"closed","template":"","meta":{"footnotes":""},"class_list":["post-2461","page","type-page","status-publish","hentry"],"_links":{"self":[{"href":"https:\/\/portal.uern.br\/patu\/dlv\/wp-json\/wp\/v2\/pages\/2461","targetHints":{"allow":["GET"]}}],"collection":[{"href":"https:\/\/portal.uern.br\/patu\/dlv\/wp-json\/wp\/v2\/pages"}],"about":[{"href":"https:\/\/portal.uern.br\/patu\/dlv\/wp-json\/wp\/v2\/types\/page"}],"author":[{"embeddable":true,"href":"https:\/\/portal.uern.br\/patu\/dlv\/wp-json\/wp\/v2\/users\/9"}],"replies":[{"embeddable":true,"href":"https:\/\/portal.uern.br\/patu\/dlv\/wp-json\/wp\/v2\/comments?post=2461"}],"version-history":[{"count":1,"href":"https:\/\/portal.uern.br\/patu\/dlv\/wp-json\/wp\/v2\/pages\/2461\/revisions"}],"predecessor-version":[{"id":2485,"href":"https:\/\/portal.uern.br\/patu\/dlv\/wp-json\/wp\/v2\/pages\/2461\/revisions\/2485"}],"wp:attachment":[{"href":"https:\/\/portal.uern.br\/patu\/dlv\/wp-json\/wp\/v2\/media?parent=2461"}],"curies":[{"name":"wp","href":"https:\/\/api.w.org\/{rel}","templated":true}]}}