{"id":2360,"date":"2025-08-20T10:36:34","date_gmt":"2025-08-20T13:36:34","guid":{"rendered":"https:\/\/portal.uern.br\/patu\/dlv\/?page_id=2360"},"modified":"2025-08-25T08:55:01","modified_gmt":"2025-08-25T11:55:01","slug":"2023-1","status":"publish","type":"page","link":"https:\/\/portal.uern.br\/patu\/dlv\/2023-1\/","title":{"rendered":"2023.1"},"content":{"rendered":"<p style=\"text-align: center\"><strong>1\u00b0 per\u00edodo<\/strong><\/p>\n<p><a href=\"https:\/\/portal.uern.br\/patu\/dlv\/wp-content\/uploads\/sites\/4\/2025\/08\/1o.-Leitura-e-Producao-Textual-I-PGCC-e-Cronograma-2023.1.docx.pdf\">Leitura e Produ\u00e7\u00e3o Textual I<\/a><\/p>\n<p><a href=\"https:\/\/portal.uern.br\/patu\/dlv\/wp-content\/uploads\/sites\/4\/2025\/08\/1o.-Lingua-Inglesa-Instrumental-PGCC-e-Cronograma-2023.1.docx.pdf\">L\u00edngua Inglesa Instrumental<\/a><\/p>\n<p><a href=\"https:\/\/portal.uern.br\/patu\/dlv\/wp-content\/uploads\/sites\/4\/2025\/08\/PGCC-2023.1.-Metodologia-do-trabalho-cientifico.-Keila-Lairiny.docx.pdf\">Metodologia do trabalho cient\u00edfico<\/a><\/p>\n<p><a href=\"https:\/\/portal.uern.br\/patu\/dlv\/wp-content\/uploads\/sites\/4\/2025\/08\/PGCC-2023.1.-Topicos-filosoficos.-Keila-Lairiny.docx.pdf\">T\u00f3picos filos\u00f3ficos da linguagem<\/a><\/p>\n<p><a href=\"https:\/\/portal.uern.br\/patu\/dlv\/wp-content\/uploads\/sites\/4\/2025\/08\/PGCC-Teoria-da-Literatura-I.docx-1.pdf\">Teoria da Literatura I<\/a><\/p>\n<p><a href=\"https:\/\/portal.uern.br\/patu\/dlv\/wp-content\/uploads\/sites\/4\/2025\/08\/PGCC-Linguistica-I.doc.pdf\">Lingu\u00edstica I<\/a><\/p>\n<p><a href=\"https:\/\/portal.uern.br\/patu\/dlv\/wp-content\/uploads\/sites\/4\/2025\/08\/PGCC-L-Latina-2023-1.docx.pdf\">L\u00edngua Latina 2023-1.docx<\/a><\/p>\n<p><a href=\"https:\/\/portal.uern.br\/patu\/dlv\/wp-content\/uploads\/sites\/4\/2025\/08\/PGCC-UCE-CINEATRO-pdf.docx-1.pdf\">UCE CINEATRO\u00a0<\/a><\/p>\n<p>&nbsp;<\/p>\n<p style=\"text-align: center\"><strong>3\u00b0 per\u00edodo<\/strong><\/p>\n<p>&nbsp;<\/p>\n<p><a href=\"https:\/\/portal.uern.br\/patu\/dlv\/wp-content\/uploads\/sites\/4\/2025\/08\/PGCC-2023.1.-Escola-e-curriculo.-Keila-Lairiny.docx.pdf\">Curr\u00edculo e escola<\/a><\/p>\n<p><a href=\"https:\/\/portal.uern.br\/patu\/dlv\/wp-content\/uploads\/sites\/4\/2025\/08\/PGCC-2023.1.-Morfossintaxe-I.-Keila-Lairiny.docx.pdf\">Morfossintaxe I<\/a><\/p>\n<p><a href=\"https:\/\/portal.uern.br\/patu\/dlv\/wp-content\/uploads\/sites\/4\/2025\/08\/PGCC-de-Sociolinguistica_2023.2_Leidiana.doc.pdf\">Sociolingu\u00edstica<\/a><\/p>\n<p><a href=\"https:\/\/portal.uern.br\/patu\/dlv\/wp-content\/uploads\/sites\/4\/2025\/08\/PGCC-LETRAMENTOS-DIVERSIDADE-E-MULTICULTURALISMO.doc.pdf\">LETRAMENTOS, DIVERSIDADE E MULTICULTURALISMO<\/a><\/p>\n<p><a href=\"https:\/\/portal.uern.br\/patu\/dlv\/wp-content\/uploads\/sites\/4\/2025\/08\/PGCC-Literatura-Brasileira-I.docx.pdf\">Literatura Brasileira I<\/a><\/p>\n<p><a href=\"https:\/\/portal.uern.br\/patu\/dlv\/wp-content\/uploads\/sites\/4\/2025\/08\/PGCC-Literatura-Portuguesa-1-Annie-Tarsis-Morais-Figueiredo.pdf\">Literatura Portuguesa I<\/a><\/p>\n<p><a href=\"https:\/\/portal.uern.br\/patu\/dlv\/wp-content\/uploads\/sites\/4\/2025\/08\/Unidade-Curricular-de-Extensao-Annie-Tarsis-Morais-Figueiredo.pdf\">Unidade Curricular de Extens\u00e3o &#8211; Annie<\/a><\/p>\n<p>&nbsp;<\/p>\n<p style=\"text-align: center\"><strong>5\u00b0 per\u00edodo<\/strong><\/p>\n<p>&nbsp;<\/p>\n<p><a href=\"https:\/\/portal.uern.br\/patu\/dlv\/wp-content\/uploads\/sites\/4\/2025\/08\/PGCC-Didatica-da-Lingua-Portuguesa.doc.pdf\">Did\u00e1tica da L\u00edngua Portuguesa<\/a><\/p>\n<p><a href=\"https:\/\/portal.uern.br\/patu\/dlv\/wp-content\/uploads\/sites\/4\/2025\/08\/PGCC-2023.1.-Estrutura-e-Funcionamento-Keila-Lairiny.docx.pdf\">Estrutura e Funcionamento da Educa\u00e7\u00e3o B\u00e1sica<\/a><\/p>\n<p><a href=\"https:\/\/portal.uern.br\/patu\/dlv\/wp-content\/uploads\/sites\/4\/2025\/08\/5o.-Semantica-PGCC-e-Cronograma-2023.1.docx.pdf\">Sem\u00e2ntica\u00a0<\/a><\/p>\n<p><a href=\"https:\/\/portal.uern.br\/patu\/dlv\/wp-content\/uploads\/sites\/4\/2025\/08\/PGCC-MORFO-3-2023.1.docx-1.pdf\">Morfossintaxe III<\/a><\/p>\n<p><a href=\"https:\/\/portal.uern.br\/patu\/dlv\/wp-content\/uploads\/sites\/4\/2025\/08\/PGCC-Literatura-Brasileira-II.docx-1.pdf\">Literatura Brasileira II<\/a><\/p>\n<p><a href=\"https:\/\/portal.uern.br\/patu\/dlv\/wp-content\/uploads\/sites\/4\/2025\/08\/PGCC-Literatura-Portuguesa-2-Annie-Tarsis-Morais-Figueiredo-1.pdf\">Literatura Portuguesa II<\/a><\/p>\n<p>&nbsp;<\/p>\n<p style=\"text-align: center\"><strong>7\u00b0 per\u00edodo<\/strong><\/p>\n<p>&nbsp;<\/p>\n<p><a href=\"https:\/\/portal.uern.br\/patu\/dlv\/wp-content\/uploads\/sites\/4\/2025\/08\/PGCC-Literatura-Brasileira-IV.docx.pdf\">Literatura Brasileira IV<\/a><\/p>\n<p><a href=\"https:\/\/portal.uern.br\/patu\/dlv\/wp-content\/uploads\/sites\/4\/2025\/08\/7o.-Estilistica-PGCC-e-Cronograma-2023.1.docx.pdf\">Estil\u00edstica\u00a0<\/a><\/p>\n<p><a href=\"https:\/\/portal.uern.br\/patu\/dlv\/wp-content\/uploads\/sites\/4\/2025\/08\/7o.-Topicos-Especiais-Semantica-Optativa-PGCC-e-Cronograma-2023.1.docx.pdf\">T\u00f3picos Especiais &#8211; Sem\u00e2ntica &#8211; Optativa<\/a><\/p>\n<p><a href=\"https:\/\/portal.uern.br\/patu\/dlv\/wp-content\/uploads\/sites\/4\/2025\/08\/PGCC_Estagio-Supervisionado-II_2023.1_Leidiana.docx.pdf\">Est\u00e1gio Supervisionado II<\/a><\/p>\n<p><a href=\"https:\/\/portal.uern.br\/patu\/dlv\/wp-content\/uploads\/sites\/4\/2025\/08\/PGCC-SEMINARIO-DE-Monografia.docx.pdf\">Semin\u00e1rio de Monografia I\u00a0<\/a><\/p>\n<p>&nbsp;<\/p>\n","protected":false},"excerpt":{"rendered":"<p>1\u00b0 per\u00edodo Leitura e Produ\u00e7\u00e3o Textual I L\u00edngua Inglesa Instrumental Metodologia do trabalho cient\u00edfico T\u00f3picos filos\u00f3ficos da linguagem Teoria da Literatura I Lingu\u00edstica I L\u00edngua Latina 2023-1.docx UCE CINEATRO\u00a0 &nbsp; 3\u00b0 per\u00edodo &nbsp; Curr\u00edculo e escola Morfossintaxe I Sociolingu\u00edstica LETRAMENTOS, DIVERSIDADE E MULTICULTURALISMO Literatura Brasileira I Literatura Portuguesa I Unidade Curricular de Extens\u00e3o &#8211; Annie [&hellip;]<\/p>\n","protected":false},"author":9,"featured_media":0,"parent":0,"menu_order":0,"comment_status":"closed","ping_status":"closed","template":"","meta":{"footnotes":""},"class_list":["post-2360","page","type-page","status-publish","hentry"],"_links":{"self":[{"href":"https:\/\/portal.uern.br\/patu\/dlv\/wp-json\/wp\/v2\/pages\/2360","targetHints":{"allow":["GET"]}}],"collection":[{"href":"https:\/\/portal.uern.br\/patu\/dlv\/wp-json\/wp\/v2\/pages"}],"about":[{"href":"https:\/\/portal.uern.br\/patu\/dlv\/wp-json\/wp\/v2\/types\/page"}],"author":[{"embeddable":true,"href":"https:\/\/portal.uern.br\/patu\/dlv\/wp-json\/wp\/v2\/users\/9"}],"replies":[{"embeddable":true,"href":"https:\/\/portal.uern.br\/patu\/dlv\/wp-json\/wp\/v2\/comments?post=2360"}],"version-history":[{"count":4,"href":"https:\/\/portal.uern.br\/patu\/dlv\/wp-json\/wp\/v2\/pages\/2360\/revisions"}],"predecessor-version":[{"id":2393,"href":"https:\/\/portal.uern.br\/patu\/dlv\/wp-json\/wp\/v2\/pages\/2360\/revisions\/2393"}],"wp:attachment":[{"href":"https:\/\/portal.uern.br\/patu\/dlv\/wp-json\/wp\/v2\/media?parent=2360"}],"curies":[{"name":"wp","href":"https:\/\/api.w.org\/{rel}","templated":true}]}}