{"id":2333,"date":"2025-08-20T09:48:57","date_gmt":"2025-08-20T12:48:57","guid":{"rendered":"https:\/\/portal.uern.br\/patu\/dlv\/?page_id=2333"},"modified":"2025-08-20T09:48:57","modified_gmt":"2025-08-20T12:48:57","slug":"2022-2","status":"publish","type":"page","link":"https:\/\/portal.uern.br\/patu\/dlv\/2022-2\/","title":{"rendered":"2022.2"},"content":{"rendered":"<p style=\"text-align: center\"><strong>2\u00b0 per\u00edodo<\/strong><\/p>\n<p>&nbsp;<\/p>\n<p><a href=\"https:\/\/portal.uern.br\/patu\/dlv\/wp-content\/uploads\/sites\/4\/2025\/08\/PGCC-Linguistica-II.docx.pdf\">Lingu\u00edstica II<\/a><\/p>\n<p><a href=\"https:\/\/portal.uern.br\/patu\/dlv\/wp-content\/uploads\/sites\/4\/2025\/08\/PGCC-Leitura-e-Producao-Textual-Letras.docx.pdf\">Leitura e Produ\u00e7\u00e3o Textual II<\/a><\/p>\n<p><a href=\"https:\/\/portal.uern.br\/patu\/dlv\/wp-content\/uploads\/sites\/4\/2025\/08\/PGCC_Topicos-de-gramatica_2022.2_Leidiana.docx.pdf\">T\u00f3picos de gram\u00e1tica do Portugu\u00eas<\/a><\/p>\n<p><a href=\"https:\/\/portal.uern.br\/patu\/dlv\/wp-content\/uploads\/sites\/4\/2025\/08\/PGCC-Fonetica-e-fonologia-2-periodo.docx.pdf\">Fon\u00e9tica e fonologia do portugu\u00eas<\/a><\/p>\n<p><a href=\"https:\/\/portal.uern.br\/patu\/dlv\/wp-content\/uploads\/sites\/4\/2025\/08\/PGCC-Teoria-da-Literatura-II-2022.2.pdf\">Teoria da Literatura II<\/a><\/p>\n<p><a href=\"https:\/\/portal.uern.br\/patu\/dlv\/wp-content\/uploads\/sites\/4\/2025\/08\/PGCC_Didatica-geral-2022.2.docx.pdf\">Did\u00e1tica<\/a><\/p>\n<p><a href=\"https:\/\/portal.uern.br\/patu\/dlv\/wp-content\/uploads\/sites\/4\/2025\/08\/PGCC-Prosa-Brasileira-Contemporanea-2022.2.docx.pdf\">Prosa Brasileira Contempor\u00e2nea<\/a><\/p>\n<p style=\"text-align: center\"><strong>4\u00b0 per\u00edodo<\/strong><\/p>\n<p>&nbsp;<\/p>\n<p><a href=\"https:\/\/portal.uern.br\/patu\/dlv\/wp-content\/uploads\/sites\/4\/2025\/08\/Psicolinguistica-4.pdf\">Psicolingu\u00edstica<\/a><\/p>\n<p><a href=\"https:\/\/portal.uern.br\/patu\/dlv\/wp-content\/uploads\/sites\/4\/2025\/08\/01-Diacronia-do-Portugues-PGCC-e-Planejamento-2022.2.pdf\">Diacronia do Portugu\u00eas<\/a><\/p>\n<p><a href=\"https:\/\/portal.uern.br\/patu\/dlv\/wp-content\/uploads\/sites\/4\/2025\/08\/PGCC-Morfosintaxe-II.docx.pdf\">Morfossintaxe II<\/a><\/p>\n<p><a href=\"https:\/\/portal.uern.br\/patu\/dlv\/wp-content\/uploads\/sites\/4\/2025\/08\/Didatica.docx.pdf\">Did\u00e1tica Geral<\/a><\/p>\n<p><a href=\"https:\/\/portal.uern.br\/patu\/dlv\/wp-content\/uploads\/sites\/4\/2025\/08\/PGCC-Literatura-Portuguesa-I.doc.pdf\">Literatura Portuguesa I<\/a><\/p>\n<p><a href=\"https:\/\/portal.uern.br\/patu\/dlv\/wp-content\/uploads\/sites\/4\/2025\/08\/PGCC-Literatura-Brasileira-I.doc.pdf\">Literatura Brasileira I<\/a><\/p>\n<p><a href=\"https:\/\/portal.uern.br\/patu\/dlv\/wp-content\/uploads\/sites\/4\/2025\/08\/Leitura-e-praticas-de-letramento.docx-1.pdf\">Leitura e praticas de letramento<\/a><\/p>\n<p>&nbsp;<\/p>\n<p style=\"text-align: center\"><strong>6\u00b0 per\u00edodo<\/strong><\/p>\n<p>&nbsp;<\/p>\n<p><a href=\"https:\/\/portal.uern.br\/patu\/dlv\/wp-content\/uploads\/sites\/4\/2025\/08\/Leitura-PGCC-e-Planejamento-2022.2-1.pdf\">Leitura <\/a><\/p>\n<p><a href=\"https:\/\/portal.uern.br\/patu\/dlv\/wp-content\/uploads\/sites\/4\/2025\/08\/LITERATURA-BRASILEIRA-III.docx.pdf\">LITERATURA BRASILEIRA III<\/a><\/p>\n<p><a href=\"https:\/\/portal.uern.br\/patu\/dlv\/wp-content\/uploads\/sites\/4\/2025\/08\/PGCC-de-AD-2022.2.docx-1.pdf\">An\u00e1lise do Discurso<\/a><\/p>\n<p><a href=\"https:\/\/portal.uern.br\/patu\/dlv\/wp-content\/uploads\/sites\/4\/2025\/08\/PGCC_ESTAGIO_I_2022.2_Leidiana_.docx.pdf\">EST\u00c1GIO SUPERVISIONADO I<\/a><\/p>\n<p><a href=\"https:\/\/portal.uern.br\/patu\/dlv\/wp-content\/uploads\/sites\/4\/2025\/08\/PGCC-Literatura-Portuguesa-III-2022.2.pdf\">Literatura Portuguesa III\u00a0<\/a><\/p>\n<p><a href=\"https:\/\/portal.uern.br\/patu\/dlv\/wp-content\/uploads\/sites\/4\/2025\/08\/PGCC-Fonetica-e-fonologia-6-periodo.doc-1.pdf\">Fon\u00e9tica e fonologia I<\/a><\/p>\n<p>&nbsp;<\/p>\n<p style=\"text-align: center\"><strong>8\u00b0 per\u00edodo<\/strong><\/p>\n<p>&nbsp;<\/p>\n<p><a href=\"https:\/\/portal.uern.br\/patu\/dlv\/wp-content\/uploads\/sites\/4\/2025\/08\/Fundamentos-de-Lingua-Espanhola.pdf\">Fundamentos de L\u00edngua Espanhola<\/a><\/p>\n<p><a href=\"https:\/\/portal.uern.br\/patu\/dlv\/wp-content\/uploads\/sites\/4\/2025\/08\/PGCC-SEMINARIO-DE-Monografia-2022.2.docx.pdf\">Semin\u00e1rio de Monografia\u00a0<\/a><\/p>\n<p>&nbsp;<\/p>\n","protected":false},"excerpt":{"rendered":"<p>2\u00b0 per\u00edodo &nbsp; Lingu\u00edstica II Leitura e Produ\u00e7\u00e3o Textual II T\u00f3picos de gram\u00e1tica do Portugu\u00eas Fon\u00e9tica e fonologia do portugu\u00eas Teoria da Literatura II Did\u00e1tica Prosa Brasileira Contempor\u00e2nea 4\u00b0 per\u00edodo &nbsp; Psicolingu\u00edstica Diacronia do Portugu\u00eas Morfossintaxe II Did\u00e1tica Geral Literatura Portuguesa I Literatura Brasileira I Leitura e praticas de letramento &nbsp; 6\u00b0 per\u00edodo &nbsp; Leitura [&hellip;]<\/p>\n","protected":false},"author":9,"featured_media":0,"parent":0,"menu_order":0,"comment_status":"closed","ping_status":"closed","template":"","meta":{"footnotes":""},"class_list":["post-2333","page","type-page","status-publish","hentry"],"_links":{"self":[{"href":"https:\/\/portal.uern.br\/patu\/dlv\/wp-json\/wp\/v2\/pages\/2333","targetHints":{"allow":["GET"]}}],"collection":[{"href":"https:\/\/portal.uern.br\/patu\/dlv\/wp-json\/wp\/v2\/pages"}],"about":[{"href":"https:\/\/portal.uern.br\/patu\/dlv\/wp-json\/wp\/v2\/types\/page"}],"author":[{"embeddable":true,"href":"https:\/\/portal.uern.br\/patu\/dlv\/wp-json\/wp\/v2\/users\/9"}],"replies":[{"embeddable":true,"href":"https:\/\/portal.uern.br\/patu\/dlv\/wp-json\/wp\/v2\/comments?post=2333"}],"version-history":[{"count":1,"href":"https:\/\/portal.uern.br\/patu\/dlv\/wp-json\/wp\/v2\/pages\/2333\/revisions"}],"predecessor-version":[{"id":2358,"href":"https:\/\/portal.uern.br\/patu\/dlv\/wp-json\/wp\/v2\/pages\/2333\/revisions\/2358"}],"wp:attachment":[{"href":"https:\/\/portal.uern.br\/patu\/dlv\/wp-json\/wp\/v2\/media?parent=2333"}],"curies":[{"name":"wp","href":"https:\/\/api.w.org\/{rel}","templated":true}]}}