{"id":2306,"date":"2025-08-19T10:45:33","date_gmt":"2025-08-19T13:45:33","guid":{"rendered":"https:\/\/portal.uern.br\/patu\/dlv\/?page_id=2306"},"modified":"2025-08-19T10:45:44","modified_gmt":"2025-08-19T13:45:44","slug":"2022-1","status":"publish","type":"page","link":"https:\/\/portal.uern.br\/patu\/dlv\/2022-1\/","title":{"rendered":"2022.1"},"content":{"rendered":"<p style=\"text-align: center\"><strong>1\u00b0 per\u00edodo<\/strong><\/p>\n<p>&nbsp;<\/p>\n<p><a href=\"https:\/\/portal.uern.br\/patu\/dlv\/wp-content\/uploads\/sites\/4\/2025\/08\/Linguistica-I-5.pdf\">Lingu\u00edstica I<\/a><\/p>\n<p><a href=\"https:\/\/portal.uern.br\/patu\/dlv\/wp-content\/uploads\/sites\/4\/2025\/08\/Metodologia-do-trabalho-cientifico-5.pdf\">Metodologia do trabalho cient\u00edfico<\/a><\/p>\n<p><a href=\"https:\/\/portal.uern.br\/patu\/dlv\/wp-content\/uploads\/sites\/4\/2025\/08\/Teoria-Da-Literatura-I-1-7.pdf\">Teoria Da Literatura I <\/a><\/p>\n<p><a href=\"https:\/\/portal.uern.br\/patu\/dlv\/wp-content\/uploads\/sites\/4\/2025\/08\/Topicos-Filosoficos-Da-Linguagem.pdf\">T\u00f3picos Filos\u00f3ficos Da Linguagem<\/a><\/p>\n<p><a href=\"https:\/\/portal.uern.br\/patu\/dlv\/wp-content\/uploads\/sites\/4\/2025\/08\/Unidade-Curricular-de-Extensao-XI.pdf\">Unidade Curricular de Extens\u00e3o XI<\/a><\/p>\n<p><a href=\"https:\/\/portal.uern.br\/patu\/dlv\/wp-content\/uploads\/sites\/4\/2025\/08\/Lingua-Latina-5.pdf\">L\u00edngua Latina<\/a><\/p>\n<p><a href=\"https:\/\/portal.uern.br\/patu\/dlv\/wp-content\/uploads\/sites\/4\/2025\/08\/Lingua-Inglesa-Instrumental.pdf\">L\u00edngua Inglesa Instrumental<\/a><\/p>\n<p>&nbsp;<\/p>\n<p style=\"text-align: center\"><strong>3\u00b0 per\u00edodo<\/strong><\/p>\n<p><a href=\"https:\/\/portal.uern.br\/patu\/dlv\/wp-content\/uploads\/sites\/4\/2025\/08\/Morfossintaxe-I-4.pdf\">Morfossintaxe I<\/a><\/p>\n<p><a href=\"https:\/\/portal.uern.br\/patu\/dlv\/wp-content\/uploads\/sites\/4\/2025\/08\/Psicologia-da-Educacao-5.pdf\">Psicologia da Educa\u00e7\u00e3o<\/a><\/p>\n<p><a href=\"https:\/\/portal.uern.br\/patu\/dlv\/wp-content\/uploads\/sites\/4\/2025\/08\/Sociolinguistica-5.pdf\">Socioling\u00fc\u00edstica<\/a><\/p>\n<p><a href=\"https:\/\/portal.uern.br\/patu\/dlv\/wp-content\/uploads\/sites\/4\/2025\/08\/Teoria-da-Literatura-II-5.pdf\">Teoria da Literatura II<\/a><\/p>\n<p><a href=\"https:\/\/portal.uern.br\/patu\/dlv\/wp-content\/uploads\/sites\/4\/2025\/08\/Lingua-Latina-6.pdf\">L\u00edngua Latina<\/a><\/p>\n<p>&nbsp;<\/p>\n<p style=\"text-align: center\"><strong>5\u00b0 per\u00edodo<\/strong><\/p>\n<p>&nbsp;<\/p>\n<p><a href=\"https:\/\/portal.uern.br\/patu\/dlv\/wp-content\/uploads\/sites\/4\/2025\/08\/Didatica-da-Lingua-Portuguesa-5.pdf\">Did\u00e1tica da L\u00edngua Portuguesa<\/a><\/p>\n<p><a href=\"https:\/\/portal.uern.br\/patu\/dlv\/wp-content\/uploads\/sites\/4\/2025\/08\/Estrutura-e-Funcionamento-da-Educacao-Basica-5.pdf\">Estrutura e Funcionamento da Educa\u00e7\u00e3o B\u00e1sica<\/a><\/p>\n<p><a href=\"https:\/\/portal.uern.br\/patu\/dlv\/wp-content\/uploads\/sites\/4\/2025\/08\/Literatura-Brasileira-II-5.pdf\">Literatura Brasileira II<\/a><\/p>\n<p><a href=\"https:\/\/portal.uern.br\/patu\/dlv\/wp-content\/uploads\/sites\/4\/2025\/08\/Literatura-Portuguesa-II-5.pdf\">Literatura Portuguesa II<\/a><\/p>\n<p><a href=\"https:\/\/portal.uern.br\/patu\/dlv\/wp-content\/uploads\/sites\/4\/2025\/08\/Morfossintaxe-III-4.pdf\">Morfossintaxe III<\/a><\/p>\n<p>&nbsp;<\/p>\n<p style=\"text-align: center\"><strong>7\u00b0 per\u00edodo<\/strong><\/p>\n<p>&nbsp;<\/p>\n<p><a href=\"https:\/\/portal.uern.br\/patu\/dlv\/wp-content\/uploads\/sites\/4\/2025\/08\/Estagio-Supervisionado-II-LEIDIANA-2.pdf\">Est\u00e1gio Supervisionado II LEIDIANA<\/a><\/p>\n<p><a href=\"https:\/\/portal.uern.br\/patu\/dlv\/wp-content\/uploads\/sites\/4\/2025\/08\/Estagio-Supervisionado-II-CLAUDIA-3.pdf\">Est\u00e1gio Supervisionado II CL\u00c1UDIA<\/a><\/p>\n<p><a href=\"https:\/\/portal.uern.br\/patu\/dlv\/wp-content\/uploads\/sites\/4\/2025\/08\/Estilistica-4.pdf\">Estil\u00edstica<\/a><\/p>\n<p><a href=\"https:\/\/portal.uern.br\/patu\/dlv\/wp-content\/uploads\/sites\/4\/2025\/08\/Literatura-Brasileira-IV-5.pdf\">Literatura Brasileira IV<\/a><\/p>\n","protected":false},"excerpt":{"rendered":"<p>1\u00b0 per\u00edodo &nbsp; Lingu\u00edstica I Metodologia do trabalho cient\u00edfico Teoria Da Literatura I T\u00f3picos Filos\u00f3ficos Da Linguagem Unidade Curricular de Extens\u00e3o XI L\u00edngua Latina L\u00edngua Inglesa Instrumental &nbsp; 3\u00b0 per\u00edodo Morfossintaxe I Psicologia da Educa\u00e7\u00e3o Socioling\u00fc\u00edstica Teoria da Literatura II L\u00edngua Latina &nbsp; 5\u00b0 per\u00edodo &nbsp; Did\u00e1tica da L\u00edngua Portuguesa Estrutura e Funcionamento da Educa\u00e7\u00e3o [&hellip;]<\/p>\n","protected":false},"author":9,"featured_media":0,"parent":0,"menu_order":0,"comment_status":"closed","ping_status":"closed","template":"","meta":{"footnotes":""},"class_list":["post-2306","page","type-page","status-publish","hentry"],"_links":{"self":[{"href":"https:\/\/portal.uern.br\/patu\/dlv\/wp-json\/wp\/v2\/pages\/2306","targetHints":{"allow":["GET"]}}],"collection":[{"href":"https:\/\/portal.uern.br\/patu\/dlv\/wp-json\/wp\/v2\/pages"}],"about":[{"href":"https:\/\/portal.uern.br\/patu\/dlv\/wp-json\/wp\/v2\/types\/page"}],"author":[{"embeddable":true,"href":"https:\/\/portal.uern.br\/patu\/dlv\/wp-json\/wp\/v2\/users\/9"}],"replies":[{"embeddable":true,"href":"https:\/\/portal.uern.br\/patu\/dlv\/wp-json\/wp\/v2\/comments?post=2306"}],"version-history":[{"count":1,"href":"https:\/\/portal.uern.br\/patu\/dlv\/wp-json\/wp\/v2\/pages\/2306\/revisions"}],"predecessor-version":[{"id":2329,"href":"https:\/\/portal.uern.br\/patu\/dlv\/wp-json\/wp\/v2\/pages\/2306\/revisions\/2329"}],"wp:attachment":[{"href":"https:\/\/portal.uern.br\/patu\/dlv\/wp-json\/wp\/v2\/media?parent=2306"}],"curies":[{"name":"wp","href":"https:\/\/api.w.org\/{rel}","templated":true}]}}