{"id":2240,"date":"2025-08-19T09:45:29","date_gmt":"2025-08-19T12:45:29","guid":{"rendered":"https:\/\/portal.uern.br\/patu\/dlv\/?page_id=2240"},"modified":"2025-08-19T09:48:17","modified_gmt":"2025-08-19T12:48:17","slug":"2021-1","status":"publish","type":"page","link":"https:\/\/portal.uern.br\/patu\/dlv\/2021-1\/","title":{"rendered":"2021.1"},"content":{"rendered":"<p style=\"text-align: center\"><strong>1\u00b0 per\u00edodo<\/strong><\/p>\n<p>&nbsp;<\/p>\n<p><a href=\"https:\/\/portal.uern.br\/patu\/dlv\/wp-content\/uploads\/sites\/4\/2025\/08\/Libras-2021.1.pdf\">Libras 2021.1<\/a><\/p>\n<p><a href=\"https:\/\/portal.uern.br\/patu\/dlv\/wp-content\/uploads\/sites\/4\/2025\/08\/Linguistica-I-2021.1.pdf\">Lingu\u00edstica I 2021.1<\/a><\/p>\n<p><a href=\"https:\/\/portal.uern.br\/patu\/dlv\/wp-content\/uploads\/sites\/4\/2025\/08\/Metodologia-do-Trabalho-Cientifico-2021.1.pdf\">Metodologia do Trabalho Cient\u00edfico 2021.1<\/a><\/p>\n<p><a href=\"https:\/\/portal.uern.br\/patu\/dlv\/wp-content\/uploads\/sites\/4\/2025\/08\/Producao-Textual-2021.1.pdf\">Produ\u00e7\u00e3o Textual 2021.1<\/a><\/p>\n<p><a href=\"https:\/\/portal.uern.br\/patu\/dlv\/wp-content\/uploads\/sites\/4\/2025\/08\/Fundamentos-da-Lingua-inglesa-2021.1.pdf\">Fundamentos da Lingua inglesa 2021.1<\/a><\/p>\n<p>&nbsp;<\/p>\n<p style=\"text-align: center\"><strong>3\u00b0 per\u00edodo<\/strong><\/p>\n<p>&nbsp;<\/p>\n<p><a href=\"https:\/\/portal.uern.br\/patu\/dlv\/wp-content\/uploads\/sites\/4\/2025\/08\/Psicologia-da-Educacao-2021.1-Ana-Paula-Felipe-Ferreira-da-Silva-DE.pdf\">Psicologia da Educa\u00e7\u00e3o 2021.1 <\/a><\/p>\n<p><a href=\"https:\/\/portal.uern.br\/patu\/dlv\/wp-content\/uploads\/sites\/4\/2025\/08\/Sociolinguistica-2021.1.pdf\">Sociolingu\u00edstica 2021.1<\/a><\/p>\n<p><a href=\"https:\/\/portal.uern.br\/patu\/dlv\/wp-content\/uploads\/sites\/4\/2025\/08\/Teoria-da-Literatura-II-2021.1.pdf\">Teoria da Literatura II 2021.1<\/a><\/p>\n<p><a href=\"https:\/\/portal.uern.br\/patu\/dlv\/wp-content\/uploads\/sites\/4\/2025\/08\/Lingua-Latina-2021.1.pdf\">L\u00edngua Latina 2021.1<\/a><\/p>\n<p><a href=\"https:\/\/portal.uern.br\/patu\/dlv\/wp-content\/uploads\/sites\/4\/2025\/08\/PGCC-Morofossintaxe-I-2021.1.pdf\">Morfossintaxe I 2021.1<\/a><\/p>\n<p>&nbsp;<\/p>\n<p style=\"text-align: center\"><strong>5\u00b0 per\u00edodo<\/strong><\/p>\n<p>&nbsp;<\/p>\n<p><a href=\"https:\/\/portal.uern.br\/patu\/dlv\/wp-content\/uploads\/sites\/4\/2025\/08\/Morfossintaxe-III-2021.1.pdf\">Morfossintaxe III 2021.1<\/a><\/p>\n<p><a href=\"https:\/\/portal.uern.br\/patu\/dlv\/wp-content\/uploads\/sites\/4\/2025\/08\/Semantica-2021.1.pdf\">Sem\u00e2ntica 2021.1<\/a><\/p>\n<p><a href=\"https:\/\/portal.uern.br\/patu\/dlv\/wp-content\/uploads\/sites\/4\/2025\/08\/Estrutura-e-Funcionamento-da-Educacao-Basica-2021.1-Ana-Paula-Felipe-Ferreida-da-Silva-DE.pdf\">Estrutura e Funcionamento da Educa\u00e7\u00e3o B\u00e1sica 2021.1<\/a><\/p>\n<p><a href=\"https:\/\/portal.uern.br\/patu\/dlv\/wp-content\/uploads\/sites\/4\/2025\/08\/Didatica-da-Ligua-Portuguesa-2021.1-Aline-Almeida-Inhoti.pdf\">Did\u00e1tica da L\u00edngua Portuguesa 2021.1<\/a><\/p>\n<p><a href=\"https:\/\/portal.uern.br\/patu\/dlv\/wp-content\/uploads\/sites\/4\/2025\/08\/Literatura-Brasileira-II-2021.1.pdf\">Literatura Brasileira II 2021.1<\/a><\/p>\n<p><a href=\"https:\/\/portal.uern.br\/patu\/dlv\/wp-content\/uploads\/sites\/4\/2025\/08\/Literatura-Portuguesa-II-2021.1.pdf\">Literatura Portuguesa II 2021.1<\/a><\/p>\n<p>&nbsp;<\/p>\n<p style=\"text-align: center\"><strong>6\u00b0 per\u00edodo<\/strong><\/p>\n<p>&nbsp;<\/p>\n<p><a href=\"https:\/\/portal.uern.br\/patu\/dlv\/wp-content\/uploads\/sites\/4\/2025\/08\/Leitura-2021.1.pdf\">Leitura 2021.1<\/a><\/p>\n<p><a href=\"https:\/\/portal.uern.br\/patu\/dlv\/wp-content\/uploads\/sites\/4\/2025\/08\/Literatura-Brasileira-III-2021.1.pdf\">Literatura Brasileira III 2021.1<\/a><\/p>\n<p><a href=\"https:\/\/portal.uern.br\/patu\/dlv\/wp-content\/uploads\/sites\/4\/2025\/08\/Literatura-Portuguesa-III-2021.1.pdf\">Literatura Portuguesa III 2021.1<\/a><\/p>\n<p><a href=\"https:\/\/portal.uern.br\/patu\/dlv\/wp-content\/uploads\/sites\/4\/2025\/08\/Fonetica-e-Fonologia-I-2021.1.pdf\">Fon\u00e9tica e Fonologia I 2021.1<\/a><\/p>\n<p><a href=\"https:\/\/portal.uern.br\/patu\/dlv\/wp-content\/uploads\/sites\/4\/2025\/08\/Estagio-I-2021.1-Claudia.pdf\">Est\u00e1gio I 2021.1 (Cl\u00e1udia)<\/a><\/p>\n<p><a href=\"https:\/\/portal.uern.br\/patu\/dlv\/wp-content\/uploads\/sites\/4\/2025\/08\/Estagio-I-2021.1-Leidiana.pdf\">Est\u00e1gio I 2021.1 (Leidiana)<\/a><\/p>\n<p><a href=\"https:\/\/portal.uern.br\/patu\/dlv\/wp-content\/uploads\/sites\/4\/2025\/08\/Estagio-I-2021.1-Sueli-1.pdf\">Est\u00e1gio I 2021.1 (Sueli)<\/a><\/p>\n<p><a href=\"https:\/\/portal.uern.br\/patu\/dlv\/wp-content\/uploads\/sites\/4\/2025\/08\/PGCC-de-AD-2021.1.pdf\">An\u00e1lise do Discurso<\/a><\/p>\n<p>&nbsp;<\/p>\n<p style=\"text-align: center\"><strong>7\u00b0 per\u00edodo<\/strong><\/p>\n<p>&nbsp;<\/p>\n<p><a href=\"https:\/\/portal.uern.br\/patu\/dlv\/wp-content\/uploads\/sites\/4\/2025\/08\/Estagio-II-2021.1-Leidiana.pdf\">Est\u00e1gio II 2021.1 (Leidiana)<\/a><\/p>\n<p><a href=\"https:\/\/portal.uern.br\/patu\/dlv\/wp-content\/uploads\/sites\/4\/2025\/08\/Estagio-II-2021.1-Sueli.pdf\">Est\u00e1gio II 2021.1 (Sueli)<\/a><\/p>\n<p>&nbsp;<\/p>\n<p style=\"text-align: center\"><strong>8\u00b0 per\u00edodo<\/strong><\/p>\n<p>&nbsp;<\/p>\n<p><a href=\"https:\/\/portal.uern.br\/patu\/dlv\/wp-content\/uploads\/sites\/4\/2025\/08\/Seminario-de-Monografia-II-2021.1.pdf\">Semin\u00e1rio de Monografia II 2021.1<\/a><\/p>\n<p><a href=\"https:\/\/portal.uern.br\/patu\/dlv\/wp-content\/uploads\/sites\/4\/2025\/08\/Generos-textuais-2021.1-1.pdf\">G\u00eaneros textuais 2021.1 <\/a><\/p>\n<p><a href=\"https:\/\/portal.uern.br\/patu\/dlv\/wp-content\/uploads\/sites\/4\/2025\/08\/Fundamentos-da-Lingua-Espanhola-2021.1.pdf\">Fundamentos da L\u00edngua Espanhola 2021.1<\/a><\/p>\n","protected":false},"excerpt":{"rendered":"<p>1\u00b0 per\u00edodo &nbsp; Libras 2021.1 Lingu\u00edstica I 2021.1 Metodologia do Trabalho Cient\u00edfico 2021.1 Produ\u00e7\u00e3o Textual 2021.1 Fundamentos da Lingua inglesa 2021.1 &nbsp; 3\u00b0 per\u00edodo &nbsp; Psicologia da Educa\u00e7\u00e3o 2021.1 Sociolingu\u00edstica 2021.1 Teoria da Literatura II 2021.1 L\u00edngua Latina 2021.1 Morfossintaxe I 2021.1 &nbsp; 5\u00b0 per\u00edodo &nbsp; Morfossintaxe III 2021.1 Sem\u00e2ntica 2021.1 Estrutura e Funcionamento da [&hellip;]<\/p>\n","protected":false},"author":9,"featured_media":0,"parent":0,"menu_order":0,"comment_status":"closed","ping_status":"closed","template":"","meta":{"footnotes":""},"class_list":["post-2240","page","type-page","status-publish","hentry"],"_links":{"self":[{"href":"https:\/\/portal.uern.br\/patu\/dlv\/wp-json\/wp\/v2\/pages\/2240","targetHints":{"allow":["GET"]}}],"collection":[{"href":"https:\/\/portal.uern.br\/patu\/dlv\/wp-json\/wp\/v2\/pages"}],"about":[{"href":"https:\/\/portal.uern.br\/patu\/dlv\/wp-json\/wp\/v2\/types\/page"}],"author":[{"embeddable":true,"href":"https:\/\/portal.uern.br\/patu\/dlv\/wp-json\/wp\/v2\/users\/9"}],"replies":[{"embeddable":true,"href":"https:\/\/portal.uern.br\/patu\/dlv\/wp-json\/wp\/v2\/comments?post=2240"}],"version-history":[{"count":1,"href":"https:\/\/portal.uern.br\/patu\/dlv\/wp-json\/wp\/v2\/pages\/2240\/revisions"}],"predecessor-version":[{"id":2276,"href":"https:\/\/portal.uern.br\/patu\/dlv\/wp-json\/wp\/v2\/pages\/2240\/revisions\/2276"}],"wp:attachment":[{"href":"https:\/\/portal.uern.br\/patu\/dlv\/wp-json\/wp\/v2\/media?parent=2240"}],"curies":[{"name":"wp","href":"https:\/\/api.w.org\/{rel}","templated":true}]}}