{"id":2210,"date":"2025-08-19T08:56:09","date_gmt":"2025-08-19T11:56:09","guid":{"rendered":"https:\/\/portal.uern.br\/patu\/dlv\/?page_id=2210"},"modified":"2025-08-19T08:56:35","modified_gmt":"2025-08-19T11:56:35","slug":"2020-2","status":"publish","type":"page","link":"https:\/\/portal.uern.br\/patu\/dlv\/2020-2\/","title":{"rendered":"2020.2"},"content":{"rendered":"<p style=\"text-align: center\"><strong>2\u00b0 per\u00edodo<\/strong><\/p>\n<p>&nbsp;<\/p>\n<p><a href=\"https:\/\/portal.uern.br\/patu\/dlv\/wp-content\/uploads\/sites\/4\/2025\/08\/Topicos-de-Gramatica-do-Portugues-2020.2.pdf\">T\u00f3picos de Gram\u00e1tica do Portugu\u00eas 2020.2<\/a><\/p>\n<p><a href=\"https:\/\/portal.uern.br\/patu\/dlv\/wp-content\/uploads\/sites\/4\/2025\/08\/Teoria-da-Literatura-I-2020.2.pdf\">Teoria da Literatura I 2020.2<\/a><\/p>\n<p><a href=\"https:\/\/portal.uern.br\/patu\/dlv\/wp-content\/uploads\/sites\/4\/2025\/08\/Linguistica-II-2020.2.pdf\">Lingu\u00edstica II 2020.2<\/a><\/p>\n<p><a href=\"https:\/\/portal.uern.br\/patu\/dlv\/wp-content\/uploads\/sites\/4\/2025\/08\/Argumentacao-2020.2.pdf\">Argumenta\u00e7\u00e3o 2020.2<\/a><\/p>\n<p><a href=\"https:\/\/portal.uern.br\/patu\/dlv\/wp-content\/uploads\/sites\/4\/2025\/08\/Filosofia-da-Linguagem-2020.2.pdf\">Filosofia da Linguagem 2020.2<\/a><\/p>\n<p><a href=\"https:\/\/portal.uern.br\/patu\/dlv\/wp-content\/uploads\/sites\/4\/2025\/08\/Sociologia-da-linguagem-2020.2.pdf\">Sociologia da linguagem 2020.2<\/a><\/p>\n<p>&nbsp;<\/p>\n<p style=\"text-align: center\"><strong>4\u00b0 per\u00edodo<\/strong><\/p>\n<p>&nbsp;<\/p>\n<p><a href=\"https:\/\/portal.uern.br\/patu\/dlv\/wp-content\/uploads\/sites\/4\/2025\/08\/Literatura-Portuguesa-I-2020.2.pdf\">Literatura Portugu\u00easa I 2020.2<\/a><\/p>\n<p><a href=\"https:\/\/portal.uern.br\/patu\/dlv\/wp-content\/uploads\/sites\/4\/2025\/08\/Morfosintaxe-II-2020.2.pdf\">Morfosintaxe II 2020.2<\/a><\/p>\n<p><a href=\"https:\/\/portal.uern.br\/patu\/dlv\/wp-content\/uploads\/sites\/4\/2025\/08\/Diacronia-do-Portugues-2020.2.pdf\">Diacronia do Portugu\u00eas 2020.2<\/a><\/p>\n<p><a href=\"https:\/\/portal.uern.br\/patu\/dlv\/wp-content\/uploads\/sites\/4\/2025\/08\/Psicolinguistica-2020.2.pdf\">Psicolingu\u00edstica 2020.2<\/a><\/p>\n<p><a href=\"https:\/\/portal.uern.br\/patu\/dlv\/wp-content\/uploads\/sites\/4\/2025\/08\/Didatica-Geral-2020.2.pdf\">Did\u00e1tica Geral 2020.2<\/a><\/p>\n<p><a href=\"https:\/\/portal.uern.br\/patu\/dlv\/wp-content\/uploads\/sites\/4\/2025\/08\/Literatura-Brasileira-I-2020.2.pdf\">Literatura Brasileira I 2020.2<\/a><\/p>\n<p>&nbsp;<\/p>\n<p style=\"text-align: center\"><strong>5\u00b0 per\u00edodo<\/strong><\/p>\n<p>&nbsp;<\/p>\n<p><a href=\"https:\/\/portal.uern.br\/patu\/dlv\/wp-content\/uploads\/sites\/4\/2025\/08\/Estrutura-e-Funcionamento-da-Educacao-Basica-2020.2.pdf\">Estrutura e Funcionamento da Educa\u00e7\u00e3o B\u00e1sica 2020.2<\/a><\/p>\n<p><a href=\"https:\/\/portal.uern.br\/patu\/dlv\/wp-content\/uploads\/sites\/4\/2025\/08\/Literatura-Brasileira-II-2020.2.pdf\">Literatura Brasileira II 2020.2<\/a><\/p>\n<p><a href=\"https:\/\/portal.uern.br\/patu\/dlv\/wp-content\/uploads\/sites\/4\/2025\/08\/Literatura-Portuguesa-II-2020.2.pdf\">Literatura Portuguesa II 2020.2<\/a><\/p>\n<p><a href=\"https:\/\/portal.uern.br\/patu\/dlv\/wp-content\/uploads\/sites\/4\/2025\/08\/Morfossintaxe-III-2020.2.pdf\">Morfossintaxe III 2020.2<\/a><\/p>\n<p><a href=\"https:\/\/portal.uern.br\/patu\/dlv\/wp-content\/uploads\/sites\/4\/2025\/08\/Semantica-2020.2.pdf\">Sem\u00e2ntica 2020.2<\/a><\/p>\n<p><a href=\"https:\/\/portal.uern.br\/patu\/dlv\/wp-content\/uploads\/sites\/4\/2025\/08\/Didatica-da-Lingua-Portuguesa-2020.2.pdf\">Did\u00e1tica da L\u00edngua Portuguesa 2020.2<\/a><\/p>\n<p>&nbsp;<\/p>\n<p style=\"text-align: center\"><strong>6\u00b0 per\u00edodo<\/strong><\/p>\n<p>&nbsp;<\/p>\n<p><a href=\"https:\/\/portal.uern.br\/patu\/dlv\/wp-content\/uploads\/sites\/4\/2025\/08\/Estagio-I-2020.2-Leidiana.pdf\">Est\u00e1gio supervisionado I 2020.2 (Leidiana)<\/a><\/p>\n<p><a href=\"https:\/\/portal.uern.br\/patu\/dlv\/wp-content\/uploads\/sites\/4\/2025\/08\/Estagio-I-2020.2-Sueli.pdf\">Est\u00e1gio supervisionado I 2020.2 (Sueli)<\/a><\/p>\n<p><a href=\"https:\/\/portal.uern.br\/patu\/dlv\/wp-content\/uploads\/sites\/4\/2025\/08\/Estagio-I-2020.2-Claudia.pdf\">Est\u00e1gio supervisionado I 2020.2 (Cl\u00e1udia)<\/a><\/p>\n<p>&nbsp;<\/p>\n<p style=\"text-align: center\"><strong>7\u00b0 per\u00edodo<\/strong><\/p>\n<p><a href=\"https:\/\/portal.uern.br\/patu\/dlv\/wp-content\/uploads\/sites\/4\/2025\/08\/Leituras-e-praticas-de-letramento-2020.2.pdf\">Leituras e pr\u00e1ticas de letramento 2020.2<\/a><\/p>\n<p><a href=\"https:\/\/portal.uern.br\/patu\/dlv\/wp-content\/uploads\/sites\/4\/2025\/08\/Seminario-de-Monografia-I-2020.2.pdf\">Semin\u00e1rio de Monografia I 2020.2<\/a><\/p>\n<p><a href=\"https:\/\/portal.uern.br\/patu\/dlv\/wp-content\/uploads\/sites\/4\/2025\/08\/Literatura-Brasileira-IV-2020.2.pdf\">Literatura Brasileira IV 2020.2<\/a><\/p>\n<p><a href=\"https:\/\/portal.uern.br\/patu\/dlv\/wp-content\/uploads\/sites\/4\/2025\/08\/Estilistica-2020.2.pdf\">Estil\u00edstica 2020.2<\/a><\/p>\n<p>&nbsp;<\/p>\n<p>&nbsp;<\/p>\n<p>&nbsp;<\/p>\n","protected":false},"excerpt":{"rendered":"<p>2\u00b0 per\u00edodo &nbsp; T\u00f3picos de Gram\u00e1tica do Portugu\u00eas 2020.2 Teoria da Literatura I 2020.2 Lingu\u00edstica II 2020.2 Argumenta\u00e7\u00e3o 2020.2 Filosofia da Linguagem 2020.2 Sociologia da linguagem 2020.2 &nbsp; 4\u00b0 per\u00edodo &nbsp; Literatura Portugu\u00easa I 2020.2 Morfosintaxe II 2020.2 Diacronia do Portugu\u00eas 2020.2 Psicolingu\u00edstica 2020.2 Did\u00e1tica Geral 2020.2 Literatura Brasileira I 2020.2 &nbsp; 5\u00b0 per\u00edodo &nbsp; [&hellip;]<\/p>\n","protected":false},"author":9,"featured_media":0,"parent":0,"menu_order":0,"comment_status":"closed","ping_status":"closed","template":"","meta":{"footnotes":""},"class_list":["post-2210","page","type-page","status-publish","hentry"],"_links":{"self":[{"href":"https:\/\/portal.uern.br\/patu\/dlv\/wp-json\/wp\/v2\/pages\/2210","targetHints":{"allow":["GET"]}}],"collection":[{"href":"https:\/\/portal.uern.br\/patu\/dlv\/wp-json\/wp\/v2\/pages"}],"about":[{"href":"https:\/\/portal.uern.br\/patu\/dlv\/wp-json\/wp\/v2\/types\/page"}],"author":[{"embeddable":true,"href":"https:\/\/portal.uern.br\/patu\/dlv\/wp-json\/wp\/v2\/users\/9"}],"replies":[{"embeddable":true,"href":"https:\/\/portal.uern.br\/patu\/dlv\/wp-json\/wp\/v2\/comments?post=2210"}],"version-history":[{"count":2,"href":"https:\/\/portal.uern.br\/patu\/dlv\/wp-json\/wp\/v2\/pages\/2210\/revisions"}],"predecessor-version":[{"id":2237,"href":"https:\/\/portal.uern.br\/patu\/dlv\/wp-json\/wp\/v2\/pages\/2210\/revisions\/2237"}],"wp:attachment":[{"href":"https:\/\/portal.uern.br\/patu\/dlv\/wp-json\/wp\/v2\/media?parent=2210"}],"curies":[{"name":"wp","href":"https:\/\/api.w.org\/{rel}","templated":true}]}}