{"id":2187,"date":"2025-08-19T08:34:53","date_gmt":"2025-08-19T11:34:53","guid":{"rendered":"https:\/\/portal.uern.br\/patu\/dlv\/?page_id=2187"},"modified":"2025-08-19T08:38:53","modified_gmt":"2025-08-19T11:38:53","slug":"2020-1","status":"publish","type":"page","link":"https:\/\/portal.uern.br\/patu\/dlv\/2020-1\/","title":{"rendered":"2020.1"},"content":{"rendered":"<p style=\"text-align: center\"><strong>1\u00b0 per\u00edodo<\/strong><\/p>\n<p>&nbsp;<\/p>\n<p><a href=\"https:\/\/portal.uern.br\/patu\/dlv\/wp-content\/uploads\/sites\/4\/2025\/08\/Linguistica-I-2020.1.pdf\">Lingu\u00edstica I 2020.1<\/a><\/p>\n<p><a href=\"https:\/\/portal.uern.br\/patu\/dlv\/wp-content\/uploads\/sites\/4\/2025\/08\/Metodologia-doTrabalho-Cientifico-2020.1.pdf\">Metodologia do Trabalho Cient\u00edfico 2020.1<\/a><\/p>\n<p><a href=\"https:\/\/portal.uern.br\/patu\/dlv\/wp-content\/uploads\/sites\/4\/2025\/08\/Producao-Textual-2020.1.pdf\">Produ\u00e7\u00e3o Textual 2020.1<\/a><\/p>\n<p><a href=\"https:\/\/portal.uern.br\/patu\/dlv\/wp-content\/uploads\/sites\/4\/2025\/08\/Libras-2020.1.pdf\">Libras 2020.1<\/a><\/p>\n<p>&nbsp;<\/p>\n<p style=\"text-align: center\"><strong>3\u00b0 per\u00edodo<\/strong><\/p>\n<p><a href=\"https:\/\/portal.uern.br\/patu\/dlv\/wp-content\/uploads\/sites\/4\/2025\/08\/Morfosintaxe-I-2020.1.pdf\">Morfossintaxe I 2020.1<\/a><\/p>\n<p><a href=\"https:\/\/portal.uern.br\/patu\/dlv\/wp-content\/uploads\/sites\/4\/2025\/08\/Psicologia-da-Educacao-2020.1.pdf\">Psicologia da Educa\u00e7\u00e3o 2020.1<\/a><\/p>\n<p><a href=\"https:\/\/portal.uern.br\/patu\/dlv\/wp-content\/uploads\/sites\/4\/2025\/08\/Sociolinguistica-2020.1.pdf\">Sociolingu\u00edstica 2020.1<\/a><\/p>\n<p><a href=\"https:\/\/portal.uern.br\/patu\/dlv\/wp-content\/uploads\/sites\/4\/2025\/08\/Teoria-da-Literatura-II-2020.1.pdf\">Teoria da Literatura II 2020.1<\/a><\/p>\n<p><a href=\"https:\/\/portal.uern.br\/patu\/dlv\/wp-content\/uploads\/sites\/4\/2025\/08\/Ligua-Latina-2020.1.pdf\">L\u00edngua Latina 2020.1<\/a><\/p>\n<p>&nbsp;<\/p>\n<p style=\"text-align: center\"><strong>4\u00b0 per\u00edodo<\/strong><\/p>\n<p>&nbsp;<\/p>\n<p><a href=\"https:\/\/portal.uern.br\/patu\/dlv\/wp-content\/uploads\/sites\/4\/2025\/08\/Literatura-Portuguesa-I-6.pdf\">Literatura Portuguesa I<\/a><\/p>\n<p><a href=\"https:\/\/portal.uern.br\/patu\/dlv\/wp-content\/uploads\/sites\/4\/2025\/08\/Morfossintaxe-II-6.pdf\">Morfossintaxe II<\/a><\/p>\n<p><a href=\"https:\/\/portal.uern.br\/patu\/dlv\/wp-content\/uploads\/sites\/4\/2025\/08\/Psicolinguistica-1-1.pdf\">Psicolingu\u00edstica<\/a><\/p>\n<p><a href=\"https:\/\/portal.uern.br\/patu\/dlv\/wp-content\/uploads\/sites\/4\/2025\/08\/Didatica-Geral-.pdf\">Did\u00e1tica Geral<\/a><\/p>\n<p><a href=\"https:\/\/portal.uern.br\/patu\/dlv\/wp-content\/uploads\/sites\/4\/2025\/08\/Literatura-Brasileira-I-6.pdf\">Literatura Brasileira I<\/a><\/p>\n<p>&nbsp;<\/p>\n<p style=\"text-align: center\"><strong>6\u00b0 per\u00edodo<\/strong><\/p>\n<p>&nbsp;<\/p>\n<p><a href=\"https:\/\/portal.uern.br\/patu\/dlv\/wp-content\/uploads\/sites\/4\/2025\/08\/Literatura-Portuguesa-III-6.pdf\">Literatura Portuguesa III<\/a><\/p>\n<p><a href=\"https:\/\/portal.uern.br\/patu\/dlv\/wp-content\/uploads\/sites\/4\/2025\/08\/Leitura-.pdf\">Leitura<\/a><\/p>\n<p><a href=\"https:\/\/portal.uern.br\/patu\/dlv\/wp-content\/uploads\/sites\/4\/2025\/08\/Analise-do-discurso-.pdf\">An\u00e1lise do discurso<\/a><\/p>\n<p><a href=\"https:\/\/portal.uern.br\/patu\/dlv\/wp-content\/uploads\/sites\/4\/2025\/08\/Literatura-Brasileira-III-6.pdf\">Literatura Brasileira III<\/a><\/p>\n<p>&nbsp;<\/p>\n<p style=\"text-align: center\"><strong>8\u00b0 per\u00edodo<\/strong><\/p>\n<p>&nbsp;<\/p>\n<p><a href=\"https:\/\/portal.uern.br\/patu\/dlv\/wp-content\/uploads\/sites\/4\/2025\/08\/Seminario-de-monografia-II-.pdf\">Semin\u00e1rio de monografia II<\/a><\/p>\n<p><a href=\"https:\/\/portal.uern.br\/patu\/dlv\/wp-content\/uploads\/sites\/4\/2025\/08\/Fundamentos-de-Lingua-Espanhola-.pdf\">Fundamentos de L\u00edngua Espanhola<\/a><\/p>\n<p><a href=\"https:\/\/portal.uern.br\/patu\/dlv\/wp-content\/uploads\/sites\/4\/2025\/08\/Generos-textuais-.pdf\">G\u00eaneros textuais<\/a><\/p>\n","protected":false},"excerpt":{"rendered":"<p>1\u00b0 per\u00edodo &nbsp; Lingu\u00edstica I 2020.1 Metodologia do Trabalho Cient\u00edfico 2020.1 Produ\u00e7\u00e3o Textual 2020.1 Libras 2020.1 &nbsp; 3\u00b0 per\u00edodo Morfossintaxe I 2020.1 Psicologia da Educa\u00e7\u00e3o 2020.1 Sociolingu\u00edstica 2020.1 Teoria da Literatura II 2020.1 L\u00edngua Latina 2020.1 &nbsp; 4\u00b0 per\u00edodo &nbsp; Literatura Portuguesa I Morfossintaxe II Psicolingu\u00edstica Did\u00e1tica Geral Literatura Brasileira I &nbsp; 6\u00b0 per\u00edodo &nbsp; [&hellip;]<\/p>\n","protected":false},"author":9,"featured_media":0,"parent":0,"menu_order":0,"comment_status":"closed","ping_status":"closed","template":"","meta":{"footnotes":""},"class_list":["post-2187","page","type-page","status-publish","hentry"],"_links":{"self":[{"href":"https:\/\/portal.uern.br\/patu\/dlv\/wp-json\/wp\/v2\/pages\/2187","targetHints":{"allow":["GET"]}}],"collection":[{"href":"https:\/\/portal.uern.br\/patu\/dlv\/wp-json\/wp\/v2\/pages"}],"about":[{"href":"https:\/\/portal.uern.br\/patu\/dlv\/wp-json\/wp\/v2\/types\/page"}],"author":[{"embeddable":true,"href":"https:\/\/portal.uern.br\/patu\/dlv\/wp-json\/wp\/v2\/users\/9"}],"replies":[{"embeddable":true,"href":"https:\/\/portal.uern.br\/patu\/dlv\/wp-json\/wp\/v2\/comments?post=2187"}],"version-history":[{"count":1,"href":"https:\/\/portal.uern.br\/patu\/dlv\/wp-json\/wp\/v2\/pages\/2187\/revisions"}],"predecessor-version":[{"id":2209,"href":"https:\/\/portal.uern.br\/patu\/dlv\/wp-json\/wp\/v2\/pages\/2187\/revisions\/2209"}],"wp:attachment":[{"href":"https:\/\/portal.uern.br\/patu\/dlv\/wp-json\/wp\/v2\/media?parent=2187"}],"curies":[{"name":"wp","href":"https:\/\/api.w.org\/{rel}","templated":true}]}}