{"id":2130,"date":"2025-08-18T12:09:10","date_gmt":"2025-08-18T15:09:10","guid":{"rendered":"https:\/\/portal.uern.br\/patu\/dlv\/?page_id=2130"},"modified":"2025-08-18T12:09:15","modified_gmt":"2025-08-18T15:09:15","slug":"2019-1","status":"publish","type":"page","link":"https:\/\/portal.uern.br\/patu\/dlv\/2019-1\/","title":{"rendered":"2019.1"},"content":{"rendered":"<p style=\"text-align: center\"><strong>1\u00b0 per\u00edodo<\/strong><\/p>\n<p>&nbsp;<\/p>\n<p><a href=\"https:\/\/portal.uern.br\/patu\/dlv\/wp-content\/uploads\/sites\/4\/2025\/08\/Linguistica-I-4.pdf\">Lingu\u00edstica I<\/a><\/p>\n<p><a href=\"https:\/\/portal.uern.br\/patu\/dlv\/wp-content\/uploads\/sites\/4\/2025\/08\/Metodologia-do-Trabalho-Cientifico-4.pdf\">Metodologia do Trabalho Cient\u00edfico<\/a><\/p>\n<p><a href=\"https:\/\/portal.uern.br\/patu\/dlv\/wp-content\/uploads\/sites\/4\/2025\/08\/Producao-Textual-4.pdf\">Produ\u00e7\u00e3o Textual<\/a><\/p>\n<p><a href=\"https:\/\/portal.uern.br\/patu\/dlv\/wp-content\/uploads\/sites\/4\/2025\/08\/Libras-3.pdf\">Libras<\/a><\/p>\n<p><a href=\"https:\/\/portal.uern.br\/patu\/dlv\/wp-content\/uploads\/sites\/4\/2025\/08\/Fundamentos-da-Lingua-inglesa-4.pdf\">Fundamentos da L\u00edngua inglesa<\/a><\/p>\n<p>&nbsp;<\/p>\n<p style=\"text-align: center\"><strong>2\u00b0 per\u00edodo<\/strong><\/p>\n<p>&nbsp;<\/p>\n<p><a href=\"https:\/\/portal.uern.br\/patu\/dlv\/wp-content\/uploads\/sites\/4\/2025\/08\/Topicos-de-Gramatica-do-Portugues-1-1.pdf\">T\u00f3picos de Gram\u00e1tica do Portugu\u00eas <\/a><\/p>\n<p><a href=\"https:\/\/portal.uern.br\/patu\/dlv\/wp-content\/uploads\/sites\/4\/2025\/08\/Filosofia-da-Linguagem-1-4.pdf\">Filosofia da Linguagem<\/a><\/p>\n<p><a href=\"https:\/\/portal.uern.br\/patu\/dlv\/wp-content\/uploads\/sites\/4\/2025\/08\/Linguistica-II-1-2.pdf\">Lingu\u00edstica II <\/a><\/p>\n<p><a href=\"https:\/\/portal.uern.br\/patu\/dlv\/wp-content\/uploads\/sites\/4\/2025\/08\/Sociologia-da-linguagem-1-3.pdf\">Sociologia da linguagem<\/a><\/p>\n<p><a href=\"https:\/\/portal.uern.br\/patu\/dlv\/wp-content\/uploads\/sites\/4\/2025\/08\/Teoria-da-Literatura-I-1-4.pdf\">Teoria da Literatura I <\/a><\/p>\n<p><a href=\"https:\/\/portal.uern.br\/patu\/dlv\/wp-content\/uploads\/sites\/4\/2025\/08\/Argumentacao-1-3.pdf\">Argumenta\u00e7\u00e3o<\/a><\/p>\n<p>&nbsp;<\/p>\n<p style=\"text-align: center\"><strong>4\u00b0 per\u00edodo<\/strong><\/p>\n<p>&nbsp;<\/p>\n<p><a href=\"https:\/\/portal.uern.br\/patu\/dlv\/wp-content\/uploads\/sites\/4\/2025\/08\/Literatura-Portuguesa-I-5.pdf\">Literatura Portuguesa I<\/a><\/p>\n<p><a href=\"https:\/\/portal.uern.br\/patu\/dlv\/wp-content\/uploads\/sites\/4\/2025\/08\/Morfossintaxe-II-5.pdf\">Morfossintaxe II<\/a><\/p>\n<p><a href=\"https:\/\/portal.uern.br\/patu\/dlv\/wp-content\/uploads\/sites\/4\/2025\/08\/Psicolinguistica-.pdf\">Psicolingu\u00edstica<\/a><\/p>\n<p><a href=\"https:\/\/portal.uern.br\/patu\/dlv\/wp-content\/uploads\/sites\/4\/2025\/08\/Diacronia-do-Portugues-.pdf\">Diacronia do Portugu\u00eas<\/a><\/p>\n<p><a href=\"https:\/\/portal.uern.br\/patu\/dlv\/wp-content\/uploads\/sites\/4\/2025\/08\/Didatica-Geral-5.pdf\">Did\u00e1tica Geral<\/a><\/p>\n<p><a href=\"https:\/\/portal.uern.br\/patu\/dlv\/wp-content\/uploads\/sites\/4\/2025\/08\/Literatura-Brasileira-I-5.pdf\">Literatura Brasileira I<\/a><\/p>\n<p>&nbsp;<\/p>\n<p style=\"text-align: center\"><strong>6\u00b0 per\u00edodo<\/strong><\/p>\n<p>&nbsp;<\/p>\n<p><a href=\"https:\/\/portal.uern.br\/patu\/dlv\/wp-content\/uploads\/sites\/4\/2025\/08\/Literatura-Portuguesa-III-5.pdf\">Literatura Portuguesa III<\/a><\/p>\n<p><a href=\"https:\/\/portal.uern.br\/patu\/dlv\/wp-content\/uploads\/sites\/4\/2025\/08\/Leitura-4.pdf\">Leitura<\/a><\/p>\n<p><a href=\"https:\/\/portal.uern.br\/patu\/dlv\/wp-content\/uploads\/sites\/4\/2025\/08\/Fonetica-e-Fonologia-I-4.pdf\">Fon\u00e9tica e Fonologia I<\/a><\/p>\n<p><a href=\"https:\/\/portal.uern.br\/patu\/dlv\/wp-content\/uploads\/sites\/4\/2025\/08\/Estagio-Supervisionado-I-Sueli.pdf\">Est\u00e1gio Supervisionado I &#8211; Sueli<\/a><\/p>\n<p><a href=\"https:\/\/portal.uern.br\/patu\/dlv\/wp-content\/uploads\/sites\/4\/2025\/08\/Estagio-Supervisionado-I-Leidiana.pdf\">Est\u00e1gio Supervisionado I &#8211; Leidiana<\/a><\/p>\n<p><a href=\"https:\/\/portal.uern.br\/patu\/dlv\/wp-content\/uploads\/sites\/4\/2025\/08\/Analise-do-Discurso-5.pdf\">An\u00e1lise do Discurso<\/a><\/p>\n<p><a href=\"https:\/\/portal.uern.br\/patu\/dlv\/wp-content\/uploads\/sites\/4\/2025\/08\/Literatura-Brasileira-III-5.pdf\">Literatura Brasileira III<\/a><\/p>\n<p style=\"text-align: center\"><strong>8\u00b0 per\u00edodo<\/strong><\/p>\n<p>&nbsp;<\/p>\n<p><a href=\"https:\/\/portal.uern.br\/patu\/dlv\/wp-content\/uploads\/sites\/4\/2025\/08\/Topicos-Especiais-para-o-Ensino-de-Libras-1.pdf\">T\u00f3picos Especiais para o Ensino de Libras<\/a><\/p>\n<p><a href=\"https:\/\/portal.uern.br\/patu\/dlv\/wp-content\/uploads\/sites\/4\/2025\/08\/Topicos-Especiais-Teoria-do-teatro-ocidental.pdf\">T\u00f3picos Especiais Teoria do teatro ocidental<\/a><\/p>\n<p><a href=\"https:\/\/portal.uern.br\/patu\/dlv\/wp-content\/uploads\/sites\/4\/2025\/08\/Fundamentos-da-Lingua-Espanhola-3.pdf\">Fundamentos da L\u00edngua Espanhola<\/a><\/p>\n<p><a href=\"https:\/\/portal.uern.br\/patu\/dlv\/wp-content\/uploads\/sites\/4\/2025\/08\/Seminario-de-Monografia-II-2.pdf\">Semin\u00e1rio de Monografia II<\/a><\/p>\n","protected":false},"excerpt":{"rendered":"<p>1\u00b0 per\u00edodo &nbsp; Lingu\u00edstica I Metodologia do Trabalho Cient\u00edfico Produ\u00e7\u00e3o Textual Libras Fundamentos da L\u00edngua inglesa &nbsp; 2\u00b0 per\u00edodo &nbsp; T\u00f3picos de Gram\u00e1tica do Portugu\u00eas Filosofia da Linguagem Lingu\u00edstica II Sociologia da linguagem Teoria da Literatura I Argumenta\u00e7\u00e3o &nbsp; 4\u00b0 per\u00edodo &nbsp; Literatura Portuguesa I Morfossintaxe II Psicolingu\u00edstica Diacronia do Portugu\u00eas Did\u00e1tica Geral Literatura Brasileira [&hellip;]<\/p>\n","protected":false},"author":9,"featured_media":0,"parent":0,"menu_order":0,"comment_status":"closed","ping_status":"closed","template":"","meta":{"footnotes":""},"class_list":["post-2130","page","type-page","status-publish","hentry"],"_links":{"self":[{"href":"https:\/\/portal.uern.br\/patu\/dlv\/wp-json\/wp\/v2\/pages\/2130","targetHints":{"allow":["GET"]}}],"collection":[{"href":"https:\/\/portal.uern.br\/patu\/dlv\/wp-json\/wp\/v2\/pages"}],"about":[{"href":"https:\/\/portal.uern.br\/patu\/dlv\/wp-json\/wp\/v2\/types\/page"}],"author":[{"embeddable":true,"href":"https:\/\/portal.uern.br\/patu\/dlv\/wp-json\/wp\/v2\/users\/9"}],"replies":[{"embeddable":true,"href":"https:\/\/portal.uern.br\/patu\/dlv\/wp-json\/wp\/v2\/comments?post=2130"}],"version-history":[{"count":1,"href":"https:\/\/portal.uern.br\/patu\/dlv\/wp-json\/wp\/v2\/pages\/2130\/revisions"}],"predecessor-version":[{"id":2159,"href":"https:\/\/portal.uern.br\/patu\/dlv\/wp-json\/wp\/v2\/pages\/2130\/revisions\/2159"}],"wp:attachment":[{"href":"https:\/\/portal.uern.br\/patu\/dlv\/wp-json\/wp\/v2\/media?parent=2130"}],"curies":[{"name":"wp","href":"https:\/\/api.w.org\/{rel}","templated":true}]}}