{"id":2016,"date":"2025-08-15T12:13:33","date_gmt":"2025-08-15T15:13:33","guid":{"rendered":"https:\/\/portal.uern.br\/patu\/dlv\/?page_id=2016"},"modified":"2025-08-15T12:13:50","modified_gmt":"2025-08-15T15:13:50","slug":"2017-1","status":"publish","type":"page","link":"https:\/\/portal.uern.br\/patu\/dlv\/2017-1\/","title":{"rendered":"2017.1"},"content":{"rendered":"<p style=\"text-align: center\"><strong>2\u00b0 per\u00edodo<\/strong><\/p>\n<p>&nbsp;<\/p>\n<p><a href=\"https:\/\/portal.uern.br\/patu\/dlv\/wp-content\/uploads\/sites\/4\/2025\/08\/Linguistica-II-1-1.pdf\">Lingu\u00edstica II <\/a><\/p>\n<p><a href=\"https:\/\/portal.uern.br\/patu\/dlv\/wp-content\/uploads\/sites\/4\/2025\/08\/Sociologia-da-Linguagem-1-2.pdf\">Sociologia da Linguagem <\/a><\/p>\n<p><a href=\"https:\/\/portal.uern.br\/patu\/dlv\/wp-content\/uploads\/sites\/4\/2025\/08\/Topicos-Gramatica-do-Portugues-1.pdf\">T\u00f3picos Gram\u00e1tica do Portugu\u00eas<\/a><\/p>\n<p><a href=\"https:\/\/portal.uern.br\/patu\/dlv\/wp-content\/uploads\/sites\/4\/2025\/08\/Teoria-da-Literatura-I-1-2.pdf\">Teoria da Literatura I <\/a><\/p>\n<p><a href=\"https:\/\/portal.uern.br\/patu\/dlv\/wp-content\/uploads\/sites\/4\/2025\/08\/Argumentacao-1-2.pdf\">Argumenta\u00e7\u00e3o<\/a><\/p>\n<p><a href=\"https:\/\/portal.uern.br\/patu\/dlv\/wp-content\/uploads\/sites\/4\/2025\/08\/Filosofia-da-Linguagem-1-2.pdf\">Filosofia da Linguagem<\/a><\/p>\n<p>&nbsp;<\/p>\n<p>&nbsp;<\/p>\n<p style=\"text-align: center\"><strong>4\u00ba per\u00edodo<\/strong><\/p>\n<p>&nbsp;<\/p>\n<p><a href=\"https:\/\/portal.uern.br\/patu\/dlv\/wp-content\/uploads\/sites\/4\/2025\/08\/Literatura-Brasileira-I-2.pdf\">Literatura Brasileira I<\/a><\/p>\n<p><a href=\"https:\/\/portal.uern.br\/patu\/dlv\/wp-content\/uploads\/sites\/4\/2025\/08\/Literatura-Portuguesa-I-2.pdf\">Literatura Portuguesa I<\/a><\/p>\n<p><a href=\"https:\/\/portal.uern.br\/patu\/dlv\/wp-content\/uploads\/sites\/4\/2025\/08\/Morfossintaxe-II-2.pdf\">Morfossintaxe II<\/a><\/p>\n<p><a href=\"https:\/\/portal.uern.br\/patu\/dlv\/wp-content\/uploads\/sites\/4\/2025\/08\/Psicolinguistica-1.pdf\">Psicolingu\u00edstica<\/a><\/p>\n<p><a href=\"https:\/\/portal.uern.br\/patu\/dlv\/wp-content\/uploads\/sites\/4\/2025\/08\/Diacronia-do-Portugues-2.pdf\">Diacronia do Portugu\u00eas<\/a><\/p>\n<p><a href=\"https:\/\/portal.uern.br\/patu\/dlv\/wp-content\/uploads\/sites\/4\/2025\/08\/Didatica-Geral-2.pdf\">Did\u00e1tica Geral<\/a><\/p>\n<p>&nbsp;<\/p>\n<p style=\"text-align: center\"><strong>6\u00b0 per\u00edodo<\/strong><\/p>\n<p>&nbsp;<\/p>\n<p><a href=\"https:\/\/portal.uern.br\/patu\/dlv\/wp-content\/uploads\/sites\/4\/2025\/08\/Analise-do-Discurso-3.pdf\">An\u00e1lise do Discurso<\/a><\/p>\n<p><a href=\"https:\/\/portal.uern.br\/patu\/dlv\/wp-content\/uploads\/sites\/4\/2025\/08\/Literatura-Brasileira-III-2.pdf\">Literatura Brasileira III<\/a><\/p>\n<p><a href=\"https:\/\/portal.uern.br\/patu\/dlv\/wp-content\/uploads\/sites\/4\/2025\/08\/Literatura-Portuguesa-III-2.pdf\">Literatura Portuguesa III<\/a><\/p>\n<p><a href=\"https:\/\/portal.uern.br\/patu\/dlv\/wp-content\/uploads\/sites\/4\/2025\/08\/Leitura-2.pdf\">Leitura<\/a><\/p>\n<p><a href=\"https:\/\/portal.uern.br\/patu\/dlv\/wp-content\/uploads\/sites\/4\/2025\/08\/Fonetica-e-Fonologia-I-2.pdf\">Fon\u00e9tica e Fonologia I<\/a><\/p>\n<p><a href=\"https:\/\/portal.uern.br\/patu\/dlv\/wp-content\/uploads\/sites\/4\/2025\/08\/Estagio-Supervisionado-I-Larissa.pdf\">Estagio Supervisionado I &#8211; Larissa<\/a><\/p>\n<p><a href=\"https:\/\/portal.uern.br\/patu\/dlv\/wp-content\/uploads\/sites\/4\/2025\/08\/Estagio-Supervisionado-I-Gorete-2.pdf\">Estagio Supervisionado I &#8211; Gorete<\/a><\/p>\n<p><a href=\"https:\/\/portal.uern.br\/patu\/dlv\/wp-content\/uploads\/sites\/4\/2025\/08\/Estagio-Supervisionado-I-Claudia-2.pdf\">Estagio Supervisionado I &#8211; Cl\u00e1udia<\/a><\/p>\n<p>&nbsp;<\/p>\n<p style=\"text-align: center\"><strong>8\u00b0 per\u00edodo<\/strong><\/p>\n<p>&nbsp;<\/p>\n<p><a href=\"https:\/\/portal.uern.br\/patu\/dlv\/wp-content\/uploads\/sites\/4\/2025\/08\/Fundamentos-da-Lingua-Espanhola-1.pdf\">Fundamentos da L\u00edngua Espanhola<\/a><\/p>\n<p><a href=\"https:\/\/portal.uern.br\/patu\/dlv\/wp-content\/uploads\/sites\/4\/2025\/08\/Seminario-de-Monografia-II-1.pdf\">Semin\u00e1rio de Monografia II<\/a><\/p>\n<p><a href=\"https:\/\/portal.uern.br\/patu\/dlv\/wp-content\/uploads\/sites\/4\/2025\/08\/Arte-e-Educacao.pdf\">Arte e Educa\u00e7\u00e3o<\/a><\/p>\n","protected":false},"excerpt":{"rendered":"<p>2\u00b0 per\u00edodo &nbsp; Lingu\u00edstica II Sociologia da Linguagem T\u00f3picos Gram\u00e1tica do Portugu\u00eas Teoria da Literatura I Argumenta\u00e7\u00e3o Filosofia da Linguagem &nbsp; &nbsp; 4\u00ba per\u00edodo &nbsp; Literatura Brasileira I Literatura Portuguesa I Morfossintaxe II Psicolingu\u00edstica Diacronia do Portugu\u00eas Did\u00e1tica Geral &nbsp; 6\u00b0 per\u00edodo &nbsp; An\u00e1lise do Discurso Literatura Brasileira III Literatura Portuguesa III Leitura Fon\u00e9tica e [&hellip;]<\/p>\n","protected":false},"author":9,"featured_media":0,"parent":0,"menu_order":0,"comment_status":"closed","ping_status":"closed","template":"","meta":{"footnotes":""},"class_list":["post-2016","page","type-page","status-publish","hentry"],"_links":{"self":[{"href":"https:\/\/portal.uern.br\/patu\/dlv\/wp-json\/wp\/v2\/pages\/2016","targetHints":{"allow":["GET"]}}],"collection":[{"href":"https:\/\/portal.uern.br\/patu\/dlv\/wp-json\/wp\/v2\/pages"}],"about":[{"href":"https:\/\/portal.uern.br\/patu\/dlv\/wp-json\/wp\/v2\/types\/page"}],"author":[{"embeddable":true,"href":"https:\/\/portal.uern.br\/patu\/dlv\/wp-json\/wp\/v2\/users\/9"}],"replies":[{"embeddable":true,"href":"https:\/\/portal.uern.br\/patu\/dlv\/wp-json\/wp\/v2\/comments?post=2016"}],"version-history":[{"count":1,"href":"https:\/\/portal.uern.br\/patu\/dlv\/wp-json\/wp\/v2\/pages\/2016\/revisions"}],"predecessor-version":[{"id":2041,"href":"https:\/\/portal.uern.br\/patu\/dlv\/wp-json\/wp\/v2\/pages\/2016\/revisions\/2041"}],"wp:attachment":[{"href":"https:\/\/portal.uern.br\/patu\/dlv\/wp-json\/wp\/v2\/media?parent=2016"}],"curies":[{"name":"wp","href":"https:\/\/api.w.org\/{rel}","templated":true}]}}