{"id":1988,"date":"2025-08-15T11:49:46","date_gmt":"2025-08-15T14:49:46","guid":{"rendered":"https:\/\/portal.uern.br\/patu\/dlv\/?page_id=1988"},"modified":"2025-08-15T11:50:06","modified_gmt":"2025-08-15T14:50:06","slug":"2016-2","status":"publish","type":"page","link":"https:\/\/portal.uern.br\/patu\/dlv\/2016-2\/","title":{"rendered":"2016.2"},"content":{"rendered":"<p style=\"text-align: center\"><strong>1\u00b0 per\u00edodo<\/strong><\/p>\n<p><a href=\"https:\/\/portal.uern.br\/patu\/dlv\/wp-content\/uploads\/sites\/4\/2025\/08\/Fundamentos-da-Lingua-Inglesa-2.pdf\">Fundamentos da L\u00edngua Inglesa<\/a><\/p>\n<p><a href=\"https:\/\/portal.uern.br\/patu\/dlv\/wp-content\/uploads\/sites\/4\/2025\/08\/Linguistica-I-2.pdf\">Linguistica I<\/a><\/p>\n<p><a href=\"https:\/\/portal.uern.br\/patu\/dlv\/wp-content\/uploads\/sites\/4\/2025\/08\/Metodologia-do-Trabalho-Cientifico-2.pdf\">Metodologia do Trabalho Cient\u00edfico<\/a><\/p>\n<p><a href=\"https:\/\/portal.uern.br\/patu\/dlv\/wp-content\/uploads\/sites\/4\/2025\/08\/Producao-Textual-2.pdf\">Produ\u00e7\u00e3o Textual<\/a><\/p>\n<p><a href=\"https:\/\/portal.uern.br\/patu\/dlv\/wp-content\/uploads\/sites\/4\/2025\/08\/Libras-1.pdf\">Libras<\/a><\/p>\n<p>&nbsp;<\/p>\n<p style=\"text-align: center\"><strong>3\u00b0 per\u00edodo<\/strong><\/p>\n<p>&nbsp;<\/p>\n<p><a href=\"https:\/\/portal.uern.br\/patu\/dlv\/wp-content\/uploads\/sites\/4\/2025\/08\/Morfossintaxe-I-1.pdf\">Morfossintaxe I<\/a><\/p>\n<p><a href=\"https:\/\/portal.uern.br\/patu\/dlv\/wp-content\/uploads\/sites\/4\/2025\/08\/Psicologia-da-Educacao-2.pdf\">Psicologia da Educa\u00e7\u00e3o<\/a><\/p>\n<p><a href=\"https:\/\/portal.uern.br\/patu\/dlv\/wp-content\/uploads\/sites\/4\/2025\/08\/Sociolinguistica-2.pdf\">Sociolingu\u00edstica<\/a><\/p>\n<p><a href=\"https:\/\/portal.uern.br\/patu\/dlv\/wp-content\/uploads\/sites\/4\/2025\/08\/Teoria-da-Literatura-II-2.pdf\">Teoria da Literatura II<\/a><\/p>\n<p><a href=\"https:\/\/portal.uern.br\/patu\/dlv\/wp-content\/uploads\/sites\/4\/2025\/08\/Lingua-Latina-2.pdf\">L\u00edngua Latina<\/a><\/p>\n<p>&nbsp;<\/p>\n<p style=\"text-align: center\"><strong>5\u00b0 per\u00edodo<\/strong><\/p>\n<p>&nbsp;<\/p>\n<p><a href=\"https:\/\/portal.uern.br\/patu\/dlv\/wp-content\/uploads\/sites\/4\/2025\/08\/Semantica-2.pdf\">Sem\u00e2ntica<\/a><\/p>\n<p><a href=\"https:\/\/portal.uern.br\/patu\/dlv\/wp-content\/uploads\/sites\/4\/2025\/08\/Morfossintaxe-III-1.pdf\">Morfossintaxe III<\/a><\/p>\n<p><a href=\"https:\/\/portal.uern.br\/patu\/dlv\/wp-content\/uploads\/sites\/4\/2025\/08\/Literatura-Portuguesa-II-2.pdf\">Literatura Portuguesa II<\/a><\/p>\n<p><a href=\"https:\/\/portal.uern.br\/patu\/dlv\/wp-content\/uploads\/sites\/4\/2025\/08\/Literatura-Brasileira-II-2.pdf\">Literatura Brasileira II<\/a><\/p>\n<p><a href=\"https:\/\/portal.uern.br\/patu\/dlv\/wp-content\/uploads\/sites\/4\/2025\/08\/Didatica-da-Lingua-Portuguesa-2.pdf\">Did\u00e1tica da L\u00edngua Portuguesa<\/a><\/p>\n<p><a href=\"https:\/\/portal.uern.br\/patu\/dlv\/wp-content\/uploads\/sites\/4\/2025\/08\/Estrutura-e-Funcionamento-da-Educacao-Basica-2.pdf\">Estrutura e Funcionamento da Educa\u00e7\u00e3o B\u00e1sica<\/a><\/p>\n<p>&nbsp;<\/p>\n<p style=\"text-align: center\"><strong>7\u00b0 per\u00edodo<\/strong><\/p>\n<p>&nbsp;<\/p>\n<p><a href=\"https:\/\/portal.uern.br\/patu\/dlv\/wp-content\/uploads\/sites\/4\/2025\/08\/Estagio-Supervisionado-II-Gorete-1.pdf\">Est\u00e1gio Supervisionado II &#8211; Gorete<\/a><\/p>\n<p><a href=\"https:\/\/portal.uern.br\/patu\/dlv\/wp-content\/uploads\/sites\/4\/2025\/08\/Estagio-Supervisionado-II-Larissa.pdf\">Est\u00e1gio Supervisionado II &#8211; Larissa<\/a><\/p>\n<p><a href=\"https:\/\/portal.uern.br\/patu\/dlv\/wp-content\/uploads\/sites\/4\/2025\/08\/Estagio-Supervisionado-II-Claudia.pdf\">Est\u00e1gio Supervisionado II &#8211; Cla\u00fadia<\/a><\/p>\n<p><a href=\"https:\/\/portal.uern.br\/patu\/dlv\/wp-content\/uploads\/sites\/4\/2025\/08\/Estilistica-1.pdf\">Estil\u00edstica<\/a><\/p>\n<p><a href=\"https:\/\/portal.uern.br\/patu\/dlv\/wp-content\/uploads\/sites\/4\/2025\/08\/Literatura-Brasileira-IV-1.pdf\">Literatura Brasileira IV<\/a><\/p>\n<p><a href=\"https:\/\/portal.uern.br\/patu\/dlv\/wp-content\/uploads\/sites\/4\/2025\/08\/Literatura-Potiguar.pdf\">Literatura Potiguar<\/a><\/p>\n<p><a href=\"https:\/\/portal.uern.br\/patu\/dlv\/wp-content\/uploads\/sites\/4\/2025\/08\/Seminario-Monografia-I.pdf\">Semin\u00e1rio Monografia I<\/a><\/p>\n","protected":false},"excerpt":{"rendered":"<p>1\u00b0 per\u00edodo Fundamentos da L\u00edngua Inglesa Linguistica I Metodologia do Trabalho Cient\u00edfico Produ\u00e7\u00e3o Textual Libras &nbsp; 3\u00b0 per\u00edodo &nbsp; Morfossintaxe I Psicologia da Educa\u00e7\u00e3o Sociolingu\u00edstica Teoria da Literatura II L\u00edngua Latina &nbsp; 5\u00b0 per\u00edodo &nbsp; Sem\u00e2ntica Morfossintaxe III Literatura Portuguesa II Literatura Brasileira II Did\u00e1tica da L\u00edngua Portuguesa Estrutura e Funcionamento da Educa\u00e7\u00e3o B\u00e1sica &nbsp; [&hellip;]<\/p>\n","protected":false},"author":9,"featured_media":0,"parent":0,"menu_order":0,"comment_status":"closed","ping_status":"closed","template":"","meta":{"footnotes":""},"class_list":["post-1988","page","type-page","status-publish","hentry"],"_links":{"self":[{"href":"https:\/\/portal.uern.br\/patu\/dlv\/wp-json\/wp\/v2\/pages\/1988","targetHints":{"allow":["GET"]}}],"collection":[{"href":"https:\/\/portal.uern.br\/patu\/dlv\/wp-json\/wp\/v2\/pages"}],"about":[{"href":"https:\/\/portal.uern.br\/patu\/dlv\/wp-json\/wp\/v2\/types\/page"}],"author":[{"embeddable":true,"href":"https:\/\/portal.uern.br\/patu\/dlv\/wp-json\/wp\/v2\/users\/9"}],"replies":[{"embeddable":true,"href":"https:\/\/portal.uern.br\/patu\/dlv\/wp-json\/wp\/v2\/comments?post=1988"}],"version-history":[{"count":1,"href":"https:\/\/portal.uern.br\/patu\/dlv\/wp-json\/wp\/v2\/pages\/1988\/revisions"}],"predecessor-version":[{"id":2012,"href":"https:\/\/portal.uern.br\/patu\/dlv\/wp-json\/wp\/v2\/pages\/1988\/revisions\/2012"}],"wp:attachment":[{"href":"https:\/\/portal.uern.br\/patu\/dlv\/wp-json\/wp\/v2\/media?parent=1988"}],"curies":[{"name":"wp","href":"https:\/\/api.w.org\/{rel}","templated":true}]}}