{"id":1961,"date":"2025-08-15T10:26:49","date_gmt":"2025-08-15T13:26:49","guid":{"rendered":"https:\/\/portal.uern.br\/patu\/dlv\/?page_id=1961"},"modified":"2025-08-15T10:54:09","modified_gmt":"2025-08-15T13:54:09","slug":"2016-1","status":"publish","type":"page","link":"https:\/\/portal.uern.br\/patu\/dlv\/2016-1\/","title":{"rendered":"2016.1"},"content":{"rendered":"<p style=\"text-align: center\"><strong>2\u00b0 per\u00edodo<\/strong><\/p>\n<p>&nbsp;<\/p>\n<p><a href=\"https:\/\/portal.uern.br\/patu\/dlv\/wp-content\/uploads\/sites\/4\/2025\/08\/Topicos-Gramatica-do-Portugues.pdf\">T\u00f3picos Gram\u00e1tica do Portugu\u00eas<\/a><\/p>\n<p><a href=\"https:\/\/portal.uern.br\/patu\/dlv\/wp-content\/uploads\/sites\/4\/2025\/08\/Sociologia-da-Linguagem-1-1.pdf\">Sociologia da Linguagem<\/a><\/p>\n<p><a href=\"https:\/\/portal.uern.br\/patu\/dlv\/wp-content\/uploads\/sites\/4\/2025\/08\/Linguistica-II-1.pdf\">Lingu\u00edstica II <\/a><\/p>\n<p><a href=\"https:\/\/portal.uern.br\/patu\/dlv\/wp-content\/uploads\/sites\/4\/2025\/08\/Teoria-da-Literatura-I-1-1.pdf\">Teoria da Literatura I <\/a><\/p>\n<p><a href=\"https:\/\/portal.uern.br\/patu\/dlv\/wp-content\/uploads\/sites\/4\/2025\/08\/Argumentacao-1-1.pdf\">Argumenta\u00e7\u00e3o <\/a><\/p>\n<p><a href=\"https:\/\/portal.uern.br\/patu\/dlv\/wp-content\/uploads\/sites\/4\/2025\/08\/Filosofia-da-Linguagem-1-1.pdf\">Filosofia da Linguagem<\/a><\/p>\n<p>&nbsp;<\/p>\n<p style=\"text-align: center\"><strong>4\u00b0 per\u00edodo<\/strong><\/p>\n<p>&nbsp;<\/p>\n<p><a href=\"https:\/\/portal.uern.br\/patu\/dlv\/wp-content\/uploads\/sites\/4\/2025\/08\/Literatura-Portuguesa-I-1.pdf\">Literatura Portuguesa I<\/a><\/p>\n<p><a href=\"https:\/\/portal.uern.br\/patu\/dlv\/wp-content\/uploads\/sites\/4\/2025\/08\/Morfossintaxe-II-1.pdf\">Morfossintaxe II<\/a><\/p>\n<p><a href=\"https:\/\/portal.uern.br\/patu\/dlv\/wp-content\/uploads\/sites\/4\/2025\/08\/Psicolinguistica.pdf\">Psicolingu\u00edstica<\/a><\/p>\n<p><a href=\"https:\/\/portal.uern.br\/patu\/dlv\/wp-content\/uploads\/sites\/4\/2025\/08\/Didatica-Geral-1.pdf\">Did\u00e1tica Geral<\/a><\/p>\n<p><a href=\"https:\/\/portal.uern.br\/patu\/dlv\/wp-content\/uploads\/sites\/4\/2025\/08\/Literatura-Brasileira-I-1.pdf\">Literatura Brasileira I<\/a><\/p>\n<p><a href=\"https:\/\/portal.uern.br\/patu\/dlv\/wp-content\/uploads\/sites\/4\/2025\/08\/Diacronia-do-Portugues-1.pdf\">Diacronia do Portugu\u00eas<\/a><\/p>\n<p>&nbsp;<\/p>\n<p style=\"text-align: center\"><strong>6\u00b0 per\u00edodo<\/strong><\/p>\n<p><a href=\"https:\/\/portal.uern.br\/patu\/dlv\/wp-content\/uploads\/sites\/4\/2025\/08\/Estagio-Supervisionado-I-Claudia.pdf\">Estagio Supervisionado I &#8211; Cl\u00e1udia<\/a><\/p>\n<p><a href=\"https:\/\/portal.uern.br\/patu\/dlv\/wp-content\/uploads\/sites\/4\/2025\/08\/Estagio-Supervisionado-I-Gorete-1.pdf\">Estagio Supervisionado I &#8211; Gorete<\/a><\/p>\n<p><a href=\"https:\/\/portal.uern.br\/patu\/dlv\/wp-content\/uploads\/sites\/4\/2025\/08\/Estagio-Supervisionado-I-Socorro.pdf\">Estagio Supervisionado I &#8211; Socorro<\/a><\/p>\n<p><a href=\"https:\/\/portal.uern.br\/patu\/dlv\/wp-content\/uploads\/sites\/4\/2025\/08\/Literatura-Brasileira-III-1.pdf\">Literatura Brasileira III<\/a><\/p>\n<p><a href=\"https:\/\/portal.uern.br\/patu\/dlv\/wp-content\/uploads\/sites\/4\/2025\/08\/Literatura-Portuguesa-III-1.pdf\">Literatura Portuguesa III<\/a><\/p>\n<p><a href=\"https:\/\/portal.uern.br\/patu\/dlv\/wp-content\/uploads\/sites\/4\/2025\/08\/Analise-do-Discurso-2.pdf\">An\u00e1lise do Discurso<\/a><\/p>\n<p><a href=\"https:\/\/portal.uern.br\/patu\/dlv\/wp-content\/uploads\/sites\/4\/2025\/08\/Fonetica-e-Fonologia-I-1.pdf\">Fon\u00e9tica e Fonologia I<\/a><\/p>\n<p><a href=\"https:\/\/portal.uern.br\/patu\/dlv\/wp-content\/uploads\/sites\/4\/2025\/08\/Leitura-1.pdf\">Leitura<\/a><\/p>\n<p>&nbsp;<\/p>\n<p style=\"text-align: center\"><strong>8\u00b0 per\u00edodo<\/strong><\/p>\n<p>&nbsp;<\/p>\n<p><a href=\"https:\/\/portal.uern.br\/patu\/dlv\/wp-content\/uploads\/sites\/4\/2025\/08\/Generos-Textuais.pdf\">G\u00eaneros Textuais<\/a><\/p>\n<p><a href=\"https:\/\/portal.uern.br\/patu\/dlv\/wp-content\/uploads\/sites\/4\/2025\/08\/Seminario-de-Monografia-II.pdf\">Semin\u00e1rio de Monografia II<\/a><\/p>\n<p><a href=\"https:\/\/portal.uern.br\/patu\/dlv\/wp-content\/uploads\/sites\/4\/2025\/08\/Fundamentos-da-Lingua-Espanhola.pdf\">Fundamentos da L\u00edngua Espanhola<\/a><\/p>\n","protected":false},"excerpt":{"rendered":"<p>2\u00b0 per\u00edodo &nbsp; T\u00f3picos Gram\u00e1tica do Portugu\u00eas Sociologia da Linguagem Lingu\u00edstica II Teoria da Literatura I Argumenta\u00e7\u00e3o Filosofia da Linguagem &nbsp; 4\u00b0 per\u00edodo &nbsp; Literatura Portuguesa I Morfossintaxe II Psicolingu\u00edstica Did\u00e1tica Geral Literatura Brasileira I Diacronia do Portugu\u00eas &nbsp; 6\u00b0 per\u00edodo Estagio Supervisionado I &#8211; Cl\u00e1udia Estagio Supervisionado I &#8211; Gorete Estagio Supervisionado I &#8211; [&hellip;]<\/p>\n","protected":false},"author":9,"featured_media":0,"parent":0,"menu_order":0,"comment_status":"closed","ping_status":"closed","template":"","meta":{"footnotes":""},"class_list":["post-1961","page","type-page","status-publish","hentry"],"_links":{"self":[{"href":"https:\/\/portal.uern.br\/patu\/dlv\/wp-json\/wp\/v2\/pages\/1961","targetHints":{"allow":["GET"]}}],"collection":[{"href":"https:\/\/portal.uern.br\/patu\/dlv\/wp-json\/wp\/v2\/pages"}],"about":[{"href":"https:\/\/portal.uern.br\/patu\/dlv\/wp-json\/wp\/v2\/types\/page"}],"author":[{"embeddable":true,"href":"https:\/\/portal.uern.br\/patu\/dlv\/wp-json\/wp\/v2\/users\/9"}],"replies":[{"embeddable":true,"href":"https:\/\/portal.uern.br\/patu\/dlv\/wp-json\/wp\/v2\/comments?post=1961"}],"version-history":[{"count":3,"href":"https:\/\/portal.uern.br\/patu\/dlv\/wp-json\/wp\/v2\/pages\/1961\/revisions"}],"predecessor-version":[{"id":1987,"href":"https:\/\/portal.uern.br\/patu\/dlv\/wp-json\/wp\/v2\/pages\/1961\/revisions\/1987"}],"wp:attachment":[{"href":"https:\/\/portal.uern.br\/patu\/dlv\/wp-json\/wp\/v2\/media?parent=1961"}],"curies":[{"name":"wp","href":"https:\/\/api.w.org\/{rel}","templated":true}]}}