{"id":1935,"date":"2025-08-15T10:13:27","date_gmt":"2025-08-15T13:13:27","guid":{"rendered":"https:\/\/portal.uern.br\/patu\/dlv\/?page_id=1935"},"modified":"2025-08-15T10:23:11","modified_gmt":"2025-08-15T13:23:11","slug":"2015-2","status":"publish","type":"page","link":"https:\/\/portal.uern.br\/patu\/dlv\/2015-2\/","title":{"rendered":"2015.2"},"content":{"rendered":"<p style=\"text-align: center\"><strong>1\u00b0 per\u00edodo<\/strong><\/p>\n<p>&nbsp;<\/p>\n<p><a href=\"https:\/\/portal.uern.br\/patu\/dlv\/wp-content\/uploads\/sites\/4\/2025\/08\/Producao-Textual-1.pdf\">Produ\u00e7\u00e3o Textual<\/a><\/p>\n<p><a href=\"https:\/\/portal.uern.br\/patu\/dlv\/wp-content\/uploads\/sites\/4\/2025\/08\/Metodologia-do-Trabalho-Cientifico-1.pdf\">Metodologia do Trabalho Cient\u00edfico<\/a><\/p>\n<p><a href=\"https:\/\/portal.uern.br\/patu\/dlv\/wp-content\/uploads\/sites\/4\/2025\/08\/Lingua-Brasileira-de-Sinais.pdf\">L\u00edngua Brasileira de Sinais<\/a><\/p>\n<p><a href=\"https:\/\/portal.uern.br\/patu\/dlv\/wp-content\/uploads\/sites\/4\/2025\/08\/Fundamentos-da-Lingua-Inglesa-1.pdf\">Fundamentos da L\u00edngua Inglesa<\/a><\/p>\n<p><a href=\"https:\/\/portal.uern.br\/patu\/dlv\/wp-content\/uploads\/sites\/4\/2025\/08\/Linguistica-I-1.pdf\">Lingu\u00edstica I<\/a><\/p>\n<p>&nbsp;<\/p>\n<p style=\"text-align: center\"><strong>3\u00ba per\u00edodo<\/strong><\/p>\n<p><a href=\"https:\/\/portal.uern.br\/patu\/dlv\/wp-content\/uploads\/sites\/4\/2025\/08\/Teoria-da-Literatura-II-1.pdf\">Teoria da Literatura II<\/a><\/p>\n<p><a href=\"https:\/\/portal.uern.br\/patu\/dlv\/wp-content\/uploads\/sites\/4\/2025\/08\/Lingua-Latina-1.pdf\">L\u00edngua Latina<\/a><\/p>\n<p><a href=\"https:\/\/portal.uern.br\/patu\/dlv\/wp-content\/uploads\/sites\/4\/2025\/08\/Sociolinguistica-1.pdf\">Sociolingu\u00edstica<\/a><\/p>\n<p><a href=\"https:\/\/portal.uern.br\/patu\/dlv\/wp-content\/uploads\/sites\/4\/2025\/08\/Morfossintaxe-I.pdf\">Morfossintaxe I<\/a><\/p>\n<p><a href=\"https:\/\/portal.uern.br\/patu\/dlv\/wp-content\/uploads\/sites\/4\/2025\/08\/Psicologia-da-Educacao-1.pdf\">Psicologia da Educa\u00e7\u00e3o<\/a><\/p>\n<p>&nbsp;<\/p>\n<p style=\"text-align: center\"><strong>5\u00b0 per\u00edodo<\/strong><\/p>\n<p>&nbsp;<\/p>\n<p><a href=\"https:\/\/portal.uern.br\/patu\/dlv\/wp-content\/uploads\/sites\/4\/2025\/08\/Literatura-Brasileira-II-1.pdf\">Literatura Brasileira II<\/a><\/p>\n<p><a href=\"https:\/\/portal.uern.br\/patu\/dlv\/wp-content\/uploads\/sites\/4\/2025\/08\/Morfossintaxe-III.pdf\">Morfossintaxe III<\/a><\/p>\n<p><a href=\"https:\/\/portal.uern.br\/patu\/dlv\/wp-content\/uploads\/sites\/4\/2025\/08\/Semantica-1.pdf\">Sem\u00e2ntica<\/a><\/p>\n<p><a href=\"https:\/\/portal.uern.br\/patu\/dlv\/wp-content\/uploads\/sites\/4\/2025\/08\/Literatura-Portuguesa-II-1.pdf\">Literatura Portuguesa II<\/a><\/p>\n<p><a href=\"https:\/\/portal.uern.br\/patu\/dlv\/wp-content\/uploads\/sites\/4\/2025\/08\/Didatica-da-Lingua-Portuguesa-1.pdf\">Did\u00e1tica da L\u00edngua Portuguesa<\/a><\/p>\n<p><a href=\"https:\/\/portal.uern.br\/patu\/dlv\/wp-content\/uploads\/sites\/4\/2025\/08\/Estrutura-e-Funcionamento-da-Educacao-Basica-1.pdf\">Estrutura e Funcionamento da Educa\u00e7\u00e3o B\u00e1sica<\/a><\/p>\n<p>&nbsp;<\/p>\n<p style=\"text-align: center\"><strong>7\u00b0 per\u00edodo<\/strong><\/p>\n<p>&nbsp;<\/p>\n<p><a href=\"https:\/\/portal.uern.br\/patu\/dlv\/wp-content\/uploads\/sites\/4\/2025\/08\/Estagio-Supervisionado-II-Fernando.pdf\">Est\u00e1gio Supervisionado II &#8211; Fernando<\/a><\/p>\n<p><a href=\"https:\/\/portal.uern.br\/patu\/dlv\/wp-content\/uploads\/sites\/4\/2025\/08\/Estagio-Supervisionado-II-Gorete.pdf\">Est\u00e1gio Supervisionado II &#8211; Gorete<\/a><\/p>\n<p><a href=\"https:\/\/portal.uern.br\/patu\/dlv\/wp-content\/uploads\/sites\/4\/2025\/08\/Estagio-Supervisionado-II-Silvania.pdf\">Est\u00e1gio Supervisionado II &#8211; Silvania<\/a><\/p>\n<p><a href=\"https:\/\/portal.uern.br\/patu\/dlv\/wp-content\/uploads\/sites\/4\/2025\/08\/Estilistica.pdf\">Estil\u00edstica<\/a><\/p>\n<p><a href=\"https:\/\/portal.uern.br\/patu\/dlv\/wp-content\/uploads\/sites\/4\/2025\/08\/Literatura-Popular.pdf\">Literatura Popular<\/a><\/p>\n<p><a href=\"https:\/\/portal.uern.br\/patu\/dlv\/wp-content\/uploads\/sites\/4\/2025\/08\/Seminario-de-Monografia-I.pdf\">Semin\u00e1rio de Monografia I<\/a><\/p>\n<p><a href=\"https:\/\/portal.uern.br\/patu\/dlv\/wp-content\/uploads\/sites\/4\/2025\/08\/Literatura-Brasileira-IV.pdf\">Literatura Brasileira IV<\/a><\/p>\n<p>&nbsp;<\/p>\n","protected":false},"excerpt":{"rendered":"<p>1\u00b0 per\u00edodo &nbsp; Produ\u00e7\u00e3o Textual Metodologia do Trabalho Cient\u00edfico L\u00edngua Brasileira de Sinais Fundamentos da L\u00edngua Inglesa Lingu\u00edstica I &nbsp; 3\u00ba per\u00edodo Teoria da Literatura II L\u00edngua Latina Sociolingu\u00edstica Morfossintaxe I Psicologia da Educa\u00e7\u00e3o &nbsp; 5\u00b0 per\u00edodo &nbsp; Literatura Brasileira II Morfossintaxe III Sem\u00e2ntica Literatura Portuguesa II Did\u00e1tica da L\u00edngua Portuguesa Estrutura e Funcionamento da [&hellip;]<\/p>\n","protected":false},"author":9,"featured_media":0,"parent":0,"menu_order":0,"comment_status":"closed","ping_status":"closed","template":"","meta":{"footnotes":""},"class_list":["post-1935","page","type-page","status-publish","hentry"],"_links":{"self":[{"href":"https:\/\/portal.uern.br\/patu\/dlv\/wp-json\/wp\/v2\/pages\/1935","targetHints":{"allow":["GET"]}}],"collection":[{"href":"https:\/\/portal.uern.br\/patu\/dlv\/wp-json\/wp\/v2\/pages"}],"about":[{"href":"https:\/\/portal.uern.br\/patu\/dlv\/wp-json\/wp\/v2\/types\/page"}],"author":[{"embeddable":true,"href":"https:\/\/portal.uern.br\/patu\/dlv\/wp-json\/wp\/v2\/users\/9"}],"replies":[{"embeddable":true,"href":"https:\/\/portal.uern.br\/patu\/dlv\/wp-json\/wp\/v2\/comments?post=1935"}],"version-history":[{"count":1,"href":"https:\/\/portal.uern.br\/patu\/dlv\/wp-json\/wp\/v2\/pages\/1935\/revisions"}],"predecessor-version":[{"id":1960,"href":"https:\/\/portal.uern.br\/patu\/dlv\/wp-json\/wp\/v2\/pages\/1935\/revisions\/1960"}],"wp:attachment":[{"href":"https:\/\/portal.uern.br\/patu\/dlv\/wp-json\/wp\/v2\/media?parent=1935"}],"curies":[{"name":"wp","href":"https:\/\/api.w.org\/{rel}","templated":true}]}}