{"id":1886,"date":"2025-08-15T08:15:39","date_gmt":"2025-08-15T11:15:39","guid":{"rendered":"https:\/\/portal.uern.br\/patu\/dlv\/?page_id=1886"},"modified":"2025-08-15T09:14:28","modified_gmt":"2025-08-15T12:14:28","slug":"2014-2","status":"publish","type":"page","link":"https:\/\/portal.uern.br\/patu\/dlv\/2014-2\/","title":{"rendered":"2014.2"},"content":{"rendered":"<p style=\"text-align: center\"><strong>1\u00b0 per\u00edodo<\/strong><\/p>\n<p><a href=\"https:\/\/portal.uern.br\/patu\/dlv\/wp-content\/uploads\/sites\/4\/2025\/08\/Metodologia-do-Trabalho-Cientifico.pdf\">Metodologia do Trabalho Cient\u00edfico<\/a><\/p>\n<p><a href=\"https:\/\/portal.uern.br\/patu\/dlv\/wp-content\/uploads\/sites\/4\/2025\/08\/Producao-Textual.pdf\">Produ\u00e7\u00e3o Textual<\/a><\/p>\n<p><a href=\"https:\/\/portal.uern.br\/patu\/dlv\/wp-content\/uploads\/sites\/4\/2025\/08\/Fundamentos-da-Lingua-Inglesa.pdf\">Fundamentos da L\u00edngua Inglesa<\/a><\/p>\n<p><a href=\"https:\/\/portal.uern.br\/patu\/dlv\/wp-content\/uploads\/sites\/4\/2025\/08\/Linguistica-I.pdf\">Lingu\u00edstica I<\/a><\/p>\n<p><a href=\"https:\/\/portal.uern.br\/patu\/dlv\/wp-content\/uploads\/sites\/4\/2025\/08\/Libras.pdf\">Libras<\/a><\/p>\n<p style=\"text-align: center\"><strong>3\u00b0 per\u00edodo<\/strong><\/p>\n<p>&nbsp;<\/p>\n<p><a href=\"https:\/\/portal.uern.br\/patu\/dlv\/wp-content\/uploads\/sites\/4\/2025\/08\/Lingua-Latina.pdf\">Lingua Latina<\/a><\/p>\n<p><a href=\"https:\/\/portal.uern.br\/patu\/dlv\/wp-content\/uploads\/sites\/4\/2025\/08\/Mofossintaxe-I.pdf\">Morfossintaxe I<\/a><\/p>\n<p><a href=\"https:\/\/portal.uern.br\/patu\/dlv\/wp-content\/uploads\/sites\/4\/2025\/08\/Psicologia-da-Educacao.pdf\">Psicologia da Educa\u00e7\u00e3o<\/a><\/p>\n<p><a href=\"https:\/\/portal.uern.br\/patu\/dlv\/wp-content\/uploads\/sites\/4\/2025\/08\/Sociolinguistica.pdf\">Sociolingu\u00edstica<\/a><\/p>\n<p><a href=\"https:\/\/portal.uern.br\/patu\/dlv\/wp-content\/uploads\/sites\/4\/2025\/08\/Teoria-da-Literatura-II.pdf\">Teoria da Literatura II<\/a><\/p>\n<p>&nbsp;<\/p>\n<p style=\"text-align: center\"><strong>5\u00b0 per\u00edodo<\/strong><\/p>\n<p><a href=\"https:\/\/portal.uern.br\/patu\/dlv\/wp-content\/uploads\/sites\/4\/2025\/08\/Didatica-da-Lingua-Portuguesa.pdf\">Did\u00e1tica da Lingua Portuguesa<\/a><\/p>\n<p><a href=\"https:\/\/portal.uern.br\/patu\/dlv\/wp-content\/uploads\/sites\/4\/2025\/08\/Estrutura-e-Funcionamento-da-Educacao-Basica.pdf\">Estrutura e Funcionamento da Educa\u00e7\u00e3o B\u00e1sica<\/a><\/p>\n<p><a href=\"https:\/\/portal.uern.br\/patu\/dlv\/wp-content\/uploads\/sites\/4\/2025\/08\/Literatura-Portuguesa-II.pdf\">Literatura Portuguesa II<\/a><\/p>\n<p><a href=\"https:\/\/portal.uern.br\/patu\/dlv\/wp-content\/uploads\/sites\/4\/2025\/08\/Literatura-Brasileira-II.pdf\">Literatura Brasileira II<\/a><\/p>\n<p><a href=\"https:\/\/portal.uern.br\/patu\/dlv\/wp-content\/uploads\/sites\/4\/2025\/08\/Mofossintaxe-III.pdf\">Morfossintaxe III<\/a><\/p>\n<p><a href=\"https:\/\/portal.uern.br\/patu\/dlv\/wp-content\/uploads\/sites\/4\/2025\/08\/Semantica.pdf\">Sem\u00e2ntica<\/a><\/p>\n","protected":false},"excerpt":{"rendered":"<p>1\u00b0 per\u00edodo Metodologia do Trabalho Cient\u00edfico Produ\u00e7\u00e3o Textual Fundamentos da L\u00edngua Inglesa Lingu\u00edstica I Libras 3\u00b0 per\u00edodo &nbsp; Lingua Latina Morfossintaxe I Psicologia da Educa\u00e7\u00e3o Sociolingu\u00edstica Teoria da Literatura II &nbsp; 5\u00b0 per\u00edodo Did\u00e1tica da Lingua Portuguesa Estrutura e Funcionamento da Educa\u00e7\u00e3o B\u00e1sica Literatura Portuguesa II Literatura Brasileira II Morfossintaxe III Sem\u00e2ntica<\/p>\n","protected":false},"author":9,"featured_media":0,"parent":0,"menu_order":0,"comment_status":"closed","ping_status":"closed","template":"","meta":{"footnotes":""},"class_list":["post-1886","page","type-page","status-publish","hentry"],"_links":{"self":[{"href":"https:\/\/portal.uern.br\/patu\/dlv\/wp-json\/wp\/v2\/pages\/1886","targetHints":{"allow":["GET"]}}],"collection":[{"href":"https:\/\/portal.uern.br\/patu\/dlv\/wp-json\/wp\/v2\/pages"}],"about":[{"href":"https:\/\/portal.uern.br\/patu\/dlv\/wp-json\/wp\/v2\/types\/page"}],"author":[{"embeddable":true,"href":"https:\/\/portal.uern.br\/patu\/dlv\/wp-json\/wp\/v2\/users\/9"}],"replies":[{"embeddable":true,"href":"https:\/\/portal.uern.br\/patu\/dlv\/wp-json\/wp\/v2\/comments?post=1886"}],"version-history":[{"count":5,"href":"https:\/\/portal.uern.br\/patu\/dlv\/wp-json\/wp\/v2\/pages\/1886\/revisions"}],"predecessor-version":[{"id":1907,"href":"https:\/\/portal.uern.br\/patu\/dlv\/wp-json\/wp\/v2\/pages\/1886\/revisions\/1907"}],"wp:attachment":[{"href":"https:\/\/portal.uern.br\/patu\/dlv\/wp-json\/wp\/v2\/media?parent=1886"}],"curies":[{"name":"wp","href":"https:\/\/api.w.org\/{rel}","templated":true}]}}