{"id":1853,"date":"2025-08-14T10:22:20","date_gmt":"2025-08-14T13:22:20","guid":{"rendered":"https:\/\/portal.uern.br\/patu\/dlv\/?page_id=1853"},"modified":"2025-08-15T09:43:03","modified_gmt":"2025-08-15T12:43:03","slug":"2013-2","status":"publish","type":"page","link":"https:\/\/portal.uern.br\/patu\/dlv\/2013-2\/","title":{"rendered":"2013.2"},"content":{"rendered":"<p style=\"text-align: center\"><strong>1\u00b0 Per\u00edodo<\/strong><\/p>\n<p><a href=\"https:\/\/portal.uern.br\/patu\/dlv\/wp-content\/uploads\/sites\/4\/2025\/08\/PCGG_producao-textual.doc.pdf\">Produ\u00e7\u00e3o Textual 2013.2<\/a><\/p>\n<p><a href=\"https:\/\/portal.uern.br\/patu\/dlv\/wp-content\/uploads\/sites\/4\/2025\/08\/Metodologia-do-Trabalho-Cientifico.doc.pdf\">Metodologia do Trabalho Cient\u00edfico 2013.2<\/a><\/p>\n<p><a href=\"https:\/\/portal.uern.br\/patu\/dlv\/wp-content\/uploads\/sites\/4\/2025\/08\/Libras.doc.pdf\">Libras 2013.2<\/a><\/p>\n<p><a href=\"https:\/\/portal.uern.br\/patu\/dlv\/wp-content\/uploads\/sites\/4\/2025\/08\/Linguistica-I.doc.pdf\">Lingu\u00edstica I 2013.2<\/a><\/p>\n<p><a href=\"https:\/\/portal.uern.br\/patu\/dlv\/wp-content\/uploads\/sites\/4\/2025\/08\/Fundamentos-da-Lingua-Inglesa.doc.pdf\">Fundamentos da L\u00edngua Inglesa 2013.2<\/a><\/p>\n<p>&nbsp;<\/p>\n<p style=\"text-align: center\"><strong>3\u00ba Per\u00edodo<\/strong><\/p>\n<p><a href=\"https:\/\/portal.uern.br\/patu\/dlv\/wp-content\/uploads\/sites\/4\/2025\/08\/Morfossintaxe-I.doc.pdf\">Morfossintaxe I 2013.2<\/a><\/p>\n<p><a href=\"https:\/\/portal.uern.br\/patu\/dlv\/wp-content\/uploads\/sites\/4\/2025\/08\/PGCC_Teoria-da-Literatura-II.docx.pdf\">Teoria da Literatura II 2013.2<\/a><\/p>\n<p><a href=\"https:\/\/portal.uern.br\/patu\/dlv\/wp-content\/uploads\/sites\/4\/2025\/08\/Sociolinguistica.doc.pdf\">Sociolingu\u00edstica 2013.2<\/a><\/p>\n<p><a href=\"https:\/\/portal.uern.br\/patu\/dlv\/wp-content\/uploads\/sites\/4\/2025\/08\/Lingua-Latina.doc.pdf\">L\u00edngua Latina 2013.2<\/a><\/p>\n<p><a href=\"https:\/\/portal.uern.br\/patu\/dlv\/wp-content\/uploads\/sites\/4\/2025\/08\/Psicologia-da-Educacao.doc.pdf\">Psicologia da Educa\u00e7\u00e3o 2013.2<\/a><\/p>\n","protected":false},"excerpt":{"rendered":"<p>1\u00b0 Per\u00edodo Produ\u00e7\u00e3o Textual 2013.2 Metodologia do Trabalho Cient\u00edfico 2013.2 Libras 2013.2 Lingu\u00edstica I 2013.2 Fundamentos da L\u00edngua Inglesa 2013.2 &nbsp; 3\u00ba Per\u00edodo Morfossintaxe I 2013.2 Teoria da Literatura II 2013.2 Sociolingu\u00edstica 2013.2 L\u00edngua Latina 2013.2 Psicologia da Educa\u00e7\u00e3o 2013.2<\/p>\n","protected":false},"author":9,"featured_media":0,"parent":0,"menu_order":0,"comment_status":"closed","ping_status":"closed","template":"","meta":{"footnotes":""},"class_list":["post-1853","page","type-page","status-publish","hentry"],"_links":{"self":[{"href":"https:\/\/portal.uern.br\/patu\/dlv\/wp-json\/wp\/v2\/pages\/1853","targetHints":{"allow":["GET"]}}],"collection":[{"href":"https:\/\/portal.uern.br\/patu\/dlv\/wp-json\/wp\/v2\/pages"}],"about":[{"href":"https:\/\/portal.uern.br\/patu\/dlv\/wp-json\/wp\/v2\/types\/page"}],"author":[{"embeddable":true,"href":"https:\/\/portal.uern.br\/patu\/dlv\/wp-json\/wp\/v2\/users\/9"}],"replies":[{"embeddable":true,"href":"https:\/\/portal.uern.br\/patu\/dlv\/wp-json\/wp\/v2\/comments?post=1853"}],"version-history":[{"count":3,"href":"https:\/\/portal.uern.br\/patu\/dlv\/wp-json\/wp\/v2\/pages\/1853\/revisions"}],"predecessor-version":[{"id":1876,"href":"https:\/\/portal.uern.br\/patu\/dlv\/wp-json\/wp\/v2\/pages\/1853\/revisions\/1876"}],"wp:attachment":[{"href":"https:\/\/portal.uern.br\/patu\/dlv\/wp-json\/wp\/v2\/media?parent=1853"}],"curies":[{"name":"wp","href":"https:\/\/api.w.org\/{rel}","templated":true}]}}