{"id":1838,"date":"2025-08-14T09:46:14","date_gmt":"2025-08-14T12:46:14","guid":{"rendered":"https:\/\/portal.uern.br\/patu\/dlv\/?page_id=1838"},"modified":"2025-08-14T10:05:56","modified_gmt":"2025-08-14T13:05:56","slug":"pgccs","status":"publish","type":"page","link":"https:\/\/portal.uern.br\/patu\/dlv\/pgccs\/","title":{"rendered":"2013.1"},"content":{"rendered":"<p><a href=\"https:\/\/portal.uern.br\/patu\/dlv\/wp-content\/uploads\/sites\/4\/2025\/08\/Filosofia-da-Linguagem.doc.pdf\">Filosofia da Linguagem 2013.1<\/a><\/p>\n<p><a href=\"https:\/\/portal.uern.br\/patu\/dlv\/wp-content\/uploads\/sites\/4\/2025\/08\/Programa-deTopicos-do-Portugues.doc.pdf\">T\u00f3picos de Gram\u00e1tica do Portugu\u00eas 2013.1<\/a><\/p>\n<p><a href=\"https:\/\/portal.uern.br\/patu\/dlv\/wp-content\/uploads\/sites\/4\/2025\/08\/Programa-de-Argumentacao.doc.pdf\">Argumenta\u00e7\u00e3o 2013.1<\/a><\/p>\n<p><a href=\"https:\/\/portal.uern.br\/patu\/dlv\/wp-content\/uploads\/sites\/4\/2025\/08\/PGCC-Teoria-da-Literatura-I.docx.pdf\">Teoria da Literatura I 2013.1<\/a><\/p>\n<p><a href=\"https:\/\/portal.uern.br\/patu\/dlv\/wp-content\/uploads\/sites\/4\/2025\/08\/LinguisticaII_PGCC_2013-1.doc.pdf\">Lingu\u00edstica II 2013.1<\/a><\/p>\n<p><a href=\"https:\/\/portal.uern.br\/patu\/dlv\/wp-content\/uploads\/sites\/4\/2025\/08\/PGCC-Sociologia-Da-Linguagem.docx.pdf\">Sociologia Da Linguagem 2013.1<\/a><\/p>\n","protected":false},"excerpt":{"rendered":"<p>Filosofia da Linguagem 2013.1 T\u00f3picos de Gram\u00e1tica do Portugu\u00eas 2013.1 Argumenta\u00e7\u00e3o 2013.1 Teoria da Literatura I 2013.1 Lingu\u00edstica II 2013.1 Sociologia Da Linguagem 2013.1<\/p>\n","protected":false},"author":9,"featured_media":0,"parent":0,"menu_order":0,"comment_status":"closed","ping_status":"closed","template":"","meta":{"footnotes":""},"class_list":["post-1838","page","type-page","status-publish","hentry"],"_links":{"self":[{"href":"https:\/\/portal.uern.br\/patu\/dlv\/wp-json\/wp\/v2\/pages\/1838","targetHints":{"allow":["GET"]}}],"collection":[{"href":"https:\/\/portal.uern.br\/patu\/dlv\/wp-json\/wp\/v2\/pages"}],"about":[{"href":"https:\/\/portal.uern.br\/patu\/dlv\/wp-json\/wp\/v2\/types\/page"}],"author":[{"embeddable":true,"href":"https:\/\/portal.uern.br\/patu\/dlv\/wp-json\/wp\/v2\/users\/9"}],"replies":[{"embeddable":true,"href":"https:\/\/portal.uern.br\/patu\/dlv\/wp-json\/wp\/v2\/comments?post=1838"}],"version-history":[{"count":4,"href":"https:\/\/portal.uern.br\/patu\/dlv\/wp-json\/wp\/v2\/pages\/1838\/revisions"}],"predecessor-version":[{"id":1852,"href":"https:\/\/portal.uern.br\/patu\/dlv\/wp-json\/wp\/v2\/pages\/1838\/revisions\/1852"}],"wp:attachment":[{"href":"https:\/\/portal.uern.br\/patu\/dlv\/wp-json\/wp\/v2\/media?parent=1838"}],"curies":[{"name":"wp","href":"https:\/\/api.w.org\/{rel}","templated":true}]}}