{"id":1759,"date":"2025-05-21T11:43:09","date_gmt":"2025-05-21T14:43:09","guid":{"rendered":"https:\/\/portal.uern.br\/patu\/dlv\/?page_id=1759"},"modified":"2025-08-14T09:45:38","modified_gmt":"2025-08-14T12:45:38","slug":"tcc-2024","status":"publish","type":"page","link":"https:\/\/portal.uern.br\/patu\/dlv\/tcc-2024\/","title":{"rendered":"TCC 2024"},"content":{"rendered":"<table style=\"border-collapse: collapse;width: 100%;height: 1273px\">\n<tbody>\n<tr style=\"height: 24px\">\n<td style=\"width: 99.855%;text-align: center;height: 24px\" colspan=\"3\">MONOGRAFIAS \u2013 ANO 2024<\/td>\n<\/tr>\n<tr style=\"height: 24px\">\n<td style=\"width: 32.4148%;text-align: center;height: 24px\">AUTOR(A)<\/td>\n<td style=\"width: 34.1552%;text-align: center;height: 24px\">ORIENTADOR(A)<\/td>\n<td style=\"width: 33.285%;text-align: center;height: 24px\">MONOGRAFIA<\/td>\n<\/tr>\n<tr style=\"height: 48px\">\n<td style=\"width: 32.4148%;text-align: center;height: 48px\">Altonimar da Silva Zeferino<\/td>\n<td style=\"width: 34.1552%;text-align: center;height: 48px\">Prof\u00aa. Dra. Aline Almeida Inhoti<\/td>\n<td style=\"width: 33.285%;height: 48px;text-align: justify\"><a href=\"https:\/\/portal.uern.br\/patu\/dlv\/wp-content\/uploads\/sites\/4\/2025\/05\/Monografia_Altonimar-Zeferino.pdf\">UNIVERSIDADE E(M) LINGUAGEM: UMA AN\u00c1LISE DAS RELA\u00c7\u00d5ES \u00c9TNICO- RACIAIS NO PPC DO CURSO DE LETRAS DO CAP\/UERN.<\/a><\/td>\n<\/tr>\n<tr style=\"height: 41px\">\n<td style=\"width: 32.4148%;text-align: center;height: 41px\">Ana Vit\u00f3ria Gomes Alves<\/td>\n<td style=\"width: 34.1552%;text-align: center;height: 41px\">Prof. Me. Alex Souza Bezerra<\/td>\n<td style=\"width: 33.285%;height: 41px;text-align: justify\"><a href=\"https:\/\/portal.uern.br\/patu\/dlv\/wp-content\/uploads\/sites\/4\/2025\/05\/Monografia-Ana-Vitoria.pdf\">A CONSTRU\u00c7\u00c3O DA IDENTIDADE DA PERSONAGEM RAINHA M\u00c1 NA OBRA A MAIS BELA DE TODAS, DE SERENA VALENTINO.<\/a><\/td>\n<\/tr>\n<tr style=\"height: 48px\">\n<td style=\"width: 32.4148%;text-align: center;height: 48px\">B\u00e1rbara Beatriz Suassuna Azevedo<\/td>\n<td style=\"width: 34.1552%;text-align: center;height: 48px\">Prof\u00aa. Dra. Luciana Fernandes Nery<\/td>\n<td style=\"width: 33.285%;height: 48px;text-align: justify\"><a href=\"https:\/\/portal.uern.br\/patu\/dlv\/wp-content\/uploads\/sites\/4\/2025\/05\/MONOGRAFIA-BARBARA-BEATRIZ-1.pdf\">OS DISCURSOS RELACIONADOS \u00c0 MEDICALIZA\u00c7\u00c3O DO CORPO GORDO FEMININO ATRAV\u00c9S DO USO DO OZEMPIC EM COMENT\u00c1RIOS DO INSTAGRAM DA REVISTA VEJA.<\/a><\/td>\n<\/tr>\n<tr style=\"height: 72px\">\n<td style=\"width: 32.4148%;text-align: center;height: 72px\">Daniel da Silva Rocha Maia<\/td>\n<td style=\"width: 34.1552%;text-align: center;height: 72px\">Prof\u00aa. Ma. Brenda de Freitas<\/td>\n<td style=\"width: 33.285%;text-align: justify;height: 72px\"><a href=\"https:\/\/portal.uern.br\/patu\/dlv\/wp-content\/uploads\/sites\/4\/2025\/05\/Monografia-Daniel-da-Silva.pdf\">SILENCIAMENTO\/CENSURA: OS DISCURSOS DE \u00d3DIO PROPAGADOS EM COMENT\u00c1RIOS NO INSTAGRAM ACERCA DA OBRA &#8220;O AVESSO DA PELE&#8221; DE JEFERSON TEN\u00d3RIO.<\/a><\/td>\n<\/tr>\n<tr style=\"height: 24px\">\n<td style=\"width: 32.4148%;text-align: center;height: 24px\">David Cortez de Paiva<\/td>\n<td style=\"width: 34.1552%;text-align: center;height: 24px\">Prof\u00aa. Dra. Annie Tarsis Morais Figueiredo<\/td>\n<td style=\"width: 33.285%;height: 24px;text-align: justify\"><a href=\"https:\/\/portal.uern.br\/patu\/dlv\/wp-content\/uploads\/sites\/4\/2025\/05\/MONOGRAFIA-DAVID-CORTEZ.pdf\">O TRAUMA E A MEM\u00d3RIA P\u00d3S-GUERRA: UMA AN\u00c1LISE DA PERSONAGEM ISAAC DRESNER EM A BONECA DE KOKOSCHKA, DE AFONSO CRUZ.<\/a><\/td>\n<\/tr>\n<tr style=\"height: 72px\">\n<td style=\"width: 32.4148%;text-align: center;height: 72px\">D\u00e9borah Evelyn dos Santos Lima<\/td>\n<td style=\"width: 34.1552%;text-align: center;height: 72px\">Prof\u00aa. Esp. Mar\u00edlia Daniela Pereira Lino<\/td>\n<td style=\"width: 33.285%;height: 72px;text-align: justify\"><a href=\"https:\/\/portal.uern.br\/patu\/dlv\/wp-content\/uploads\/sites\/4\/2025\/05\/Monografia-Deborah.pdf\">O SIL\u00caNCIO QUE FALA: UMAAN\u00c1LISE DA OBRA O GRITO DA GAIVOTA, DE EMMANUELLE LABORIT.<\/a><\/td>\n<\/tr>\n<tr style=\"height: 24px\">\n<td style=\"width: 32.4148%;text-align: center;height: 33px\">Fellipe de Andrade Mota<\/td>\n<td style=\"width: 34.1552%;text-align: center;height: 33px\">Prof\u00aa. Ma. Brenda de Freitas<\/td>\n<td style=\"width: 33.285%;height: 33px;text-align: justify\"><a href=\"https:\/\/portal.uern.br\/patu\/dlv\/wp-content\/uploads\/sites\/4\/2025\/05\/Monografia-Fellipe-de-Andrade-Mota.pdf\">UMA AN\u00c1LISE DISCURSIVA SOBRE A REPROVA\u00c7\u00c3O DE SUJEITOS PRETOS E PARDOS EM BANCAS DE HETEROIDENTIFICA\u00c7\u00c3O DISCURSIVIZADOS EM WEBJORNAIS.<\/a><\/td>\n<\/tr>\n<tr style=\"height: 96px\">\n<td style=\"width: 32.4148%;text-align: center;height: 96px\">Flavia Karolina Mendon\u00e7a Gurgel<\/td>\n<td style=\"width: 34.1552%;text-align: center;height: 96px\">Prof\u00aa. Dra. Annie Tarsis Morais Figueiredo<\/td>\n<td style=\"width: 33.285%;text-align: justify;height: 96px\"><a href=\"https:\/\/portal.uern.br\/patu\/dlv\/wp-content\/uploads\/sites\/4\/2025\/05\/MONOGRAFIA-FLAVIA-KAROLINA.pdf\">MATERNIDADE NEGRA E NECROPOL\u00cdTICA: UMA AN\u00c1LISE DA EXPERI\u00caNCIA NARRADORA EM QUARTO DE DESPEJO: DI\u00c1RIO DE UMA FAVELADA, DE CAROLINA MARIA DE JESUS.<\/a><\/td>\n<\/tr>\n<tr style=\"height: 24px\">\n<td style=\"width: 32.4148%;text-align: center;height: 24px\">Francisco Ferreira de Arruda<\/td>\n<td style=\"width: 34.1552%;text-align: center;height: 24px\">Prof\u00aa. Dra. Luciana Fernandes Nery<\/td>\n<td style=\"width: 33.285%;text-align: justify;height: 24px\"><a href=\"https:\/\/portal.uern.br\/patu\/dlv\/wp-content\/uploads\/sites\/4\/2025\/05\/Monografia-de-Francisco-Ferreira-1.pdf\">A (DES)CONSTRU\u00c7\u00c3O IDENTIT\u00c1RIA DA PERSONAGEM NETO A PARTIR DA OBRA CINEMATOGR\u00c1FICA BICHO DE SETE CABE\u00c7AS, DE LA\u00cdS BODANZKY.<\/a><\/td>\n<\/tr>\n<tr style=\"height: 24px\">\n<td style=\"width: 32.4148%;text-align: center;height: 24px\">Itala Morgana Targino<\/td>\n<td style=\"width: 34.1552%;text-align: center;height: 24px\">Prof\u00aa. Dra. Aline Almeida Inhoti<\/td>\n<td style=\"width: 33.285%;text-align: justify;height: 24px\"><a href=\"https:\/\/portal.uern.br\/patu\/dlv\/wp-content\/uploads\/sites\/4\/2025\/05\/MONOGRAFIA-ITALA_MORGANA_TARGINO.pdf\">RACISMO NA WEBJORNAL: UMA AN\u00c1LISE DAS IDEOLOGIAS DA LINGUAGEM NAS REPORTAGENS SOBRE O BBB 2024 NO SITE G1.<\/a><\/td>\n<\/tr>\n<tr style=\"height: 48px\">\n<td style=\"width: 32.4148%;text-align: center;height: 48px\">Jos\u00e9 Deivide Pereira Lino<\/td>\n<td style=\"width: 34.1552%;text-align: center;height: 48px\">Prof\u00aa. Esp. Mar\u00edlia Daniela Pereira Lino<\/td>\n<td style=\"width: 33.285%;height: 48px;text-align: justify\"><a href=\"https:\/\/portal.uern.br\/patu\/dlv\/wp-content\/uploads\/sites\/4\/2025\/05\/Monografia-Jose-Deivede.pdf\">A VISUALIDADE E O AUTO-(RE)CONHECIMENTO DA NARRADORA AUTODIEG\u00c9TICA NA OBRA DESPERTAR DO SIL\u00caNCIO DE SHIRLEY VILHALVA.<\/a><\/td>\n<\/tr>\n<tr style=\"height: 24px\">\n<td style=\"width: 32.4148%;text-align: center;height: 41px\">Josiclebe de Oliveira Pinheiro<\/td>\n<td style=\"width: 34.1552%;height: 41px;text-align: center\">Prof\u00aa. Dra. Beatriz Pazini Ferreira<\/td>\n<td style=\"width: 33.285%;height: 41px;text-align: justify\"><a href=\"https:\/\/portal.uern.br\/patu\/dlv\/wp-content\/uploads\/sites\/4\/2025\/05\/Monografia-Josiclebe-de-Oliveira.pdf\">A REPRESENTA\u00c7\u00c3O SIMB\u00d3LICA DAS PERSONAGENS EM CH\u00c3 DOS ESQUECIDOS, DE LOURDES RAMALHO.<\/a><\/td>\n<\/tr>\n<tr style=\"height: 24px\">\n<td style=\"width: 32.4148%;text-align: center;height: 30px\">Josivan dos Santos Oliveira<\/td>\n<td style=\"width: 34.1552%;height: 30px;text-align: center\">Prof\u00aa. Dra. Ant\u00f4nia Sueli da Silva Gomes<\/td>\n<td style=\"width: 33.285%;height: 30px;text-align: justify\"><a href=\"https:\/\/portal.uern.br\/patu\/dlv\/wp-content\/uploads\/sites\/4\/2025\/05\/Monografia-Josivan.pdf\">REFLEX\u00d5ES SOBRE A EFIC\u00c1CIA DOS PROGRAMAS EDUCACIONAIS PARA A EDUCA\u00c7\u00c3O DE JOVENS E ADULTOS.<\/a><\/td>\n<\/tr>\n<tr style=\"height: 24px\">\n<td style=\"width: 32.4148%;text-align: center;height: 10px\">Julianny Maria de Freitas Martins<\/td>\n<td style=\"width: 34.1552%;text-align: center;height: 10px\">Prof\u00aa. Dra. Annie Tarsis Morais Figueiredo<\/td>\n<td style=\"width: 33.285%;height: 10px;text-align: justify\"><a href=\"https:\/\/portal.uern.br\/patu\/dlv\/wp-content\/uploads\/sites\/4\/2025\/05\/Monografia-Julianny-Maria-de-Freitas-Martins.pdf\">O BRANQUEAMENTO E A BRANQUITUDE EM \u00c1GUA DE BARRELA, DE ELIANA ALVES CRUZ.<\/a><\/td>\n<\/tr>\n<tr style=\"height: 52px\">\n<td style=\"width: 32.4148%;text-align: center;height: 52px\">Lib\u00e9gna Morais Bezerra<\/td>\n<td style=\"width: 34.1552%;height: 52px;text-align: center\">Prof\u00aa. Dra. Luciana Fernandes Nery<\/td>\n<td style=\"width: 33.285%;height: 52px;text-align: justify\"><a href=\"https:\/\/portal.uern.br\/patu\/dlv\/wp-content\/uploads\/sites\/4\/2025\/05\/Monografia-Libegna.pdf\">A VOZ DAS SOBREVIVENTES: A PR\u00c1TICA DA CONFISS\u00c3O DE ESTUPRO NO SITE DO MOVIMENTO ME TOO BRASIL.<\/a><\/td>\n<\/tr>\n<tr style=\"height: 52px\">\n<td style=\"width: 32.4148%;text-align: center;height: 52px\">L\u00edlia Alexandrino de Ara\u00fajo<\/td>\n<td style=\"width: 34.1552%;text-align: center;height: 52px\">Prof\u00aa. Dra. Aline Almeida Inhoti<\/td>\n<td style=\"width: 33.285%;height: 52px;text-align: justify\"><a href=\"https:\/\/portal.uern.br\/patu\/dlv\/wp-content\/uploads\/sites\/4\/2025\/05\/Monografia-Lilia-Alexandrino.pdf\">RACISMO AMBIENTAL EM PAUTA: TENS\u00d5ES RACIAIS EM REPORTAGENS WEBJORNAL\u00cdSTICAS DO G1 SOBRE DESASTRES AMBIENTAIS.<\/a><\/td>\n<\/tr>\n<tr style=\"height: 52px\">\n<td style=\"width: 32.4148%;text-align: center;height: 52px\">Lucas Braga de Ara\u00fajo<\/td>\n<td style=\"width: 34.1552%;height: 52px;text-align: center\">Prof\u00aa. Dra. Ant\u00f4nia Sueli da Silva Gomes<\/td>\n<td style=\"width: 33.285%;height: 52px;text-align: justify\"><a href=\"https:\/\/portal.uern.br\/patu\/dlv\/wp-content\/uploads\/sites\/4\/2025\/05\/Monografia-Lucas-Braga.pdf\">METODOLOGIAS ATIVAS E L\u00cdNGUA PORTUGUESA: UMA ABORDAGEM PARA O ENSINO DA GRAM\u00c1TICA NO 9\u00b0ANO.<\/a><\/td>\n<\/tr>\n<tr style=\"height: 48px\">\n<td style=\"width: 32.4148%;text-align: center;height: 48px\">Lycia Roane Silva<\/td>\n<td style=\"width: 34.1552%;height: 48px;text-align: center\">Prof\u00aa. Dra. Ant\u00f4nia Sueli da Silva Gomes<\/td>\n<td style=\"width: 33.285%;height: 48px;text-align: justify\"><a href=\"https:\/\/portal.uern.br\/patu\/dlv\/wp-content\/uploads\/sites\/4\/2025\/05\/Monografia-de-Lycia-Roane-Silva.pdf\">ENSINO DE LEITURA E ESCRITA NA EJA: UMA AN\u00c1LISE DA BASE NACIONAL COMUM CURRICULAR E DO DOCUMENTO CURRICULAR DO RIO GRANDE DO NORTE.<\/a><\/td>\n<\/tr>\n<tr style=\"height: 48px\">\n<td style=\"width: 32.4148%;text-align: center;height: 10px\">Maria Alicia Paulo de Oliveira Gomes<\/td>\n<td style=\"width: 34.1552%;height: 10px;text-align: center\">Prof\u00aa. Dra. Annie Tarsis Morais Figueiredo<\/td>\n<td style=\"width: 33.285%;text-align: justify;height: 10px\"><a href=\"https:\/\/portal.uern.br\/patu\/dlv\/wp-content\/uploads\/sites\/4\/2025\/05\/MONOGRAFIA-MARIA-ALICIA-PAULO-DE-OLIVEIRA-GOMES.pdf\">OS INFERNOS DE DANTE ALIGHIERI E DOS RACIONAIS MC&#8217;S: UMA LEITURA COMPARATIVA ENTRE A DIVINA COM\u00c9DIA E DI\u00c1RIO DE UM DETENTO.<\/a><\/td>\n<\/tr>\n<tr style=\"height: 24px\">\n<td style=\"width: 32.4148%;text-align: center;height: 24px\">Maria Eduarda Vieira Fernandes<\/td>\n<td style=\"width: 34.1552%;text-align: center;height: 24px\">Prof\u00aa. Dra. Ant\u00f4nia Sueli da Silva Gomes<\/td>\n<td style=\"width: 33.285%;height: 24px;text-align: justify\"><a href=\"https:\/\/portal.uern.br\/patu\/dlv\/wp-content\/uploads\/sites\/4\/2025\/05\/MONOGRAFIA-_Maria_Eduarda.pdf\">EXPERI\u00caNCIAS FORMATIVAS NO CURSO DE LETRAS: VIV\u00caNCIAS DE UMA EGRESSA DO PIBID.<\/a><\/td>\n<\/tr>\n<tr style=\"height: 76px\">\n<td style=\"width: 32.4148%;text-align: center;height: 76px\">Maria Ruth Dos Santos Fernandes<\/td>\n<td style=\"width: 34.1552%;text-align: center;height: 76px\">Prof\u00aa. Esp. Mar\u00edlia Daniela Pereira Lino<\/td>\n<td style=\"width: 33.285%;height: 76px;text-align: justify\"><a href=\"https:\/\/portal.uern.br\/patu\/dlv\/wp-content\/uploads\/sites\/4\/2025\/05\/Monografia-Maria-Ruth.pdf\">PROTAGONISMO SURDO: AN\u00c1LISE DA PERSONAGEM PAOLA NA OBRA M\u00c3OS AO VENTO DE SYLVIA LIA.<\/a><\/td>\n<\/tr>\n<tr style=\"height: 76px\">\n<td style=\"width: 32.4148%;text-align: center;height: 76px\">Matheus Rodrigues da Silva<\/td>\n<td style=\"width: 34.1552%;text-align: center;height: 76px\">Prof\u00aa. Dra. Luciana Fernandes Nery<\/td>\n<td style=\"width: 33.285%;height: 76px;text-align: justify\"><a href=\"https:\/\/portal.uern.br\/patu\/dlv\/wp-content\/uploads\/sites\/4\/2025\/05\/MONOGRAFIA-MATHEUS-RODRIGUES-DA-SILVA.pdf\">\u201cS\u00d3 QUERIA JOGAR FUTEBOL\u201d: UMA AN\u00c1LISE DOS DISCURSOS RACISTAS QUE AFETAM O GOVERNO DAS EMO\u00c7\u00d5ES DE VINICIUS J\u00daNIOR EM POSTS NO X.<\/a><\/td>\n<\/tr>\n<tr style=\"height: 48px\">\n<td style=\"width: 32.4148%;text-align: center;height: 48px\">Naiana Alves Rocha<\/td>\n<td style=\"width: 34.1552%;text-align: center;height: 48px\">Prof\u00aa. Dra. Aline Almeida Inhoti<\/td>\n<td style=\"width: 33.285%;height: 48px;text-align: justify\"><a href=\"https:\/\/portal.uern.br\/patu\/dlv\/wp-content\/uploads\/sites\/4\/2025\/05\/Monografia-Naiana-A.-Rocha.pdf\">RACISMO LINGU\u00cdSTICO E PRESERVA\u00c7\u00c3O CULTURAL IND\u00cdGENA: UMA AN\u00c1LISE DO DOCUMENT\u00c1RIO \u201cFALAS DA TERRA\u201d.<\/a><\/td>\n<\/tr>\n<tr style=\"height: 76px\">\n<td style=\"width: 32.4148%;text-align: center;height: 76px\">Stefanny Vitoria Alves Barreto<\/td>\n<td style=\"width: 34.1552%;text-align: center;height: 76px\">Prof\u00aa. Dra. Annie Tarsis Morais Figueiredo<\/td>\n<td style=\"width: 33.285%;height: 76px;text-align: justify\"><a href=\"https:\/\/portal.uern.br\/patu\/dlv\/wp-content\/uploads\/sites\/4\/2025\/05\/MONOGRAFIA_-STEFANNY_VITORIA_ALVES_BARRETO.pdf\">AS TR\u00caS NARRADORAS QUE RESISTEM: UMA AN\u00c1LISE DA CONTRACOLONIALIDADE EM TORTO ARADO, DE ITAMAR VIEIRA JUNIOR.<\/a><\/td>\n<\/tr>\n<tr style=\"height: 76px\">\n<td style=\"width: 32.4148%;text-align: center;height: 76px\">Thiago Cidronio de Oliveira<\/td>\n<td style=\"width: 34.1552%;text-align: center;height: 76px\">Prof. Me. Alex Souza Bezerra<\/td>\n<td style=\"width: 33.285%;height: 76px;text-align: justify\"><a href=\"https:\/\/portal.uern.br\/patu\/dlv\/wp-content\/uploads\/sites\/4\/2025\/05\/Monografia-Thiago-Cidronio-de-Oliveira.pdf\">FEMINISMO NEGRO E RESIST\u00caNCIA: UMA AN\u00c1LISE DECOLONIAL DA OBRA \u201cSOLIT\u00c1RIA\u201d DE ELIANA ALVES CRUZ.<\/a><\/td>\n<\/tr>\n<tr style=\"height: 24px\">\n<td style=\"width: 32.4148%;text-align: center;height: 24px\">Zaira Kathryne de Ara\u00fajo Alves<\/td>\n<td style=\"width: 34.1552%;text-align: center;height: 24px\">Prof\u00aa. Dra. Luciana Fernandes Nery<\/td>\n<td style=\"width: 33.285%;text-align: justify;height: 24px\"><a href=\"https:\/\/portal.uern.br\/patu\/dlv\/wp-content\/uploads\/sites\/4\/2025\/05\/Monografia-Zaira-Kathryne-de-A.-Alves.pdf\">A QUEBRA DO SIL\u00caNCIO: UMA AN\u00c1LISE DOS DISCURSOS DAS SOBREVIVENTES DE VIOL\u00caNCIA SEXUAL INFANTIL NO DOCUMENT\u00c1RIO SE VOC\u00ca CONTAR.<\/a><\/td>\n<\/tr>\n<\/tbody>\n<\/table>\n<p>&nbsp;<\/p>\n","protected":false},"excerpt":{"rendered":"<p>MONOGRAFIAS \u2013 ANO 2024 AUTOR(A) ORIENTADOR(A) MONOGRAFIA Altonimar da Silva Zeferino Prof\u00aa. Dra. Aline Almeida Inhoti UNIVERSIDADE E(M) LINGUAGEM: UMA AN\u00c1LISE DAS RELA\u00c7\u00d5ES \u00c9TNICO- RACIAIS NO PPC DO CURSO DE LETRAS DO CAP\/UERN. Ana Vit\u00f3ria Gomes Alves Prof. Me. Alex Souza Bezerra A CONSTRU\u00c7\u00c3O DA IDENTIDADE DA PERSONAGEM RAINHA M\u00c1 NA OBRA A MAIS BELA [&hellip;]<\/p>\n","protected":false},"author":9,"featured_media":0,"parent":0,"menu_order":0,"comment_status":"closed","ping_status":"closed","template":"","meta":{"footnotes":""},"class_list":["post-1759","page","type-page","status-publish","hentry"],"_links":{"self":[{"href":"https:\/\/portal.uern.br\/patu\/dlv\/wp-json\/wp\/v2\/pages\/1759","targetHints":{"allow":["GET"]}}],"collection":[{"href":"https:\/\/portal.uern.br\/patu\/dlv\/wp-json\/wp\/v2\/pages"}],"about":[{"href":"https:\/\/portal.uern.br\/patu\/dlv\/wp-json\/wp\/v2\/types\/page"}],"author":[{"embeddable":true,"href":"https:\/\/portal.uern.br\/patu\/dlv\/wp-json\/wp\/v2\/users\/9"}],"replies":[{"embeddable":true,"href":"https:\/\/portal.uern.br\/patu\/dlv\/wp-json\/wp\/v2\/comments?post=1759"}],"version-history":[{"count":12,"href":"https:\/\/portal.uern.br\/patu\/dlv\/wp-json\/wp\/v2\/pages\/1759\/revisions"}],"predecessor-version":[{"id":1837,"href":"https:\/\/portal.uern.br\/patu\/dlv\/wp-json\/wp\/v2\/pages\/1759\/revisions\/1837"}],"wp:attachment":[{"href":"https:\/\/portal.uern.br\/patu\/dlv\/wp-json\/wp\/v2\/media?parent=1759"}],"curies":[{"name":"wp","href":"https:\/\/api.w.org\/{rel}","templated":true}]}}