{"id":1380,"date":"2024-04-30T11:08:18","date_gmt":"2024-04-30T14:08:18","guid":{"rendered":"https:\/\/portal.uern.br\/patu\/dlv\/?page_id=1380"},"modified":"2024-04-30T11:08:18","modified_gmt":"2024-04-30T14:08:18","slug":"normas-da-uern-para-trabalhos-cientificos","status":"publish","type":"page","link":"https:\/\/portal.uern.br\/patu\/dlv\/normas-da-uern-para-trabalhos-cientificos\/","title":{"rendered":"Normas da Uern para trabalhos cient\u00edficos"},"content":{"rendered":"<p><a href=\"https:\/\/drive.google.com\/file\/d\/1W9VSJ7tlbxj2closAXbC9gCKNV53ET7Q\/view?usp=sharing\">MANUAL DE NORMALIZA\u00c7\u00c3O DE TRABALHOS ACAD\u00caMICOS DA UERN<\/a><\/p>\n","protected":false},"excerpt":{"rendered":"<p>MANUAL DE NORMALIZA\u00c7\u00c3O DE TRABALHOS ACAD\u00caMICOS DA UERN<\/p>\n","protected":false},"author":9,"featured_media":0,"parent":0,"menu_order":0,"comment_status":"closed","ping_status":"closed","template":"","meta":{"footnotes":""},"class_list":["post-1380","page","type-page","status-publish","hentry"],"_links":{"self":[{"href":"https:\/\/portal.uern.br\/patu\/dlv\/wp-json\/wp\/v2\/pages\/1380","targetHints":{"allow":["GET"]}}],"collection":[{"href":"https:\/\/portal.uern.br\/patu\/dlv\/wp-json\/wp\/v2\/pages"}],"about":[{"href":"https:\/\/portal.uern.br\/patu\/dlv\/wp-json\/wp\/v2\/types\/page"}],"author":[{"embeddable":true,"href":"https:\/\/portal.uern.br\/patu\/dlv\/wp-json\/wp\/v2\/users\/9"}],"replies":[{"embeddable":true,"href":"https:\/\/portal.uern.br\/patu\/dlv\/wp-json\/wp\/v2\/comments?post=1380"}],"version-history":[{"count":1,"href":"https:\/\/portal.uern.br\/patu\/dlv\/wp-json\/wp\/v2\/pages\/1380\/revisions"}],"predecessor-version":[{"id":1381,"href":"https:\/\/portal.uern.br\/patu\/dlv\/wp-json\/wp\/v2\/pages\/1380\/revisions\/1381"}],"wp:attachment":[{"href":"https:\/\/portal.uern.br\/patu\/dlv\/wp-json\/wp\/v2\/media?parent=1380"}],"curies":[{"name":"wp","href":"https:\/\/api.w.org\/{rel}","templated":true}]}}