{"id":1270,"date":"2024-04-26T10:43:17","date_gmt":"2024-04-26T13:43:17","guid":{"rendered":"https:\/\/portal.uern.br\/patu\/dlv\/?page_id=1270"},"modified":"2024-04-26T11:40:22","modified_gmt":"2024-04-26T14:40:22","slug":"tcc-2023","status":"publish","type":"page","link":"https:\/\/portal.uern.br\/patu\/dlv\/tcc-2023\/","title":{"rendered":"TCC 2023"},"content":{"rendered":"<table style=\"border-collapse: collapse;width: 100%;height: 1325px\">\n<tbody>\n<tr style=\"height: 24px\">\n<td style=\"width: 99.855%;text-align: center;height: 24px\" colspan=\"3\">MONOGRAFIAS \u2013 ANO 2023<\/td>\n<\/tr>\n<tr style=\"height: 24px\">\n<td style=\"width: 32.4148%;text-align: center;height: 24px\">AUTOR(A)<\/td>\n<td style=\"width: 34.1552%;text-align: center;height: 24px\">ORIENTADOR(A)<\/td>\n<td style=\"width: 33.285%;text-align: center;height: 24px\">MONOGRAFIA<\/td>\n<\/tr>\n<tr style=\"height: 48px\">\n<td style=\"width: 32.4148%;text-align: center;height: 48px\">Alvanir Le\u00e3o Carlos Bisneta<\/td>\n<td style=\"width: 34.1552%;text-align: center;height: 48px\">Prof\u00aa. Dra. Aline Almeida Inhoti<\/td>\n<td style=\"width: 33.285%;height: 48px;text-align: justify\"><a href=\"https:\/\/portal.uern.br\/patu\/dlv\/wp-content\/uploads\/sites\/4\/2024\/04\/TCC-Alvanir.pdf\">IDEOLOGIAS LINGU\u00cdSTICAS NO NOVO ENSINO M\u00c9DIO: UMA AN\u00c1LISE DO COMPONENTE CURRICULAR DE L\u00cdNGUA PORTUGUESA NA BNCC.<\/a><\/td>\n<\/tr>\n<tr style=\"height: 41px\">\n<td style=\"width: 32.4148%;text-align: center;height: 41px\">Antonio Cristiano da Silva Lima<\/td>\n<td style=\"width: 34.1552%;text-align: center;height: 41px\">Prof\u00aa. Ma. Keila Lairiny C\u00e2mara Xavier<\/td>\n<td style=\"width: 33.285%;height: 41px;text-align: justify\"><a href=\"https:\/\/portal.uern.br\/patu\/dlv\/wp-content\/uploads\/sites\/4\/2024\/04\/Tcc-Cristiano.pdf\">COMO S\u00c3O APRESENTADOS OS TEXTOS LITER\u00c1RIOS E AS ATIVIDADES RELACIONADAS AO ENSINO DE LITERATURA NO LIVRO DID\u00c1TICO DE L\u00cdNGUA PORTUGUESA.<\/a><\/td>\n<\/tr>\n<tr style=\"height: 48px\">\n<td style=\"width: 32.4148%;text-align: center;height: 48px\">Clarisse Maria de Oliveira Lira Moura<\/td>\n<td style=\"width: 34.1552%;text-align: center;height: 48px\">Prof\u00aa. Dra. Aline Almeida Inhoti<\/td>\n<td style=\"width: 33.285%;height: 48px;text-align: justify\"><a href=\"https:\/\/portal.uern.br\/patu\/dlv\/wp-content\/uploads\/sites\/4\/2024\/04\/Monografia-Versa\u0303o-Final-CLARISSE-MOURA.pdf\">IDEOLOGIAS DE LINGUAGEM EM TENSIONAMENTO NO FILME BACURAU (2020).<\/a><\/td>\n<\/tr>\n<tr style=\"height: 72px\">\n<td style=\"width: 32.4148%;text-align: center;height: 72px\">Erica Thays Alves Vieira<\/td>\n<td style=\"width: 34.1552%;text-align: center;height: 72px\">Prof. Me. Jos\u00e9 Romerito Fran\u00e7a Costa<\/td>\n<td style=\"width: 33.285%;text-align: justify;height: 72px\"><a href=\"https:\/\/portal.uern.br\/patu\/dlv\/wp-content\/uploads\/sites\/4\/2024\/04\/TCC-Erica.pdf\">A FUN\u00c7\u00c3O EDUCATIVA DOS CONTOS: UMA AN\u00c1LISE DE UM LIVRO DID\u00c1TICO DE L\u00cdNGUA PORTUGUESA DO 6\u00b0 ANO DO ENSINO FUNDAMENTAL.<\/a><\/td>\n<\/tr>\n<tr style=\"height: 24px\">\n<td style=\"width: 32.4148%;text-align: center;height: 24px\">Francisco Denilson Bezerra<\/td>\n<td style=\"width: 34.1552%;text-align: center;height: 24px\">Prof\u00aa. Dra. Maria Leidiana Alves<\/td>\n<td style=\"width: 33.285%;height: 24px;text-align: justify\"><a href=\"https:\/\/portal.uern.br\/patu\/dlv\/wp-content\/uploads\/sites\/4\/2024\/04\/Monografia-de-Francisco-Denilson-Oficial.pdf\">LENDO, FORMANDO-SE E CONTANDO HIST\u00d3RIAS: A MEDIA\u00c7\u00c3O DA LEITURA NA EQUIPE BALE-FRUP PARA A FORMA\u00c7\u00c3O DE LEITORES.<\/a><\/td>\n<\/tr>\n<tr style=\"height: 72px\">\n<td style=\"width: 32.4148%;text-align: center;height: 72px\">Francisco J\u00fanior de Ara\u00fajo Gomes<\/td>\n<td style=\"width: 34.1552%;text-align: center;height: 72px\">Prof\u00aa. Dra. Beatriz Pazini Ferreira<\/td>\n<td style=\"width: 33.285%;height: 72px;text-align: justify\"><a href=\"https:\/\/portal.uern.br\/patu\/dlv\/wp-content\/uploads\/sites\/4\/2024\/04\/Monografia-Final.pdf\">A IRONIA E A MORTE NA PE\u00c7A TEATRAL MAC\u00c1RIO, DE \u00c1LVARES DE AZEVEDO.<\/a><\/td>\n<\/tr>\n<tr style=\"height: 24px\">\n<td style=\"width: 32.4148%;text-align: center;height: 33px\">G\u00e9ssica Alves da Silva<\/td>\n<td style=\"width: 34.1552%;text-align: center;height: 33px\">Prof\u00aa. Dra. Aline Almeida Inhoti<\/td>\n<td style=\"width: 33.285%;height: 33px;text-align: justify\"><a href=\"https:\/\/portal.uern.br\/patu\/dlv\/wp-content\/uploads\/sites\/4\/2024\/04\/TCC-GESSICA.pdf\">O PRECONCEITO LINGU\u00cdSTICO: UMA AN\u00c1LISE DE COMENT\u00c1RIOS EM POSTAGENS DA P\u00c1GINA DO FACEBOOK \u201cPORTUGU\u00caS DA DEPRESS\u00c3O\u201d.<\/a><\/td>\n<\/tr>\n<tr style=\"height: 96px\">\n<td style=\"width: 32.4148%;text-align: center;height: 96px\">Gislane de Lima S\u00e1<\/td>\n<td style=\"width: 34.1552%;text-align: center;height: 96px\">Prof\u00aa. Ma. Keila Lairiny C\u00e2mara Xavier<\/td>\n<td style=\"width: 33.285%;text-align: justify;height: 96px\"><a href=\"https:\/\/portal.uern.br\/patu\/dlv\/wp-content\/uploads\/sites\/4\/2024\/04\/TCC-Gislane.pdf\">NEOLOGISMOS SEM\u00c2NTICOS E PROCESSOS DE INOVA\u00c7\u00d5ES LEXICAIS PRESENTES EM PUBLICA\u00c7\u00d5ES DO PERFIL \u201cDI\u00c1RIO DE UM ESTUDANTE DE LETRAS\u201d DO INSTAGRAM.<\/a><\/td>\n<\/tr>\n<tr style=\"height: 24px\">\n<td style=\"width: 32.4148%;text-align: center;height: 24px\">Ianne Ramos Morais<\/td>\n<td style=\"width: 34.1552%;text-align: center;height: 24px\">Prof\u00aa. Dra. Annie Tarsis Morais Figueiredo<\/td>\n<td style=\"width: 33.285%;text-align: justify;height: 24px\"><a href=\"https:\/\/portal.uern.br\/patu\/dlv\/wp-content\/uploads\/sites\/4\/2024\/04\/TCC-Ianne.pdf\">COLONIALIDADE E BRANQUITUDE NA COSMOVIS\u00c3O DE BENJAMIM: UMA LEITURA DE O NOSSO REINO, DE VALTER HUGO M\u00c3E.<\/a><\/td>\n<\/tr>\n<tr style=\"height: 24px\">\n<td style=\"width: 32.4148%;text-align: center;height: 24px\">Isabele Rodrigues das Chagas Carias<\/td>\n<td style=\"width: 34.1552%;text-align: center;height: 24px\">Prof\u00aa. Dra. Luciana Fernandes Nery<\/td>\n<td style=\"width: 33.285%;text-align: justify;height: 24px\"><a href=\"https:\/\/portal.uern.br\/patu\/dlv\/wp-content\/uploads\/sites\/4\/2024\/04\/TCC-ISABELE.pdf\">\u201cNASCE UMA M\u00c3E, NASCE UMA CULPA\u201d: A (DES) ROMANTIZA\u00c7\u00c3O DA MATERNIDADE E OS MODOS DE OBJETIVA\u00c7\u00c3O\/SUBJETIVA\u00c7\u00c3O EM DISCURSOS NO INSTAGRAM.<\/a><\/td>\n<\/tr>\n<tr style=\"height: 48px\">\n<td style=\"width: 32.4148%;text-align: center;height: 48px\">Jaciara Paiva da Silva<\/td>\n<td style=\"width: 34.1552%;text-align: center;height: 48px\">Prof\u00aa. Ma. Maria Lara Alves Rocha<\/td>\n<td style=\"width: 33.285%;height: 48px;text-align: justify\"><a href=\"https:\/\/portal.uern.br\/patu\/dlv\/wp-content\/uploads\/sites\/4\/2024\/04\/Monografia-Jaciara-Paiva-da-Silva.pdf\">A VELHICE FEMININA: UMA AN\u00c1LISE DOS CONTOS &#8220;FELIZ ANIVERS\u00c1RIO&#8221; E &#8220;OS LA\u00c7OS DE FAM\u00cdLIA&#8221;, DE CLARICE LISPECTOR.<\/a><\/td>\n<\/tr>\n<tr style=\"height: 24px\">\n<td style=\"width: 32.4148%;text-align: center;height: 41px\">Jackeline Fernandes Maia dos Santos<\/td>\n<td style=\"width: 34.1552%;height: 41px;text-align: center\">Prof\u00aa. Dra. Annie Tarsis Morais Figueiredo<\/td>\n<td style=\"width: 33.285%;height: 41px;text-align: justify\"><a href=\"https:\/\/portal.uern.br\/patu\/dlv\/wp-content\/uploads\/sites\/4\/2024\/04\/Monografia-TCC.pdf\">AS MARIAS SOB O PODER DO PATRIARCADO: UMA LEITURA DE O EVANGELHO SEGUNDO JESUS CRISTO, DE JOS\u00c9 SARAMAGO.<\/a><\/td>\n<\/tr>\n<tr style=\"height: 24px\">\n<td style=\"width: 32.4148%;text-align: center;height: 30px\">Jos\u00e9 Washington Alves<\/td>\n<td style=\"width: 34.1552%;height: 30px;text-align: center\">Prof\u00aa. Ma. Keila Lairiny C\u00e2mara Xavier<\/td>\n<td style=\"width: 33.285%;height: 30px;text-align: justify\"><a href=\"https:\/\/portal.uern.br\/patu\/dlv\/wp-content\/uploads\/sites\/4\/2024\/04\/TCC-LETRAS-UERN-Jose-Washington-Alves-versao-final-ok.pdf\">L\u00cdNGUA PORTUGUESA NO ENSINO FUNDAMENTAL II: UMA AN\u00c1LISE DO USO DAS TECNOLOGIAS DIGITAIS DE INFORMA\u00c7\u00c3O E COMUNICA\u00c7\u00c3O NA BNCC<\/a><\/td>\n<\/tr>\n<tr style=\"height: 24px\">\n<td style=\"width: 32.4148%;text-align: center;height: 10px\">Juliana Tereza Fernandes Matias<\/td>\n<td style=\"width: 34.1552%;text-align: center;height: 10px\">Prof\u00aa. Dra. Maria Leidiana Alves<\/td>\n<td style=\"width: 33.285%;height: 10px;text-align: justify\"><a href=\"https:\/\/portal.uern.br\/patu\/dlv\/wp-content\/uploads\/sites\/4\/2024\/04\/Monografia-Juliana-Tereza-Fernandes-Matias.pdf\">TESES EM DISCURSOS SOBRE O NOVO ENSINO M\u00c9DIO: UM OLHAR SOBRE A ARGUMENTA\u00c7\u00c3O CONSTRU\u00cdDA POR PROFESSORES E ALUNOS ATRAV\u00c9S DE UM PODCAST.<\/a><\/td>\n<\/tr>\n<tr style=\"height: 52px\">\n<td style=\"width: 32.4148%;text-align: center;height: 52px\">Keize Patricia da Silva Soares<\/td>\n<td style=\"width: 34.1552%;height: 52px;text-align: center\">Prof. Me. Jos\u00e9 Romerito Fran\u00e7a Costa<\/td>\n<td style=\"width: 33.285%;height: 52px;text-align: justify\"><a href=\"https:\/\/portal.uern.br\/patu\/dlv\/wp-content\/uploads\/sites\/4\/2024\/04\/TCC-CONCLUIDO-KEIZE-PDF.pdf\">O USO DAS NOVAS TECNOLOGIAS NO ENSINO DE L\u00cdNGUA PORTUGUESA: UMA AN\u00c1LISE DO REFERENCIAL CURRICULAR DO ENSINO M\u00c9DIO POTIGUAR.<\/a><\/td>\n<\/tr>\n<tr style=\"height: 52px\">\n<td style=\"width: 32.4148%;text-align: center;height: 52px\">Klebio Galdino de Andrade Junior<\/td>\n<td style=\"width: 34.1552%;text-align: center;height: 52px\">Prof\u00aa. Dra. Annie Tarsis Morais Figueiredo<\/td>\n<td style=\"width: 33.285%;height: 52px;text-align: justify\"><a href=\"https:\/\/portal.uern.br\/patu\/dlv\/wp-content\/uploads\/sites\/4\/2024\/04\/TCC-versao-final-Klebio.pdf\">MEM\u00d3RIAS DA GUERRA COLONIAL EM A COSTA DOS MURM\u00daRIOS, DE L\u00cdDIA JORGE.<\/a><\/td>\n<\/tr>\n<tr style=\"height: 52px\">\n<td style=\"width: 32.4148%;text-align: center;height: 52px\">Lucas Maia Gomes<\/td>\n<td style=\"width: 34.1552%;height: 52px;text-align: center\">Prof\u00aa. Dra. Beatriz Pazini Ferreira<\/td>\n<td style=\"width: 33.285%;height: 52px;text-align: justify\"><a href=\"https:\/\/portal.uern.br\/patu\/dlv\/wp-content\/uploads\/sites\/4\/2024\/04\/Monografia-Lucas-Maia-Gomes.pdf\">O SILENCIAMENTO DE UMA COMUNIDADE DE FREIRAS NA PE\u00c7A O RATO NO MURO, DE HILDA HILST.<\/a><\/td>\n<\/tr>\n<tr style=\"height: 48px\">\n<td style=\"width: 32.4148%;text-align: center;height: 48px\">Lucas Paiva da Silva<\/td>\n<td style=\"width: 34.1552%;height: 48px;text-align: center\">Prof\u00aa. Ma. Keila Lairiny C\u00e2mara Xavier<\/td>\n<td style=\"width: 33.285%;height: 48px;text-align: justify\"><a href=\"https:\/\/portal.uern.br\/patu\/dlv\/wp-content\/uploads\/sites\/4\/2024\/04\/Monografia-Lucas-Paiva-da-Silva.pdf\">REDA\u00c7\u00d5ES NOTA 1000 DO ENEM: UMA AN\u00c1LISE DE ELEMENTOS DA ARGUMENTA\u00c7\u00c3O NO TEXTO DISSERTATIVO-ARGUMENTATIVO.<\/a><\/td>\n<\/tr>\n<tr style=\"height: 48px\">\n<td style=\"width: 32.4148%;text-align: center;height: 10px\">Mariana de Brito Meneghetti Dias<\/td>\n<td style=\"width: 34.1552%;height: 10px;text-align: center\">Prof\u00aa. Dra. Luciana Fernandes Nery<\/td>\n<td style=\"width: 33.285%;text-align: justify;height: 10px\"><a href=\"https:\/\/portal.uern.br\/patu\/dlv\/wp-content\/uploads\/sites\/4\/2024\/04\/TCC-Mariana-Brito.pdf\">\u201cO V\u00cdDEO MAIS DIF\u00cdCIL QUE GRAVEI EM TODA MINHA VIDA\u201d: UMA AN\u00c1LISE DOS DISCURSOS DA INFLUENCIADORA EVELYN REGLY SOBRE ABUSO SEXUAL INTRAFAMILIAR ATRAV\u00c9S DO YOUTUBE.<\/a><\/td>\n<\/tr>\n<tr style=\"height: 24px\">\n<td style=\"width: 32.4148%;text-align: center;height: 24px\">Patricia Arruda da Silva<\/td>\n<td style=\"width: 34.1552%;text-align: center;height: 24px\">Prof\u00aa. Dra. Maria Leidiana Alves<\/td>\n<td style=\"width: 33.285%;height: 24px;text-align: justify\"><a href=\"https:\/\/portal.uern.br\/patu\/dlv\/wp-content\/uploads\/sites\/4\/2024\/04\/Monografia-Patricia-Arruda-da-Silva.pdf\">A IMPORT\u00c2NCIA DO PROGRAMA RESID\u00caNCIA PEDAG\u00d3GICA (PRP) PARA A FORMA\u00c7\u00c3O DOCENTE.<\/a><\/td>\n<\/tr>\n<tr style=\"height: 76px\">\n<td style=\"width: 32.4148%;text-align: center;height: 76px\">Pedro Lucas Nunes dos Santos<\/td>\n<td style=\"width: 34.1552%;text-align: center;height: 76px\">Prof\u00aa. Dra. Beatriz Pazini Ferreira<\/td>\n<td style=\"width: 33.285%;height: 76px;text-align: justify\"><a href=\"https:\/\/portal.uern.br\/patu\/dlv\/wp-content\/uploads\/sites\/4\/2024\/04\/Tcc-Pedro-Lucas.pdf\">AUTO DA MULA-DE-PADRE: O RACISMO SEDIMENTADO NOS ASPECTOS SOCIAIS, FOLCL\u00d3RICOS E RELIGIOSOS.<\/a><\/td>\n<\/tr>\n<tr style=\"height: 76px\">\n<td style=\"width: 32.4148%;text-align: center;height: 76px\">Rizoneide Vieira da Silva<\/td>\n<td style=\"width: 34.1552%;text-align: center;height: 76px\">Prof. Me. Jos\u00e9 Romerito Fran\u00e7a Costa<\/td>\n<td style=\"width: 33.285%;height: 76px;text-align: justify\"><a href=\"https:\/\/portal.uern.br\/patu\/dlv\/wp-content\/uploads\/sites\/4\/2024\/04\/TCC.pdf\">O PAPEL DAS TICs NO PROCESSO DE ENSINO E APRENDIZAGEM DE L\u00cdNGUA PORTUGUESA NA MODALIDADE REMOTA.<\/a><\/td>\n<\/tr>\n<tr style=\"height: 48px\">\n<td style=\"width: 32.4148%;text-align: center;height: 48px\">Thalya Kamilla Moura Alves<\/td>\n<td style=\"width: 34.1552%;text-align: center;height: 48px\">Prof\u00aa. Dra. Aline Almeida Inhoti<\/td>\n<td style=\"width: 33.285%;height: 48px;text-align: justify\"><a href=\"https:\/\/portal.uern.br\/patu\/dlv\/wp-content\/uploads\/sites\/4\/2024\/04\/TCC-Versao-Final-Thalya-Kamilla.pdf\">REFERENCIAL CURRICULAR DO ENSINO M\u00c9DIO POTIGUAR: UMA AN\u00c1LISE DAS CONCEP\u00c7\u00d5ES DE L\u00cdNGUA(GEM) NO COMPONENTE DE L\u00cdNGUA PORTUGUESA.<\/a><\/td>\n<\/tr>\n<tr style=\"height: 76px\">\n<td style=\"width: 32.4148%;text-align: center;height: 76px\">Thalyson Pereira Gomes<\/td>\n<td style=\"width: 34.1552%;text-align: center;height: 76px\">Prof\u00aa. Dra. Luciana Fernandes Nery<\/td>\n<td style=\"width: 33.285%;height: 76px;text-align: justify\"><a href=\"https:\/\/portal.uern.br\/patu\/dlv\/wp-content\/uploads\/sites\/4\/2024\/04\/Monografia-Thalyson-P.-Gomes.pdf\">MACHISMO RECREATIVO: UMA AN\u00c1LISE DOS DISCURSOS MIS\u00d3GINOS NORMALIZADOS ATRAV\u00c9S DO HUMOR EM V\u00cdDEOS DO YOUTUBE DE L\u00c9O LINS.<\/a><\/td>\n<\/tr>\n<tr style=\"height: 76px\">\n<td style=\"width: 32.4148%;text-align: center;height: 76px\">Wyslania Elizia Nascimento dos Santos<\/td>\n<td style=\"width: 34.1552%;text-align: center;height: 76px\">Prof\u00aa. Dra. Beatriz Pazini Ferreira<\/td>\n<td style=\"width: 33.285%;height: 76px;text-align: justify\"><a href=\"https:\/\/portal.uern.br\/patu\/dlv\/wp-content\/uploads\/sites\/4\/2024\/04\/Monografia-Wyslania.pdf\">NO LIMIAR DO RACISMO ESTRUTURAL: A REPRESENTA\u00c7\u00c3O DO JESUS NEGRO NA OBRA AUTO DA COMPADECIDA, DE ARIANO SUASSUNA.<\/a><\/td>\n<\/tr>\n<\/tbody>\n<\/table>\n","protected":false},"excerpt":{"rendered":"<p>MONOGRAFIAS \u2013 ANO 2023 AUTOR(A) ORIENTADOR(A) MONOGRAFIA Alvanir Le\u00e3o Carlos Bisneta Prof\u00aa. Dra. Aline Almeida Inhoti IDEOLOGIAS LINGU\u00cdSTICAS NO NOVO ENSINO M\u00c9DIO: UMA AN\u00c1LISE DO COMPONENTE CURRICULAR DE L\u00cdNGUA PORTUGUESA NA BNCC. Antonio Cristiano da Silva Lima Prof\u00aa. Ma. Keila Lairiny C\u00e2mara Xavier COMO S\u00c3O APRESENTADOS OS TEXTOS LITER\u00c1RIOS E AS ATIVIDADES RELACIONADAS AO ENSINO [&hellip;]<\/p>\n","protected":false},"author":9,"featured_media":0,"parent":0,"menu_order":0,"comment_status":"closed","ping_status":"closed","template":"","meta":{"footnotes":""},"class_list":["post-1270","page","type-page","status-publish","hentry"],"_links":{"self":[{"href":"https:\/\/portal.uern.br\/patu\/dlv\/wp-json\/wp\/v2\/pages\/1270","targetHints":{"allow":["GET"]}}],"collection":[{"href":"https:\/\/portal.uern.br\/patu\/dlv\/wp-json\/wp\/v2\/pages"}],"about":[{"href":"https:\/\/portal.uern.br\/patu\/dlv\/wp-json\/wp\/v2\/types\/page"}],"author":[{"embeddable":true,"href":"https:\/\/portal.uern.br\/patu\/dlv\/wp-json\/wp\/v2\/users\/9"}],"replies":[{"embeddable":true,"href":"https:\/\/portal.uern.br\/patu\/dlv\/wp-json\/wp\/v2\/comments?post=1270"}],"version-history":[{"count":8,"href":"https:\/\/portal.uern.br\/patu\/dlv\/wp-json\/wp\/v2\/pages\/1270\/revisions"}],"predecessor-version":[{"id":1305,"href":"https:\/\/portal.uern.br\/patu\/dlv\/wp-json\/wp\/v2\/pages\/1270\/revisions\/1305"}],"wp:attachment":[{"href":"https:\/\/portal.uern.br\/patu\/dlv\/wp-json\/wp\/v2\/media?parent=1270"}],"curies":[{"name":"wp","href":"https:\/\/api.w.org\/{rel}","templated":true}]}}