{"id":1235,"date":"2024-04-26T09:21:42","date_gmt":"2024-04-26T12:21:42","guid":{"rendered":"https:\/\/portal.uern.br\/patu\/dlv\/?page_id=1235"},"modified":"2024-04-29T09:20:52","modified_gmt":"2024-04-29T12:20:52","slug":"tcc-2022","status":"publish","type":"page","link":"https:\/\/portal.uern.br\/patu\/dlv\/tcc-2022\/","title":{"rendered":"TCC 2022.2"},"content":{"rendered":"<table style=\"border-collapse: collapse;width: 100%;height: 1242px\">\n<tbody>\n<tr style=\"height: 24px\">\n<td style=\"width: 99.855%;text-align: center;height: 24px\" colspan=\"3\">MONOGRAFIAS \u2013 ANO 2022<\/td>\n<\/tr>\n<tr style=\"height: 24px\">\n<td style=\"width: 32.4148%;text-align: center;height: 24px\">AUTOR(A)<\/td>\n<td style=\"width: 34.1552%;text-align: center;height: 24px\">ORIENTADOR(A)<\/td>\n<td style=\"width: 33.285%;text-align: center;height: 24px\">MONOGRAFIA<\/td>\n<\/tr>\n<tr style=\"height: 48px\">\n<td style=\"width: 32.4148%;text-align: center;height: 48px\">Ana Luiza de Paiva Franca<\/td>\n<td style=\"width: 34.1552%;text-align: center;height: 48px\">Prof\u00aa. Dra. Beatriz Pazini Ferreira<\/td>\n<td style=\"width: 33.285%;height: 48px;text-align: justify\"><a href=\"https:\/\/portal.uern.br\/patu\/dlv\/wp-content\/uploads\/sites\/4\/2024\/04\/TCC-ANA-LUIZA2-MONOGRAFIA-FINALfinal-1.pdf\">AS RELA\u00c7\u00d5ES DE OPRESS\u00c3O E EXPLORA\u00c7\u00c3O SEXUAL ENTRE SENHORES E MULHERES NEGRAS, NA PE\u00c7A SOBRADOS E MOCAMBOS, DE HERMILO BORBA FILHO.<\/a><\/td>\n<\/tr>\n<tr style=\"height: 41px\">\n<td style=\"width: 32.4148%;text-align: center;height: 41px\">Anna Let\u00edcia Bezerra Costa<\/td>\n<td style=\"width: 34.1552%;text-align: center;height: 41px\">Prof\u00aa. Dra. Annie Tarsis Morais Figueiredo<\/td>\n<td style=\"width: 33.285%;height: 41px;text-align: justify\"><a href=\"https:\/\/portal.uern.br\/patu\/dlv\/wp-content\/uploads\/sites\/4\/2024\/04\/Monografia-Anna-Leticia-Bezerra-Costa-.pdf\">A MEM\u00d3RIA DA DITADURA SALAZARISTA EM A M\u00c1QUINA DE FAZER ESPANH\u00d3IS, DE VALTER HUGO M\u00c3E.<\/a><\/td>\n<\/tr>\n<tr style=\"height: 24px\">\n<td style=\"width: 32.4148%;text-align: center;height: 24px\">Creuza Tayna Carlos da Silva<\/td>\n<td style=\"width: 34.1552%;text-align: center;height: 24px\">Prof\u00aa. Dra. Annie Tarsis Morais Figueiredo<\/td>\n<td style=\"width: 33.285%;text-align: justify;height: 24px\"><a href=\"https:\/\/portal.uern.br\/patu\/dlv\/wp-content\/uploads\/sites\/4\/2024\/04\/Monografia-CreuzaThaynaCarlosdaSilva.pdf\">VILAMANINHOS ENQUANTO ESPA\u00c7O DE FECHAMENTO DA CONSCI\u00caNCIA EM \u201cO DIA DOS PROD\u00cdGIOS\u201d, DE L\u00cdDIA JORGE<\/a><\/td>\n<\/tr>\n<tr style=\"height: 37px\">\n<td style=\"width: 32.4148%;text-align: center;height: 37px\">Danielle Silva Ara\u00fajo<\/td>\n<td style=\"width: 34.1552%;text-align: center;height: 37px\">Prof\u00aa. Ma. Keila Lairiny C\u00e2mara Xavier<\/td>\n<td style=\"width: 33.285%;text-align: justify;height: 37px\"><a href=\"https:\/\/portal.uern.br\/patu\/dlv\/wp-content\/uploads\/sites\/4\/2024\/04\/memoria-e-identidade-patu-terra-alta.pdf\">MEM\u00d3RIA E IDENTIDADE: PATU \u201cTERRA ALTA\u201d.<\/a><\/td>\n<\/tr>\n<tr style=\"height: 24px\">\n<td style=\"width: 32.4148%;text-align: center;height: 24px\">Eduarda Ezequiel de Oliveira<\/td>\n<td style=\"width: 34.1552%;text-align: center;height: 24px\">Prof\u00aa. Ma. Keila Lairiny C\u00e2mara Xavier<\/td>\n<td style=\"width: 33.285%;text-align: justify;height: 24px\"><a href=\"https:\/\/portal.uern.br\/patu\/dlv\/wp-content\/uploads\/sites\/4\/2024\/04\/TCC-Eduarda-original.pdf\">A ARGUMENTA\u00c7\u00c3O NO ENEM: UMA AN\u00c1LISE DE PRODU\u00c7\u00d5ES TEXTUAIS DOS ALUNOS\/ORADORES PARTICIPANTES DO ENEM<\/a><\/td>\n<\/tr>\n<tr style=\"height: 24px\">\n<td style=\"width: 32.4148%;text-align: center;height: 24px\">Emanuela Alves da Costa<\/td>\n<td style=\"width: 34.1552%;text-align: center;height: 24px\">Prof\u00aa. Dra. Aline Almeida Inhoti<\/td>\n<td style=\"width: 33.285%;text-align: justify;height: 24px\"><a href=\"https:\/\/portal.uern.br\/patu\/dlv\/wp-content\/uploads\/sites\/4\/2024\/04\/MONOGRAFIA-EMANUELA-ALVES-DA-COSTA.pdf\">LETRAMENTO E OS DOCUMENTOS OFICIAIS DO RIO GRANDE DO NORTE: REFLEX\u00d5ES SOBRE AS DIRETRIZES PARA O ENSINO DE L\u00cdNGUA PORTUGUESA PARA ALUNOS COM TRANSTORNO DO ESPECTRO AUTISTA.<\/a><\/td>\n<\/tr>\n<tr style=\"height: 24px\">\n<td style=\"width: 32.4148%;text-align: center;height: 24px\">Erica Giany dos Santos Nascimento<\/td>\n<td style=\"width: 34.1552%;text-align: center;height: 24px\">Prof\u00aa. Dra. Maria Leidiana Alves<\/td>\n<td style=\"width: 33.285%;text-align: justify;height: 24px\"><a href=\"https:\/\/portal.uern.br\/patu\/dlv\/wp-content\/uploads\/sites\/4\/2024\/04\/MONOGRAFIA-ERICA-GIANY-DOS-SANTOS-NASCIMENTO-1-1.pdf\">ARGUMENTA\u00c7\u00c3O NO DISCURSO: TESES E VALORES DEFENDIDOS SOBRE A POL\u00caMICA DO SOTAQUE NEUTRO PROTAGONIZADA POR JULIETTE.<\/a><\/td>\n<\/tr>\n<tr style=\"height: 48px\">\n<td style=\"width: 32.4148%;text-align: center;height: 48px\">Faynne Oliveira Rocha<\/td>\n<td style=\"width: 34.1552%;text-align: center;height: 48px\">Prof\u00aa. Dra. Annie Tarsis Morais Figueiredo<\/td>\n<td style=\"width: 33.285%;height: 48px;text-align: justify\"><a href=\"https:\/\/portal.uern.br\/patu\/dlv\/wp-content\/uploads\/sites\/4\/2024\/04\/MONOGRAFIA_FAYNNE_OLIVEIRA_ROCHA_attu.pdf\">A CONSTRU\u00c7\u00c3O DA PERSONAGEM HALLA EM A DESUMANIZA\u00c7\u00c3O, DE VALTER HUGO M\u00c3E.<\/a><\/td>\n<\/tr>\n<tr style=\"height: 24px\">\n<td style=\"width: 32.4148%;text-align: center;height: 24px\">Fernanda Rhub\u00eania Martiniano de Almeida<\/td>\n<td style=\"width: 34.1552%;text-align: center;height: 24px\">Prof\u00aa. Ma. Keila Lairiny C\u00e2mara Xavier<\/td>\n<td style=\"width: 33.285%;height: 24px;text-align: justify\"><a href=\"https:\/\/portal.uern.br\/patu\/dlv\/wp-content\/uploads\/sites\/4\/2024\/04\/TCC-FERNANDA-4.pdf\">A GRAM\u00c1TICA NO LIVRO DID\u00c1TICO DE L\u00cdNGUA PORTUGUESA- UMA AN\u00c1LISE DOS PROCEDIMENTOS PEDAG\u00d3GICOS.<\/a><\/td>\n<\/tr>\n<tr style=\"height: 72px\">\n<td style=\"width: 32.4148%;text-align: center;height: 72px\">Geane Valentin Vieira<\/td>\n<td style=\"width: 34.1552%;text-align: center;height: 72px\">Prof\u00aa. Dra. Ant\u00f4nia Sueli da Silva Gomes<\/td>\n<td style=\"width: 33.285%;height: 72px;text-align: justify\"><a href=\"https:\/\/portal.uern.br\/patu\/dlv\/wp-content\/uploads\/sites\/4\/2024\/04\/Monografia_-Geane-Valentim-Vieira.pdf\">LETRAMENTO LITER\u00c1RIO NO LIVRO DID\u00c1TICO: UMA AN\u00c1LISE DO LIVRO GERA\u00c7\u00c3O ALPHA \u2013 9o ANO DO ENSINO FUNDAMENTAL.<\/a><\/td>\n<\/tr>\n<tr style=\"height: 24px\">\n<td style=\"width: 32.4148%;text-align: center;height: 33px\">Guilherme Mateus Oliveira Silva<\/td>\n<td style=\"width: 34.1552%;text-align: center;height: 33px\">Prof\u00aa. Dra. Luciana Fernandes Nery<\/td>\n<td style=\"width: 33.285%;height: 33px;text-align: justify\"><a href=\"https:\/\/portal.uern.br\/patu\/dlv\/wp-content\/uploads\/sites\/4\/2024\/04\/Monografia-Gulherme-Mateus-Versao-Final.pdf\">OS MODOS DE OBJETIVA\u00c7\u00c3O DO SUJEITO MASCULINO A PARTIR DE POSTS DO INSTAGRAM.<\/a><\/td>\n<\/tr>\n<tr style=\"height: 48px\">\n<td style=\"width: 32.4148%;text-align: center;height: 48px\">J\u00e9ssica dos Santos Costa<\/td>\n<td style=\"width: 34.1552%;text-align: center;height: 48px\">Prof\u00aa. Ma. Maria Lara Alves Rocha<\/td>\n<td style=\"width: 33.285%;height: 48px;text-align: justify\"><a href=\"https:\/\/portal.uern.br\/patu\/dlv\/wp-content\/uploads\/sites\/4\/2024\/04\/Uma-apredizagem-ou-o-livro-dos-prazeres-de-clarice-lispector-tcc.pdf\">A REPRESENTA\u00c7\u00c3O DA TRADI\u00c7\u00c3O PATRIARCAL EM UMA APREDIZAGEM OU O LIVRO DOS PRAZERES, DE CLARICE LISPECTOR.<\/a><\/td>\n<\/tr>\n<tr style=\"height: 24px\">\n<td style=\"width: 32.4148%;text-align: center;height: 41px\">Julia Andrade Bandeira<\/td>\n<td style=\"width: 34.1552%;height: 41px;text-align: center\">Prof\u00aa. Dra. Aline Almeida Inhoti<\/td>\n<td style=\"width: 33.285%;height: 41px;text-align: justify\"><a href=\"https:\/\/portal.uern.br\/patu\/dlv\/wp-content\/uploads\/sites\/4\/2024\/04\/Tcc-Julia-2023-1.pdf\">IDEOLOGIAS DE LINGUAGEM E(M) REDE: UMA AN\u00c1LISE DA P\u00c1GINA @PORTUGU\u00caS.DO.ZERO.<\/a><\/td>\n<\/tr>\n<tr style=\"height: 24px\">\n<td style=\"width: 32.4148%;text-align: center;height: 30px\">Kaline Dantas Rocha<\/td>\n<td style=\"width: 34.1552%;height: 30px;text-align: center\">Prof\u00aa. Ma. Sidileide Batalha do Rego<\/td>\n<td style=\"width: 33.285%;height: 30px;text-align: justify\"><a href=\"https:\/\/portal.uern.br\/patu\/dlv\/wp-content\/uploads\/sites\/4\/2024\/04\/tcc-Kaline.pdf\">AS HORAS NUAS, \u00c1RIDAS E VAZIAS: UMA AN\u00c1LISE DA REPRESENTATIVIDADE DA SOLID\u00c3O HUMANA A PARTIR DA PERSONAGEM ROSA AMBR\u00d3SIO.<\/a><\/td>\n<\/tr>\n<tr style=\"height: 24px\">\n<td style=\"width: 32.4148%;text-align: center;height: 10px\">Laura Vit\u00f3ria Xavier<\/td>\n<td style=\"width: 34.1552%;text-align: center;height: 10px\">Prof\u00aa. Dra. Annie Tarsis Morais Figueiredo<\/td>\n<td style=\"width: 33.285%;height: 10px;text-align: justify\"><a href=\"https:\/\/portal.uern.br\/patu\/dlv\/wp-content\/uploads\/sites\/4\/2024\/04\/MONOGRAFIA-LAURA-VITORIA-XAVIER.pdf\">O JARDIM DO CAPIT\u00c3O CELESTINO: AS VOZES DO SIL\u00caNCIO EM A VIS\u00c3O DAS PLANTAS, DE DJAIMILIA PEREIRA DE ALMEIDA.<\/a><\/td>\n<\/tr>\n<tr style=\"height: 52px\">\n<td style=\"width: 32.4148%;text-align: center;height: 52px\">Livia Rayane de Almeida Pereira<\/td>\n<td style=\"width: 34.1552%;height: 52px;text-align: center\">Prof\u00aa. Ma. Maria Lara Alves Rocha<\/td>\n<td style=\"width: 33.285%;height: 52px;text-align: justify\"><a href=\"https:\/\/portal.uern.br\/patu\/dlv\/wp-content\/uploads\/sites\/4\/2024\/04\/A-condicao-da-mulher-negra-na-obra-Olhos-dagua-de-Conceicao-Evaristo.pdf\">A CONDI\u00c7\u00c3O DA MULHER NEGRA NA OBRA OLHOS D\u2019\u00c1GUA DE CONCEI\u00c7\u00c3O EVARISTO: AN\u00c1LISE DOS CONTOS MARIA E QUANTOS FILHOS NATALINA TEVE?<\/a><\/td>\n<\/tr>\n<tr style=\"height: 52px\">\n<td style=\"width: 32.4148%;text-align: center;height: 52px\">Luana Beatriz Andrade Zeferino<\/td>\n<td style=\"width: 34.1552%;text-align: center;height: 52px\">Prof\u00aa. Dra. Aline Almeida Inhoti<\/td>\n<td style=\"width: 33.285%;height: 52px;text-align: justify\"><a href=\"https:\/\/portal.uern.br\/patu\/dlv\/wp-content\/uploads\/sites\/4\/2024\/04\/Tcc-Luana-2023.pdf\">IDEOLOGIAS DE LINGUAGEM E LIVRO DID\u00c1TICO: AN\u00c1LISE DO LIVRO PORTUGU\u00caS CONTEMPOR\u00c2NEO.<\/a><\/td>\n<\/tr>\n<tr style=\"height: 52px\">\n<td style=\"width: 32.4148%;text-align: center;height: 52px\">Lucas Almeida da Silva<\/td>\n<td style=\"width: 34.1552%;height: 52px;text-align: center\">Prof\u00aa. Dra. Cla\u00fadia Maria Fel\u00edcio Ferreira Tom\u00e9<\/td>\n<td style=\"width: 33.285%;height: 52px;text-align: justify\"><a href=\"https:\/\/portal.uern.br\/patu\/dlv\/wp-content\/uploads\/sites\/4\/2024\/04\/Monografia-Lucas-Almeida-Versao-final-atualizada-1.pdf\">OS DISCURSOS DO PRESIDENTE JAIR BOLSONARO DURANTE A PANDEMIA: UM DISPOSITIVO DE CONTROLE ATRAV\u00c9S DA M\u00cdDIA SOCIAL TWITTER.-1<\/a><\/td>\n<\/tr>\n<tr style=\"height: 48px\">\n<td style=\"width: 32.4148%;text-align: center;height: 48px\">Maria Lu\u00edza Garcia de Almeida<\/td>\n<td style=\"width: 34.1552%;height: 48px;text-align: center\">Prof\u00aa. Dra. Ant\u00f4nia Sueli da Silva Gomes<\/td>\n<td style=\"width: 33.285%;height: 48px;text-align: justify\"><a href=\"https:\/\/portal.uern.br\/patu\/dlv\/wp-content\/uploads\/sites\/4\/2024\/04\/Monografia-Final-Maria-Luiza.pdf\">PR\u00c1TICAS DE LETRAMENTO ESCOLAR PARA O ENSINO DA LEITURA: UMA AN\u00c1LISE NO LIVRO DID\u00c1TICO DO 9o ANO DO ENSINO FUNDAMENTAL.<\/a><\/td>\n<\/tr>\n<tr style=\"height: 48px\">\n<td style=\"width: 32.4148%;text-align: center;height: 10px\">Naiara Sandi da Silva Gomes Saraiva<\/td>\n<td style=\"width: 34.1552%;height: 10px;text-align: center\">Prof\u00aa. Dra. Beatriz Pazini Ferreira<\/td>\n<td style=\"width: 33.285%;text-align: justify;height: 10px\"><a href=\"https:\/\/portal.uern.br\/patu\/dlv\/wp-content\/uploads\/sites\/4\/2024\/04\/TCCNaiara-Versao-final.pdf\">DO RENASCIMENTO A RESIST\u00caNCIA: O BOI MISTERIOSO DE AFOGADOS, DE HERMILO BORBA FILHO.<\/a><\/td>\n<\/tr>\n<tr style=\"height: 24px\">\n<td style=\"width: 32.4148%;text-align: center;height: 24px\">Vinicius Linhares e Silva<\/td>\n<td style=\"width: 34.1552%;text-align: center;height: 24px\">Prof\u00aa. Dra. Ant\u00f4nia Sueli da Silva Gomes<\/td>\n<td style=\"width: 33.285%;height: 24px;text-align: justify\"><a href=\"https:\/\/portal.uern.br\/patu\/dlv\/wp-content\/uploads\/sites\/4\/2024\/04\/MONOGRAFIA-VINICIUS.pdf\">PR\u00c1TICA DOCENTE E MULTILETRAMENTOS: UM ESTUDO SOBRE AS CONTRIBUI\u00c7\u00d5ES DO ENSINO REMOTO EMERGENCIAL.<\/a><\/td>\n<\/tr>\n<tr style=\"height: 76px\">\n<td style=\"width: 32.4148%;text-align: center;height: 76px\">Vit\u00f3ria Rachel Candida Dantas<\/td>\n<td style=\"width: 34.1552%;text-align: center;height: 76px\">Prof\u00aa. Ma. Sidileide Batalha do Rego<\/td>\n<td style=\"width: 33.285%;height: 76px;text-align: justify\"><a href=\"https:\/\/portal.uern.br\/patu\/dlv\/wp-content\/uploads\/sites\/4\/2024\/04\/tcc-assinado-Vitoria-Dantas.pdf\">A REPRESENTA\u00c7\u00c3O DA OPRESS\u00c3O RACIAL E DE G\u00caNERO CONTRA A MULHER NEGRA NO CONTO \u201cDUZU-QUEREN\u00c7A\u201d, DE CONCEI\u00c7\u00c3O EVARISTO.<\/a><\/td>\n<\/tr>\n<\/tbody>\n<\/table>\n","protected":false},"excerpt":{"rendered":"<p>MONOGRAFIAS \u2013 ANO 2022 AUTOR(A) ORIENTADOR(A) MONOGRAFIA Ana Luiza de Paiva Franca Prof\u00aa. Dra. Beatriz Pazini Ferreira AS RELA\u00c7\u00d5ES DE OPRESS\u00c3O E EXPLORA\u00c7\u00c3O SEXUAL ENTRE SENHORES E MULHERES NEGRAS, NA PE\u00c7A SOBRADOS E MOCAMBOS, DE HERMILO BORBA FILHO. Anna Let\u00edcia Bezerra Costa Prof\u00aa. Dra. Annie Tarsis Morais Figueiredo A MEM\u00d3RIA DA DITADURA SALAZARISTA EM A [&hellip;]<\/p>\n","protected":false},"author":9,"featured_media":0,"parent":0,"menu_order":0,"comment_status":"closed","ping_status":"closed","template":"","meta":{"footnotes":""},"class_list":["post-1235","page","type-page","status-publish","hentry"],"_links":{"self":[{"href":"https:\/\/portal.uern.br\/patu\/dlv\/wp-json\/wp\/v2\/pages\/1235","targetHints":{"allow":["GET"]}}],"collection":[{"href":"https:\/\/portal.uern.br\/patu\/dlv\/wp-json\/wp\/v2\/pages"}],"about":[{"href":"https:\/\/portal.uern.br\/patu\/dlv\/wp-json\/wp\/v2\/types\/page"}],"author":[{"embeddable":true,"href":"https:\/\/portal.uern.br\/patu\/dlv\/wp-json\/wp\/v2\/users\/9"}],"replies":[{"embeddable":true,"href":"https:\/\/portal.uern.br\/patu\/dlv\/wp-json\/wp\/v2\/comments?post=1235"}],"version-history":[{"count":9,"href":"https:\/\/portal.uern.br\/patu\/dlv\/wp-json\/wp\/v2\/pages\/1235\/revisions"}],"predecessor-version":[{"id":1306,"href":"https:\/\/portal.uern.br\/patu\/dlv\/wp-json\/wp\/v2\/pages\/1235\/revisions\/1306"}],"wp:attachment":[{"href":"https:\/\/portal.uern.br\/patu\/dlv\/wp-json\/wp\/v2\/media?parent=1235"}],"curies":[{"name":"wp","href":"https:\/\/api.w.org\/{rel}","templated":true}]}}