{"id":1192,"date":"2024-04-25T11:00:19","date_gmt":"2024-04-25T14:00:19","guid":{"rendered":"https:\/\/portal.uern.br\/patu\/dlv\/?page_id=1192"},"modified":"2024-04-25T11:41:41","modified_gmt":"2024-04-25T14:41:41","slug":"tcc-2020","status":"publish","type":"page","link":"https:\/\/portal.uern.br\/patu\/dlv\/tcc-2020\/","title":{"rendered":"TCC 2020"},"content":{"rendered":"<table style=\"border-collapse: collapse;width: 100%;height: 1320px\">\n<tbody>\n<tr style=\"height: 24px\">\n<td style=\"width: 99.855%;text-align: center;height: 24px\" colspan=\"3\">MONOGRAFIAS \u2013 ANO 2020<\/td>\n<\/tr>\n<tr style=\"height: 24px\">\n<td style=\"width: 32.4148%;text-align: center;height: 24px\">AUTOR(A)<\/td>\n<td style=\"width: 34.1552%;text-align: center;height: 24px\">ORIENTADOR(A)<\/td>\n<td style=\"width: 33.285%;text-align: center;height: 24px\">MONOGRAFIA<\/td>\n<\/tr>\n<tr style=\"height: 48px\">\n<td style=\"width: 32.4148%;text-align: center;height: 48px\">Ant\u00f4nia Roberta de Menezes<\/td>\n<td style=\"width: 34.1552%;text-align: center;height: 48px\">Prof\u00aa. Ma. Maria Karoliny Lima de Oliveira<\/td>\n<td style=\"width: 33.285%;height: 48px;text-align: justify\"><a href=\"https:\/\/portal.uern.br\/patu\/dlv\/wp-content\/uploads\/sites\/4\/2024\/04\/ANTONIA-ROBERTA-DE-MENEZES.pdf\">EDUCA\u00c7\u00c3O E INCLUS\u00c3O: UM ESTUDO SOBRE AS DIFICULDADES ENFRENTADAS PELOS DICENTES NO ENSINO DE ALUNOS COM TRANSTORNO DO ESPECTRO AUTISTA.<\/a><\/td>\n<\/tr>\n<tr style=\"height: 41px\">\n<td style=\"width: 32.4148%;text-align: center;height: 41px\">Franci\u00e9lio Cortez de Lima<\/td>\n<td style=\"width: 34.1552%;text-align: center;height: 41px\">Prof\u00aa. Ma. Maria Karoliny Lima de Oliveira<\/td>\n<td style=\"width: 33.285%;height: 41px;text-align: justify\"><a href=\"https:\/\/portal.uern.br\/patu\/dlv\/wp-content\/uploads\/sites\/4\/2024\/04\/FRANCIELIO.pdf\">A REPRESENTA\u00c7\u00c3O DA MASCULINIDADE T\u00d3XICA EM OS BRUTOS, DE JOS\u00c9 BEZERRA GOMES.<\/a><\/td>\n<\/tr>\n<tr style=\"height: 48px\">\n<td style=\"width: 32.4148%;text-align: center;height: 48px\">Gercivan de Oliveira<\/td>\n<td style=\"width: 34.1552%;text-align: center;height: 48px\">Prof\u00aa. Dra. Anikele Frutuoso<\/td>\n<td style=\"width: 33.285%;height: 48px;text-align: justify\"><a href=\"https:\/\/portal.uern.br\/patu\/dlv\/wp-content\/uploads\/sites\/4\/2024\/04\/GERCIVAN.pdf\">DISCURSOS DE \u00d3DIO NAS CONSTRU\u00c7\u00d5ES DISCURSIVAS DE JAIR MESSIAS BOLSONARO<\/a><\/td>\n<\/tr>\n<tr style=\"height: 24px\">\n<td style=\"width: 32.4148%;text-align: center;height: 24px\">J\u00falia Maria Medeiros da Silva<\/td>\n<td style=\"width: 34.1552%;text-align: center;height: 24px\">Prof\u00aa. Dra. Aline Almeida Inhoti<\/td>\n<td style=\"width: 33.285%;height: 24px;text-align: justify\"><a href=\"https:\/\/portal.uern.br\/patu\/dlv\/wp-content\/uploads\/sites\/4\/2024\/04\/JULIA.pdf\">LETRAMENTO(S) DO PROFESSOR DO ENSINO REMOTO E P\u00daBLICO PARAIBANO: UMA AN\u00c1LISE DA PR\u00c1TICA DOCENTE EM TEMPOS DE COVID-19<\/a><\/td>\n<\/tr>\n<tr style=\"height: 72px\">\n<td style=\"width: 32.4148%;text-align: center;height: 72px\">Maria Clara Fernandes de Andrade<\/td>\n<td style=\"width: 34.1552%;text-align: center;height: 72px\">Prof\u00aa. Dra. Cla\u00fadia Maria Fel\u00edcio Ferreira Tom\u00e9<\/td>\n<td style=\"width: 33.285%;height: 72px;text-align: justify\"><a href=\"https:\/\/portal.uern.br\/patu\/dlv\/wp-content\/uploads\/sites\/4\/2024\/04\/MARIA-CLARA.pdf\">O INVENTAR-SE PROFESSOR NO ESPA\u00c7O-TEMPO FORMATIVO: ENTRE A ACADEMIA E O PROGRAMA INSTITUCIONAL DE BOLSAS DE INICIA\u00c7\u00c3O \u00c0 DOC\u00caNCIA \u2013 PIBID<\/a><\/td>\n<\/tr>\n<tr style=\"height: 48px\">\n<td style=\"width: 32.4148%;text-align: center;height: 48px\">Maria Elba de Paiva Nunes<\/td>\n<td style=\"width: 34.1552%;text-align: center;height: 48px\">Prof\u00aa. Dra. Ant\u00f4nia Sueli da Silva Gomes<\/td>\n<td style=\"width: 33.285%;text-align: justify;height: 48px\"><a href=\"https:\/\/portal.uern.br\/patu\/dlv\/wp-content\/uploads\/sites\/4\/2024\/04\/MARIA-ELBA.pdf\">O ENSINO DE L\u00cdNGUA PORTUGUESA ATRAV\u00c9S DAS TIRINHAS: Uma An\u00e1lise em Livros Did\u00e1ticos do Ensino M\u00e9dio<\/a><\/td>\n<\/tr>\n<tr style=\"height: 72px\">\n<td style=\"width: 32.4148%;text-align: center;height: 72px\">Maria Valberl\u00e2nia Medeiros Nascimento<\/td>\n<td style=\"width: 34.1552%;text-align: center;height: 72px\">Prof\u00aa. Dra. Maria Leidiana Alves<\/td>\n<td style=\"width: 33.285%;text-align: justify;height: 72px\"><a href=\"https:\/\/portal.uern.br\/patu\/dlv\/wp-content\/uploads\/sites\/4\/2024\/04\/MARIA-VALBERLANIA.pdf\">CONTRIBUI\u00c7\u00d5ES DO PROGRAMA RESID\u00caNCIA PEDAG\u00d3GICA DE L\u00cdNGUA PORTUGUESA PARA A ATUA\u00c7\u00c3O DO DOCENTE PRECEPTOR<\/a><\/td>\n<\/tr>\n<tr style=\"height: 24px\">\n<td style=\"width: 32.4148%;text-align: center;height: 24px\">Nic\u00e9ias Paulo de Oliveira<\/td>\n<td style=\"width: 34.1552%;text-align: center;height: 24px\">Prof\u00aa. Dra. Beatriz Pazini Ferreira<\/td>\n<td style=\"width: 33.285%;text-align: justify;height: 24px\"><a href=\"https:\/\/portal.uern.br\/patu\/dlv\/wp-content\/uploads\/sites\/4\/2024\/04\/NICEIAS-PAULO-DE-OLIVEIRA.pdf\">A LITERATURA NO CONTEXTO ESCOLAR: UMA ANALISE DA PR\u00c1XIS DOCENTE NO ENSINO FUNDAMENTAL II<\/a><\/td>\n<\/tr>\n<tr style=\"height: 24px\">\n<td style=\"width: 32.4148%;text-align: center;height: 24px\">Sabrina de Paiva Bento<\/td>\n<td style=\"width: 34.1552%;text-align: center;height: 24px\">Prof\u00aa. Dra. Annie Tarsis Morais Figueiredo<\/td>\n<td style=\"width: 33.285%;text-align: justify;height: 24px\"><a href=\"https:\/\/portal.uern.br\/patu\/dlv\/wp-content\/uploads\/sites\/4\/2024\/04\/SABRINA-PAIVA.pdf\">O AMOR E SUAS IRRADIA\u00c7\u00d5ES BIOPOTENTES EM O APOCALIPSE DOS TRABALHADORES, DE VALTER HUGO M\u00c3E<\/a><\/td>\n<\/tr>\n<tr style=\"height: 72px\">\n<td style=\"width: 32.4148%;text-align: center;height: 72px\">Sara Jayane Fernandes deMoura<\/td>\n<td style=\"width: 34.1552%;text-align: center;height: 72px\">Prof\u00aa. Dra. Annie Tarsis Morais Figueiredo<\/td>\n<td style=\"width: 33.285%;text-align: justify;height: 72px\"><a href=\"https:\/\/portal.uern.br\/patu\/dlv\/wp-content\/uploads\/sites\/4\/2024\/04\/SARA.pdf\">MORTE E ALTERIDADE ENTRE AS PERSONAGENS HALLA E SIGRIDUR EM A DESUMANIZA\u00c7\u00c3O, DE VALTER HUGO M\u00c3E<\/a><\/td>\n<\/tr>\n<tr style=\"height: 48px\">\n<td style=\"width: 32.4148%;text-align: center;height: 48px\">Sebastiana Braga Ferreira<\/td>\n<td style=\"width: 34.1552%;text-align: center;height: 48px\">Prof\u00aa. Ma. Francisca Lailsa Ribeiro Pinto<\/td>\n<td style=\"width: 33.285%;text-align: justify;height: 48px\"><a href=\"https:\/\/portal.uern.br\/patu\/dlv\/wp-content\/uploads\/sites\/4\/2024\/04\/SEBASTIANA-1.pdf\">O ESPA\u00c7O DE DESIGUALDADE EM DI\u00c1RIO DE BITITA, DE CAROLINA MARIA DE JESUS<\/a><\/td>\n<\/tr>\n<tr style=\"height: 72px\">\n<td style=\"width: 32.4148%;text-align: center;height: 72px\">S\u00edria Dantas de Moura<\/td>\n<td style=\"width: 34.1552%;text-align: center;height: 72px\">Prof\u00aa. Dra. Ant\u00f4nia Sueli da Silva Gomes<\/td>\n<td style=\"width: 33.285%;text-align: justify;height: 72px\"><a href=\"https:\/\/portal.uern.br\/patu\/dlv\/wp-content\/uploads\/sites\/4\/2024\/04\/SIRIA.pdf\">AS CONTRIBUI\u00c7\u00d5ES DO PROGRAMA RESID\u00caNCIA PEDAG\u00d3GICA PARA O LETRAMENTO DO PROFESSOR EM FORMA\u00c7\u00c3O INICIAL<\/a><\/td>\n<\/tr>\n<tr style=\"height: 24px\">\n<td style=\"width: 32.4148%;text-align: center;height: 33px\">Walisson Jonatan de Ara\u00fajo Maia<\/td>\n<td style=\"width: 34.1552%;text-align: center;height: 33px\">Prof\u00aa. Dra. Cla\u00fadia Maria Fel\u00edcio Ferreira Tom\u00e9<\/td>\n<td style=\"width: 33.285%;height: 33px;text-align: justify\"><a href=\"https:\/\/portal.uern.br\/patu\/dlv\/wp-content\/uploads\/sites\/4\/2024\/04\/WALISSON.pdf\">JAIR BOLSONARO: AS CONSTRU\u00c7\u00d5ES DE SENTIDOS NAS REPRODU\u00c7\u00d5ES DE NOT\u00cdCIAS POR SITES JORNAL\u00cdSTICOS<\/a><\/td>\n<\/tr>\n<tr style=\"height: 48px\">\n<td style=\"width: 32.4148%;text-align: center;height: 48px\">Wytalon Martins de Melo<\/td>\n<td style=\"width: 34.1552%;text-align: center;height: 48px\">Prof\u00aa. Dra. Cla\u00fadia Maria Fel\u00edcio Ferreira Tom\u00e9<\/td>\n<td style=\"width: 33.285%;height: 48px;text-align: justify\"><a href=\"https:\/\/portal.uern.br\/patu\/dlv\/wp-content\/uploads\/sites\/4\/2024\/04\/WYTALON.pdf\">INCLUS\u00c3O DIGITAL NO ENSINO DE L\u00cdNGUA PORTUGUESA: USO DAS TECNOLOGIAS COMO FERRAMENTA METODOL\u00d3GICA<\/a><\/td>\n<\/tr>\n<\/tbody>\n<\/table>\n","protected":false},"excerpt":{"rendered":"<p>MONOGRAFIAS \u2013 ANO 2020 AUTOR(A) ORIENTADOR(A) MONOGRAFIA Ant\u00f4nia Roberta de Menezes Prof\u00aa. Ma. Maria Karoliny Lima de Oliveira EDUCA\u00c7\u00c3O E INCLUS\u00c3O: UM ESTUDO SOBRE AS DIFICULDADES ENFRENTADAS PELOS DICENTES NO ENSINO DE ALUNOS COM TRANSTORNO DO ESPECTRO AUTISTA. Franci\u00e9lio Cortez de Lima Prof\u00aa. Ma. Maria Karoliny Lima de Oliveira A REPRESENTA\u00c7\u00c3O DA MASCULINIDADE T\u00d3XICA EM [&hellip;]<\/p>\n","protected":false},"author":9,"featured_media":0,"parent":0,"menu_order":0,"comment_status":"closed","ping_status":"closed","template":"","meta":{"footnotes":""},"class_list":["post-1192","page","type-page","status-publish","hentry"],"_links":{"self":[{"href":"https:\/\/portal.uern.br\/patu\/dlv\/wp-json\/wp\/v2\/pages\/1192","targetHints":{"allow":["GET"]}}],"collection":[{"href":"https:\/\/portal.uern.br\/patu\/dlv\/wp-json\/wp\/v2\/pages"}],"about":[{"href":"https:\/\/portal.uern.br\/patu\/dlv\/wp-json\/wp\/v2\/types\/page"}],"author":[{"embeddable":true,"href":"https:\/\/portal.uern.br\/patu\/dlv\/wp-json\/wp\/v2\/users\/9"}],"replies":[{"embeddable":true,"href":"https:\/\/portal.uern.br\/patu\/dlv\/wp-json\/wp\/v2\/comments?post=1192"}],"version-history":[{"count":9,"href":"https:\/\/portal.uern.br\/patu\/dlv\/wp-json\/wp\/v2\/pages\/1192\/revisions"}],"predecessor-version":[{"id":1217,"href":"https:\/\/portal.uern.br\/patu\/dlv\/wp-json\/wp\/v2\/pages\/1192\/revisions\/1217"}],"wp:attachment":[{"href":"https:\/\/portal.uern.br\/patu\/dlv\/wp-json\/wp\/v2\/media?parent=1192"}],"curies":[{"name":"wp","href":"https:\/\/api.w.org\/{rel}","templated":true}]}}