{"id":1150,"date":"2024-04-24T11:54:22","date_gmt":"2024-04-24T14:54:22","guid":{"rendered":"https:\/\/portal.uern.br\/patu\/dlv\/?page_id=1150"},"modified":"2024-05-09T10:31:33","modified_gmt":"2024-05-09T13:31:33","slug":"tcc-2018","status":"publish","type":"page","link":"https:\/\/portal.uern.br\/patu\/dlv\/tcc-2018\/","title":{"rendered":"TCC 2018"},"content":{"rendered":"<table style=\"border-collapse: collapse;width: 100%;height: 1564px\">\n<tbody>\n<tr style=\"height: 24px\">\n<td style=\"width: 99.855%;text-align: center;height: 24px\" colspan=\"3\">MONOGRAFIAS \u2013 ANO 2018<\/td>\n<\/tr>\n<tr style=\"height: 24px\">\n<td style=\"width: 32.4148%;text-align: center;height: 24px\">AUTOR(A)<\/td>\n<td style=\"width: 34.1552%;text-align: center;height: 24px\">ORIENTADOR(A)<\/td>\n<td style=\"width: 33.285%;text-align: center;height: 24px\">MONOGRAFIA<\/td>\n<\/tr>\n<tr style=\"height: 48px\">\n<td style=\"width: 32.4148%;text-align: center;height: 48px\">Ana Cristina de Moura<\/td>\n<td style=\"width: 34.1552%;text-align: center;height: 48px\">Prof\u00aa. Ma. Francisca Lailsa Ribeiro Pinto<\/td>\n<td style=\"width: 33.285%;text-align: justify;height: 48px\"><a href=\"https:\/\/portal.uern.br\/patu\/dlv\/wp-content\/uploads\/sites\/4\/2024\/05\/ANA-CRISTINA-DE-MOURA.pdf\">O ESPA\u00c7O, A VIOL\u00caNCIA E O SIL\u00caNCIO DAS MULHERES NEGRAS, EM OLHOS D\u2019\u00c1GUA, DE CONCEI\u00c7\u00c3O EVARISTO.<\/a><\/td>\n<\/tr>\n<tr style=\"height: 72px\">\n<td style=\"width: 32.4148%;text-align: center;height: 72px\">\u00c2ngela Maria da Silva<\/td>\n<td style=\"width: 34.1552%;text-align: center;height: 72px\">Prof. Me. Leandro Rodrigues Torres<\/td>\n<td style=\"width: 33.285%;text-align: justify;height: 72px\"><a href=\"https:\/\/portal.uern.br\/patu\/dlv\/wp-content\/uploads\/sites\/4\/2024\/05\/ANGELA-MARIA-DA-SILVA.pdf\">A CONSCI\u00caNCIA DE CLASSE DO PERSONAGEM JOS\u00c9 CORDEIRO NA OBRA CACAU DE JORGE AMADO.<\/a><\/td>\n<\/tr>\n<tr style=\"height: 24px\">\n<td style=\"width: 32.4148%;text-align: center;height: 33px\">Arist\u00f3teles Souza Ferreira<\/td>\n<td style=\"width: 34.1552%;text-align: center;height: 33px\">Prof\u00aa. Dra. Luciana Fernandes Nery<\/td>\n<td style=\"width: 33.285%;text-align: justify;height: 33px\"><a href=\"https:\/\/portal.uern.br\/patu\/dlv\/wp-content\/uploads\/sites\/4\/2024\/05\/ARISTOTELES-SOUSA-FERREIRA.pdf\">A REVERBERA\u00c7\u00c3O DOS DISCURSOS NOS MEMES EM TORNO DO EXPRESIDENTE LULA.<\/a><\/td>\n<\/tr>\n<tr style=\"height: 48px\">\n<td style=\"width: 32.4148%;text-align: center;height: 48px\">D\u00e9bora Mayanne Rocha Dantas<\/td>\n<td style=\"width: 34.1552%;text-align: center;height: 48px\">Prof\u00aa. Dra. Luciana Fernandes Nery<\/td>\n<td style=\"width: 33.285%;text-align: justify;height: 48px\"><a href=\"https:\/\/portal.uern.br\/patu\/dlv\/wp-content\/uploads\/sites\/4\/2024\/05\/DEBORA-MAYANNE-ROCHA-DANTAS.pdf\">A SEXUALIZA\u00c7\u00c3O DO CORPO FEMININO EM CAPAS DE HIST\u00d3RIAS EM QUADRINHOS.<\/a><\/td>\n<\/tr>\n<tr style=\"height: 24px\">\n<td style=\"width: 32.4148%;text-align: center;height: 41px\">Francineide Dantas dos Santos<\/td>\n<td style=\"width: 34.1552%;height: 41px;text-align: center\">Prof. Me. Gleison Carlos Souza de Morais<\/td>\n<td style=\"width: 33.285%;height: 41px;text-align: justify\"><a href=\"https:\/\/portal.uern.br\/patu\/dlv\/wp-content\/uploads\/sites\/4\/2024\/05\/FRANCINEIDE-DANTAS-DOS-SANTOS.pdf\">A HIERARQUIZA\u00c7\u00c3O SOCIAL COMO SILENCIADOR DE FABIANO EM VIDAS SECAS, DE GRACILIANO RAMOS.<\/a><\/td>\n<\/tr>\n<tr style=\"height: 24px\">\n<td style=\"width: 32.4148%;text-align: center;height: 30px\">Jess\u00e9 Carvalho Nunes<\/td>\n<td style=\"width: 34.1552%;text-align: center;height: 30px\">Prof\u00aa. Dra. Annie Tarsis Morais Figueiredo<\/td>\n<td style=\"width: 33.285%;height: 30px;text-align: justify\"><a href=\"https:\/\/portal.uern.br\/patu\/dlv\/wp-content\/uploads\/sites\/4\/2024\/05\/JESSE-CARVALHO-NUNES.pdf\">OUTRA VIAGEM PELO SERT\u00c3O QUEIROZIANO A ESPERAN\u00c7A E O DESAMPARO COMO AFETOS BIOPOL\u00cdTICOS N\u2019O QUINZE.<\/a><\/td>\n<\/tr>\n<tr style=\"height: 24px\">\n<td style=\"width: 32.4148%;text-align: center;height: 10px\">Jo\u00e3o Eudes de Oliveira<\/td>\n<td style=\"width: 34.1552%;text-align: center;height: 10px\">Prof. Me. Gleison Carlos Souza de Morais<\/td>\n<td style=\"width: 33.285%;height: 10px\">\n<p style=\"text-align: justify\"><a href=\"https:\/\/portal.uern.br\/patu\/dlv\/wp-content\/uploads\/sites\/4\/2024\/05\/Joao-Eudes-de-Oliveira.pdf\">UMA AN\u00c1LISE COMPARATIVA DA OBRA CINCO MINUTOS JOS\u00c9 DE ALENCAR, E O CONTO APENAS UM SAXOFONE DE LYGIA FAGUNDES TELLES, EM UMA PERSPECTIVA DO AMOR IDEALIZADO E O AMOR LIQUIDO.<\/a><\/p>\n<\/td>\n<\/tr>\n<tr style=\"height: 52px\">\n<td style=\"width: 32.4148%;text-align: center;height: 52px\">Lana Suanna Gomes da Silva<\/td>\n<td style=\"width: 34.1552%;height: 52px;text-align: center\">Prof. Me. Gleison Carlos Souza de Morais<\/td>\n<td style=\"width: 33.285%;height: 52px;text-align: justify\"><a href=\"https:\/\/portal.uern.br\/patu\/dlv\/wp-content\/uploads\/sites\/4\/2024\/05\/LANA-SUIANA-GOMES-DA-SILVA.pdf\">O AMOR EM MARIANA: UMA VIS\u00c3O ULTRARROM\u00c2NTICA NA OBRA AMOR DE PERDI\u00c7\u00c3O DE CAMILO CASTELO BRANCO.<\/a><\/td>\n<\/tr>\n<tr style=\"height: 52px\">\n<td style=\"width: 32.4148%;text-align: center;height: 52px\">Lyvia Lorena de Souza Dantas<\/td>\n<td style=\"width: 34.1552%;text-align: center;height: 52px\">Prof\u00aa. Dra. Luciana Fernandes Nery<\/td>\n<td style=\"width: 33.285%;height: 52px;text-align: justify\"><a href=\"https:\/\/portal.uern.br\/patu\/dlv\/wp-content\/uploads\/sites\/4\/2024\/05\/LYVIA-LORENA-DE-SOUZA-DANTAS.pdf\">DISCURSO RACISTA PERPASSADO ATRAV\u00c9S DO HUMOR EM V\u00cdDEOS DO YOUTUBE.<\/a><\/td>\n<\/tr>\n<tr style=\"height: 52px\">\n<td style=\"width: 32.4148%;text-align: center;height: 52px\">Marcia Maria Garcia Gomes<\/td>\n<td style=\"width: 34.1552%;height: 52px;text-align: center\">Prof\u00aa. Dra. Beatriz Pazini Ferreira<\/td>\n<td style=\"width: 33.285%;height: 52px;text-align: justify\"><a href=\"https:\/\/portal.uern.br\/patu\/dlv\/wp-content\/uploads\/sites\/4\/2024\/05\/MARCIA-MARIA-GARCIA-GOMES.pdf\">O ENSINO DE LITERATURA: O G\u00caNERO DRAM\u00c1TICO NOS LIVROS DID\u00c1TICOS DO ENSINO M\u00c9DIO.<\/a><\/td>\n<\/tr>\n<tr style=\"height: 48px\">\n<td style=\"width: 32.4148%;text-align: center;height: 48px\">Maria Fabricia Dantas<\/td>\n<td style=\"width: 34.1552%;text-align: center;height: 48px\">Prof\u00aa. Dra. Maria Leidiana Alves<\/td>\n<td style=\"width: 33.285%;height: 48px\">\n<p style=\"text-align: justify\"><a href=\"https:\/\/portal.uern.br\/patu\/dlv\/wp-content\/uploads\/sites\/4\/2024\/05\/MARIA-FABRICIA-DANTAS.pdf\">DISCURSOS SOBRE O CORPO FITNESS NO INSTAGRAM: UMA AN\u00c1LISE DOS PERFIS DE JUJU SALIMENE E GRACYANE BARBOSA.<\/a><\/p>\n<\/td>\n<\/tr>\n<tr style=\"height: 48px\">\n<td style=\"width: 32.4148%;text-align: center;height: 10px\">Maria Lara Alves Rocha<\/td>\n<td style=\"width: 34.1552%;text-align: center;height: 10px\">Prof\u00aa. Dra. Annie Tarsis Morais Figueiredo<\/td>\n<td style=\"width: 33.285%;text-align: justify;height: 10px\"><a href=\"https:\/\/portal.uern.br\/patu\/dlv\/wp-content\/uploads\/sites\/4\/2024\/05\/MARIA-LARA-ALVES-ROCHA.pdf\">O CORPO DE UMA FANTASIA UM ESTUDO SOBRE A DULCINEIA NELIDIANA.<\/a><\/td>\n<\/tr>\n<tr style=\"height: 24px\">\n<td style=\"width: 32.4148%;text-align: center;height: 24px\">Maria Luiza Azevedo de Oliveira<\/td>\n<td style=\"width: 34.1552%;text-align: center;height: 24px\">Prof\u00aa Dra. Ant\u00f4nia Sueli da Silva Gomes<\/td>\n<td style=\"width: 33.285%;height: 24px;text-align: justify\"><a href=\"https:\/\/portal.uern.br\/patu\/dlv\/wp-content\/uploads\/sites\/4\/2024\/05\/MARIA-LUIZA-AZEVEDO-DE-OLIVEIRA.pdf\">UM ESTUDO SOBRE A GRAM\u00c1TICA: DO LIVRO DID\u00c1TICO AO TEXTO DO ALUNO.<\/a><\/td>\n<\/tr>\n<tr style=\"height: 76px\">\n<td style=\"width: 32.4148%;text-align: center;height: 76px\">Michael Luiz Tavares de Medeiros<\/td>\n<td style=\"width: 34.1552%;text-align: center;height: 76px\">Prof\u00aa. Dra. Beatriz Pazini Ferreira<\/td>\n<td style=\"width: 33.285%;height: 76px;text-align: justify\"><a href=\"https:\/\/portal.uern.br\/patu\/dlv\/wp-content\/uploads\/sites\/4\/2024\/05\/MICHAEL-LUIZ-TAVARES-DE-MEDEIROS.pdf\">MORTE E VIDA SEVERINA: AN\u00c1LISE DA REPRESENTA\u00c7\u00c3O DA MORTE NA VIDA DE SEVERINO.<\/a><\/td>\n<\/tr>\n<tr style=\"height: 76px\">\n<td style=\"width: 32.4148%;text-align: center;height: 76px\">Mykon Douglas da Silva<\/td>\n<td style=\"width: 34.1552%;text-align: center;height: 76px\">Prof\u00aa. Dra. Ant\u00f4nia Sueli da Silva Gomes<\/td>\n<td style=\"width: 33.285%;height: 76px;text-align: justify\"><a href=\"https:\/\/portal.uern.br\/patu\/dlv\/wp-content\/uploads\/sites\/4\/2024\/05\/MYKON-DOUGLAS-DA.pdf\">O ENSINO DE GRAM\u00c1TICA E A PR\u00c1TICA METODOL\u00d3GICA DO PROFESSOR NO ENSINO FUNDAMENTAL II.<\/a><\/td>\n<\/tr>\n<tr style=\"height: 48px\">\n<td style=\"width: 32.4148%;text-align: center;height: 48px\">Nat\u00e1lia Nadja da Silva Santos<\/td>\n<td style=\"width: 34.1552%;text-align: center;height: 48px\">Prof\u00aa. Dra. Cla\u00fadia Maria Fel\u00edcio Ferreira Tom\u00e9<\/td>\n<td style=\"width: 33.285%;height: 48px;text-align: justify\"><a href=\"https:\/\/portal.uern.br\/patu\/dlv\/wp-content\/uploads\/sites\/4\/2024\/05\/NATALIA-NADJA-DA-SILVA-SANTOS.pdf\">LITERATURA E ENSINO: O ALUNO- LEITOR EM FOCO.<\/a><\/td>\n<\/tr>\n<tr style=\"height: 76px\">\n<td style=\"width: 32.4148%;text-align: center;height: 76px\">Nat\u00e1lia Regina Oliveira Silva<\/td>\n<td style=\"width: 34.1552%;text-align: center;height: 76px\">Prof\u00aa. Dra. Maria Leidiana Alves<\/td>\n<td style=\"width: 33.285%;height: 76px;text-align: justify\"><a href=\"https:\/\/portal.uern.br\/patu\/dlv\/wp-content\/uploads\/sites\/4\/2024\/05\/NATALIA-REGINA-OLIVEIRA-SILVA.pdf\">O ENSINO DA GRAM\u00c1TICA EM UM LIVRO DID\u00c1TICO DO 2\u00ba ANO DO ENSINO M\u00c9DIO.<\/a><\/td>\n<\/tr>\n<tr style=\"height: 76px\">\n<td style=\"width: 32.4148%;text-align: center;height: 76px\">Suelie Magn\u00f3lia Maia Pereira<\/td>\n<td style=\"width: 34.1552%;text-align: center;height: 76px\">Prof\u00aa. Dra. Maria Leidiana Alves<\/td>\n<td style=\"width: 33.285%;height: 76px;text-align: justify\"><a href=\"https:\/\/portal.uern.br\/patu\/dlv\/wp-content\/uploads\/sites\/4\/2024\/05\/SUEILE-MAGNOLIA-MAIA-PEREIRA.pdf\">A DISCURSIVIZA\u00c7\u00c3O DA MULHER NA M\u00cdDIA: UMA AN\u00c1LISE DE ENUNCIADOS DA P\u00c1GINA \u201cLUTA FEMINISTA\u201d.<\/a><\/td>\n<\/tr>\n<tr style=\"height: 76px\">\n<td style=\"width: 32.4148%;text-align: center;height: 76px\">Suely Estevam da Silva<\/td>\n<td style=\"width: 34.1552%;text-align: center;height: 76px\">Prof\u00aa. Dra. Ant\u00f4nia Sueli da Silva Gomes<\/td>\n<td style=\"width: 33.285%;height: 76px\">\n<p style=\"text-align: justify\"><a href=\"https:\/\/portal.uern.br\/patu\/dlv\/wp-content\/uploads\/sites\/4\/2024\/05\/SUELY-ESTEVAM-DA-SILVA.pdf\">OS DESAFIOS DO ENSINO DE LITERATURA: RELATOS DE DOCENTES DO ENSINO M\u00c9DIO.<\/a><\/p>\n<\/td>\n<\/tr>\n<tr style=\"height: 52px\">\n<td style=\"width: 32.4148%;text-align: center;height: 52px\">Th\u00e2mara Soares de Moura<\/td>\n<td style=\"width: 34.1552%;height: 52px;text-align: center\">Prof\u00aa. Dra. Luciana Fernandes Nery<\/td>\n<td style=\"width: 33.285%;height: 52px;text-align: justify\"><a href=\"https:\/\/portal.uern.br\/patu\/dlv\/wp-content\/uploads\/sites\/4\/2024\/05\/THAMARA-SOARES-DE-MOURA.pdf\">INSTAGRAM E TRANSTORNO DE ANSIEDADE: AS PR\u00c1TICAS DE GOVERNAMENTALIDADE E A MEDICALIZA\u00c7\u00c3O PARA O CORPO ANSIOSO.<\/a><\/td>\n<\/tr>\n<tr style=\"height: 48px\">\n<td style=\"width: 32.4148%;text-align: center;height: 48px\">Wellerson Batista de Lima<\/td>\n<td style=\"width: 34.1552%;text-align: center;height: 48px\">Prof\u00aa. Dra. Annie Tarsis Morais Figueiredo<\/td>\n<td style=\"width: 33.285%;height: 48px;text-align: justify\"><a href=\"https:\/\/portal.uern.br\/patu\/dlv\/wp-content\/uploads\/sites\/4\/2024\/05\/WELLERSON-BATISTA-DE-LIMA.pdf\">A POT\u00caNCIA DA VOZ SUBALTERNIZADA NOS DI\u00c1RIOS DE BETTY: UMA ESCUTA DISTINTA DA CR\u00d4NICA DA CASA ASSASSINADA, DE L\u00daCIO CARDOSO.<\/a><\/td>\n<\/tr>\n<\/tbody>\n<\/table>\n<p>&nbsp;<\/p>\n<p>&nbsp;<\/p>\n","protected":false},"excerpt":{"rendered":"<p>MONOGRAFIAS \u2013 ANO 2018 AUTOR(A) ORIENTADOR(A) MONOGRAFIA Ana Cristina de Moura Prof\u00aa. Ma. Francisca Lailsa Ribeiro Pinto O ESPA\u00c7O, A VIOL\u00caNCIA E O SIL\u00caNCIO DAS MULHERES NEGRAS, EM OLHOS D\u2019\u00c1GUA, DE CONCEI\u00c7\u00c3O EVARISTO. \u00c2ngela Maria da Silva Prof. Me. Leandro Rodrigues Torres A CONSCI\u00caNCIA DE CLASSE DO PERSONAGEM JOS\u00c9 CORDEIRO NA OBRA CACAU DE JORGE [&hellip;]<\/p>\n","protected":false},"author":9,"featured_media":0,"parent":0,"menu_order":0,"comment_status":"closed","ping_status":"closed","template":"","meta":{"footnotes":""},"class_list":["post-1150","page","type-page","status-publish","hentry"],"_links":{"self":[{"href":"https:\/\/portal.uern.br\/patu\/dlv\/wp-json\/wp\/v2\/pages\/1150","targetHints":{"allow":["GET"]}}],"collection":[{"href":"https:\/\/portal.uern.br\/patu\/dlv\/wp-json\/wp\/v2\/pages"}],"about":[{"href":"https:\/\/portal.uern.br\/patu\/dlv\/wp-json\/wp\/v2\/types\/page"}],"author":[{"embeddable":true,"href":"https:\/\/portal.uern.br\/patu\/dlv\/wp-json\/wp\/v2\/users\/9"}],"replies":[{"embeddable":true,"href":"https:\/\/portal.uern.br\/patu\/dlv\/wp-json\/wp\/v2\/comments?post=1150"}],"version-history":[{"count":25,"href":"https:\/\/portal.uern.br\/patu\/dlv\/wp-json\/wp\/v2\/pages\/1150\/revisions"}],"predecessor-version":[{"id":1153,"href":"https:\/\/portal.uern.br\/patu\/dlv\/wp-json\/wp\/v2\/pages\/1150\/revisions\/1153"}],"wp:attachment":[{"href":"https:\/\/portal.uern.br\/patu\/dlv\/wp-json\/wp\/v2\/media?parent=1150"}],"curies":[{"name":"wp","href":"https:\/\/api.w.org\/{rel}","templated":true}]}}