{"id":1123,"date":"2024-04-24T09:22:00","date_gmt":"2024-04-24T12:22:00","guid":{"rendered":"https:\/\/portal.uern.br\/patu\/dlv\/?page_id=1123"},"modified":"2024-05-09T09:59:52","modified_gmt":"2024-05-09T12:59:52","slug":"tcc-2017","status":"publish","type":"page","link":"https:\/\/portal.uern.br\/patu\/dlv\/tcc-2017\/","title":{"rendered":"TCC 2017"},"content":{"rendered":"<table style=\"border-collapse: collapse;width: 100%;height: 1585px\">\n<tbody>\n<tr style=\"height: 24px\">\n<td style=\"width: 99.855%;text-align: center;height: 24px\" colspan=\"3\"><strong>MONOGRAFIAS \u2013 ANO 2017<\/strong><\/td>\n<\/tr>\n<tr style=\"height: 24px\">\n<td style=\"width: 32.4148%;text-align: center;height: 24px\"><strong>AUTOR(A)<\/strong><\/td>\n<td style=\"width: 34.1552%;text-align: center;height: 24px\"><strong>ORIENTADOR(A)<\/strong><\/td>\n<td style=\"width: 33.285%;text-align: center;height: 24px\"><strong>MONOGRAFIA<\/strong><\/td>\n<\/tr>\n<tr style=\"height: 48px\">\n<td style=\"width: 32.4148%;text-align: center;height: 48px\">Adna Chirly Mariano de Paiva<\/td>\n<td style=\"width: 34.1552%;text-align: center;height: 48px\">Prof\u00aa Dra. Luciana Fernandes Nery<\/td>\n<td style=\"width: 33.285%;text-align: justify;height: 48px\"><a href=\"https:\/\/portal.uern.br\/patu\/dlv\/wp-content\/uploads\/sites\/4\/2024\/05\/ADNA-CHIRLY-MARIANO-DE-PAIVA.pdf\">A CONSTITUI\u00c7\u00c3O DA IDENTIDADE DOCENTE NA M\u00cdDIA: UM ESTUDO DA P\u00c1GINA \u201cENQUANTO ISSO, NA SALA DOS PROFESSORES\u201d DO FACEBOOK.<\/a><\/td>\n<\/tr>\n<tr style=\"height: 72px\">\n<td style=\"width: 32.4148%;text-align: center;height: 72px\">Alany Dantas da Silva<\/td>\n<td style=\"width: 34.1552%;text-align: center;height: 72px\">Prof\u00aa. Dra. Maria do Socorro dos Santos<\/td>\n<td style=\"width: 33.285%;text-align: justify;height: 72px\"><a href=\"https:\/\/portal.uern.br\/patu\/dlv\/wp-content\/uploads\/sites\/4\/2024\/05\/ALANY-DANTAS-DA-SILVA.pdf\">KAB\u00c1 DAREBU E AMAZONAS NO CORA\u00c7\u00c3O ENCANTADO DA FLORESTA: UMA PROPOSTA PEDAG\u00d3GICA DE TRABALHO COM A LITERATURA IND\u00cdGENA.<\/a><\/td>\n<\/tr>\n<tr style=\"height: 24px\">\n<td style=\"width: 32.4148%;text-align: center;height: 33px\">Alina F\u00e9lix de Oliveira<\/td>\n<td style=\"width: 34.1552%;text-align: center;height: 33px\">Prof\u00aa. Dra. Larissa Cristina Viana Lopes<\/td>\n<td style=\"width: 33.285%;text-align: justify;height: 33px\"><a href=\"https:\/\/portal.uern.br\/patu\/dlv\/wp-content\/uploads\/sites\/4\/2024\/05\/ALINA-FELIX-DE-OLIVEIRA.pdf\">O PERFIL FEMININO DA PERSONAGEM ANELISE EM AS PARCEIRAS, DE LYA LUFT.<\/a><\/td>\n<\/tr>\n<tr style=\"height: 48px\">\n<td style=\"width: 32.4148%;text-align: center;height: 48px\">Anamaria Tavares Arag\u00e3o<\/td>\n<td style=\"width: 34.1552%;text-align: center;height: 48px\">Prof\u00aa. Dra. Annie Tarsis Morais Figueiredo<\/td>\n<td style=\"width: 33.285%;text-align: justify;height: 48px\"><a href=\"https:\/\/portal.uern.br\/patu\/dlv\/wp-content\/uploads\/sites\/4\/2024\/05\/ANAMARIA-TAVARES-ARAGAO.pdf\">A INTERFACE LITERATURA E EROTISMO COMO PROPOSTA DID\u00c1TICOPEDAG\u00d3GICA.<\/a><\/td>\n<\/tr>\n<tr style=\"height: 24px\">\n<td style=\"width: 32.4148%;text-align: center;height: 24px\">Anne Caroline Pereira Dantas<\/td>\n<td style=\"width: 34.1552%;text-align: center;height: 24px\">Prof\u00aa. Dra. Annie Tarsis Morais Figueiredo<\/td>\n<td style=\"width: 33.285%;height: 24px\"><a href=\"https:\/\/portal.uern.br\/patu\/dlv\/wp-content\/uploads\/sites\/4\/2024\/05\/Anne-Caroline-Pereira-Dantas.pdf\">AS VOZES DE CAPITU QUE ADV\u00caM DO OUTRO.<\/a><\/td>\n<\/tr>\n<tr style=\"height: 24px\">\n<td style=\"width: 32.4148%;text-align: center;height: 30px\">D\u00e9bora Caroline Pereira Silva<\/td>\n<td style=\"width: 34.1552%;text-align: center;height: 30px\">Prof\u00aa. Dra. Maria Leidiana Alves<\/td>\n<td style=\"width: 33.285%;height: 30px;text-align: justify\"><a href=\"https:\/\/portal.uern.br\/patu\/dlv\/wp-content\/uploads\/sites\/4\/2024\/05\/Debora-Caroline-Pereira-Silva.pdf\">A IDENTIDADE DA MULHER NA M\u00cdDIA DIGITAL: UMA AN\u00c1LISE DISCURSIVA DA P\u00c1GINA \u201cMO\u00c7A, VOC\u00ca \u00c9 MACHISTA\u201d.<\/a><\/td>\n<\/tr>\n<tr style=\"height: 24px\">\n<td style=\"width: 32.4148%;text-align: center;height: 10px\">Denise Felix de Lima<\/td>\n<td style=\"width: 34.1552%;text-align: center;height: 10px\">Prof\u00aa. Dra. Cla\u00fadia Maria Fel\u00edcio Ferreira Tom\u00e9<\/td>\n<td style=\"width: 33.285%;height: 10px\">\n<p style=\"text-align: justify\"><a href=\"https:\/\/portal.uern.br\/patu\/dlv\/wp-content\/uploads\/sites\/4\/2024\/05\/DENISE-FELIX-DE-LIMA.pdf\">SOBRE IDENTIDADE E DIFEREN\u00c7A: POR UMA COMPREENS\u00c3O DA VARIA\u00c7\u00c3O LINGU\u00cdSTICA EM CAN\u00c7\u00d5ES DE LUIZ GONZAGA.<\/a><\/p>\n<\/td>\n<\/tr>\n<tr style=\"height: 52px\">\n<td style=\"width: 32.4148%;text-align: center;height: 52px\">Erileni Cardoso de Alencar<\/td>\n<td style=\"width: 34.1552%;height: 52px;text-align: center\">Prof\u00aa. Dra. Kadygyda Lamara de Fran\u00e7a Leite<\/td>\n<td style=\"width: 33.285%;height: 52px\">\n<p style=\"text-align: justify\"><a href=\"https:\/\/portal.uern.br\/patu\/dlv\/wp-content\/uploads\/sites\/4\/2024\/05\/Erileni-Cardoso-de-Alencar.pdf\">CONCEP\u00c7\u00d5ES DE PROFESSORES ACERCA DO PROCESSO DE FORMA\u00c7\u00c3O DO LEITOR.<\/a><\/p>\n<\/td>\n<\/tr>\n<tr style=\"height: 52px\">\n<td style=\"width: 32.4148%;text-align: center;height: 52px\">Francinete Alves Ferreira<\/td>\n<td style=\"width: 34.1552%;text-align: center;height: 52px\">Prof\u00aa. Dra. Maria do Socorro dos Santos<\/td>\n<td style=\"width: 33.285%;height: 52px\">\n<p style=\"text-align: justify\"><a href=\"https:\/\/portal.uern.br\/patu\/dlv\/wp-content\/uploads\/sites\/4\/2024\/05\/Francinete-Alves-Ferreira.pdf\">LEITURA E EDUCA\u00c7\u00c3O DO CAMPO: CONCEP\u00c7\u00d5ES E PR\u00c1TICAS DOCENTES.<\/a><\/p>\n<\/td>\n<\/tr>\n<tr style=\"height: 52px\">\n<td style=\"width: 32.4148%;text-align: center;height: 52px\">Girlene Costa<\/td>\n<td style=\"width: 34.1552%;height: 52px;text-align: center\">Prof\u00aa. Dra. Maria Gorete Paulo Torres<\/td>\n<td style=\"width: 33.285%;height: 52px\">\n<p style=\"text-align: justify\"><a href=\"https:\/\/portal.uern.br\/patu\/dlv\/wp-content\/uploads\/sites\/4\/2024\/05\/GIRLENE-COSTA.pdf\">O USO DAS CHARGES NAS AULAS DE L\u00cdNGUA PORTUGUESA: CONSTRU\u00c7\u00c3O DE SENTIDOS E SENSO CR\u00cdTICO.<\/a><\/p>\n<\/td>\n<\/tr>\n<tr style=\"height: 48px\">\n<td style=\"width: 32.4148%;text-align: center;height: 48px\">Heloisa Jales Nogueira<\/td>\n<td style=\"width: 34.1552%;text-align: center;height: 48px\">Prof\u00aa. Ma. Francisca Lailsa Ribeiro Pinto<\/td>\n<td style=\"width: 33.285%;height: 48px\"><a href=\"https:\/\/portal.uern.br\/patu\/dlv\/wp-content\/uploads\/sites\/4\/2024\/05\/Heloisa-Jales-Nogueira.pdf\">O PROCESSO DE ADAPTA\u00c7\u00c3O E A REPRESENTA\u00c7\u00c3O DO ESPA\u00c7O VIOLENTO NO ROMANCE E NO FILME CIDADE DE DEUS.<\/a><\/td>\n<\/tr>\n<tr style=\"height: 48px\">\n<td style=\"width: 32.4148%;text-align: center;height: 48px\">Jacinto Belarmino dos Santos<\/td>\n<td style=\"width: 34.1552%;text-align: center;height: 48px\">Prof\u00aa. Dra. Luciana Fernandes Nery<\/td>\n<td style=\"width: 33.285%;text-align: justify;height: 48px\"><a href=\"https:\/\/portal.uern.br\/patu\/dlv\/wp-content\/uploads\/sites\/4\/2024\/05\/JACINTO-BELARMINO-DOS-SANTOS.pdf\">RELA\u00c7OES DE PODER E VONTADES DE VERDADES NOS DISCURSOS POL\u00cdTICOS EM CAPAS DA REVISTA VEJA.<\/a><\/td>\n<\/tr>\n<tr style=\"height: 24px\">\n<td style=\"width: 32.4148%;text-align: center;height: 24px\">Jo\u00e3o Eliton Rocha Dantas<\/td>\n<td style=\"width: 34.1552%;text-align: center;height: 24px\">Prof\u00aa. Dra. Maria Gorete Paulo Torres<\/td>\n<td style=\"width: 33.285%;height: 24px\"><a href=\"https:\/\/portal.uern.br\/patu\/dlv\/wp-content\/uploads\/sites\/4\/2024\/05\/Joao-Eliton-Rocha-Dantas.pdf\">O ENSINO DE GRAM\u00c1TICA: UMA PEDRA NO MEIO DO CAMINHO OU UMA PORTA ABERTA PARA O CRESCIMENTO DO SUJEITO?<\/a><\/td>\n<\/tr>\n<tr style=\"height: 76px\">\n<td style=\"width: 32.4148%;text-align: center;height: 76px\">Jonas Batista de Oliveira J\u00fanior<\/td>\n<td style=\"width: 34.1552%;text-align: center;height: 76px\">Prof\u00aa. Dra. Maria Leidiana Alves<\/td>\n<td style=\"width: 33.285%;height: 76px\">\n<p style=\"text-align: justify\"><a href=\"https:\/\/portal.uern.br\/patu\/dlv\/wp-content\/uploads\/sites\/4\/2024\/05\/JONAS-BATISTA-DE-OLIVEIRA-JUNIOR.pdf\">ARGUMENTA\u00c7\u00c3O NO DISCURSO RELIGIOSO: A CONSTRU\u00c7\u00c3O DO ETHOS NO DISCURSO DE DEFESA DO AP\u00d3STOLO PAULO.<\/a><\/p>\n<\/td>\n<\/tr>\n<tr style=\"height: 76px\">\n<td style=\"width: 32.4148%;text-align: center;height: 76px\">Jonas Nunes da Silva<\/td>\n<td style=\"width: 34.1552%;text-align: center;height: 76px\">Prof\u00aa. Dra. Maria Leidiana Alves<\/td>\n<td style=\"width: 33.285%;height: 76px\">\n<p style=\"text-align: justify\"><a href=\"https:\/\/portal.uern.br\/patu\/dlv\/wp-content\/uploads\/sites\/4\/2024\/05\/JONAS-NUNES-DA-SILVA.pdf\">O ENSINO DE GRAM\u00c1TICA NO 3\u00ba ANO DE ENSINO M\u00c9DIO: UMA VIS\u00c3O DE PROFESSOR E ALUNOS.<\/a><\/p>\n<\/td>\n<\/tr>\n<tr style=\"height: 48px\">\n<td style=\"width: 32.4148%;text-align: center;height: 48px\">J\u00f4natas Queiroga Guimar\u00e3es<\/td>\n<td style=\"width: 34.1552%;text-align: center;height: 48px\">Prof\u00aa. Dra. Ant\u00f4nia Sueli da Silva Gomes<\/td>\n<td style=\"width: 33.285%;height: 48px\"><a href=\"https:\/\/portal.uern.br\/patu\/dlv\/wp-content\/uploads\/sites\/4\/2024\/05\/JONATAS-QUEIROGA-GUIMARAES.pdf\">AS CONTRIBUI\u00c7\u00d5ES DA LINGU\u00cdSTICA PARA OS LIVROS DID\u00c1TICOS DE L\u00cdNGUA PORTUGUESA: AN\u00c1LISE E PERSPECTIVAS..<\/a><\/td>\n<\/tr>\n<tr style=\"height: 76px\">\n<td style=\"width: 32.4148%;text-align: center;height: 76px\">Luana Ferreira de Almeida<\/td>\n<td style=\"width: 34.1552%;text-align: center;height: 76px\">Prof\u00aa. Dra. Larissa Cristina Viana Lopes<\/td>\n<td style=\"width: 33.285%;height: 76px\">\n<p style=\"text-align: justify\"><a href=\"https:\/\/portal.uern.br\/patu\/dlv\/wp-content\/uploads\/sites\/4\/2024\/05\/LUANA-FERREIRA-DE-ALMEIDA.pdf\">CONCEP\u00c7\u00d5ES DISCENTES SOBRE CONTRIBUI\u00c7\u00d5ES DO ENSINO DE LITERATURA PARA A FORMA\u00c7\u00c3O DO SUJEITO.<\/a><\/p>\n<\/td>\n<\/tr>\n<tr style=\"height: 76px\">\n<td style=\"width: 32.4148%;text-align: center;height: 76px\">Lucia Cristina Alves<\/td>\n<td style=\"width: 34.1552%;text-align: center;height: 76px\">Prof\u00aa. Dra. Larissa Cristina Viana Lopes<\/td>\n<td style=\"width: 33.285%;height: 76px\">\n<p style=\"text-align: justify\"><a href=\"https:\/\/portal.uern.br\/patu\/dlv\/wp-content\/uploads\/sites\/4\/2024\/05\/Lucia-Cristina-Alves.pdf\">GABRIELA: COR E CHEIRO DE LIBERDADE.<\/a><\/p>\n<\/td>\n<\/tr>\n<tr style=\"height: 76px\">\n<td style=\"width: 32.4148%;text-align: center;height: 76px\">Maria Leane dos Santos<\/td>\n<td style=\"width: 34.1552%;text-align: center;height: 76px\">Prof\u00aa. Dra. Larissa Cristina Viana Lopes<\/td>\n<td style=\"width: 33.285%;height: 76px\">\n<p style=\"text-align: justify\"><a href=\"https:\/\/portal.uern.br\/patu\/dlv\/wp-content\/uploads\/sites\/4\/2024\/05\/Maria-Leane-dos-Santos.pdf\">O ESPA\u00c7O COMO LUGAR DE MEM\u00d3RIA EM OS SERT\u00d5ES.<\/a><\/p>\n<\/td>\n<\/tr>\n<tr style=\"height: 52px\">\n<td style=\"width: 32.4148%;text-align: center;height: 52px\">Maria do C\u00e9u de Moura<\/td>\n<td style=\"width: 34.1552%;text-align: center;height: 52px\">Prof\u00aa. Dra. Annie Tarsis Morais Figueiredo<\/td>\n<td style=\"width: 33.285%;height: 52px\">\n<p style=\"text-align: justify\"><a href=\"https:\/\/portal.uern.br\/patu\/dlv\/wp-content\/uploads\/sites\/4\/2024\/05\/Maria-do-Ceu-de-Moura.pdf\">A CONDI\u00c7\u00c3O NEGRO-BRASILEIRA NA PO\u00c9TICA DE CONCEI\u00c7\u00c3O EVARISTO.<\/a><\/p>\n<\/td>\n<\/tr>\n<tr style=\"height: 48px\">\n<td style=\"width: 32.4148%;text-align: center;height: 48px\">Maykel Gomes Bezerra<\/td>\n<td style=\"width: 34.1552%;text-align: center;height: 48px\">Prof\u00aa. Dra. Maria Leidiana Alves<\/td>\n<td style=\"width: 33.285%;height: 48px\"><a href=\"https:\/\/portal.uern.br\/patu\/dlv\/wp-content\/uploads\/sites\/4\/2024\/05\/Maykel-Gomes-Bezerra.pdf\">ESTUDO DA VARIA\u00c7\u00c3O LINGU\u00cdSTICA EM UM LIVRO DID\u00c1TICO DE L\u00cdNGUA PORTUGUESA DO ENSINO M\u00c9DIO.<\/a><\/td>\n<\/tr>\n<tr style=\"height: 76px\">\n<td style=\"width: 32.4148%;text-align: center;height: 76px\">Monica Alline Dantas Batista<\/td>\n<td style=\"width: 34.1552%;text-align: center;height: 76px\">Prof\u00aa. Dra. Maria Gorete Paulo Torres<\/td>\n<td style=\"width: 33.285%;height: 76px\">\n<p style=\"text-align: justify\"><a href=\"https:\/\/portal.uern.br\/patu\/dlv\/wp-content\/uploads\/sites\/4\/2024\/05\/Monica-Alline-Dantas-Batista.pdf\">SOBRE O ENSINO DE LITERATURA E A FORMA\u00c7\u00c3O LEITORA: O QUE DIZEM OS DISCENTES?<\/a><\/p>\n<\/td>\n<\/tr>\n<tr style=\"height: 76px\">\n<td style=\"width: 32.4148%;text-align: center;height: 76px\">Natalia Linhares Pereira<\/td>\n<td style=\"width: 34.1552%;text-align: center;height: 76px\">Prof\u00aa. Dra. Annie Tarsis Morais Figueiredo<\/td>\n<td style=\"width: 33.285%;height: 76px\">\n<p style=\"text-align: justify\"><a href=\"https:\/\/portal.uern.br\/patu\/dlv\/wp-content\/uploads\/sites\/4\/2024\/05\/NATALIA-LINHARES-PEREIRA.pdf\">O BEST-SELLER HARRY POTTER E A PEDRA FILOSOFAL COMO MEIO DE FORMA\u00c7\u00c3O DO LEITOR LITER\u00c1RIO NA ESCOLA.<\/a><\/p>\n<\/td>\n<\/tr>\n<tr style=\"height: 100px\">\n<td style=\"width: 32.4148%;text-align: center;height: 100px\">Rafaella Meliza Andrade de Lima<\/td>\n<td style=\"width: 34.1552%;text-align: center;height: 100px\">Prof\u00aa Ma. Francisca Lailsa Ribeiro Pinto<\/td>\n<td style=\"width: 33.285%;height: 100px\">\n<p style=\"text-align: justify\"><a href=\"https:\/\/portal.uern.br\/patu\/dlv\/wp-content\/uploads\/sites\/4\/2024\/05\/RAFAELLA-MELIZA-ANDRADE-DE-LIMA.pdf\">DESARQUIVANDO A HIST\u00d3RIA: MEM\u00d3RIAS DA DITADURA NA VOZ DA PERSONAGEM HELENA EM TROPICAL SOL DA LIBERDADE, DE ANA MARIA MACHADO.<\/a><\/p>\n<\/td>\n<\/tr>\n<tr style=\"height: 76px\">\n<td style=\"width: 32.4148%;text-align: center;height: 76px\">Rannya Maygia de Melo Duarte<\/td>\n<td style=\"width: 34.1552%;text-align: center;height: 76px\">Prof\u00aa. Dra. Cla\u00fadia Maria Fel\u00edcio Ferreira Tom\u00e9<\/td>\n<td style=\"width: 33.285%;height: 76px\">\n<p style=\"text-align: justify\"><a href=\"https:\/\/portal.uern.br\/patu\/dlv\/wp-content\/uploads\/sites\/4\/2024\/05\/RANNYA-MAYGIA-DE-MELO-DUARTE.pdf\">A INCLUS\u00c3O DE ALUNO SURDO: O ENSINO DA L\u00cdNGUA PORTUGUESA COMO NEGOCIA\u00c7\u00c3O.<\/a><\/p>\n<\/td>\n<\/tr>\n<tr style=\"height: 76px\">\n<td style=\"width: 32.4148%;text-align: center;height: 76px\">Thaisa Gabriella Queiroz da Costa<\/td>\n<td style=\"width: 34.1552%;text-align: center;height: 76px\">Profa. Dra. Maria do Socorro dos Santos<\/td>\n<td style=\"width: 33.285%;height: 76px\"><a href=\"https:\/\/portal.uern.br\/patu\/dlv\/wp-content\/uploads\/sites\/4\/2024\/05\/THAISA-GABRIELLA-QUEIROZ-DA-COSTA.pdf\">RELA\u00c7\u00d5ES \u00c9TNICO-RACIAIS NO PROGRAMA NOVO MAIS EDUCA\u00c7\u00c3O: UM ESTUDO EM UMA ESCOLA MUNICIPAL DE LUCR\u00c9CIA-RN.<\/a><\/td>\n<\/tr>\n<tr style=\"height: 64px\">\n<td style=\"width: 32.4148%;text-align: center;height: 64px\">Zita Holanda de Paiva<\/td>\n<td style=\"width: 34.1552%;text-align: center;height: 64px\">Prof\u00aa. Dra. Ant\u00f4nia Sueli da Silva Gomes<\/td>\n<td style=\"width: 33.285%;height: 64px\"><a href=\"https:\/\/portal.uern.br\/patu\/dlv\/wp-content\/uploads\/sites\/4\/2024\/05\/Zita-Holanda-de-Paiva.pdf\">HUMOR E REGIONALISMO: UM ESTUDO DA VARIA\u00c7\u00c3O LINGU\u00cdSTICA NA FANPAGE \u201cBODE GAIATO\u201d.<\/a><\/td>\n<\/tr>\n<\/tbody>\n<\/table>\n<p>&nbsp;<\/p>\n<p>&nbsp;<\/p>\n","protected":false},"excerpt":{"rendered":"<p>MONOGRAFIAS \u2013 ANO 2017 AUTOR(A) ORIENTADOR(A) MONOGRAFIA Adna Chirly Mariano de Paiva Prof\u00aa Dra. Luciana Fernandes Nery A CONSTITUI\u00c7\u00c3O DA IDENTIDADE DOCENTE NA M\u00cdDIA: UM ESTUDO DA P\u00c1GINA \u201cENQUANTO ISSO, NA SALA DOS PROFESSORES\u201d DO FACEBOOK. Alany Dantas da Silva Prof\u00aa. Dra. Maria do Socorro dos Santos KAB\u00c1 DAREBU E AMAZONAS NO CORA\u00c7\u00c3O ENCANTADO DA [&hellip;]<\/p>\n","protected":false},"author":9,"featured_media":0,"parent":0,"menu_order":0,"comment_status":"closed","ping_status":"closed","template":"","meta":{"footnotes":""},"class_list":["post-1123","page","type-page","status-publish","hentry"],"_links":{"self":[{"href":"https:\/\/portal.uern.br\/patu\/dlv\/wp-json\/wp\/v2\/pages\/1123","targetHints":{"allow":["GET"]}}],"collection":[{"href":"https:\/\/portal.uern.br\/patu\/dlv\/wp-json\/wp\/v2\/pages"}],"about":[{"href":"https:\/\/portal.uern.br\/patu\/dlv\/wp-json\/wp\/v2\/types\/page"}],"author":[{"embeddable":true,"href":"https:\/\/portal.uern.br\/patu\/dlv\/wp-json\/wp\/v2\/users\/9"}],"replies":[{"embeddable":true,"href":"https:\/\/portal.uern.br\/patu\/dlv\/wp-json\/wp\/v2\/comments?post=1123"}],"version-history":[{"count":33,"href":"https:\/\/portal.uern.br\/patu\/dlv\/wp-json\/wp\/v2\/pages\/1123\/revisions"}],"predecessor-version":[{"id":1127,"href":"https:\/\/portal.uern.br\/patu\/dlv\/wp-json\/wp\/v2\/pages\/1123\/revisions\/1127"}],"wp:attachment":[{"href":"https:\/\/portal.uern.br\/patu\/dlv\/wp-json\/wp\/v2\/media?parent=1123"}],"curies":[{"name":"wp","href":"https:\/\/api.w.org\/{rel}","templated":true}]}}