{"id":1023,"date":"2024-02-02T09:57:49","date_gmt":"2024-02-02T12:57:49","guid":{"rendered":"https:\/\/portal.uern.br\/patu\/dlv\/?page_id=1023"},"modified":"2024-04-30T11:23:34","modified_gmt":"2024-04-30T14:23:34","slug":"conllit","status":"publish","type":"page","link":"https:\/\/portal.uern.br\/patu\/dlv\/conllit\/","title":{"rendered":"CONLLIT"},"content":{"rendered":"<p style=\"text-align: justify\">O Congresso de Lingu\u00edstica e Literatura &#8211; CONLLIT, no \u00e2mbito do Campus Avan\u00e7ado de Patu\/RN, \u00e9 um evento regional\/nacional,\u00a0 tem sua natureza de cunho acad\u00eamico-cient\u00edfico e cultural, possui uma modelagem din\u00e2mica que prima pela excel\u00eancia acad\u00eamica, mas, potencialmente, visa integrar seus membros e a sociedade da regi\u00e3o. Os objetivos do CONLLIT est\u00e3o focados na produ\u00e7\u00e3o do conhecimento cient\u00edfico e cultural que exponham o papel da universidade nas atividades de pesquisa, ensino e extens\u00e3o. O evento re\u00fane profissionais dos setores das \u00e1reas de Letras e da Educa\u00e7\u00e3o como: pesquisadores, alunos de gradua\u00e7\u00e3o e p\u00f3s-gradua\u00e7\u00e3o, gestores educacionais e empresariais; professores da educa\u00e7\u00e3o superior e da educa\u00e7\u00e3o b\u00e1sica para um exerc\u00edcio de socializa\u00e7\u00e3o e an\u00e1lise de estudos e experi\u00eancias em suas \u00e1reas de atua\u00e7\u00e3o. Trata-se de um evento que enaltece a produ\u00e7\u00e3o do conhecimento cient\u00edfico, tendo a universidade como um dos principais<br \/>\nespa\u00e7os na realiza\u00e7\u00e3o desta atividade. Composto por confer\u00eancias, atividades culturais, minicursos, oficinas e sess\u00f5es de comunica\u00e7\u00e3o oral, contando com comiss\u00e3o cient\u00edfica da UERN. Os trabalhos (comunica\u00e7\u00f5es orais) ser\u00e3o agrupados em eixos tem\u00e1ticos que constituem os Grupos de Trabalho (GTS): estudos lingu\u00edsticos; estudos liter\u00e1rios; ensino e letramentos; ensino e tecnologias digitais e estudos interdisciplinares em \u00e1reas afins.<\/p>\n<p>Atualmente j\u00e1 foram realizadas tr\u00eas edi\u00e7\u00f5es do evento.<\/p>\n<p><img fetchpriority=\"high\" decoding=\"async\" class=\"wp-image-1026 aligncenter\" src=\"https:\/\/portal.uern.br\/patu\/dlv\/wp-content\/uploads\/sites\/4\/2024\/02\/I-CONLLIT.png\" alt=\"\" width=\"337\" height=\"291\" \/><\/p>\n<p>&nbsp;<\/p>\n<p><img decoding=\"async\" class=\"size-medium wp-image-1028 aligncenter\" src=\"https:\/\/portal.uern.br\/patu\/dlv\/wp-content\/uploads\/sites\/4\/2024\/02\/II-CONLLIT-1-300x243.png\" alt=\"\" width=\"300\" height=\"243\" srcset=\"https:\/\/portal.uern.br\/patu\/dlv\/wp-content\/uploads\/sites\/4\/2024\/02\/II-CONLLIT-1-300x243.png 300w, https:\/\/portal.uern.br\/patu\/dlv\/wp-content\/uploads\/sites\/4\/2024\/02\/II-CONLLIT-1.png 362w\" sizes=\"(max-width: 300px) 100vw, 300px\" \/><\/p>\n<p>&nbsp;<\/p>\n<p><img decoding=\"async\" class=\"wp-image-1029 aligncenter\" src=\"https:\/\/portal.uern.br\/patu\/dlv\/wp-content\/uploads\/sites\/4\/2024\/02\/III-CONLLIT.png\" alt=\"\" width=\"283\" height=\"228\" \/><\/p>\n<p>&nbsp;<\/p>\n<p><strong>Rede Social:<\/strong><\/p>\n<p><a href=\"https:\/\/www.instagram.com\/conllit?igsh=a3JlbWVjNXJtYmtj\"><img loading=\"lazy\" decoding=\"async\" class=\"alignleft  wp-image-741\" src=\"https:\/\/portal.uern.br\/patu\/dlv\/wp-content\/uploads\/sites\/4\/2023\/08\/insta.png\" alt=\"\" width=\"69\" height=\"69\" srcset=\"https:\/\/portal.uern.br\/patu\/dlv\/wp-content\/uploads\/sites\/4\/2023\/08\/insta.png 240w, https:\/\/portal.uern.br\/patu\/dlv\/wp-content\/uploads\/sites\/4\/2023\/08\/insta-150x150.png 150w\" sizes=\"(max-width: 69px) 100vw, 69px\" \/><\/a><\/p>\n","protected":false},"excerpt":{"rendered":"<p>O Congresso de Lingu\u00edstica e Literatura &#8211; CONLLIT, no \u00e2mbito do Campus Avan\u00e7ado de Patu\/RN, \u00e9 um evento regional\/nacional,\u00a0 tem sua natureza de cunho acad\u00eamico-cient\u00edfico e cultural, possui uma modelagem din\u00e2mica que prima pela excel\u00eancia acad\u00eamica, mas, potencialmente, visa integrar seus membros e a sociedade da regi\u00e3o. Os objetivos do CONLLIT est\u00e3o focados na produ\u00e7\u00e3o [&hellip;]<\/p>\n","protected":false},"author":9,"featured_media":0,"parent":0,"menu_order":0,"comment_status":"closed","ping_status":"closed","template":"","meta":{"footnotes":""},"class_list":["post-1023","page","type-page","status-publish","hentry"],"_links":{"self":[{"href":"https:\/\/portal.uern.br\/patu\/dlv\/wp-json\/wp\/v2\/pages\/1023","targetHints":{"allow":["GET"]}}],"collection":[{"href":"https:\/\/portal.uern.br\/patu\/dlv\/wp-json\/wp\/v2\/pages"}],"about":[{"href":"https:\/\/portal.uern.br\/patu\/dlv\/wp-json\/wp\/v2\/types\/page"}],"author":[{"embeddable":true,"href":"https:\/\/portal.uern.br\/patu\/dlv\/wp-json\/wp\/v2\/users\/9"}],"replies":[{"embeddable":true,"href":"https:\/\/portal.uern.br\/patu\/dlv\/wp-json\/wp\/v2\/comments?post=1023"}],"version-history":[{"count":6,"href":"https:\/\/portal.uern.br\/patu\/dlv\/wp-json\/wp\/v2\/pages\/1023\/revisions"}],"predecessor-version":[{"id":1390,"href":"https:\/\/portal.uern.br\/patu\/dlv\/wp-json\/wp\/v2\/pages\/1023\/revisions\/1390"}],"wp:attachment":[{"href":"https:\/\/portal.uern.br\/patu\/dlv\/wp-json\/wp\/v2\/media?parent=1023"}],"curies":[{"name":"wp","href":"https:\/\/api.w.org\/{rel}","templated":true}]}}