{"id":678,"date":"2023-07-19T14:57:53","date_gmt":"2023-07-19T17:57:53","guid":{"rendered":"https:\/\/portal.uern.br\/patu\/de\/?page_id=678"},"modified":"2025-07-04T10:25:11","modified_gmt":"2025-07-04T13:25:11","slug":"equipe-administrativa","status":"publish","type":"page","link":"https:\/\/portal.uern.br\/patu\/de\/equipe-administrativa\/","title":{"rendered":"Equipe Administrativa"},"content":{"rendered":"<p>O curso de Pedagogia do Campus Avan\u00e7ado de Patu (CAP) foi criado pelo Decreto Municipal n. 176\/1980, de 04 de setembro de 1980. Mas as aulas da primeira turma s\u00f3 iniciaram em maio de 1980. O curso foi fundado junto com o Campus Avan\u00e7ado de Patu e naquela \u00e9poca o munic\u00edpio contava apenas com 04 profissionais licenciados em Pedagogia, n\u00e3o ultrapassando o total de 26 licenciados em toda a \u00e1rea de abrang\u00eancia do Campus, incluindo-se os munic\u00edpios do vizinho Estado da Para\u00edba.<\/p>\n<p><strong>Gest\u00e3o Atual:<\/strong><\/p>\n<p>Profa. Dra. Francisca Edilma Braga Soares Aureliano (chefe do Departamento de Educa\u00e7\u00e3o &#8211; Portaria N\u00ba 3557\/2023-GP\/FUERN)<\/p>\n<p>Profa. Ma. Soraya Nunes dos Santos Pereira (Subchefe do Departamento de Educa\u00e7\u00e3o &#8211; Portaria N\u00ba 3558\/2023-GP\/FUERN)<\/p>\n<p>T\u00e9cnico Administrativo Glandelmar Brilhante de Souto<\/p>\n<p>T\u00e9cnica Administrativa Silvana Elizabete de Andrade<\/p>\n<p><strong>Orienta\u00e7\u00e3o Acad\u00eamica:<\/strong><\/p>\n<ul>\n<li>Professor Dr. Iure Coutre Gurgel (Portaria SEI n\u00ba 156\/2025)<\/li>\n<li>Professora Ma. Soraya Nunes dos Santos Pereira (Portaria SEI n\u00ba 333\/2023)<\/li>\n<\/ul>\n<p>&nbsp;<\/p>\n<p><strong>Comiss\u00e3o Setorial de Avalia\u00e7\u00e3o &#8211; COSE<\/strong><\/p>\n<p>Pedagogia (Portaria SEI n\u00ba 529\/2024, de 01 de outubro de 2024)<\/p>\n<ul>\n<li>Kamila Costa de Sousa &#8211; membro docente &#8211; coordenadora COSE<\/li>\n<li>Joseane Ab\u00edlio de Sousa Ferreira &#8211; membro docente<\/li>\n<li>Glandelmar Brilhante de Souto &#8211; membro t\u00e9cnico administrativo<\/li>\n<li>Flaviana Ferreira da Silva &#8211; membro discente<\/li>\n<\/ul>\n<p>&nbsp;<\/p>\n<p><strong>N\u00facleo Docente Estruturante &#8211; NDE<\/strong><\/p>\n<p>Pedagogia (Portaria SEI n\u00ba 65\/2024, de 20 de fevereiro de 2024)<\/p>\n<ul>\n<li>Joseane Ab\u00edlio de Sousa Ferreira &#8211; coordenadora do NDE<\/li>\n<li>Kamila Costa de Sousa &#8211; vice coordenadora NDE<\/li>\n<li>Francisca Edilma Braga Soares Aureliano<\/li>\n<li>Soraya Nunes dos Santos Pereira<\/li>\n<li>Andr\u00e9ia Ara\u00fajo da N\u00f3brega<\/li>\n<\/ul>\n<p>&nbsp;<\/p>\n<p><strong>Contatos:<\/strong><br \/>\nE-mail: <a href=\"mailto:dcc_patu@uern.br\">de_patu@uern.br<\/a><br \/>\nEndere\u00e7o: Av. Lauro Maia, s\/n \u2013 Esta\u00e7\u00e3o \u2013 Patu\/RN \u2013 59770-000<\/p>\n","protected":false},"excerpt":{"rendered":"<p>O curso de Pedagogia do Campus Avan\u00e7ado de Patu (CAP) foi criado pelo Decreto Municipal n. 176\/1980, de 04 de setembro de 1980. Mas as aulas da primeira turma s\u00f3 iniciaram em maio de 1980. O curso foi fundado junto com o Campus Avan\u00e7ado de Patu e naquela \u00e9poca o munic\u00edpio contava apenas com 04 [&hellip;]<\/p>\n","protected":false},"author":8,"featured_media":0,"parent":0,"menu_order":0,"comment_status":"closed","ping_status":"closed","template":"","meta":{"footnotes":""},"class_list":["post-678","page","type-page","status-publish","hentry"],"_links":{"self":[{"href":"https:\/\/portal.uern.br\/patu\/de\/wp-json\/wp\/v2\/pages\/678","targetHints":{"allow":["GET"]}}],"collection":[{"href":"https:\/\/portal.uern.br\/patu\/de\/wp-json\/wp\/v2\/pages"}],"about":[{"href":"https:\/\/portal.uern.br\/patu\/de\/wp-json\/wp\/v2\/types\/page"}],"author":[{"embeddable":true,"href":"https:\/\/portal.uern.br\/patu\/de\/wp-json\/wp\/v2\/users\/8"}],"replies":[{"embeddable":true,"href":"https:\/\/portal.uern.br\/patu\/de\/wp-json\/wp\/v2\/comments?post=678"}],"version-history":[{"count":14,"href":"https:\/\/portal.uern.br\/patu\/de\/wp-json\/wp\/v2\/pages\/678\/revisions"}],"predecessor-version":[{"id":983,"href":"https:\/\/portal.uern.br\/patu\/de\/wp-json\/wp\/v2\/pages\/678\/revisions\/983"}],"wp:attachment":[{"href":"https:\/\/portal.uern.br\/patu\/de\/wp-json\/wp\/v2\/media?parent=678"}],"curies":[{"name":"wp","href":"https:\/\/api.w.org\/{rel}","templated":true}]}}