{"id":667,"date":"2023-07-18T20:18:08","date_gmt":"2023-07-18T23:18:08","guid":{"rendered":"https:\/\/portal.uern.br\/patu\/de\/?page_id=667"},"modified":"2023-07-18T20:29:18","modified_gmt":"2023-07-18T23:29:18","slug":"nucleos-de-estudos","status":"publish","type":"page","link":"https:\/\/portal.uern.br\/patu\/de\/nucleos-de-estudos\/","title":{"rendered":"Organiza\u00e7\u00e3o Curricular"},"content":{"rendered":"<p class=\"western\" lang=\"pt-PT\" align=\"justify\"><span style=\"font-size: 12pt\">A estrutura curricular do Curso de Pedagogia do Campus Avan\u00e7ado de Patu ir\u00e1 propiciar uma forma\u00e7\u00e3o mais din\u00e2mica para o aluno e ao mesmo tempo, mais<\/span><\/p>\n<p class=\"western\" lang=\"pt-PT\" align=\"justify\"><span style=\"font-size: 12pt\">pr\u00f3xima do estudo dos fen\u00f4menos que constituem a realidade educacional. Esta estrutura est\u00e1 organizada atrav\u00e9s de Eixos Formativos e de N\u00facleos de Estudos, cuja compreens\u00e3o imp\u00f5e \u00e0 forma\u00e7\u00e3o um processo de constante conex\u00e3o e dinamicidade entre as diversas atividades curriculares e os componentes curriculares.<\/span><\/p>\n<p lang=\"pt-PT\" align=\"justify\">Apresentamos, a seguir, o quadro que especifica a organiza\u00e7\u00e3o curricular do curso de acordo com as Diretrizes Curriculares Nacionais para o Curso de Pedagogia (BRASIL, 2006) e a BNC-Forma\u00e7\u00e3o (BRASIL, 2019).<\/p>\n<table style=\"width: 96.1695%;height: 878px\" width=\"677\" cellspacing=\"0\" cellpadding=\"0\">\n<tbody>\n<tr style=\"height: 92px\" valign=\"top\">\n<td style=\"background: #e5e5e5;text-align: center;width: 20.649%;height: 92px\" bgcolor=\"#e5e5e5\" width=\"139\" height=\"29\">\n<p lang=\"pt-PT\" align=\"center\"><span style=\"font-size: small\"><b>N\u00daCLEOS<\/b><b> <\/b><b>DE<\/b><\/span><\/p>\n<p lang=\"pt-PT\" align=\"center\"><span style=\"font-size: small\"><b>ESTUDOS<\/b><\/span><\/p>\n<\/td>\n<td style=\"background: #e5e5e5;text-align: center;width: 24.4838%;height: 92px\" bgcolor=\"#e5e5e5\" width=\"166\">\n<p lang=\"pt-PT\"><span style=\"font-size: small\"><b>ABRANG\u00caNCIA<\/b><\/span><\/p>\n<\/td>\n<td style=\"background: #e5e5e5;text-align: center;width: 36.4307%;height: 92px\" bgcolor=\"#e5e5e5\" width=\"250\">\n<p lang=\"pt-PT\"><span style=\"font-size: small\"><b>COMPOSI\u00c7\u00c3O<\/b><\/span><\/p>\n<\/td>\n<td style=\"background: #e5e5e5;text-align: center;width: 9.29204%;height: 92px\" bgcolor=\"#e5e5e5\" width=\"62\">\n<p lang=\"pt-PT\"><span style=\"font-size: small\"><b>C\/H<\/b><\/span><\/p>\n<\/td>\n<td style=\"background: #e5e5e5;text-align: center;width: 37.8628%;height: 92px\" bgcolor=\"#e5e5e5\" width=\"58\">\n<p lang=\"pt-PT\" align=\"center\"><span style=\"font-size: small\"><b>%<\/b><\/span><\/p>\n<\/td>\n<\/tr>\n<tr style=\"height: 216px\" valign=\"top\">\n<td style=\"width: 20.649%;height: 216px\" width=\"139\" height=\"176\">\n<p lang=\"pt-PT\" align=\"center\"><span style=\"font-size: small\"><b>Estudos<\/b><b> <\/b><b>B\u00e1sicos<\/b><\/span><\/p>\n<\/td>\n<td style=\"width: 24.4838%;height: 216px\" width=\"166\">\n<p lang=\"pt-PT\" align=\"justify\"><span style=\"font-size: small\">Dirigido ao estudo da atua\u00e7\u00e3o profissional e da multiculturalidade da sociedade brasileira, atrav\u00e9s da literatura especializada, da reflex\u00e3o e de a\u00e7\u00f5es cr\u00edticas.<\/span><\/p>\n<\/td>\n<td style=\"width: 36.4307%;height: 216px\" width=\"250\">\n<ul>\n<li>\n<p lang=\"pt-PT\"><span style=\"font-size: small\">Componentes Introdut\u00f3rias<\/span><\/p>\n<\/li>\n<li>\n<p lang=\"pt-PT\"><span style=\"font-size: small\">Componentes de Fundamentos<\/span><\/p>\n<\/li>\n<li>\n<p lang=\"pt-PT\"><span style=\"font-size: small\">Componentes de Especializa\u00e7\u00e3o<\/span><\/p>\n<\/li>\n<li>\n<p lang=\"pt-PT\"><span style=\"font-size: small\">Componente de Aplica\u00e7\u00e3o Tecnol\u00f3gica<\/span><\/p>\n<\/li>\n<li>\n<p lang=\"pt-PT\"><span style=\"font-size: small\">Unidades Curriculares de Extens\u00e3o<\/span><\/p>\n<\/li>\n<\/ul>\n<\/td>\n<td style=\"width: 9.29204%;height: 216px\" width=\"62\">\n<p lang=\"pt-PT\"><span style=\"font-size: small\">\u00a0 \u00a0 \u00a0 \u00a0 \u00a0 \u00a0165<\/span><\/p>\n<p lang=\"pt-PT\" align=\"right\"><span style=\"font-size: small\">660<\/span><\/p>\n<p lang=\"pt-PT\" align=\"right\"><span style=\"font-size: small\">1.200<\/span><\/p>\n<p lang=\"pt-PT\" align=\"right\"><span style=\"font-size: small\">60<\/span><\/p>\n<p lang=\"pt-PT\" align=\"right\"><span style=\"font-size: small\">360<\/span><\/p>\n<\/td>\n<td style=\"width: 37.8628%;height: 216px\" width=\"58\">\n<p lang=\"pt-PT\" align=\"right\"><span style=\"font-size: small\">4,66<\/span><\/p>\n<p lang=\"pt-PT\" align=\"right\"><span style=\"font-size: small\">18,64<\/span><\/p>\n<p lang=\"pt-PT\" align=\"right\"><span style=\"font-size: small\">33,90<\/span><\/p>\n<p lang=\"pt-PT\" align=\"right\"><span style=\"font-size: small\">1,69<\/span><\/p>\n<p lang=\"pt-PT\" align=\"right\"><span style=\"font-size: small\">10,17<\/span><\/p>\n<\/td>\n<\/tr>\n<tr style=\"height: 49px\" valign=\"top\">\n<td style=\"width: 20.649%;height: 49px\" width=\"139\" height=\"27\"><\/td>\n<td style=\"width: 24.4838%;height: 49px\" width=\"166\"><\/td>\n<td style=\"width: 36.4307%;height: 49px\" width=\"250\">\n<p lang=\"pt-PT\" align=\"right\"><span style=\"font-size: small\"><b>SUB-TOTAL<\/b><\/span><\/p>\n<\/td>\n<td style=\"width: 9.29204%;height: 49px\" width=\"62\">\n<p lang=\"pt-PT\"><span style=\"font-size: small\"><b>2.445<\/b><\/span><\/p>\n<\/td>\n<td style=\"width: 37.8628%;height: 49px\" width=\"58\">\n<p lang=\"pt-PT\" align=\"right\"><span style=\"font-size: small\"><b>69,06<\/b><\/span><\/p>\n<\/td>\n<\/tr>\n<tr style=\"height: 252px\" valign=\"top\">\n<td style=\"width: 20.649%;height: 252px\" width=\"139\" height=\"201\">\n<p lang=\"pt-PT\" align=\"center\"><span style=\"font-size: small\"><b>Aprofundamento<\/b><b> <\/b><b>e<\/b><\/span><\/p>\n<p lang=\"pt-PT\" align=\"center\"><span style=\"font-size: small\"><b>Diversifica\u00e7\u00e3o de<\/b><b> <\/b><b>Estudos<\/b><\/span><\/p>\n<\/td>\n<td style=\"width: 24.4838%;height: 252px\" width=\"166\">\n<p class=\"western\" lang=\"pt-PT\" align=\"justify\"><span style=\"font-size: small\">Destinado \u00e0s \u00e1reas<\/span><\/p>\n<p class=\"western\" lang=\"pt-PT\" align=\"justify\"><span style=\"font-size: small\">de Aprofundamento profissional estabelecidas na proposta enriquecimento da pr\u00e1tica pedag\u00f3gica.<\/span><\/p>\n<\/td>\n<td style=\"width: 36.4307%;height: 252px\" width=\"250\">\n<p lang=\"pt-PT\"><span style=\"font-size: small\">&#8211; Componentes de Est\u00e1gio<\/span><\/p>\n<p lang=\"pt-PT\"><span style=\"font-size: small\">&#8211; Componentes de Aprofundamentos.<\/span><\/p>\n<p lang=\"pt-PT\"><span style=\"font-size: small\">&#8211; Componentes Optativos<\/span><\/p>\n<p lang=\"pt-PT\"><span style=\"font-size: small\">&#8211; Pr\u00e1ticas Pedag\u00f3gicas Programadas<\/span><\/p>\n<p lang=\"pt-PT\"><span style=\"font-size: small\">&#8211; TCC<\/span><\/p>\n<p lang=\"pt-PT\"><span style=\"font-size: small\">&#8211; Laborat\u00f3rio de TCC<\/span><\/p>\n<\/td>\n<td style=\"width: 9.29204%;height: 252px\" width=\"62\">\n<p lang=\"pt-PT\" align=\"center\"><span style=\"font-size: small\">405<\/span><\/p>\n<p lang=\"pt-PT\" align=\"center\"><span style=\"font-size: small\">120<\/span><\/p>\n<p lang=\"pt-PT\" align=\"center\"><span style=\"font-size: small\">120<\/span><\/p>\n<p lang=\"pt-PT\" align=\"center\"><span style=\"font-size: small\">135<\/span><\/p>\n<p lang=\"pt-PT\" align=\"center\"><span style=\"font-size: small\">75<\/span><\/p>\n<p lang=\"pt-PT\" align=\"center\"><span style=\"font-size: small\">45<\/span><\/p>\n<\/td>\n<td style=\"width: 37.8628%;height: 252px\" width=\"58\">\n<p lang=\"pt-PT\" align=\"center\"><span style=\"font-size: small\">11,00<\/span><\/p>\n<p lang=\"pt-PT\"><span style=\"font-size: small\">\u00a0 \u00a0 \u00a03,39<\/span><\/p>\n<p lang=\"pt-PT\"><span style=\"font-size: small\">\u00a0 \u00a0 \u00a03,39<\/span><\/p>\n<p lang=\"pt-PT\"><span style=\"font-size: small\">\u00a0 \u00a0 \u00a03,81<\/span><\/p>\n<p lang=\"pt-PT\"><span style=\"font-size: small\">\u00a0 \u00a0 \u00a02,12<\/span><\/p>\n<p lang=\"pt-PT\"><span style=\"font-size: small\">\u00a0 \u00a0 \u00a01,27<\/span><\/p>\n<\/td>\n<\/tr>\n<tr style=\"height: 52px\" valign=\"top\">\n<td style=\"width: 20.649%;height: 52px\" width=\"139\" height=\"27\"><\/td>\n<td style=\"width: 24.4838%;height: 52px\" width=\"166\"><\/td>\n<td style=\"width: 36.4307%;height: 52px\" width=\"250\">\n<p lang=\"pt-PT\" align=\"right\"><span style=\"font-size: small\"><b>SUB-TOTAL<\/b><\/span><\/p>\n<\/td>\n<td style=\"width: 9.29204%;height: 52px\" width=\"62\">\n<p lang=\"pt-PT\"><span style=\"font-size: small\"><b>900<\/b><\/span><\/p>\n<\/td>\n<td style=\"width: 37.8628%;height: 52px\" width=\"58\">\n<p lang=\"pt-PT\"><span style=\"font-size: small\"><b>25,49<\/b><\/span><\/p>\n<\/td>\n<\/tr>\n<tr style=\"height: 92px\" valign=\"top\">\n<td style=\"width: 20.649%;height: 92px\" width=\"139\" height=\"50\">\n<p lang=\"pt-PT\" align=\"center\"><span style=\"font-size: small\"><b>Integradores<\/b><\/span><\/p>\n<\/td>\n<td style=\"width: 24.4838%;height: 92px\" width=\"166\">\n<p class=\"western\" lang=\"pt-PT\"><span style=\"font-size: small\">Voltado a favorecer<\/span><\/p>\n<p class=\"western\" lang=\"pt-PT\"><span style=\"font-size: small\">enriquecimento curricular.<\/span><\/p>\n<\/td>\n<td style=\"width: 36.4307%;height: 92px\" width=\"250\">\n<p lang=\"pt-PT\" align=\"justify\"><span style=\"font-size: small\">Participa\u00e7\u00e3o orientada em atividades que envolvem o Ensino e Pesquisa.<\/span><\/p>\n<\/td>\n<td style=\"width: 9.29204%;height: 92px\" width=\"62\">\n<p lang=\"pt-PT\"><span style=\"font-size: small\">195<\/span><\/p>\n<\/td>\n<td style=\"width: 37.8628%;height: 92px\" width=\"58\">\n<p lang=\"pt-PT\"><span style=\"font-size: small\">5<\/span><\/p>\n<\/td>\n<\/tr>\n<tr style=\"height: 52px\" valign=\"top\">\n<td style=\"width: 20.649%;height: 52px\" width=\"139\" height=\"15\"><\/td>\n<td style=\"width: 24.4838%;height: 52px\" width=\"166\"><\/td>\n<td style=\"width: 36.4307%;height: 52px\" width=\"250\">\n<p lang=\"pt-PT\" align=\"right\"><span style=\"font-size: small\"><b>SUB-TOTAL<\/b><\/span><\/p>\n<\/td>\n<td style=\"width: 9.29204%;height: 52px\" width=\"62\">\n<p lang=\"pt-PT\"><span style=\"font-size: small\"><b>195<\/b><\/span><\/p>\n<\/td>\n<td style=\"width: 37.8628%;height: 52px\" width=\"58\">\n<p lang=\"pt-PT\"><span style=\"font-size: small\"><b>5<\/b><\/span><\/p>\n<\/td>\n<\/tr>\n<tr style=\"height: 52px\" valign=\"top\">\n<td style=\"width: 20.649%;height: 52px\" width=\"139\" height=\"41\"><\/td>\n<td style=\"width: 24.4838%;height: 52px\" width=\"166\"><\/td>\n<td style=\"width: 36.4307%;height: 52px\" width=\"250\">\n<p lang=\"pt-PT\" align=\"right\"><span style=\"font-size: small\"><b>TOTAL<\/b><\/span><\/p>\n<\/td>\n<td style=\"width: 9.29204%;height: 52px\" width=\"62\">\n<p lang=\"pt-PT\"><span style=\"font-size: small\"><b>3.540<\/b><\/span><\/p>\n<\/td>\n<td style=\"width: 37.8628%;height: 52px\" width=\"58\">\n<p lang=\"pt-PT\"><span style=\"font-size: small\"><b>100,00<\/b><\/span><\/p>\n<\/td>\n<\/tr>\n<\/tbody>\n<\/table>\n","protected":false},"excerpt":{"rendered":"<p>A estrutura curricular do Curso de Pedagogia do Campus Avan\u00e7ado de Patu ir\u00e1 propiciar uma forma\u00e7\u00e3o mais din\u00e2mica para o aluno e ao mesmo tempo, mais pr\u00f3xima do estudo dos fen\u00f4menos que constituem a realidade educacional. Esta estrutura est\u00e1 organizada atrav\u00e9s de Eixos Formativos e de N\u00facleos de Estudos, cuja compreens\u00e3o imp\u00f5e \u00e0 forma\u00e7\u00e3o um [&hellip;]<\/p>\n","protected":false},"author":8,"featured_media":0,"parent":0,"menu_order":0,"comment_status":"closed","ping_status":"closed","template":"","meta":{"footnotes":""},"class_list":["post-667","page","type-page","status-publish","hentry"],"_links":{"self":[{"href":"https:\/\/portal.uern.br\/patu\/de\/wp-json\/wp\/v2\/pages\/667","targetHints":{"allow":["GET"]}}],"collection":[{"href":"https:\/\/portal.uern.br\/patu\/de\/wp-json\/wp\/v2\/pages"}],"about":[{"href":"https:\/\/portal.uern.br\/patu\/de\/wp-json\/wp\/v2\/types\/page"}],"author":[{"embeddable":true,"href":"https:\/\/portal.uern.br\/patu\/de\/wp-json\/wp\/v2\/users\/8"}],"replies":[{"embeddable":true,"href":"https:\/\/portal.uern.br\/patu\/de\/wp-json\/wp\/v2\/comments?post=667"}],"version-history":[{"count":8,"href":"https:\/\/portal.uern.br\/patu\/de\/wp-json\/wp\/v2\/pages\/667\/revisions"}],"predecessor-version":[{"id":676,"href":"https:\/\/portal.uern.br\/patu\/de\/wp-json\/wp\/v2\/pages\/667\/revisions\/676"}],"wp:attachment":[{"href":"https:\/\/portal.uern.br\/patu\/de\/wp-json\/wp\/v2\/media?parent=667"}],"curies":[{"name":"wp","href":"https:\/\/api.w.org\/{rel}","templated":true}]}}