{"id":647,"date":"2023-07-11T10:04:28","date_gmt":"2023-07-11T13:04:28","guid":{"rendered":"https:\/\/portal.uern.br\/patu\/de\/?page_id=647"},"modified":"2024-01-23T11:37:50","modified_gmt":"2024-01-23T14:37:50","slug":"corpo-tecnico-administrativo","status":"publish","type":"page","link":"https:\/\/portal.uern.br\/patu\/de\/corpo-tecnico-administrativo\/","title":{"rendered":"Corpo T\u00e9cnico Administrativo"},"content":{"rendered":"<p><strong>Corpo T\u00e9cnico Administrativo<\/strong><\/p>\n<table style=\"border-collapse: collapse;width: 100%;height: 24px\">\n<tbody>\n<tr style=\"height: 24px\">\n<td style=\"width: 16.5193%;height: 24px;text-align: center\"><strong>Nome<\/strong><\/td>\n<td style=\"width: 20.2248%;height: 24px;text-align: center\"><strong>Qualifica\u00e7\u00e3o Profissional<\/strong><\/td>\n<td style=\"width: 28.2016%;text-align: center\"><strong>Cargo e Fun\u00e7\u00e3o<\/strong><\/td>\n<td style=\"width: 8.75999%;height: 24px;text-align: center\"><strong>Titula\u00e7\u00e3o<\/strong><\/td>\n<td style=\"width: 12.8209%;height: 24px;text-align: center\"><strong>Regime de Trabalho<\/strong><\/td>\n<td style=\"width: 13.4735%;height: 24px;text-align: center\"><strong>E-mail institucional<\/strong><\/td>\n<\/tr>\n<tr>\n<td style=\"width: 16.5193%\">Glandelmar Brilhante de Souto<\/td>\n<td style=\"width: 20.2248%\">Licenciatura em Matem\u00e1tica<\/td>\n<td style=\"width: 28.2016%\">TNM &#8211; Agente T\u00e9cnico Administrativo (Secret\u00e1rio)<\/td>\n<td style=\"width: 8.75999%\">Especialista<\/td>\n<td style=\"width: 12.8209%\">30 horas<\/td>\n<td style=\"width: 13.4735%\">glandelmarsouto@uern.br<\/td>\n<\/tr>\n<tr>\n<td style=\"width: 16.5193%\">Silvana Elizabete de Andrade<\/td>\n<td style=\"width: 20.2248%\">Licenciatura em L\u00edngua Portuguesa e Bacharelado em Ci\u00eancias Cont\u00e1beis<\/td>\n<td style=\"width: 28.2016%\">TNM &#8211; Agente T\u00e9cnico Administrativo &#8211; Auxiliar Administrativo<\/td>\n<td style=\"width: 8.75999%\">Mestra<\/td>\n<td style=\"width: 12.8209%\">30 horas<\/td>\n<td style=\"width: 13.4735%\">silvanaelizabete@uern.br<\/td>\n<\/tr>\n<\/tbody>\n<\/table>\n","protected":false},"excerpt":{"rendered":"<p>Corpo T\u00e9cnico Administrativo Nome Qualifica\u00e7\u00e3o Profissional Cargo e Fun\u00e7\u00e3o Titula\u00e7\u00e3o Regime de Trabalho E-mail institucional Glandelmar Brilhante de Souto Licenciatura em Matem\u00e1tica TNM &#8211; Agente T\u00e9cnico Administrativo (Secret\u00e1rio) Especialista 30 horas glandelmarsouto@uern.br Silvana Elizabete de Andrade Licenciatura em L\u00edngua Portuguesa e Bacharelado em Ci\u00eancias Cont\u00e1beis TNM &#8211; Agente T\u00e9cnico Administrativo &#8211; Auxiliar Administrativo Mestra 30 [&hellip;]<\/p>\n","protected":false},"author":8,"featured_media":0,"parent":0,"menu_order":0,"comment_status":"closed","ping_status":"closed","template":"","meta":{"footnotes":""},"class_list":["post-647","page","type-page","status-publish","hentry"],"_links":{"self":[{"href":"https:\/\/portal.uern.br\/patu\/de\/wp-json\/wp\/v2\/pages\/647","targetHints":{"allow":["GET"]}}],"collection":[{"href":"https:\/\/portal.uern.br\/patu\/de\/wp-json\/wp\/v2\/pages"}],"about":[{"href":"https:\/\/portal.uern.br\/patu\/de\/wp-json\/wp\/v2\/types\/page"}],"author":[{"embeddable":true,"href":"https:\/\/portal.uern.br\/patu\/de\/wp-json\/wp\/v2\/users\/8"}],"replies":[{"embeddable":true,"href":"https:\/\/portal.uern.br\/patu\/de\/wp-json\/wp\/v2\/comments?post=647"}],"version-history":[{"count":7,"href":"https:\/\/portal.uern.br\/patu\/de\/wp-json\/wp\/v2\/pages\/647\/revisions"}],"predecessor-version":[{"id":843,"href":"https:\/\/portal.uern.br\/patu\/de\/wp-json\/wp\/v2\/pages\/647\/revisions\/843"}],"wp:attachment":[{"href":"https:\/\/portal.uern.br\/patu\/de\/wp-json\/wp\/v2\/media?parent=647"}],"curies":[{"name":"wp","href":"https:\/\/api.w.org\/{rel}","templated":true}]}}