{"id":636,"date":"2023-07-11T09:57:22","date_gmt":"2023-07-11T12:57:22","guid":{"rendered":"https:\/\/portal.uern.br\/patu\/de\/?page_id=636"},"modified":"2023-10-04T18:52:50","modified_gmt":"2023-10-04T21:52:50","slug":"noticias-e-avisos","status":"publish","type":"page","link":"https:\/\/portal.uern.br\/patu\/de\/noticias-e-avisos\/","title":{"rendered":"Not\u00edcias e Avisos"},"content":{"rendered":"<p><strong>Departamento de Educa\u00e7\u00e3o publica edital para chefia e subchefia de departamento<\/strong><\/p>\n<p>O Departamento de Educa\u00e7\u00e3o do Campus Avan\u00e7ado de Patu da Universidade do Estado do Rio Grande do Norte \u2013 DE\/CAP\/UERN, torna p\u00fablico o edital de elei\u00e7\u00e3o para a escolha de Chefe e Subchefe do Departamento de Educa\u00e7\u00e3o, do Campus Avan\u00e7ado de Patu, CAP\/UERN, para o bi\u00eanio 2024-2026, confira no <a href=\"https:\/\/portal.uern.br\/patu\/de\/wp-content\/uploads\/sites\/5\/2023\/10\/EDITAL-001.23.pdf\">EDITAL <\/a>.<\/p>\n<p>LINK: <span style=\"color: #0563c1;font-size: 10pt\"><u><a href=\"http:\/\/www.uern.br\/controledepaginas\/patu-depto-educacao-avisos\/arquivos\/1029requerimento_de_inscria%C2%A7a%C2%A3o_eleia%C2%A7a%C2%A3o.pdf\"><span style=\"font-family: Arial, serif\">Anexo I &#8211; Edital N\u00ba 01\/2023 &#8211; Comiss\u00e3o Eleitoral\/DE\/CAP\/UERN<\/span><\/a><\/u><\/span><\/p>\n<p>&nbsp;<\/p>\n<p>&nbsp;<\/p>\n<p><strong>Departamento de Educa\u00e7\u00e3o publica edital para processo de sele\u00e7\u00e3o do PIM<\/strong><\/p>\n<p>O Departamento de Educa\u00e7\u00e3o do Campus Avan\u00e7ado de Patu da Universidade do Estado do Rio Grande do Norte \u2013 DE\/CAP\/UERN, torna p\u00fablico o Edital para processo de sele\u00e7\u00e3o do Programa Institucional de Monitoria \u2013 PIM, referente ao semestre letivo 2023.2, confira no <a href=\"https:\/\/portal.uern.br\/patu\/de\/wp-content\/uploads\/sites\/5\/2023\/07\/EDITAL-DE-ABERTURA.pdf\">EDITAL DE ABERTURA<\/a><\/p>\n<p>&nbsp;<\/p>\n","protected":false},"excerpt":{"rendered":"<p>Departamento de Educa\u00e7\u00e3o publica edital para chefia e subchefia de departamento O Departamento de Educa\u00e7\u00e3o do Campus Avan\u00e7ado de Patu da Universidade do Estado do Rio Grande do Norte \u2013 DE\/CAP\/UERN, torna p\u00fablico o edital de elei\u00e7\u00e3o para a escolha de Chefe e Subchefe do Departamento de Educa\u00e7\u00e3o, do Campus Avan\u00e7ado de Patu, CAP\/UERN, para [&hellip;]<\/p>\n","protected":false},"author":8,"featured_media":0,"parent":0,"menu_order":0,"comment_status":"closed","ping_status":"closed","template":"","meta":{"footnotes":""},"class_list":["post-636","page","type-page","status-publish","hentry"],"_links":{"self":[{"href":"https:\/\/portal.uern.br\/patu\/de\/wp-json\/wp\/v2\/pages\/636","targetHints":{"allow":["GET"]}}],"collection":[{"href":"https:\/\/portal.uern.br\/patu\/de\/wp-json\/wp\/v2\/pages"}],"about":[{"href":"https:\/\/portal.uern.br\/patu\/de\/wp-json\/wp\/v2\/types\/page"}],"author":[{"embeddable":true,"href":"https:\/\/portal.uern.br\/patu\/de\/wp-json\/wp\/v2\/users\/8"}],"replies":[{"embeddable":true,"href":"https:\/\/portal.uern.br\/patu\/de\/wp-json\/wp\/v2\/comments?post=636"}],"version-history":[{"count":8,"href":"https:\/\/portal.uern.br\/patu\/de\/wp-json\/wp\/v2\/pages\/636\/revisions"}],"predecessor-version":[{"id":822,"href":"https:\/\/portal.uern.br\/patu\/de\/wp-json\/wp\/v2\/pages\/636\/revisions\/822"}],"wp:attachment":[{"href":"https:\/\/portal.uern.br\/patu\/de\/wp-json\/wp\/v2\/media?parent=636"}],"curies":[{"name":"wp","href":"https:\/\/api.w.org\/{rel}","templated":true}]}}