{"id":630,"date":"2023-07-11T09:44:23","date_gmt":"2023-07-11T12:44:23","guid":{"rendered":"https:\/\/portal.uern.br\/patu\/de\/?page_id=630"},"modified":"2025-07-04T10:47:00","modified_gmt":"2025-07-04T13:47:00","slug":"horario-do-semestre","status":"publish","type":"page","link":"https:\/\/portal.uern.br\/patu\/de\/horario-do-semestre\/","title":{"rendered":"Hor\u00e1rio do Semestre"},"content":{"rendered":"<p><a href=\"https:\/\/portal.uern.br\/patu\/de\/wp-content\/uploads\/sites\/5\/2025\/07\/CARGA-HORARIA-2025.1.pdf\">Hor\u00e1rio do Curso de Pedagogia Semestre Letivo 2025.1<\/a><\/p>\n<p><a href=\"https:\/\/portal.uern.br\/patu\/de\/wp-content\/uploads\/sites\/5\/2025\/07\/CARGA-HORARIA-2024.2.pdf\">Hor\u00e1rio do Curso de Pedagogia Semestre Letivo 2024.2<\/a><\/p>\n<p><a href=\"https:\/\/portal.uern.br\/patu\/de\/wp-content\/uploads\/sites\/5\/2025\/07\/CARGA-HORARIA.pdf\">Hor\u00e1rio do Curso de Pedagogia Semestre Letivo 2024.1<\/a><\/p>\n<p><a href=\"https:\/\/portal.uern.br\/patu\/de\/wp-content\/uploads\/sites\/5\/2024\/01\/CARGA-HORARIA.pdf\">Hor\u00e1rio do Curso de Pedagogia Semestre Letivo 2023.2<\/a><\/p>\n<p><a href=\"https:\/\/portal.uern.br\/patu\/de\/wp-content\/uploads\/sites\/5\/2023\/07\/CARGA-HORARIA-2023.1.pdf\">Hor\u00e1rio do Curso de Pedagogia Semestre Letivo 2023.1<\/a><\/p>\n<p><a href=\"http:\/\/www.uern.br\/controledepaginas\/patu-depto-educacao-horario-semestre\/arquivos\/1500carga_2022.1.pdf\">Hor\u00e1rio do Curso de Pedagogia Semestre Letivo 2022.1<\/a><\/p>\n<p><a href=\"http:\/\/www.uern.br\/controledepaginas\/patu-depto-educacao-horario-semestre\/arquivos\/1500carga_2021.2.pdf\">Hor\u00e1rio do Curso de Pedagogia Semestre Letivo 2021.2<\/a><\/p>\n<p>&nbsp;<\/p>\n","protected":false},"excerpt":{"rendered":"<p>Hor\u00e1rio do Curso de Pedagogia Semestre Letivo 2025.1 Hor\u00e1rio do Curso de Pedagogia Semestre Letivo 2024.2 Hor\u00e1rio do Curso de Pedagogia Semestre Letivo 2024.1 Hor\u00e1rio do Curso de Pedagogia Semestre Letivo 2023.2 Hor\u00e1rio do Curso de Pedagogia Semestre Letivo 2023.1 Hor\u00e1rio do Curso de Pedagogia Semestre Letivo 2022.1 Hor\u00e1rio do Curso de Pedagogia Semestre Letivo [&hellip;]<\/p>\n","protected":false},"author":8,"featured_media":0,"parent":0,"menu_order":0,"comment_status":"closed","ping_status":"closed","template":"","meta":{"footnotes":""},"class_list":["post-630","page","type-page","status-publish","hentry"],"_links":{"self":[{"href":"https:\/\/portal.uern.br\/patu\/de\/wp-json\/wp\/v2\/pages\/630","targetHints":{"allow":["GET"]}}],"collection":[{"href":"https:\/\/portal.uern.br\/patu\/de\/wp-json\/wp\/v2\/pages"}],"about":[{"href":"https:\/\/portal.uern.br\/patu\/de\/wp-json\/wp\/v2\/types\/page"}],"author":[{"embeddable":true,"href":"https:\/\/portal.uern.br\/patu\/de\/wp-json\/wp\/v2\/users\/8"}],"replies":[{"embeddable":true,"href":"https:\/\/portal.uern.br\/patu\/de\/wp-json\/wp\/v2\/comments?post=630"}],"version-history":[{"count":8,"href":"https:\/\/portal.uern.br\/patu\/de\/wp-json\/wp\/v2\/pages\/630\/revisions"}],"predecessor-version":[{"id":991,"href":"https:\/\/portal.uern.br\/patu\/de\/wp-json\/wp\/v2\/pages\/630\/revisions\/991"}],"wp:attachment":[{"href":"https:\/\/portal.uern.br\/patu\/de\/wp-json\/wp\/v2\/media?parent=630"}],"curies":[{"name":"wp","href":"https:\/\/api.w.org\/{rel}","templated":true}]}}