{"id":626,"date":"2023-07-11T09:38:53","date_gmt":"2023-07-11T12:38:53","guid":{"rendered":"https:\/\/portal.uern.br\/patu\/de\/?page_id=626"},"modified":"2023-07-11T09:40:52","modified_gmt":"2023-07-11T12:40:52","slug":"pos-graduacao","status":"publish","type":"page","link":"https:\/\/portal.uern.br\/patu\/de\/pos-graduacao\/","title":{"rendered":"P\u00f3s-Gradua\u00e7\u00e3o"},"content":{"rendered":"<p>No ano de 2020 o Departamento de Educa\u00e7\u00e3o concluiu o curso de Especializa\u00e7\u00e3o em Forma\u00e7\u00e3o do Educador em Pr\u00e1ticas Interdisciplinares. Se inscreveram 35 alunos, mas s\u00f3 conseguiram concluir 26 alunos. Os desistentes alegaram motivos pessoais de trabalho e quest\u00f5es de sa\u00fade. Atualmente, est\u00e1 com uma proposta de curso especializa\u00e7\u00e3o em Alfabetiza\u00e7\u00e3o e Letramento nos anos Iniciais do Ensino Fundamental e Educa\u00e7\u00e3o de Jovens e Adultos em tr\u00e2mite avaliativo na PROPEG para funcionar com o financiamento e parceria da Escola de Governo do Estado do Rio Grande do Norte. Ser\u00e3o oferecidas 80 vagas que ter\u00e1 como p\u00fablico priorit\u00e1rios os professores e demais profissionais da Educa\u00e7\u00e3o B\u00e1sica que atuam nesses n\u00edveis e modalidades de ensino a que o curso se prop\u00f5e atender. Al\u00e9m de atender aos anseios de alunos egressos do Curso de Pedagogia- CAP\/UERN e demais educadores interessados, as linhas de pesquisas que orientam os Cursos de p\u00f3s-gradua\u00e7\u00e3o visam tamb\u00e9m nortear os processos de capacita\u00e7\u00e3o docente dos professores do Departamento de Educa\u00e7\u00e3o, nessa Unidade de Ensino.<\/p>\n","protected":false},"excerpt":{"rendered":"<p>No ano de 2020 o Departamento de Educa\u00e7\u00e3o concluiu o curso de Especializa\u00e7\u00e3o em Forma\u00e7\u00e3o do Educador em Pr\u00e1ticas Interdisciplinares. Se inscreveram 35 alunos, mas s\u00f3 conseguiram concluir 26 alunos. Os desistentes alegaram motivos pessoais de trabalho e quest\u00f5es de sa\u00fade. Atualmente, est\u00e1 com uma proposta de curso especializa\u00e7\u00e3o em Alfabetiza\u00e7\u00e3o e Letramento nos anos [&hellip;]<\/p>\n","protected":false},"author":8,"featured_media":0,"parent":0,"menu_order":0,"comment_status":"closed","ping_status":"closed","template":"","meta":{"footnotes":""},"class_list":["post-626","page","type-page","status-publish","hentry"],"_links":{"self":[{"href":"https:\/\/portal.uern.br\/patu\/de\/wp-json\/wp\/v2\/pages\/626","targetHints":{"allow":["GET"]}}],"collection":[{"href":"https:\/\/portal.uern.br\/patu\/de\/wp-json\/wp\/v2\/pages"}],"about":[{"href":"https:\/\/portal.uern.br\/patu\/de\/wp-json\/wp\/v2\/types\/page"}],"author":[{"embeddable":true,"href":"https:\/\/portal.uern.br\/patu\/de\/wp-json\/wp\/v2\/users\/8"}],"replies":[{"embeddable":true,"href":"https:\/\/portal.uern.br\/patu\/de\/wp-json\/wp\/v2\/comments?post=626"}],"version-history":[{"count":2,"href":"https:\/\/portal.uern.br\/patu\/de\/wp-json\/wp\/v2\/pages\/626\/revisions"}],"predecessor-version":[{"id":629,"href":"https:\/\/portal.uern.br\/patu\/de\/wp-json\/wp\/v2\/pages\/626\/revisions\/629"}],"wp:attachment":[{"href":"https:\/\/portal.uern.br\/patu\/de\/wp-json\/wp\/v2\/media?parent=626"}],"curies":[{"name":"wp","href":"https:\/\/api.w.org\/{rel}","templated":true}]}}